{"id":581,"date":"2018-10-13T11:34:19","date_gmt":"2018-10-13T09:34:19","guid":{"rendered":"http:\/\/criwplocal.local\/?page_id=487"},"modified":"2022-04-30T16:59:28","modified_gmt":"2022-04-30T14:59:28","slug":"contatti","status":"publish","type":"page","link":"https:\/\/cri.it\/valledaosta\/contatti\/","title":{"rendered":"Contatti"},"content":{"rendered":"\t\t<div data-elementor-type=\"wp-page\" data-elementor-id=\"581\" class=\"elementor elementor-581\">\n\t\t\t\t\t\t<section class=\"elementor-section elementor-top-section elementor-element elementor-element-077db13 elementor-section-boxed elementor-section-height-default elementor-section-height-default\" data-id=\"077db13\" data-element_type=\"section\" data-e-type=\"section\">\n\t\t\t\t\t\t<div class=\"elementor-container elementor-column-gap-default\">\n\t\t\t\t\t<div class=\"elementor-column elementor-col-50 elementor-top-column elementor-element elementor-element-2fb00f9\" data-id=\"2fb00f9\" data-element_type=\"column\" data-e-type=\"column\">\n\t\t\t<div class=\"elementor-widget-wrap elementor-element-populated\">\n\t\t\t\t\t\t<div class=\"elementor-element elementor-element-ea2c750 elementor-widget elementor-widget-text-editor\" data-id=\"ea2c750\" data-element_type=\"widget\" data-e-type=\"widget\" data-widget_type=\"text-editor.default\">\n\t\t\t\t<div class=\"elementor-widget-container\">\n\t\t\t\t\t\t\t\t\t<h1><strong>Comitato Regionale Valle d&#8217;Aosta<\/strong><\/h1><p>Via Grand&#8217;Eyvia 2,<br \/>11100, Aosta<br \/>Telefono: <span>0165 551566<\/span><br \/>E-mail: <a href=\"mailto:valledaosta@cri.it\">valledaosta<span>@cri.it<\/span><\/a><br \/>E-mail certificata: <a href=\"mailto:cr.valledaosta@cert.cri.it\">cr.valledaosta<span>@cert.cri.it<\/span><\/a><\/p>\t\t\t\t\t\t\t\t<\/div>\n\t\t\t\t<\/div>\n\t\t\t\t<div class=\"elementor-element elementor-element-e27edfc elementor-button-info elementor-align-center elementor-widget elementor-widget-button\" data-id=\"e27edfc\" data-element_type=\"widget\" data-e-type=\"widget\" data-widget_type=\"button.default\">\n\t\t\t\t<div class=\"elementor-widget-container\">\n\t\t\t\t\t\t\t\t\t<div class=\"elementor-button-wrapper\">\n\t\t\t\t\t<a class=\"elementor-button elementor-button-link elementor-size-md\" href=\"https:\/\/gaia.cri.it\/informazioni\/sedi\/valle-aosta\">\n\t\t\t\t\t\t<span class=\"elementor-button-content-wrapper\">\n\t\t\t\t\t\t\t\t\t<span class=\"elementor-button-text\">Scopri le nostre sedi in Valle d'Aosta<\/span>\n\t\t\t\t\t<\/span>\n\t\t\t\t\t<\/a>\n\t\t\t\t<\/div>\n\t\t\t\t\t\t\t\t<\/div>\n\t\t\t\t<\/div>\n\t\t\t\t\t<\/div>\n\t\t<\/div>\n\t\t\t\t<div class=\"elementor-column elementor-col-50 elementor-top-column elementor-element elementor-element-e752799\" data-id=\"e752799\" data-element_type=\"column\" data-e-type=\"column\">\n\t\t\t<div class=\"elementor-widget-wrap elementor-element-populated\">\n\t\t\t\t\t\t<div class=\"elementor-element elementor-element-a3697f1 elementor-widget elementor-widget-google_maps\" data-id=\"a3697f1\" data-element_type=\"widget\" data-e-type=\"widget\" data-widget_type=\"google_maps.default\">\n\t\t\t\t<div class=\"elementor-widget-container\">\n\t\t\t\t\t\t\t<div class=\"elementor-custom-embed\">\n\t\t\t<iframe loading=\"lazy\"\n\t\t\t\t\tsrc=\"https:\/\/maps.google.com\/maps?q=via%20Grand%27Eyvia%202%2C%20Aosta&#038;t=m&#038;z=18&#038;output=embed&#038;iwloc=near\"\n\t\t\t\t\ttitle=\"via Grand&#039;Eyvia 2, Aosta\"\n\t\t\t\t\taria-label=\"via Grand&#039;Eyvia 2, Aosta\"\n\t\t\t><\/iframe>\n\t\t<\/div>\n\t\t\t\t\t\t<\/div>\n\t\t\t\t<\/div>\n\t\t\t\t\t<\/div>\n\t\t<\/div>\n\t\t\t\t\t<\/div>\n\t\t<\/section>\n\t\t\t\t<section class=\"elementor-section elementor-top-section elementor-element elementor-element-4471c639 elementor-section-boxed elementor-section-height-default elementor-section-height-default\" data-id=\"4471c639\" data-element_type=\"section\" data-e-type=\"section\">\n\t\t\t\t\t\t<div class=\"elementor-container elementor-column-gap-default\">\n\t\t\t\t\t<div class=\"elementor-column elementor-col-100 elementor-top-column elementor-element elementor-element-67eb386f\" data-id=\"67eb386f\" data-element_type=\"column\" data-e-type=\"column\">\n\t\t\t<div class=\"elementor-widget-wrap elementor-element-populated\">\n\t\t\t\t\t\t<div class=\"elementor-element elementor-element-a51ce17 elementor-widget elementor-widget-text-editor\" data-id=\"a51ce17\" data-element_type=\"widget\" data-e-type=\"widget\" data-widget_type=\"text-editor.default\">\n\t\t\t\t<div class=\"elementor-widget-container\">\n\t\t\t\t\t\t\t\t\t<h3><span style=\"color: inherit\">Scrivici<\/span><\/h3><p>Scrivi all&#8217;Associazione della Croce Rossa Italiana compilando il modulo elettronico che segue.<\/p><p><b>NB<\/b>: I campi contrassegnati da asterisco (*) sono obbligatori.<\/p><p><\/p><p><\/p>\t\t\t\t\t\t\t\t<\/div>\n\t\t\t\t<\/div>\n\t\t\t\t<div class=\"elementor-element elementor-element-1add674 elementor-widget elementor-widget-content_form_contact\" data-id=\"1add674\" data-element_type=\"widget\" data-e-type=\"widget\" data-widget_type=\"content_form_contact.default\">\n\t\t\t\t<div class=\"elementor-widget-container\">\n\t\t\t\t\t<form action=\"https:\/\/cri.it\/valledaosta\/wp-admin\/admin-post.php\" method=\"post\" name=\"content-form-1add674\" id=\"content-form-1add674\" class=\"ti-cf-module content-form content-form-contact content_form_contact\"><input type=\"hidden\" id=\"_wpnonce_contact\" name=\"_wpnonce_contact\" value=\"cc117c462a\" \/><input type=\"hidden\" name=\"_wp_http_referer\" value=\"\/valledaosta\/contatti\/\" \/><input type=\"hidden\" name=\"action\" value=\"content_form_submit\" \/><input type=\"hidden\" name=\"form-type\" value=\"contact\" \/><input type=\"hidden\" name=\"form-builder\" value=\"elementor\" \/><input type=\"hidden\" name=\"post-id\" value=\"581\" \/><input type=\"hidden\" name=\"form-id\" value=\"1add674\" \/><fieldset class=&quot;content-form-field-text elementor-column elementor-col-100&quot;><label for=\"data[1add674][name]\" ><\/label><input type=\"text\" name=\"data[1add674][name]\" id=\"data[1add674][name]\" required=required  placeholder=\" Nome*\"><\/fieldset><fieldset class=&quot;content-form-field-text elementor-column elementor-col-100&quot;><label for=\"data[1add674][name]\" ><\/label><input type=\"text\" name=\"data[1add674][name]\" id=\"data[1add674][name]\" required=required  placeholder=\" Cognome*\"><\/fieldset><fieldset class=&quot;content-form-field-email elementor-column elementor-col-100&quot;><label for=\"data[1add674][email]\" ><\/label><input type=\"text\" name=\"data[1add674][email]\" id=\"data[1add674][email]\" required=required  placeholder=\" E-mail*\"><\/fieldset><fieldset class=&quot;content-form-field-text elementor-column elementor-col-100&quot;><label for=\"data[1add674][phone]\" ><\/label><input type=\"text\" name=\"data[1add674][phone]\" id=\"data[1add674][phone]\" required=required  placeholder=\" Telefono*\"><\/fieldset><fieldset class=&quot;content-form-field-text elementor-column elementor-col-100&quot;><label for=\"data[1add674][message]\" ><\/label><input type=\"text\" name=\"data[1add674][message]\" id=\"data[1add674][message]\" required=required  placeholder=\" Oggetto del messaggio*\"><\/fieldset><fieldset class=&quot;content-form-field-textarea elementor-column elementor-col-100&quot;><label for=\"data[1add674][message]\" ><\/label><textarea name=\"data[1add674][message]\" id=\"data[1add674][message]\"  required=required placeholder=\" Messaggio*\" cols=\"30\" rows=\"5\"><\/textarea><\/fieldset><fieldset class=&quot;content-form-field-checkbox elementor-column elementor-col-100&quot;><label class=\"checkbox-input\" for=\"data[1add674][acconsento-al-trattamento-dei-dati-secondo-la-normativa-sulla-privacy]\" >Acconsento al trattamento dei dati secondo la normativa sulla privacy<span class=\"required-mark\"> *<\/span><input type=\"checkbox\" name=\"data[1add674][acconsento-al-trattamento-dei-dati-secondo-la-normativa-sulla-privacy]\" id=\"data[1add674][acconsento-al-trattamento-dei-dati-secondo-la-normativa-sulla-privacy]\" required=required ><\/label><\/fieldset><fieldset class=\"submit-form contact\"><button type=\"submit\" name=\"submit\"  value=\"submit-contact-1add674\" class=\"\">INVIA<\/button><\/fieldset><\/form>\t\t\t\t<\/div>\n\t\t\t\t<\/div>\n\t\t\t\t<div class=\"elementor-element elementor-element-ad04e5c elementor-widget elementor-widget-heading\" data-id=\"ad04e5c\" data-element_type=\"widget\" data-e-type=\"widget\" data-widget_type=\"heading.default\">\n\t\t\t\t<div class=\"elementor-widget-container\">\n\t\t\t\t\t<h6 class=\"elementor-heading-title elementor-size-default\"><span style=\"font-family: Roboto, Helvetica, Arial, sans-serif\">Informativa sul trattamento dei dati<\/span><\/h6>\t\t\t\t<\/div>\n\t\t\t\t<\/div>\n\t\t\t\t<div class=\"elementor-element elementor-element-245df61 elementor-widget elementor-widget-text-editor\" data-id=\"245df61\" data-element_type=\"widget\" data-e-type=\"widget\" data-widget_type=\"text-editor.default\">\n\t\t\t\t<div class=\"elementor-widget-container\">\n\t\t\t\t\t\t\t\t\t<p><span style=\"font-size: 14px\">Ai sensi degli\u00a0<\/span><b style=\"font-size: 14px\">artt. 13 e 14 del Reg.UE 679\/2016<\/b><span style=\"font-size: 14px\">\u00a0si comunica che i trattamenti connessi al servizio di posta elettronica hanno luogo presso le sedi del Comitato Nazionale dell&#8217;Associazione della Croce Rossa Italiana, a Roma e sono curati solo dai\u00a0<\/span><b style=\"font-size: 14px\">Responsabili del trattamento<\/b><span style=\"font-size: 14px\">\u00a0e dal personale degli Uffici\u00a0<\/span><b style=\"font-size: 14px\">autorizzato<\/b><span style=\"font-size: 14px\">\u00a0al trattamento. Nessun dato viene comunicato, se non per eseguire il servizio o la prestazione richiesta, o diffuso.<\/span><br style=\"font-size: 14px\" \/><span style=\"font-size: 14px\">L&#8217;invio facoltativo, esplicito e volontario dei dati personali tramite posta elettronica agli indirizzi indicati su questo sito comporta la successiva acquisizione dell&#8217;indirizzo del mittente, necessario per rispondere alle richieste, nonch\u00e9 degli eventuali altri dati personali inseriti nella missiva. L&#8217;utente \u00e8 libero di fornire i dati personali richiesti nei moduli ed il loro mancato conferimento pu\u00f2 comportare l&#8217;impossibilit\u00e0 di ottenere quanto richiesto.<\/span><br style=\"font-size: 14px\" \/><span style=\"font-size: 14px\">I dati personali sono trattati con strumenti automatizzati per il tempo strettamente necessario a conseguire gli scopi per cui sono stati raccolti. Specifiche misure di sicurezza sono osservate per prevenire la perdita dei dati, usi illeciti o non corretti.<\/span><br style=\"font-size: 14px\" \/><span style=\"font-size: 14px\">I soggetti cui si riferiscono i dati personali hanno il diritto in qualunque momento di far valere i diritti di cui agli\u00a0<\/span><b style=\"font-size: 14px\">artt. 15-21 del Reg.UE 679\/2016<\/b><span style=\"font-size: 14px\">. Le richieste vanno inviate all&#8217;indirizzo\u00a0<\/span><a href=\"mailto:privacy@cri.it\" style=\"background-color: #ffffff;font-size: 14px\">privacy@cri.it<\/a><span style=\"font-size: 14px\">.<\/span><br style=\"font-size: 14px\" \/><span style=\"font-size: 14px\">Al seguente indirizzo del nostro sito privacy policy, \u00e8 fornita in dettaglio, l&#8217;informativa completa per i servizi del sito www.cri.it.<\/span><br style=\"font-size: 14px\" \/><a href=\"https:\/\/cri.it\/privacy\" style=\"background-color: #ffffff;font-size: 14px\">Clicca qui per leggere l&#8217;informativa completa sul trattamento dei dati<\/a><span style=\"font-size: 14px\">.<\/span><span><br \/><\/span><\/p><p><a href=\"https:\/\/cri.it\/privacy\/\" style=\"background-color: #ffffff;font-family: Roboto, sans-serif\"><b>Privacy policy del sito CRI.it<\/b><\/a><span style=\"font-size: 14px\"><br \/><\/span><\/p>\t\t\t\t\t\t\t\t<\/div>\n\t\t\t\t<\/div>\n\t\t\t\t\t<\/div>\n\t\t<\/div>\n\t\t\t\t\t<\/div>\n\t\t<\/section>\n\t\t\t\t<\/div>\n\t\t","protected":false},"excerpt":{"rendered":"<p>Comitato Regionale Valle d&#8217;Aosta Via Grand&#8217;Eyvia 2,11100, AostaTelefono: 0165 551566E-mail: valledaosta@cri.itE-mail certificata: cr.valledaosta@cert.cri.it Scopri le nostre sedi in Valle d&#8217;Aosta Scrivici Scrivi all&#8217;Associazione della Croce Rossa Italiana compilando il modulo elettronico che segue. NB: I campi contrassegnati da asterisco (*) sono obbligatori. Acconsento al trattamento dei dati secondo la normativa [&hellip;]<\/p>\n","protected":false},"author":1,"featured_media":21,"parent":0,"menu_order":50,"comment_status":"closed","ping_status":"closed","template":"","meta":{"_themeisle_gutenberg_block_has_review":false,"footnotes":""},"categories":[],"tags":[],"class_list":["post-581","page","type-page","status-publish","has-post-thumbnail","hentry"],"_links":{"self":[{"href":"https:\/\/cri.it\/valledaosta\/wp-json\/wp\/v2\/pages\/581","targetHints":{"allow":["GET"]}}],"collection":[{"href":"https:\/\/cri.it\/valledaosta\/wp-json\/wp\/v2\/pages"}],"about":[{"href":"https:\/\/cri.it\/valledaosta\/wp-json\/wp\/v2\/types\/page"}],"author":[{"embeddable":true,"href":"https:\/\/cri.it\/valledaosta\/wp-json\/wp\/v2\/users\/1"}],"replies":[{"embeddable":true,"href":"https:\/\/cri.it\/valledaosta\/wp-json\/wp\/v2\/comments?post=581"}],"version-history":[{"count":3,"href":"https:\/\/cri.it\/valledaosta\/wp-json\/wp\/v2\/pages\/581\/revisions"}],"predecessor-version":[{"id":1654,"href":"https:\/\/cri.it\/valledaosta\/wp-json\/wp\/v2\/pages\/581\/revisions\/1654"}],"wp:featuredmedia":[{"embeddable":true,"href":"https:\/\/cri.it\/valledaosta\/wp-json\/wp\/v2\/media\/21"}],"wp:attachment":[{"href":"https:\/\/cri.it\/valledaosta\/wp-json\/wp\/v2\/media?parent=581"}],"wp:term":[{"taxonomy":"category","embeddable":true,"href":"https:\/\/cri.it\/valledaosta\/wp-json\/wp\/v2\/categories?post=581"},{"taxonomy":"post_tag","embeddable":true,"href":"https:\/\/cri.it\/valledaosta\/wp-json\/wp\/v2\/tags?post=581"}],"curies":[{"name":"wp","href":"https:\/\/api.w.org\/{rel}","templated":true}]}}