{"id":1254,"date":"2021-10-18T16:18:08","date_gmt":"2021-10-18T14:18:08","guid":{"rendered":"https:\/\/cri.it\/valledaosta\/?page_id=1254"},"modified":"2022-04-16T13:44:01","modified_gmt":"2022-04-16T11:44:01","slug":"la-croce-rossa-italiana","status":"publish","type":"page","link":"https:\/\/cri.it\/valledaosta\/la-croce-rossa-italiana\/","title":{"rendered":"L&#8217;associazione"},"content":{"rendered":"\t\t<div data-elementor-type=\"wp-page\" data-elementor-id=\"1254\" class=\"elementor elementor-1254\">\n\t\t\t\t\t\t<section class=\"elementor-section elementor-top-section elementor-element elementor-element-b835e3d elementor-section-boxed elementor-section-height-default elementor-section-height-default\" data-id=\"b835e3d\" data-element_type=\"section\" data-e-type=\"section\">\n\t\t\t\t\t\t<div class=\"elementor-container elementor-column-gap-default\">\n\t\t\t\t\t<div class=\"elementor-column elementor-col-100 elementor-top-column elementor-element elementor-element-615293e\" data-id=\"615293e\" data-element_type=\"column\" data-e-type=\"column\">\n\t\t\t<div class=\"elementor-widget-wrap elementor-element-populated\">\n\t\t\t\t\t\t<div class=\"elementor-element elementor-element-bb498ac elementor-widget elementor-widget-text-editor\" data-id=\"bb498ac\" data-element_type=\"widget\" data-e-type=\"widget\" data-widget_type=\"text-editor.default\">\n\t\t\t\t<div class=\"elementor-widget-container\">\n\t\t\t\t\t\t\t\t\t<h1 style=\"font-size: 42px;margin-top: 0px;margin-bottom: 15px;font-family: Roboto, Helvetica, Arial, sans-serif\"><strong>Una storia lunga 150 anni<\/strong><\/h1><p style=\"margin-bottom: 15px;line-height: 1.618\"><strong>L\u2019Associazione della Croce Rossa Italiana<\/strong>, organizzazione di volontariato, ha per scopo l\u2019assistenza sanitaria e sociale sia in tempo di pace che in tempo di conflitto. Associazione di alto rilievo, \u00e8 posta sotto l\u2019alto patronato del Presidente della Repubblica. La CRI fa parte del Movimento Internazionale della Croce Rossa. Nelle sue azioni a livello internazionale si coordina con il Comitato Internazionale della Croce Rossa, nei Paesi in conflitto, e con la Federazione Internazionale di Croce Rossa e Mezzaluna Rossa per gli altri interventi.<\/p><p style=\"margin-bottom: 15px;line-height: 1.618\"><strong>Il Movimento Internazionale della Croce Rossa&nbsp;<\/strong>\u00e8 un\u2019organizzazione istituzionalizzata nel 1928 dalla XIII Conferenza Internazionale dell\u2019Aja e coordina numerosi membri: il Comitato Internazionale della Croce Rossa, la Federazione Internazionale delle Societ\u00e0 Nazionali di Croce Rossa e di Mezzaluna Rossa e le Societ\u00e0 Nazionali.<\/p><p style=\"margin-bottom: 15px;line-height: 1.618\"><strong>Il Comitato Internazionale della Croce Rossa<\/strong>&nbsp;ha sede a Ginevra, \u00e8 una organizzazione neutrale e indipendente che assicura aiuto umanitario e protezione alle vittime delle guerre e delle violenze armate; nei conflitti armati il&nbsp;CICR&nbsp;\u00e8 responsabile delle attivit\u00e0 internazionali di soccorso di tutto il Movimento.<\/p><p style=\"margin-bottom: 15px;line-height: 1.618\"><strong>La Federazione Internazionale delle Societ\u00e0 Nazionali di Croce Rossa e di Mezzaluna Rossa<\/strong>&nbsp;ha sede a Ginevra. Sua attivit\u00e0 specifica \u00e8 quella di agire in qualit\u00e0 di organo permanente di coordinamento tra le Societ\u00e0 Nazionali e portare ad esse assistenza, soccorso alle vittime delle catastrofi, organizzando e coordinando l\u2019azione di soccorso a livello internazionale delle Societ\u00e0 Nazionali; inoltre si impegna a favorire la creazione e lo sviluppo di nuove Societ\u00e0 Nazionali e a collaborare con il&nbsp;CICR&nbsp;nella diffusione del Diritto Internazionale Umanitario. Alla Federazione aderiscono 190 Societ\u00e0 Nazionali.<\/p><p style=\"margin-bottom: 15px;line-height: 1.618\"><strong>Le Societ\u00e0 Nazionali di Croce Rossa e Mezzaluna Rossa<\/strong>&nbsp;create in origine per soccorrere i soldati feriti o malati affiancando i servizi sanitari delle Forze Armate, le Societ\u00e0 nazionali svolgono ora numerose attivit\u00e0 sia in tempo di pace che in tempo di guerra come ausiliarie dei poteri pubblici. In base al principio di Universalit\u00e0 tutte le Societ\u00e0 Nazionali hanno uguali diritti ed il dovere di aiutarsi reciprocamente. Il rapporto tra societ\u00e0 nazionali consorelle \u00e8 paritario e prioritario, pertanto qualsiasi operazione in un paese estero deve necessariamente avere l\u2019accordo della croce rossa o mezzaluna rossa locale.<\/p><p style=\"margin-bottom: 15px;line-height: 1.618\"><strong>I Sette Principi Fondamentali<\/strong><br>Garanzia e guida delle azioni sono i sette Principi Fondamentali del Movimento Internazionale di Croce Rossa, che ne costituiscono lo spirito e l\u2019etica: Umanit\u00e0, Imparzialit\u00e0, Neutralit\u00e0, Indipendenza, Volontariato, Unit\u00e0 e Universalit\u00e0. Adottati nella 20a Conferenza Internazionale della Croce Rossa, svoltasi a Vienna nell\u2019ottobre del 1965, i Principi Fondamentali sono garanti dell\u2019azione del Movimento, ma anche della CRI e di ogni suo singolo volontario.<\/p>\t\t\t\t\t\t\t\t<\/div>\n\t\t\t\t<\/div>\n\t\t\t\t\t<\/div>\n\t\t<\/div>\n\t\t\t\t\t<\/div>\n\t\t<\/section>\n\t\t\t\t<\/div>\n\t\t","protected":false},"excerpt":{"rendered":"<p>Una storia lunga 150 anni L\u2019Associazione della Croce Rossa Italiana, organizzazione di volontariato, ha per scopo l\u2019assistenza sanitaria e sociale sia in tempo di pace che in tempo di conflitto. Associazione di alto rilievo, \u00e8 posta sotto l\u2019alto patronato del Presidente della Repubblica. La CRI fa parte del Movimento Internazionale [&hellip;]<\/p>\n","protected":false},"author":95,"featured_media":0,"parent":0,"menu_order":0,"comment_status":"closed","ping_status":"closed","template":"","meta":{"_themeisle_gutenberg_block_has_review":false,"footnotes":""},"categories":[],"tags":[],"class_list":["post-1254","page","type-page","status-publish","hentry"],"_links":{"self":[{"href":"https:\/\/cri.it\/valledaosta\/wp-json\/wp\/v2\/pages\/1254","targetHints":{"allow":["GET"]}}],"collection":[{"href":"https:\/\/cri.it\/valledaosta\/wp-json\/wp\/v2\/pages"}],"about":[{"href":"https:\/\/cri.it\/valledaosta\/wp-json\/wp\/v2\/types\/page"}],"author":[{"embeddable":true,"href":"https:\/\/cri.it\/valledaosta\/wp-json\/wp\/v2\/users\/95"}],"replies":[{"embeddable":true,"href":"https:\/\/cri.it\/valledaosta\/wp-json\/wp\/v2\/comments?post=1254"}],"version-history":[{"count":3,"href":"https:\/\/cri.it\/valledaosta\/wp-json\/wp\/v2\/pages\/1254\/revisions"}],"predecessor-version":[{"id":1380,"href":"https:\/\/cri.it\/valledaosta\/wp-json\/wp\/v2\/pages\/1254\/revisions\/1380"}],"wp:attachment":[{"href":"https:\/\/cri.it\/valledaosta\/wp-json\/wp\/v2\/media?parent=1254"}],"wp:term":[{"taxonomy":"category","embeddable":true,"href":"https:\/\/cri.it\/valledaosta\/wp-json\/wp\/v2\/categories?post=1254"},{"taxonomy":"post_tag","embeddable":true,"href":"https:\/\/cri.it\/valledaosta\/wp-json\/wp\/v2\/tags?post=1254"}],"curies":[{"name":"wp","href":"https:\/\/api.w.org\/{rel}","templated":true}]}}