{"id":987,"date":"2021-10-05T13:31:23","date_gmt":"2021-10-05T11:31:23","guid":{"rendered":"https:\/\/cri.it\/umbria\/?page_id=987"},"modified":"2022-01-04T13:37:25","modified_gmt":"2022-01-04T12:37:25","slug":"statuto","status":"publish","type":"page","link":"https:\/\/cri.it\/umbria\/statuto\/","title":{"rendered":"Statuto"},"content":{"rendered":"\t\t<div data-elementor-type=\"wp-page\" data-elementor-id=\"987\" class=\"elementor elementor-987\">\n\t\t\t\t\t\t<section class=\"elementor-section elementor-top-section elementor-element elementor-element-dc1ff5e elementor-section-boxed elementor-section-height-default elementor-section-height-default\" data-id=\"dc1ff5e\" data-element_type=\"section\">\n\t\t\t\t\t\t<div class=\"elementor-container elementor-column-gap-default\">\n\t\t\t\t\t<div class=\"elementor-column elementor-col-100 elementor-top-column elementor-element elementor-element-43a3c0c\" data-id=\"43a3c0c\" data-element_type=\"column\">\n\t\t\t<div class=\"elementor-widget-wrap elementor-element-populated\">\n\t\t\t\t\t\t<div class=\"elementor-element elementor-element-9d091c0 elementor-widget elementor-widget-heading\" data-id=\"9d091c0\" data-element_type=\"widget\" data-widget_type=\"heading.default\">\n\t\t\t\t<div class=\"elementor-widget-container\">\n\t\t\t\t\t<h2 class=\"elementor-heading-title elementor-size-large\">Costituzione e Principi Fondamentali<\/h2>\t\t\t\t<\/div>\n\t\t\t\t<\/div>\n\t\t\t\t\t<\/div>\n\t\t<\/div>\n\t\t\t\t\t<\/div>\n\t\t<\/section>\n\t\t\t\t<section class=\"elementor-section elementor-top-section elementor-element elementor-element-a84afd7 elementor-section-boxed elementor-section-height-default elementor-section-height-default\" data-id=\"a84afd7\" data-element_type=\"section\">\n\t\t\t\t\t\t<div class=\"elementor-container elementor-column-gap-default\">\n\t\t\t\t\t<div class=\"elementor-column elementor-col-100 elementor-top-column elementor-element elementor-element-b25d565\" data-id=\"b25d565\" data-element_type=\"column\">\n\t\t\t<div class=\"elementor-widget-wrap elementor-element-populated\">\n\t\t\t\t\t\t<div class=\"elementor-element elementor-element-d306f59 elementor-widget elementor-widget-text-editor\" data-id=\"d306f59\" data-element_type=\"widget\" data-widget_type=\"text-editor.default\">\n\t\t\t\t<div class=\"elementor-widget-container\">\n\t\t\t\t\t\t\t\t\tLa\u00a0<b>Croce Rossa Italiana<\/b>, fondata il\u00a0<b>15 giugno 1864<\/b>\u00a0ed eretta originariamente in corpo morale con\u00a0<b>Regio Decreto 7 febbraio 1884 n. 1243<\/b>, \u00e8 un\u2019<b>Associazione senza fini di lucro<\/b><span>\u00a0<\/span>che si basa sulle\u00a0<b>Convenzioni di Ginevra del 1949<\/b>\u00a0e sui successivi\u00a0<b>Protocolli aggiuntivi<\/b>, di cui la Repubblica Italiana \u00e8 firmataria.\n\n<b>I principi\u00a0del Diritto Internazionale Umanitario<\/b><b>(DIU)<\/b><span>\u00a0<\/span>sono rispettati in ogni tempo dall\u2019Associazione della Croce Rossa Italiana e ne guidano l\u2019opera.\u00a0<b>La Croce Rossa Italiana rispetta ed agisce in conformit\u00e0 ai\u00a0<a href=\"https:\/\/cri.it\/chi-siamo\/storia-e-principi\/\">Principi Fondamentali\u00a0<\/a>del Movimento Internazionale della Croce Rossa e della Mezzaluna Rossa<\/b>, adottati dalla XX Conferenza Internazionale della Croce Rossa e riaffermati dalla XXV Conferenza Internazionale della Croce Rossa.\n<h2><strong>Status Giuridico<\/strong><\/h2>\nL\u2019<b>Associazione della Croce Rossa Italiana\u00a0(CRI)\u00a0\u00e8\u00a0<a href=\"https:\/\/cri.it\/2016\/02\/23\/croce-rossa-ha-cambiato-personalita-giuridica\/\">persona giuridica di diritto privato<\/a><\/b>\u00a0ai sensi e per gli effetti del decreto legislativo\u00a0<b>28 settembre 2012<\/b>\u00a0e\u00a0ss.mm. ii e del Libro Primo, titolo II, capo II, del Codice Civile.\u00a0<b>L\u2019Associazione\u00a0svolge compiti di interesse pubblico, \u00e8 ausiliaria dei pubblici poteri nel settore umanitario<\/b>\u00a0ed \u00e8\u00a0<b>posta sotto l\u2019alto Patronato del Presidente della Repubblica<\/b>. La Croce Rossa Italiana \u00e8 ufficialmente riconosciuta dalla Repubblica Italiana quale Societ\u00e0 volontaria di soccorso ed assistenza,\u00a0in conformit\u00e0 alle Convenzioni di Ginevra ed ai successivi Protocolli aggiuntivi, e quale unica Societ\u00e0 Nazionale della Croce Rossa autorizzata ad esplicare le sue attivit\u00e0 sul territorio italiano.\u00a0Dal\u00a0<b>2017<\/b>, anno\u00a0di entrata in vigore della Riforma del Terzo Settore, la\u00a0<b>CRI \u00e8 iscritta nel<span>\u00a0<\/span><a href=\"https:\/\/cri.it\/riformaterzosettore\/\">Registro degli Enti del Terzo Settore in qualit\u00e0 di \u201cOrganizzazione di Volontariato\u201d<\/a><\/b>.\u00a0Per effetto della sua articolazione territoriale sul territorio nazionale, la CRI si qualifica altres\u00ec quale<span>\u00a0<\/span><b>\u201crete associativa nazionale\u201d<span>\u00a0<\/span><\/b>ai sensi del Codice del Terzo settore.\n<h2>Obiettivi Generali<\/h2>\nL\u2019obiettivo principale della Croce Rossa Italiana \u00e8 quello di\u00a0<b>prevenire ed alleviare la sofferenza in maniera imparziale, senza distinzione di nazionalit\u00e0, razza, sesso, credo religioso, lingua, classe sociale o opinione politica<\/b>, contribuendo al mantenimento e alla\u00a0<b>promozione della dignit\u00e0 umana<\/b>\u00a0e di una\u00a0<b>cultura della non violenza e della pace<\/b>.\n<h2>I Soci<\/h2>\nI soci della Croce Rossa Italiana, attraverso un sistema di rappresentanza, ne determinano la politica, la strategia, gli obiettivi e gli organi di governo. Tramite i suoi membri, la Croce Rossa Italiana individua i bisogni e fornisce assistenza in maniera imparziale. I soci della Croce Rossa Italiana si distinguono in\u00a0<b>volontari, sostenitori, benemeriti e onorari.<\/b>\n<h2>Emblema<\/h2>\nTra gli\u00a0<b>emblemi previsti dalle Convenzioni di Ginevra e dai successivi Protocolli aggiuntivi<\/b>, la Croce Rossa Italiana adotta come proprio la\u00a0<b>croce rossa su fondo bianco<\/b>. Tale emblema, posto all\u2019interno di due cerchi concentrici di colore rosso, tra i quali \u00e8 riportata la scritta \u201cConvenzione di Ginevra 22 agosto 1864\u201d e sempre abbinato alla scritta per esteso \u201cCroce Rossa Italiana\u201d ne costituisce il\u00a0<b><a href=\"https:\/\/cri.it\/chi-siamo\/identita-visiva\/\"  rel=\"noopener\">logotipo identificativo<\/a><\/b>.\t\t\t\t\t\t\t\t<\/div>\n\t\t\t\t<\/div>\n\t\t\t\t\t<\/div>\n\t\t<\/div>\n\t\t\t\t\t<\/div>\n\t\t<\/section>\n\t\t\t\t<\/div>\n\t\t","protected":false},"excerpt":{"rendered":"<p>Costituzione e Principi Fondamentali La\u00a0Croce Rossa Italiana, fondata il\u00a015 giugno 1864\u00a0ed eretta originariamente in corpo morale con\u00a0Regio Decreto 7 febbraio 1884 n. 1243, \u00e8 un\u2019Associazione senza fini di lucro\u00a0che si basa sulle\u00a0Convenzioni di Ginevra del 1949\u00a0e sui successivi\u00a0Protocolli aggiuntivi, di cui la Repubblica Italiana \u00e8 firmataria. I principi\u00a0del Diritto Internazionale [&hellip;]<\/p>\n","protected":false},"author":64,"featured_media":76,"parent":0,"menu_order":0,"comment_status":"closed","ping_status":"closed","template":"","meta":{"_themeisle_gutenberg_block_has_review":false,"footnotes":""},"categories":[26],"tags":[],"class_list":["post-987","page","type-page","status-publish","has-post-thumbnail","hentry","category-menu"],"_links":{"self":[{"href":"https:\/\/cri.it\/umbria\/wp-json\/wp\/v2\/pages\/987","targetHints":{"allow":["GET"]}}],"collection":[{"href":"https:\/\/cri.it\/umbria\/wp-json\/wp\/v2\/pages"}],"about":[{"href":"https:\/\/cri.it\/umbria\/wp-json\/wp\/v2\/types\/page"}],"author":[{"embeddable":true,"href":"https:\/\/cri.it\/umbria\/wp-json\/wp\/v2\/users\/64"}],"replies":[{"embeddable":true,"href":"https:\/\/cri.it\/umbria\/wp-json\/wp\/v2\/comments?post=987"}],"version-history":[{"count":3,"href":"https:\/\/cri.it\/umbria\/wp-json\/wp\/v2\/pages\/987\/revisions"}],"predecessor-version":[{"id":1097,"href":"https:\/\/cri.it\/umbria\/wp-json\/wp\/v2\/pages\/987\/revisions\/1097"}],"wp:featuredmedia":[{"embeddable":true,"href":"https:\/\/cri.it\/umbria\/wp-json\/wp\/v2\/media\/76"}],"wp:attachment":[{"href":"https:\/\/cri.it\/umbria\/wp-json\/wp\/v2\/media?parent=987"}],"wp:term":[{"taxonomy":"category","embeddable":true,"href":"https:\/\/cri.it\/umbria\/wp-json\/wp\/v2\/categories?post=987"},{"taxonomy":"post_tag","embeddable":true,"href":"https:\/\/cri.it\/umbria\/wp-json\/wp\/v2\/tags?post=987"}],"curies":[{"name":"wp","href":"https:\/\/api.w.org\/{rel}","templated":true}]}}