{"id":958,"date":"2021-10-04T15:00:57","date_gmt":"2021-10-04T13:00:57","guid":{"rendered":"https:\/\/cri.it\/umbria\/?page_id=958"},"modified":"2021-10-04T15:20:30","modified_gmt":"2021-10-04T13:20:30","slug":"elementor-958","status":"publish","type":"page","link":"https:\/\/cri.it\/umbria\/elementor-958\/","title":{"rendered":"Storia e Principi"},"content":{"rendered":"\t\t<div data-elementor-type=\"wp-page\" data-elementor-id=\"958\" class=\"elementor elementor-958\">\n\t\t\t\t\t\t<section class=\"elementor-section elementor-top-section elementor-element elementor-element-a4ca1bb elementor-section-boxed elementor-section-height-default elementor-section-height-default\" data-id=\"a4ca1bb\" data-element_type=\"section\">\n\t\t\t\t\t\t<div class=\"elementor-container elementor-column-gap-default\">\n\t\t\t\t\t<div class=\"elementor-column elementor-col-100 elementor-top-column elementor-element elementor-element-0462f63\" data-id=\"0462f63\" data-element_type=\"column\">\n\t\t\t<div class=\"elementor-widget-wrap elementor-element-populated\">\n\t\t\t\t\t\t\t<\/div>\n\t\t<\/div>\n\t\t\t\t\t<\/div>\n\t\t<\/section>\n\t\t\t\t<section class=\"elementor-section elementor-top-section elementor-element elementor-element-ae0bdd5 elementor-section-boxed elementor-section-height-default elementor-section-height-default\" data-id=\"ae0bdd5\" data-element_type=\"section\">\n\t\t\t\t\t\t<div class=\"elementor-container elementor-column-gap-default\">\n\t\t\t\t\t<div class=\"elementor-column elementor-col-100 elementor-top-column elementor-element elementor-element-d9fa118\" data-id=\"d9fa118\" data-element_type=\"column\">\n\t\t\t<div class=\"elementor-widget-wrap elementor-element-populated\">\n\t\t\t\t\t\t<div class=\"elementor-element elementor-element-8e2745f elementor-widget elementor-widget-heading\" data-id=\"8e2745f\" data-element_type=\"widget\" data-widget_type=\"heading.default\">\n\t\t\t\t<div class=\"elementor-widget-container\">\n\t\t\t\t\t<h2 class=\"elementor-heading-title elementor-size-large\">La Storia della Croce Rossa<\/h2>\t\t\t\t<\/div>\n\t\t\t\t<\/div>\n\t\t\t\t\t<\/div>\n\t\t<\/div>\n\t\t\t\t\t<\/div>\n\t\t<\/section>\n\t\t\t\t<section class=\"elementor-section elementor-top-section elementor-element elementor-element-8efb4a8 elementor-section-boxed elementor-section-height-default elementor-section-height-default\" data-id=\"8efb4a8\" data-element_type=\"section\">\n\t\t\t\t\t\t<div class=\"elementor-container elementor-column-gap-default\">\n\t\t\t\t\t<div class=\"elementor-column elementor-col-100 elementor-top-column elementor-element elementor-element-33cf35e\" data-id=\"33cf35e\" data-element_type=\"column\">\n\t\t\t<div class=\"elementor-widget-wrap elementor-element-populated\">\n\t\t\t\t\t\t<div class=\"elementor-element elementor-element-b6fb621 elementor-widget elementor-widget-text-editor\" data-id=\"b6fb621\" data-element_type=\"widget\" data-widget_type=\"text-editor.default\">\n\t\t\t\t<div class=\"elementor-widget-container\">\n\t\t\t\t\t\t\t\t\t<p><em>Nell\u2019Ospedale e nelle chiese di Castiglione sono stati depositati, fianco a fianco, uomini di ogni nazione, Francesi, Austriaci, Tedeschi e Slavi, provvisoriamente confusi nel fondo delle cappelle. Non hanno nemmeno la forza di muoversi nello stretto spazio che occupano. (\u2026) Mi diceva qualcuno di questi infelici \u201cCi abbandonano, ci lasciano morire miseramente, eppure noi ci siamo battuti bene!\u201d. Malgrado le fatiche che hanno sopportato, malgrado le notti insonni, essi non riposano e, nella loro sventura, implorano il soccorso dei medici e si rotolano disperati nelle convulsioni che termineranno con il tetano e la morte\u201d<\/em><\/p>\n<div class=\"elementor-testimonial-image\"><img decoding=\"async\" width=\"88\" height=\"70\" src=\"https:\/\/cri.it\/wp-content\/uploads\/2018\/12\/5d7d2a237a4683e5c45b021802a448c4.jpg\" class=\"attachment-full alignleft\" alt=\"Dunant\"><\/div>\n<div class=\"elementor-testimonial-details\">\n<div class=\"elementor-testimonial-name\">Henry Dunant<\/div>\n<div class=\"elementor-testimonial-job\">&#8220;Un souvenir da Solferino&#8221;<\/div><div class=\"elementor-testimonial-job\"><br><\/div><div class=\"elementor-testimonial-job\"><br><\/div><div class=\"elementor-testimonial-job\"><br><\/div>\n<div class=\"elementor-testimonial-job\"><\/div>\n<div class=\"elementor-testimonial-job\"><\/div>\n<div class=\"elementor-testimonial-job\"><\/div>\n<div class=\"elementor-testimonial-job\"><\/div>\n<p>Il 24 giugno 1859, nel corso della 2\u00b0 Guerra di Indipendenza italiana, a Solferino si consuma una delle battaglie pi\u00f9 sanguinose dei XIX secolo, sulle colline a sud del Lago di Garda. Trecentomila soldati appartenenti a tre eserciti distinti (francese, sardo-piemontese e austriaco) si scontrano, lasciando sul terreno circa<span>&nbsp;<\/span><strong>centomila fra morti, feriti e dispersi<\/strong>. Castiglione delle Stiviere \u00e8 il paese pi\u00f9 vicino, a sei chilometri da Solferino, dove esisteva gi\u00e0 un ospedale e la possibilit\u00e0 di accedere all\u2019acqua, elemento fondamentale nel soccorso improvvisato ai<span>&nbsp;<\/span><strong>novemila feriti<\/strong><span>&nbsp;<\/span>che, nei primi tre giorni, vengono appunto trasportati a Castiglione.<\/p>\n<p>L\u00ec si trova anche un<span>&nbsp;<\/span><strong>cittadino svizzero<\/strong>,&nbsp;<strong>Jean&nbsp;<\/strong><strong>Henry Dunant<\/strong>, venuto ad incontrare per i suoi affari Napoleone III. Egli si ritrova coinvolto nella terribile carneficina, aggravato dall&#8217;\u201dinesistenza\u201d della sanit\u00e0 militare. Rimane talmente colpito dalla situazione che decide di descrivere quanto stesse accadendo in quello che diventer\u00e0, poi, il suo testo fondamentale: \u201c<strong>Un Souvenir de Solferino\u201d<\/strong>,<span>&nbsp;<\/span><strong>tradotto in pi\u00f9 di 20 lingue<\/strong>.&nbsp;Dall\u2019orribile spettacolo nasce in Dunant l\u2019idea di creare una<span>&nbsp;<\/span><strong>squadra di infermieri volontari preparati<\/strong>, il cui operato potesse dare un apporto fondamentale alla sanit\u00e0 militare<strong>: la Croce Rossa<\/strong>.<\/p>\n<p><span>Dal&nbsp;<\/span><strong>Convegno di Ginevra del 1863<\/strong><span>&nbsp;(26-29 ottobre) nascono le&nbsp;<\/span><strong>Societ\u00e0 Nazionali di Croce Rossa<\/strong><span>&nbsp;e la&nbsp;<\/span><strong>quinta a formarsi \u00e8 proprio quella italiana<\/strong><span>. Nella 1\u00b0 Conferenza diplomatica di Ginevra, che termina con la firma della&nbsp;<\/span><strong>Prima Convenzione di Ginevra (8-22 agosto 1864)<\/strong><span>, viene sancita la neutralit\u00e0 delle strutture e del personale sanitario.<\/span><\/p>\n<div class=\"elementor-testimonial-job\">\n<h2><span style=\"text-decoration: underline\"><em><strong>I Principi<\/strong><\/em><\/span><\/h2>\n<p><span>Guida e faro delle azioni dei Volontari della Croce Rossa sono i&nbsp;&nbsp;<\/span><b>sette Principi Fondamentali<\/b><span>&nbsp;del&nbsp;<\/span><b>Movimento Internazionale di Croce Rossa e Mezzaluna Rossa<\/b><span>, che ne costituiscono lo spirito e l\u2019etica:&nbsp;<\/span><b>Umanit\u00e0, Imparzialit\u00e0, Neutralit\u00e0, Indipendenza, Volontariato, Unit\u00e0 e Universalit\u00e0<\/b><span>. Adottati nella 20\u00aa Conferenza Internazionale della Croce Rossa, svoltasi a Vienna nell\u2019<\/span><b>ottobre del 1965<\/b><span>, i Principi Fondamentali sono garanti dell\u2019azione del Movimento, ma anche della&nbsp;CRI&nbsp;e di ogni suo Volontario e aderente.<\/span><\/p>\n<p><\/p>\n<\/div>\n<div><\/div>\n<\/div>\t\t\t\t\t\t\t\t<\/div>\n\t\t\t\t<\/div>\n\t\t\t\t\t<\/div>\n\t\t<\/div>\n\t\t\t\t\t<\/div>\n\t\t<\/section>\n\t\t\t\t<section class=\"elementor-section elementor-top-section elementor-element elementor-element-cdce5d4 elementor-section-boxed elementor-section-height-default elementor-section-height-default\" data-id=\"cdce5d4\" data-element_type=\"section\">\n\t\t\t\t\t\t<div class=\"elementor-container elementor-column-gap-default\">\n\t\t\t\t\t<div class=\"elementor-column elementor-col-100 elementor-top-column elementor-element elementor-element-554b91a\" data-id=\"554b91a\" data-element_type=\"column\">\n\t\t\t<div class=\"elementor-widget-wrap elementor-element-populated\">\n\t\t\t\t\t\t<div class=\"elementor-element elementor-element-0c19bf2 elementor-widget elementor-widget-text-editor\" data-id=\"0c19bf2\" data-element_type=\"widget\" data-widget_type=\"text-editor.default\">\n\t\t\t\t<div class=\"elementor-widget-container\">\n\t\t\t\t\t\t\t\t\t<p><span style=\"text-decoration: underline\"><strong>UMANIT\u00c0\u00a0<\/strong><\/span><\/p><p>Nato dall\u2019intento di portare soccorso senza discriminazioni ai feriti sui campi di battaglia, il Movimento Internazionale della Croce Rossa e Mezzaluna Rossa, in campo internazionale e nazionale, si adopera per prevenire e lenire in ogni circostanza le sofferenze degli uomini, per far rispettare la persona umana e proteggerne la vita e la salute; favorisce la comprensione reciproca, l\u2019amicizia, la cooperazione e la pace duratura fra tutti i popoli.<\/p><p><span style=\"text-decoration: underline\"><strong>IMPARZIALIT\u00c0<\/strong><\/span><\/p><p>Il Movimento non fa alcuna distinzione di nazionalit\u00e0, razza, religione, classe o opinioni politiche. Si sforza di alleviare le sofferenze delle persone unicamente in base ai loro bisogni, dando la priorit\u00e0 ai casi pi\u00f9 urgenti.<\/p><p><span style=\"text-decoration: underline\"><strong>NEUTRALIT\u00c0<\/strong><\/span><\/p><p>Al fine di continuare a godere della fiducia di tutti, il Movimento si astiene dal partecipare alle ostilit\u00e0 di qualsiasi genere e alle controversie di ordine politico, razziale e religioso.<\/p><p><span style=\"text-decoration: underline\"><strong>INDIPENDENZA<\/strong><\/span><\/p><p>Il Movimento \u00e8 indipendente. Le Societ\u00e0 Nazionali, quali ausiliari dei servizi umanitari dei loro governi e soggetti alle leggi dei rispettivi Paesi, devono sempre mantenere la loro autonomia in modo che possano essere in grado in ogni momento di agire in conformit\u00e0 con i principi del Movimento.<\/p><p><span style=\"text-decoration: underline\"><strong>VOLONTARIET\u00c0<\/strong><\/span><\/p><p>Il Movimento \u00e8 un\u2019istituzione di soccorso volontario non guidato dal desiderio di guadagno.<\/p><p><span style=\"text-decoration: underline\"><strong>UNIT\u00c0<\/strong><\/span><\/p><p>Nel territorio nazionale ci pu\u00f2 essere una sola associazione di Croce Rossa, aperta a tutti e con estensione della sua azione umanitaria all\u2019intero territorio nazionale.<\/p><p><span style=\"text-decoration: underline\"><strong>UNIVERSALIT\u00c0<\/strong><\/span><\/p><p>Il Movimento internazionale della Croce Rossa e Mezzaluna Rossa, in seno al quale tutte le societ\u00e0 nazionali hanno uguali diritti e il dovere di aiutarsi reciprocamente, \u00e8 universale.<\/p><p><\/p>\t\t\t\t\t\t\t\t<\/div>\n\t\t\t\t<\/div>\n\t\t\t\t\t<\/div>\n\t\t<\/div>\n\t\t\t\t\t<\/div>\n\t\t<\/section>\n\t\t\t\t<\/div>\n\t\t","protected":false},"excerpt":{"rendered":"<p>La Storia della Croce Rossa Nell\u2019Ospedale e nelle chiese di Castiglione sono stati depositati, fianco a fianco, uomini di ogni nazione, Francesi, Austriaci, Tedeschi e Slavi, provvisoriamente confusi nel fondo delle cappelle. Non hanno nemmeno la forza di muoversi nello stretto spazio che occupano. (\u2026) Mi diceva qualcuno di questi [&hellip;]<\/p>\n","protected":false},"author":64,"featured_media":972,"parent":0,"menu_order":0,"comment_status":"closed","ping_status":"closed","template":"","meta":{"_themeisle_gutenberg_block_has_review":false,"footnotes":""},"categories":[],"tags":[],"class_list":["post-958","page","type-page","status-publish","has-post-thumbnail","hentry"],"_links":{"self":[{"href":"https:\/\/cri.it\/umbria\/wp-json\/wp\/v2\/pages\/958","targetHints":{"allow":["GET"]}}],"collection":[{"href":"https:\/\/cri.it\/umbria\/wp-json\/wp\/v2\/pages"}],"about":[{"href":"https:\/\/cri.it\/umbria\/wp-json\/wp\/v2\/types\/page"}],"author":[{"embeddable":true,"href":"https:\/\/cri.it\/umbria\/wp-json\/wp\/v2\/users\/64"}],"replies":[{"embeddable":true,"href":"https:\/\/cri.it\/umbria\/wp-json\/wp\/v2\/comments?post=958"}],"version-history":[{"count":3,"href":"https:\/\/cri.it\/umbria\/wp-json\/wp\/v2\/pages\/958\/revisions"}],"predecessor-version":[{"id":974,"href":"https:\/\/cri.it\/umbria\/wp-json\/wp\/v2\/pages\/958\/revisions\/974"}],"wp:featuredmedia":[{"embeddable":true,"href":"https:\/\/cri.it\/umbria\/wp-json\/wp\/v2\/media\/972"}],"wp:attachment":[{"href":"https:\/\/cri.it\/umbria\/wp-json\/wp\/v2\/media?parent=958"}],"wp:term":[{"taxonomy":"category","embeddable":true,"href":"https:\/\/cri.it\/umbria\/wp-json\/wp\/v2\/categories?post=958"},{"taxonomy":"post_tag","embeddable":true,"href":"https:\/\/cri.it\/umbria\/wp-json\/wp\/v2\/tags?post=958"}],"curies":[{"name":"wp","href":"https:\/\/api.w.org\/{rel}","templated":true}]}}