{"id":1888,"date":"2023-12-22T13:42:49","date_gmt":"2023-12-22T12:42:49","guid":{"rendered":"https:\/\/cri.it\/trentino\/?page_id=1888"},"modified":"2024-01-04T13:15:39","modified_gmt":"2024-01-04T12:15:39","slug":"principi","status":"publish","type":"page","link":"https:\/\/cri.it\/trentino\/i-nostri-principi\/","title":{"rendered":"I nostri Principi"},"content":{"rendered":"<p><strong>I sette Principi fondamentali della Croce Rossa<br \/>\n<\/strong>Il lavoro di tutti i membri del Movimento internazionale della Croce Rossa e della Mezzaluna Rossa si basa sugli stessi principi: i sette Principi fondamentali della Croce Rossa. Sono espressione dei nostri valori e ideali, rappresentano un punto di riferimento e sono garanzia di fiducia. Ma sono soprattutto uno stimolo ad agire: un invito a tutelare la vita, la dignit\u00e0 e la salute dei pi\u00f9 vulnerabili e a stare al loro fianco nelle emergenze.<\/p>\n<p><strong>I nostri valori e la nostra missione: per un mondo pi\u00f9 umano<br \/>\n<\/strong>La Croce Rossa si impegna in tutto il mondo per il rispetto e la diffusione di valori comuni. Vogliamo promuovere il rispetto per gli altri e la disponibilit\u00e0 a collaborare. Con queste modalit\u00e0 cerchiamo soluzioni per risolvere le sfide umanitarie pi\u00f9 urgenti e per contribuire a un futuro equo e dignitoso per tutti.<strong><br \/>\n<\/strong><strong><\/strong><\/p>\n<p><em>&#8220;L\u2019umanit\u00e0 \u00e8 il fulcro delle nostre attivit\u00e0. Viviamo i sette Principi fondamentali e motiviamo persone di tutte le et\u00e0 ed estrazioni sociali a impegnarsi in loro favore. In questo modo contribuiamo a una convivenza fondata sul rispetto reciproco e a uno sviluppo sostenibile.&#8221;<\/em><\/p>\n<h3>Scoprite i nostri Principi Fondamentali<\/h3>\n<h4><b>UMANITA&#8217; &#8211; LA NOSTRA MISSIONE<\/b><\/h4>\n<p><img loading=\"lazy\" decoding=\"async\" width=\"226\" height=\"223\" src=\"https:\/\/cri.it\/trentino\/wp-content\/uploads\/sites\/19\/2023\/12\/umanita.png?_t=1703766114\" alt=\"\" loading=\"lazy\" \/><\/p>\n<p><em>&#8220;Nato dalla preoccupazione di soccorrere senza discriminazioni i feriti dei campi di battaglia, il Movimento internazionale della Croce Rossa e della Mezzaluna Rossa, sia a livello internazionale che nazionale, opera per prevenire e alleviare in ogni circostanza le sofferenze degli uomini. Si applica a proteggere la vita e la salute, e a far rispettare la persona umana. Opera per la reciproca comprensione, l\u2019amicizia, la cooperazione e una pace durevole tra tutti i popoli.&#8221;<\/em><\/p>\n<p>L\u2019<b>umanit\u00e0<\/b> \u00e8 il principio pi\u00f9 importante che guida il nostro lavoro ed esprime la missione della Croce Rossa: prevenire e alleviare le sofferenze umane. Se si dovessero riassumere i sette Principi fondamentali in un solo concetto, questo sarebbe proprio l\u2019umanit\u00e0.<\/p>\n<h3 style=\"border: 0px solid currentcolor; --tw-translate-x: 0; --tw-translate-y: 0; --tw-rotate: 0; --tw-skew-x: 0; --tw-skew-y: 0; --tw-scale-x: 1; --tw-scale-y: 1; --tw-transform: translateX(var(--tw-translate-x)) translateY(var(--tw-translate-y)) rotate(var(--tw-rotate)) skewX(var(--tw-skew-x)) skewY(var(--tw-skew-y)) scaleX(var(--tw-scale-x)) scaleY(var(--tw-scale-y)); --tw-ring-offset-width: 0px; --tw-ring-offset-color: #fff; --tw-ring-color: rgba(59,130,246,.5); --tw-ring-offset-shadow: 0 0 transparent; --tw-ring-shadow: 0 0 transparent; --tw-shadow: 0 0 transparent; --tw-filter: var(--tw-blur) var(--tw-brightness) var(--tw-contrast) var(--tw-grayscale) var(--tw-hue-rotate) var(--tw-invert) var(--tw-saturate) var(--tw-sepia) var(--tw-drop-shadow); --tw-backdrop-filter: var(--tw-backdrop-blur) var(--tw-backdrop-brightness) var(--tw-backdrop-contrast) var(--tw-backdrop-grayscale) var(--tw-backdrop-hue-rotate) var(--tw-backdrop-invert) var(--tw-backdrop-opacity) var(--tw-backdrop-saturate) var(--tw-backdrop-sepia); margin-bottom: 1.5rem; font-size: 2rem; line-height: 41.6px; font-family: Gibson, ui-sans-serif, system-ui, -apple-system, 'Segoe UI', Roboto, Ubuntu, Cantarell, 'Noto Sans', sans-serif, BlinkMacSystemFont, 'Helvetica Neue', Arial, 'Apple Color Emoji', 'Segoe UI Emoji', 'Segoe UI Symbol', 'Noto Color Emoji'; hyphens: auto; overflow-wrap: anywhere; scroll-margin-top: 8.5rem; color: #1a1a1a; text-transform: none; white-space-collapse: collapse;\">IMPARZIALITA&#8217; \u2013 di fronte alla sofferenza<\/h3>\n<p><img loading=\"lazy\" decoding=\"async\" width=\"226\" height=\"223\" src=\"https:\/\/cri.it\/trentino\/wp-content\/uploads\/sites\/19\/2023\/12\/imparzialita.png?_t=1703766114\" alt=\"\" loading=\"lazy\" \/><\/p>\n<p><em>&#8220;Il Movimento internazionale della Croce Rossa e della Mezzaluna Rossa non fa alcuna distinzione di nazionalit\u00e0, razza, religione, condizione sociale o appartenenza politica. Si dedica esclusivamente a soccorrere gli individui a seconda della gravit\u00e0 e dell\u2019urgenza delle loro sofferenze.&#8221;<\/em><\/p>\n<p><strong>I<\/strong><b>mparzialit\u00e0 <\/b>significa non-discriminazione: sosteniamo le persone in egual modo e misura. Non facciamo distinzioni sfavorevoli o ingiuste a seconda di provenienza, nazionalit\u00e0, posizione sociale, religione o idee politiche. La Croce Rossa presta aiuti a chi ne ha pi\u00f9 bisogno. L\u2019unico criterio \u00e8 il grado di necessit\u00e0, di urgenza e di vulnerabilit\u00e0.<\/p>\n<h3 style=\"border: 0px solid currentcolor; --tw-translate-x: 0; --tw-translate-y: 0; --tw-rotate: 0; --tw-skew-x: 0; --tw-skew-y: 0; --tw-scale-x: 1; --tw-scale-y: 1; --tw-transform: translateX(var(--tw-translate-x)) translateY(var(--tw-translate-y)) rotate(var(--tw-rotate)) skewX(var(--tw-skew-x)) skewY(var(--tw-skew-y)) scaleX(var(--tw-scale-x)) scaleY(var(--tw-scale-y)); --tw-ring-offset-width: 0px; --tw-ring-offset-color: #fff; --tw-ring-color: rgba(59,130,246,.5); --tw-ring-offset-shadow: 0 0 transparent; --tw-ring-shadow: 0 0 transparent; --tw-shadow: 0 0 transparent; --tw-filter: var(--tw-blur) var(--tw-brightness) var(--tw-contrast) var(--tw-grayscale) var(--tw-hue-rotate) var(--tw-invert) var(--tw-saturate) var(--tw-sepia) var(--tw-drop-shadow); --tw-backdrop-filter: var(--tw-backdrop-blur) var(--tw-backdrop-brightness) var(--tw-backdrop-contrast) var(--tw-backdrop-grayscale) var(--tw-backdrop-hue-rotate) var(--tw-backdrop-invert) var(--tw-backdrop-opacity) var(--tw-backdrop-saturate) var(--tw-backdrop-sepia); margin-bottom: 1.5rem; font-size: 2rem; line-height: 41.6px; font-family: Gibson, ui-sans-serif, system-ui, -apple-system, 'Segoe UI', Roboto, Ubuntu, Cantarell, 'Noto Sans', sans-serif, BlinkMacSystemFont, 'Helvetica Neue', Arial, 'Apple Color Emoji', 'Segoe UI Emoji', 'Segoe UI Symbol', 'Noto Color Emoji'; hyphens: auto; overflow-wrap: anywhere; scroll-margin-top: 8.5rem; color: #1a1a1a;\">Neutralit\u00e0 \u2013 agire senza schierarsi<\/h3>\n<p><img loading=\"lazy\" decoding=\"async\" width=\"226\" height=\"223\" src=\"https:\/\/cri.it\/trentino\/wp-content\/uploads\/sites\/19\/2023\/12\/neutralita.png?_t=1703766114\" alt=\"\" loading=\"lazy\" \/><\/p>\n<p><i>&#8220;Per conservare la fiducia di tutti, il Movimento internazionale della Croce Rossa e della Mezzaluna Rossa si astiene dal prendere parte alle ostilit\u00e0 cos\u00ec come, anche in tempo di pace, alle controversie d\u2019ordine politico, razziale, religioso e ideologico.&#8221;<\/i><\/p>\n<p>Per <strong>neutralit\u00e0<\/strong> intendiamo che in linea di massima non partecipiamo a dispute e a controversie politiche o ideologiche. Non prendiamo posizione durante i conflitti in modo da mantenere la fiducia di tutti. In questo modo siamo sicuri di poter raggiungere sempre chiunque abbia urgente bisogno del nostro aiuto.<\/p>\n<h3 style=\"border: 0px solid currentcolor; --tw-translate-x: 0; --tw-translate-y: 0; --tw-rotate: 0; --tw-skew-x: 0; --tw-skew-y: 0; --tw-scale-x: 1; --tw-scale-y: 1; --tw-transform: translateX(var(--tw-translate-x)) translateY(var(--tw-translate-y)) rotate(var(--tw-rotate)) skewX(var(--tw-skew-x)) skewY(var(--tw-skew-y)) scaleX(var(--tw-scale-x)) scaleY(var(--tw-scale-y)); --tw-ring-offset-width: 0px; --tw-ring-offset-color: #fff; --tw-ring-color: rgba(59,130,246,.5); --tw-ring-offset-shadow: 0 0 transparent; --tw-ring-shadow: 0 0 transparent; --tw-shadow: 0 0 transparent; --tw-filter: var(--tw-blur) var(--tw-brightness) var(--tw-contrast) var(--tw-grayscale) var(--tw-hue-rotate) var(--tw-invert) var(--tw-saturate) var(--tw-sepia) var(--tw-drop-shadow); --tw-backdrop-filter: var(--tw-backdrop-blur) var(--tw-backdrop-brightness) var(--tw-backdrop-contrast) var(--tw-backdrop-grayscale) var(--tw-backdrop-hue-rotate) var(--tw-backdrop-invert) var(--tw-backdrop-opacity) var(--tw-backdrop-saturate) var(--tw-backdrop-sepia); margin-bottom: 1.5rem; font-size: 2rem; line-height: 41.6px; font-family: Gibson, ui-sans-serif, system-ui, -apple-system, 'Segoe UI', Roboto, Ubuntu, Cantarell, 'Noto Sans', sans-serif, BlinkMacSystemFont, 'Helvetica Neue', Arial, 'Apple Color Emoji', 'Segoe UI Emoji', 'Segoe UI Symbol', 'Noto Color Emoji'; hyphens: auto; overflow-wrap: anywhere; scroll-margin-top: 8.5rem; color: #1a1a1a;\">Indipendenza \u2013 l\u2019autonomia garantisce il rispetto dei nostri principi<\/h3>\n<p><img loading=\"lazy\" decoding=\"async\" width=\"226\" height=\"223\" src=\"https:\/\/cri.it\/trentino\/wp-content\/uploads\/sites\/19\/2023\/12\/indipendenza.png?_t=1703766114\" alt=\"\" loading=\"lazy\" \/><\/p>\n<p><i>&#8220;Il Movimento internazionale della Croce Rossa e della Mezzaluna Rossa \u00e8 indipendente. Le Societ\u00e0 nazionali svolgono le loro attivit\u00e0 umanitarie come ausiliarie dei poteri pubblici e sono sottoposte alle leggi in vigore nei rispettivi Paesi. Tuttavia esse devono conservare un\u2019autonomia che permetta loro di operare sempre secondo i Principi del Movimento.&#8221;<\/i><\/p>\n<p><strong>Indipendenza<\/strong> nel sostegno ai pi\u00f9 vulnerabili: ci opponiamo a qualsiasi pressione di tipo politico ed economico. Siamo guidati esclusivamente dai nostri Principi e agiamo senza subire l\u2019influenza dei media o del pubblico.<\/p>\n<h3 style=\"border: 0px solid currentcolor; --tw-translate-x: 0; --tw-translate-y: 0; --tw-rotate: 0; --tw-skew-x: 0; --tw-skew-y: 0; --tw-scale-x: 1; --tw-scale-y: 1; --tw-transform: translateX(var(--tw-translate-x)) translateY(var(--tw-translate-y)) rotate(var(--tw-rotate)) skewX(var(--tw-skew-x)) skewY(var(--tw-skew-y)) scaleX(var(--tw-scale-x)) scaleY(var(--tw-scale-y)); --tw-ring-offset-width: 0px; --tw-ring-offset-color: #fff; --tw-ring-color: rgba(59,130,246,.5); --tw-ring-offset-shadow: 0 0 transparent; --tw-ring-shadow: 0 0 transparent; --tw-shadow: 0 0 transparent; --tw-filter: var(--tw-blur) var(--tw-brightness) var(--tw-contrast) var(--tw-grayscale) var(--tw-hue-rotate) var(--tw-invert) var(--tw-saturate) var(--tw-sepia) var(--tw-drop-shadow); --tw-backdrop-filter: var(--tw-backdrop-blur) var(--tw-backdrop-brightness) var(--tw-backdrop-contrast) var(--tw-backdrop-grayscale) var(--tw-backdrop-hue-rotate) var(--tw-backdrop-invert) var(--tw-backdrop-opacity) var(--tw-backdrop-saturate) var(--tw-backdrop-sepia); margin-bottom: 1.5rem; font-size: 2rem; line-height: 41.6px; font-family: Gibson, ui-sans-serif, system-ui, -apple-system, 'Segoe UI', Roboto, Ubuntu, Cantarell, 'Noto Sans', sans-serif, BlinkMacSystemFont, 'Helvetica Neue', Arial, 'Apple Color Emoji', 'Segoe UI Emoji', 'Segoe UI Symbol', 'Noto Color Emoji'; hyphens: auto; overflow-wrap: anywhere; scroll-margin-top: 8.5rem; color: #1a1a1a;\">Volontariato \u2013 il vero aiuto \u00e8 disinteressato<\/h3>\n<p><img loading=\"lazy\" decoding=\"async\" width=\"226\" height=\"223\" src=\"https:\/\/cri.it\/trentino\/wp-content\/uploads\/sites\/19\/2023\/12\/volontarieta.png?_t=1703766114\" alt=\"\" loading=\"lazy\" \/><\/p>\n<p>&#8220;Il Movimento internazionale della Croce Rossa e della Mezzaluna Rossa \u00e8 un movimento di soccorso volontario e disinteressato.&#8221;<\/p>\n<p>In tutto il mondo oltre\u00a011\u00a0milioni di volontari mettono le loro conoscenze, le loro competenze e la loro esperienza a disposizione del Movimento internazionale della Croce Rossa e della Mezzaluna Rossa. Si impegnano a favore delle persone in difficolt\u00e0 con empatia, ispirazione e motivazione.<strong> Volontariato<\/strong> non significa dilettantismo. Non importa se si tratta della propria attivit\u00e0 professionale, di un\u2019attivit\u00e0 parallela o di un\u2019attivit\u00e0 svolta a titolo onorifico: il nostro lavoro \u00e8 sempre sinonimo di qualit\u00e0 professionale e impegno personale.<\/p>\n<h3 style=\"border: 0px solid currentcolor; --tw-translate-x: 0; --tw-translate-y: 0; --tw-rotate: 0; --tw-skew-x: 0; --tw-skew-y: 0; --tw-scale-x: 1; --tw-scale-y: 1; --tw-transform: translateX(var(--tw-translate-x)) translateY(var(--tw-translate-y)) rotate(var(--tw-rotate)) skewX(var(--tw-skew-x)) skewY(var(--tw-skew-y)) scaleX(var(--tw-scale-x)) scaleY(var(--tw-scale-y)); --tw-ring-offset-width: 0px; --tw-ring-offset-color: #fff; --tw-ring-color: rgba(59,130,246,.5); --tw-ring-offset-shadow: 0 0 transparent; --tw-ring-shadow: 0 0 transparent; --tw-shadow: 0 0 transparent; --tw-filter: var(--tw-blur) var(--tw-brightness) var(--tw-contrast) var(--tw-grayscale) var(--tw-hue-rotate) var(--tw-invert) var(--tw-saturate) var(--tw-sepia) var(--tw-drop-shadow); --tw-backdrop-filter: var(--tw-backdrop-blur) var(--tw-backdrop-brightness) var(--tw-backdrop-contrast) var(--tw-backdrop-grayscale) var(--tw-backdrop-hue-rotate) var(--tw-backdrop-invert) var(--tw-backdrop-opacity) var(--tw-backdrop-saturate) var(--tw-backdrop-sepia); margin-bottom: 1.5rem; font-size: 2rem; line-height: 41.6px; font-family: Gibson, ui-sans-serif, system-ui, -apple-system, 'Segoe UI', Roboto, Ubuntu, Cantarell, 'Noto Sans', sans-serif, BlinkMacSystemFont, 'Helvetica Neue', Arial, 'Apple Color Emoji', 'Segoe UI Emoji', 'Segoe UI Symbol', 'Noto Color Emoji'; hyphens: auto; overflow-wrap: anywhere; scroll-margin-top: 8.5rem; color: #1a1a1a;\">Unit\u00e0 \u2013 un Movimento aperto a tutti<\/h3>\n<p><img loading=\"lazy\" decoding=\"async\" width=\"226\" height=\"223\" src=\"https:\/\/cri.it\/trentino\/wp-content\/uploads\/sites\/19\/2023\/12\/unita.png?_t=1703766114\" alt=\"\" loading=\"lazy\" \/><\/p>\n<p><i>&#8220;In un Paese non pu\u00f2 esserci che un\u2019unica Societ\u00e0 della Croce Rossa o della Mezzaluna Rossa, che deve essere aperta a tutti ed estendere la propria attivit\u00e0 umanitaria all\u2019intero territorio.&#8221;<\/i><\/p>\n<p>La nostra \u00e8 l\u2019unica Societ\u00e0 di Croce Rossa del nostro Paese aperta a tutti nel rispetto della non-discriminazione. Tutti i nostri membri, collaboratori e volontari si impegnano per la missione del Movimento internazionale: dare sostegno alle persone in difficolt\u00e0. L&#8217; <strong>unit\u00e0<\/strong> unisce tutte le Societ\u00e0 di Croce Rossa e Mezzaluna Rossa del mondo, in ogni Paese in cui il nostro Movimento \u00e8 presente.<\/p>\n<h3 style=\"border: 0px solid currentcolor; --tw-translate-x: 0; --tw-translate-y: 0; --tw-rotate: 0; --tw-skew-x: 0; --tw-skew-y: 0; --tw-scale-x: 1; --tw-scale-y: 1; --tw-transform: translateX(var(--tw-translate-x)) translateY(var(--tw-translate-y)) rotate(var(--tw-rotate)) skewX(var(--tw-skew-x)) skewY(var(--tw-skew-y)) scaleX(var(--tw-scale-x)) scaleY(var(--tw-scale-y)); --tw-ring-offset-width: 0px; --tw-ring-offset-color: #fff; --tw-ring-color: rgba(59,130,246,.5); --tw-ring-offset-shadow: 0 0 transparent; --tw-ring-shadow: 0 0 transparent; --tw-shadow: 0 0 transparent; --tw-filter: var(--tw-blur) var(--tw-brightness) var(--tw-contrast) var(--tw-grayscale) var(--tw-hue-rotate) var(--tw-invert) var(--tw-saturate) var(--tw-sepia) var(--tw-drop-shadow); --tw-backdrop-filter: var(--tw-backdrop-blur) var(--tw-backdrop-brightness) var(--tw-backdrop-contrast) var(--tw-backdrop-grayscale) var(--tw-backdrop-hue-rotate) var(--tw-backdrop-invert) var(--tw-backdrop-opacity) var(--tw-backdrop-saturate) var(--tw-backdrop-sepia); margin-bottom: 1.5rem; font-size: 2rem; line-height: 41.6px; font-family: Gibson, ui-sans-serif, system-ui, -apple-system, 'Segoe UI', Roboto, Ubuntu, Cantarell, 'Noto Sans', sans-serif, BlinkMacSystemFont, 'Helvetica Neue', Arial, 'Apple Color Emoji', 'Segoe UI Emoji', 'Segoe UI Symbol', 'Noto Color Emoji'; hyphens: auto; overflow-wrap: anywhere; scroll-margin-top: 8.5rem; color: #1a1a1a;\">Universalit\u00e0 \u2013 il dovere umanitario \u00e8 universale<\/h3>\n<p><img loading=\"lazy\" decoding=\"async\" width=\"226\" height=\"223\" src=\"https:\/\/cri.it\/trentino\/wp-content\/uploads\/sites\/19\/2023\/12\/universalita.png?_t=1703766114\" alt=\"\" loading=\"lazy\" \/><\/p>\n<p><i>&#8220;Il Movimento internazionale della Croce Rossa e della Mezzaluna Rossa \u00e8 universale: in esso tutte le Societ\u00e0 nazionali hanno uguali diritti e il dovere di aiutarsi reciprocamente.&#8221;<\/i><\/p>\n<p>Le singole Societ\u00e0 nazionali sono indipendenti. Le loro prestazioni si rivolgono principalmente alla popolazione dei relativi Paesi. In caso di gravi crisi e catastrofi pu\u00f2 accadere che una Societ\u00e0 nazionale si trovi in difficolt\u00e0 a fornire gli aiuti. In questo caso grazie all&#8217;<strong>universalit\u00e0<\/strong>\u00a0 ricevono il sostegno di altre Societ\u00e0 nazionali, dell\u2019FICR e del CICR.<\/p>\n","protected":false},"excerpt":{"rendered":"<p>I sette Principi fondamentali della Croce Rossa Il lavoro di tutti i membri del Movimento internazionale della Croce Rossa e della Mezzaluna Rossa si basa sugli stessi principi: i sette Principi fondamentali della Croce Rossa. Sono espressione dei nostri valori e ideali, rappresentano un punto di riferimento e sono garanzia [&hellip;]<\/p>\n","protected":false},"author":135,"featured_media":2156,"parent":0,"menu_order":0,"comment_status":"closed","ping_status":"closed","template":"","meta":{"_themeisle_gutenberg_block_has_review":false,"footnotes":""},"categories":[],"tags":[],"class_list":["post-1888","page","type-page","status-publish","has-post-thumbnail","hentry"],"_links":{"self":[{"href":"https:\/\/cri.it\/trentino\/wp-json\/wp\/v2\/pages\/1888","targetHints":{"allow":["GET"]}}],"collection":[{"href":"https:\/\/cri.it\/trentino\/wp-json\/wp\/v2\/pages"}],"about":[{"href":"https:\/\/cri.it\/trentino\/wp-json\/wp\/v2\/types\/page"}],"author":[{"embeddable":true,"href":"https:\/\/cri.it\/trentino\/wp-json\/wp\/v2\/users\/135"}],"replies":[{"embeddable":true,"href":"https:\/\/cri.it\/trentino\/wp-json\/wp\/v2\/comments?post=1888"}],"version-history":[{"count":3,"href":"https:\/\/cri.it\/trentino\/wp-json\/wp\/v2\/pages\/1888\/revisions"}],"predecessor-version":[{"id":2155,"href":"https:\/\/cri.it\/trentino\/wp-json\/wp\/v2\/pages\/1888\/revisions\/2155"}],"wp:featuredmedia":[{"embeddable":true,"href":"https:\/\/cri.it\/trentino\/wp-json\/wp\/v2\/media\/2156"}],"wp:attachment":[{"href":"https:\/\/cri.it\/trentino\/wp-json\/wp\/v2\/media?parent=1888"}],"wp:term":[{"taxonomy":"category","embeddable":true,"href":"https:\/\/cri.it\/trentino\/wp-json\/wp\/v2\/categories?post=1888"},{"taxonomy":"post_tag","embeddable":true,"href":"https:\/\/cri.it\/trentino\/wp-json\/wp\/v2\/tags?post=1888"}],"curies":[{"name":"wp","href":"https:\/\/api.w.org\/{rel}","templated":true}]}}