{"id":1218,"date":"2025-10-24T11:26:00","date_gmt":"2025-10-24T09:26:00","guid":{"rendered":"https:\/\/cri.it\/trentino\/?page_id=1218"},"modified":"2025-10-24T11:55:51","modified_gmt":"2025-10-24T09:55:51","slug":"e-pronto-il-calendario-cinofilo-cri-2022-ecco-come-averlo","status":"publish","type":"page","link":"https:\/\/cri.it\/trentino\/calendario-uc-critrentino-2026\/","title":{"rendered":"Pronto il Calendario Cinofilo CRI 2026! Hai gi\u00e0 ordinato la tua copia?"},"content":{"rendered":"\t\t<div data-elementor-type=\"wp-page\" data-elementor-id=\"1218\" class=\"elementor elementor-1218\">\n\t\t\t\t\t\t<section class=\"elementor-section elementor-top-section elementor-element elementor-element-6c69b9aa elementor-section-boxed elementor-section-height-default elementor-section-height-default\" data-id=\"6c69b9aa\" data-element_type=\"section\" data-e-type=\"section\">\n\t\t\t\t\t\t<div class=\"elementor-container elementor-column-gap-default\">\n\t\t\t\t\t<div class=\"elementor-column elementor-col-100 elementor-top-column elementor-element elementor-element-1ed0e404\" data-id=\"1ed0e404\" data-element_type=\"column\" data-e-type=\"column\">\n\t\t\t<div class=\"elementor-widget-wrap elementor-element-populated\">\n\t\t\t\t\t\t<div class=\"elementor-element elementor-element-7fcfbe12 elementor-widget elementor-widget-text-editor\" data-id=\"7fcfbe12\" data-element_type=\"widget\" data-e-type=\"widget\" data-widget_type=\"text-editor.default\">\n\t\t\t\t<div class=\"elementor-widget-container\">\n\t\t\t\t\t\t\t\t\t<div class=\"BLOBWidth100\"><div class=\"viewParCell BLOBAlignJustify\"><h3 data-start=\"48\" data-end=\"127\">\u00c8 <strong>arrivato<\/strong> il <strong data-start=\"69\" data-end=\"127\">Calendario 2026 delle Unit\u00e0 Cinofile CRI del Trentino!<\/strong><\/h3><p data-start=\"129\" data-end=\"404\">Il nuovo calendario 2026 \u00e8 finalmente disponibile!<br data-start=\"179\" data-end=\"182\" \/>Ogni mese racconta, attraverso immagini e momenti reali, l\u2019impegno, la passione e la dedizione dei volontari e dei loro fedeli compagni a quattro zampe.<\/p><p data-start=\"406\" data-end=\"632\"><img decoding=\"async\" draggable=\"false\" role=\"img\" class=\"emoji\" alt=\"\ud83d\udc49\" src=\"https:\/\/s.w.org\/images\/core\/emoji\/16.0.1\/svg\/1f449.svg\" \/> <strong data-start=\"409\" data-end=\"508\">Acquistando il calendario, sostieni la Croce Rossa Italiana \u2013 Comitato Provinciale del Trentino<\/strong>: il ricavato contribuir\u00e0 a sostenere le attivit\u00e0 formative, di addestramento e di intervento delle nostre Unit\u00e0 Cinofile.<\/p><p data-start=\"634\" data-end=\"687\">Un piccolo gesto che fa una grande differenza. <img decoding=\"async\" draggable=\"false\" role=\"img\" class=\"emoji\" alt=\"\u2764\ufe0f\" src=\"https:\/\/s.w.org\/images\/core\/emoji\/16.0.1\/svg\/2764.svg\" \/><img decoding=\"async\" draggable=\"false\" role=\"img\" class=\"emoji\" alt=\"\ud83d\udc3e\" src=\"https:\/\/s.w.org\/images\/core\/emoji\/16.0.1\/svg\/1f43e.svg\" \/><br \/><strong><\/strong><\/p><\/div><div class=\"viewParCell BLOBAlignJustify\"><\/div><\/div>\t\t\t\t\t\t\t\t<\/div>\n\t\t\t\t<\/div>\n\t\t\t\t\t<\/div>\n\t\t<\/div>\n\t\t\t\t\t<\/div>\n\t\t<\/section>\n\t\t\t\t<section class=\"elementor-section elementor-top-section elementor-element elementor-element-4c693b5 elementor-section-boxed elementor-section-height-default elementor-section-height-default\" data-id=\"4c693b5\" data-element_type=\"section\" data-e-type=\"section\">\n\t\t\t\t\t\t<div class=\"elementor-container elementor-column-gap-default\">\n\t\t\t\t\t<div class=\"elementor-column elementor-col-100 elementor-top-column elementor-element elementor-element-4bef66b\" data-id=\"4bef66b\" data-element_type=\"column\" data-e-type=\"column\">\n\t\t\t<div class=\"elementor-widget-wrap elementor-element-populated\">\n\t\t\t\t\t\t<div class=\"elementor-element elementor-element-24c9c8b elementor-widget elementor-widget-image\" data-id=\"24c9c8b\" data-element_type=\"widget\" data-e-type=\"widget\" data-widget_type=\"image.default\">\n\t\t\t\t<div class=\"elementor-widget-container\">\n\t\t\t\t\t\t\t\t\t\t\t\t\t\t\t<img fetchpriority=\"high\" decoding=\"async\" width=\"487\" height=\"848\" src=\"https:\/\/cri.it\/trentino\/wp-content\/uploads\/sites\/19\/2025\/10\/Calendario.png\" class=\"attachment-large size-large wp-image-7281\" alt=\"\" \/>\t\t\t\t\t\t\t\t\t\t\t\t\t\t\t<\/div>\n\t\t\t\t<\/div>\n\t\t\t\t\t<\/div>\n\t\t<\/div>\n\t\t\t\t\t<\/div>\n\t\t<\/section>\n\t\t\t\t<section class=\"elementor-section elementor-top-section elementor-element elementor-element-035884f elementor-section-boxed elementor-section-height-default elementor-section-height-default\" data-id=\"035884f\" data-element_type=\"section\" data-e-type=\"section\">\n\t\t\t\t\t\t<div class=\"elementor-container elementor-column-gap-default\">\n\t\t\t\t\t<div class=\"elementor-column elementor-col-100 elementor-top-column elementor-element elementor-element-0b0983f\" data-id=\"0b0983f\" data-element_type=\"column\" data-e-type=\"column\">\n\t\t\t<div class=\"elementor-widget-wrap elementor-element-populated\">\n\t\t\t\t\t\t<div class=\"elementor-element elementor-element-27c4112 elementor-widget elementor-widget-text-editor\" data-id=\"27c4112\" data-element_type=\"widget\" data-e-type=\"widget\" data-widget_type=\"text-editor.default\">\n\t\t\t\t<div class=\"elementor-widget-container\">\n\t\t\t\t\t\t\t\t\t<div class=\"BLOBWidth100\"><div class=\"viewParCell BLOBAlignJustify\"><div class=\"viewParCell BLOBAlignJustify\"><p><strong>Come ordinarlo<\/strong><\/p><p>Pu\u00f2 essere ritirato partendo da un&#8217;offerta minima di 8,00 \u20ac:<\/p><\/div><div class=\"viewParCell BLOBAlignJustify\"><p>\u2013\u00a0 presso la nostra <span>Referente delle Unit\u00e0 Cinofile CRI<\/span> Silvia Nardin,\u00a0 silvia.nardin@trentino.cri.it &#8211;\u00a0<abbr title=\"cellulare\">cell<\/abbr>. 345.2473639<\/p><p>\u2013 presso il Comitato Provinciale di via Lunelli 47 a Trento, contattando tramite mail\u00a0trentino@cri.it, telefono\u00a00461.829735 o whatsapp al numero 334.6620182<\/p><p>oppure <strong class=\"userFormat1\">spedito in tutta Italia <\/strong>aggiungendo un contributo di spedizione di 5,00 \u20ac.<\/p><p><a href=\"https:\/\/cri.it\/trentino\/unitacinofile\/\">Prenota subito la tua copia online compilando i tuoi dati cliccando qui!<\/a><\/p><p>_____________________________________________________________________________________________________________________________________________<\/p><\/div><p><b><br \/>METODO DI PAGAMENTO<\/b><\/p><p>\u2013 tramite conto paypal o carta di credito a:\u00a0<a href=\"https:\/\/www.paypal.com\/paypalme\/criprovincialetrento\" style=\"background-color: #ffffff;\" target=\"_blank\" rel=\"noopener\">https:\/\/www.paypal.com\/paypalme\/criprovincialetrento<\/a><\/p><\/div><\/div><div class=\"viewPar BLOBAlignJustify\"><p>\u2013 tramite bonifico all&#8217;\u00a0<acronym title=\"International Bank Address Number (Codice identificativo bancario internazionale)\">IBAN<\/acronym>\u00a0IT 93 I 05856 01801 083571442475 intestato a: Croce Rossa Italiana Comitato Provinciale del Trentino ODV<\/p><p>\u2013 ritirando il calendario direttamente presso la\u00a0<acronym title=\"Croce Rossa Italiana\">CRI<\/acronym>\u00a0Comitato Provinciale Trento in via Lunelli 47 \u2013 38123, dal luned\u00ec al venerd\u00ec dalle ore 08.00 alle ore 14.00<\/p><p><strong class=\"userFormat1\">Affrettati, non rischiare di rimanere senza!<\/strong><\/p><\/div>\t\t\t\t\t\t\t\t<\/div>\n\t\t\t\t<\/div>\n\t\t\t\t\t<\/div>\n\t\t<\/div>\n\t\t\t\t\t<\/div>\n\t\t<\/section>\n\t\t\t\t<section class=\"elementor-section elementor-top-section elementor-element elementor-element-0597505 elementor-section-boxed elementor-section-height-default elementor-section-height-default\" data-id=\"0597505\" data-element_type=\"section\" data-e-type=\"section\">\n\t\t\t\t\t\t<div class=\"elementor-container elementor-column-gap-default\">\n\t\t\t\t\t<div class=\"elementor-column elementor-col-100 elementor-top-column elementor-element elementor-element-ce3ad4b\" data-id=\"ce3ad4b\" data-element_type=\"column\" data-e-type=\"column\">\n\t\t\t<div class=\"elementor-widget-wrap\">\n\t\t\t\t\t\t\t<\/div>\n\t\t<\/div>\n\t\t\t\t\t<\/div>\n\t\t<\/section>\n\t\t\t\t<\/div>\n\t\t","protected":false},"excerpt":{"rendered":"<p>\u00c8 arrivato il Calendario 2026 delle Unit\u00e0 Cinofile CRI del Trentino! Il nuovo calendario 2026 \u00e8 finalmente disponibile!Ogni mese racconta, attraverso immagini e momenti reali, l\u2019impegno, la passione e la dedizione dei volontari e dei loro fedeli compagni a quattro zampe. Acquistando il calendario, sostieni la Croce Rossa Italiana \u2013 [&hellip;]<\/p>\n","protected":false},"author":66,"featured_media":7304,"parent":0,"menu_order":0,"comment_status":"closed","ping_status":"closed","template":"","meta":{"_themeisle_gutenberg_block_has_review":false,"footnotes":""},"categories":[2,3,5,7],"tags":[],"class_list":["post-1218","page","type-page","status-publish","has-post-thumbnail","hentry","category-comitato-prov-aut-trento","category-news","category-notizie-dal-territorio-generico","category-primo-piano-generico"],"_links":{"self":[{"href":"https:\/\/cri.it\/trentino\/wp-json\/wp\/v2\/pages\/1218","targetHints":{"allow":["GET"]}}],"collection":[{"href":"https:\/\/cri.it\/trentino\/wp-json\/wp\/v2\/pages"}],"about":[{"href":"https:\/\/cri.it\/trentino\/wp-json\/wp\/v2\/types\/page"}],"author":[{"embeddable":true,"href":"https:\/\/cri.it\/trentino\/wp-json\/wp\/v2\/users\/66"}],"replies":[{"embeddable":true,"href":"https:\/\/cri.it\/trentino\/wp-json\/wp\/v2\/comments?post=1218"}],"version-history":[{"count":4,"href":"https:\/\/cri.it\/trentino\/wp-json\/wp\/v2\/pages\/1218\/revisions"}],"predecessor-version":[{"id":7315,"href":"https:\/\/cri.it\/trentino\/wp-json\/wp\/v2\/pages\/1218\/revisions\/7315"}],"wp:featuredmedia":[{"embeddable":true,"href":"https:\/\/cri.it\/trentino\/wp-json\/wp\/v2\/media\/7304"}],"wp:attachment":[{"href":"https:\/\/cri.it\/trentino\/wp-json\/wp\/v2\/media?parent=1218"}],"wp:term":[{"taxonomy":"category","embeddable":true,"href":"https:\/\/cri.it\/trentino\/wp-json\/wp\/v2\/categories?post=1218"},{"taxonomy":"post_tag","embeddable":true,"href":"https:\/\/cri.it\/trentino\/wp-json\/wp\/v2\/tags?post=1218"}],"curies":[{"name":"wp","href":"https:\/\/api.w.org\/{rel}","templated":true}]}}