{"id":1133,"date":"2021-09-17T12:08:46","date_gmt":"2021-09-17T10:08:46","guid":{"rendered":"https:\/\/cri.it\/trentinonew\/?page_id=1133"},"modified":"2024-12-13T14:06:53","modified_gmt":"2024-12-13T13:06:53","slug":"sviluppo","status":"publish","type":"page","link":"https:\/\/cri.it\/trentino\/sviluppo\/","title":{"rendered":"Innovazione, volontariato e formazione"},"content":{"rendered":"\t\t<div data-elementor-type=\"wp-page\" data-elementor-id=\"1133\" class=\"elementor elementor-1133\">\n\t\t\t\t\t\t<section class=\"elementor-section elementor-top-section elementor-element elementor-element-795c4a87 elementor-section-boxed elementor-section-height-default elementor-section-height-default\" data-id=\"795c4a87\" data-element_type=\"section\" data-e-type=\"section\">\n\t\t\t\t\t\t<div class=\"elementor-container elementor-column-gap-default\">\n\t\t\t\t\t<div class=\"elementor-column elementor-col-100 elementor-top-column elementor-element elementor-element-2e84c5d9\" data-id=\"2e84c5d9\" data-element_type=\"column\" data-e-type=\"column\">\n\t\t\t<div class=\"elementor-widget-wrap elementor-element-populated\">\n\t\t\t\t\t\t<div class=\"elementor-element elementor-element-58df9eca elementor-widget elementor-widget-text-editor\" data-id=\"58df9eca\" data-element_type=\"widget\" data-e-type=\"widget\" data-widget_type=\"text-editor.default\">\n\t\t\t\t<div class=\"elementor-widget-container\">\n\t\t\t\t\t\t\t\t\t<div class=\"elementor-element elementor-element-1614e1d elementor-widget elementor-widget-heading\" data-id=\"1614e1d\" data-element_type=\"widget\" data-widget_type=\"heading.default\"><div class=\"elementor-widget-container\"><h3 class=\"elementor-heading-title elementor-size-default\">Sviluppiamo la nostra azione per prevenire e affrontare in modo efficace le vulnerabilit\u00e0 delle comunita. Promuoviamo la formazione e il Volontariato.<\/h3><\/div><\/div>\t\t\t\t\t\t\t\t<\/div>\n\t\t\t\t<\/div>\n\t\t\t\t\t<\/div>\n\t\t<\/div>\n\t\t\t\t\t<\/div>\n\t\t<\/section>\n\t\t\t\t<section class=\"elementor-section elementor-top-section elementor-element elementor-element-d6feed2 elementor-section-boxed elementor-section-height-default elementor-section-height-default\" data-id=\"d6feed2\" data-element_type=\"section\" data-e-type=\"section\">\n\t\t\t\t\t\t<div class=\"elementor-container elementor-column-gap-default\">\n\t\t\t\t\t<div class=\"elementor-column elementor-col-100 elementor-top-column elementor-element elementor-element-9e6c659\" data-id=\"9e6c659\" data-element_type=\"column\" data-e-type=\"column\">\n\t\t\t<div class=\"elementor-widget-wrap elementor-element-populated\">\n\t\t\t\t\t\t<div class=\"elementor-element elementor-element-410ab5f elementor-widget elementor-widget-text-editor\" data-id=\"410ab5f\" data-element_type=\"widget\" data-e-type=\"widget\" data-widget_type=\"text-editor.default\">\n\t\t\t\t<div class=\"elementor-widget-container\">\n\t\t\t\t\t\t\t\t\t<p>Riconosciamo il valore strategico della comunicazione e dell\u2019innovazione per dare voce ai bisogni umanitari delle persone vulnerabili. Puntiamo a garantire livelli sempre pi\u00f9 elevati di efficienza e trasparenza, ad accrescere la fiducia dei beneficiari e di chi sostiene le nostre attivit\u00e0. A rafforzare e sviluppare la rete di volontari. A promuovere un\u2019offerta formativa di qualit\u00e0 per la popolazione.<\/p><p><\/p><p><span><strong><em>Agiamo con una struttura capillare, efficace e trasparente, facendo tesoro dell\u2019opera del volontariato<\/em><\/strong><\/span><\/p><p><span><strong>Obietti specifici:<\/strong><\/span><\/p><ul><li><span>Aumentare la capacit\u00e0 sostenibile della C.R.I. a livello locale e nazionale, di prevenire ed affrontare in modo efficace le vulnerabilit\u00e0 delle comunit\u00e0;<\/span><\/li><li><span>Rafforzare la cultura del servizio volontario e della partecipazione attiva;<\/span><\/li><li><span>Assicurare una cultura di responsabilit\u00e0 trasparente nei confronti dei partner, delle Istituzioni e dei soggetti del terzo settore;<\/span><\/li><li><span>Mantenere i regolamenti ed i piani d\u2019azione in linea con le raccomandazioni e decisioni internazionali;<\/span><\/li><li><span>Adattare ogni azione all\u2019evoluzione dei bisogni delle persone vulnerabili.<\/span><\/li><\/ul><ul><\/ul>\t\t\t\t\t\t\t\t<\/div>\n\t\t\t\t<\/div>\n\t\t\t\t\t<\/div>\n\t\t<\/div>\n\t\t\t\t\t<\/div>\n\t\t<\/section>\n\t\t\t\t<section class=\"elementor-section elementor-top-section elementor-element elementor-element-fede562 elementor-section-boxed elementor-section-height-default elementor-section-height-default\" data-id=\"fede562\" data-element_type=\"section\" data-e-type=\"section\">\n\t\t\t\t\t\t<div class=\"elementor-container elementor-column-gap-default\">\n\t\t\t\t\t<div class=\"elementor-column elementor-col-100 elementor-top-column elementor-element elementor-element-822c0a0\" data-id=\"822c0a0\" data-element_type=\"column\" data-e-type=\"column\">\n\t\t\t<div class=\"elementor-widget-wrap elementor-element-populated\">\n\t\t\t\t\t\t<div class=\"elementor-element elementor-element-79f09b5 elementor-widget elementor-widget-text-editor\" data-id=\"79f09b5\" data-element_type=\"widget\" data-e-type=\"widget\" data-widget_type=\"text-editor.default\">\n\t\t\t\t<div class=\"elementor-widget-container\">\n\t\t\t\t\t\t\t\t\t<h3 style=\"color: #555555;\"><strong>IL TEAM<\/strong><\/h3><div><p><strong>Delegato Innovazione e Volontariato<\/strong><\/p><p><strong>Elena Nicolussi Giacomaz |\u00a0<\/strong>Email: <a href=\"mailto:marilena.martinelli@trentino.cri.it\" style=\"background-color: #ffffff; transition-property: all;\">elena.nicolussi@trentino.cri.it<\/a><\/p><\/div><p><b>Vicario<\/b><br \/>Olaf Andreatta\u00a0<strong>|\u00a0<\/strong>Email:\u00a0<a href=\"mailto:marilena.martinelli@trentino.cri.it\" style=\"background-color: #ffffff;\">olaf.andreatta@trentino.cri.it<\/a><br \/><br \/><b>Delegato Formazione<\/b><br \/>Roberta Lanzotti | Email:\u00a0<a href=\"mailto:marilena.martinelli@trentino.cri.it\" style=\"background-color: #ffffff; outline: 0px; opacity: 0.75;\">roberta.lanzotti@trentino.cri.it<\/a><\/p><p><\/p>\t\t\t\t\t\t\t\t<\/div>\n\t\t\t\t<\/div>\n\t\t\t\t\t<\/div>\n\t\t<\/div>\n\t\t\t\t\t<\/div>\n\t\t<\/section>\n\t\t\t\t<\/div>\n\t\t","protected":false},"excerpt":{"rendered":"<p>Sviluppiamo la nostra azione per prevenire e affrontare in modo efficace le vulnerabilit\u00e0 delle comunita. Promuoviamo la formazione e il Volontariato. Riconosciamo il valore strategico della comunicazione e dell\u2019innovazione per dare voce ai bisogni umanitari delle persone vulnerabili. Puntiamo a garantire livelli sempre pi\u00f9 elevati di efficienza e trasparenza, ad [&hellip;]<\/p>\n","protected":false},"author":66,"featured_media":2199,"parent":0,"menu_order":0,"comment_status":"closed","ping_status":"closed","template":"","meta":{"_themeisle_gutenberg_block_has_review":false,"footnotes":""},"categories":[],"tags":[],"class_list":["post-1133","page","type-page","status-publish","has-post-thumbnail","hentry"],"_links":{"self":[{"href":"https:\/\/cri.it\/trentino\/wp-json\/wp\/v2\/pages\/1133","targetHints":{"allow":["GET"]}}],"collection":[{"href":"https:\/\/cri.it\/trentino\/wp-json\/wp\/v2\/pages"}],"about":[{"href":"https:\/\/cri.it\/trentino\/wp-json\/wp\/v2\/types\/page"}],"author":[{"embeddable":true,"href":"https:\/\/cri.it\/trentino\/wp-json\/wp\/v2\/users\/66"}],"replies":[{"embeddable":true,"href":"https:\/\/cri.it\/trentino\/wp-json\/wp\/v2\/comments?post=1133"}],"version-history":[{"count":4,"href":"https:\/\/cri.it\/trentino\/wp-json\/wp\/v2\/pages\/1133\/revisions"}],"predecessor-version":[{"id":5207,"href":"https:\/\/cri.it\/trentino\/wp-json\/wp\/v2\/pages\/1133\/revisions\/5207"}],"wp:featuredmedia":[{"embeddable":true,"href":"https:\/\/cri.it\/trentino\/wp-json\/wp\/v2\/media\/2199"}],"wp:attachment":[{"href":"https:\/\/cri.it\/trentino\/wp-json\/wp\/v2\/media?parent=1133"}],"wp:term":[{"taxonomy":"category","embeddable":true,"href":"https:\/\/cri.it\/trentino\/wp-json\/wp\/v2\/categories?post=1133"},{"taxonomy":"post_tag","embeddable":true,"href":"https:\/\/cri.it\/trentino\/wp-json\/wp\/v2\/tags?post=1133"}],"curies":[{"name":"wp","href":"https:\/\/api.w.org\/{rel}","templated":true}]}}