{"id":1054,"date":"2021-09-17T09:28:28","date_gmt":"2021-09-17T07:28:28","guid":{"rendered":"https:\/\/cri.it\/trentinonew\/?page_id=1054"},"modified":"2024-01-08T14:02:21","modified_gmt":"2024-01-08T13:02:21","slug":"statuto","status":"publish","type":"page","link":"https:\/\/cri.it\/trentino\/statuto\/","title":{"rendered":"Statuto"},"content":{"rendered":"<p>Anche la Croce Rossa Italiana Comitato Provinciale di Trento con atto notarile 1274 del 27\/7\/17 ha adottato lo Statuto Nazionale della Croce Rossa Italiana.<\/p>\n<h3>Costituzione e Principi Fondamentali<\/h3>\n<p>La Croce Rossa Italiana, fondata il 15 giugno 1864 ed eretta originariamente in corpo morale con Regio Decreto 7 febbraio 1884, n. 1243, \u00e8 un\u2019Associazione senza fini di lucro che si basa sulle Convenzioni di Ginevra del 1949 e sui successivi Protocolli aggiuntivi, di cui la Repubblica Italiana \u00e8 firmataria.<\/p>\n<p>I principi del diritto internazionale umanitario sono rispettati in ogni tempo dall&#8217;Associazione della Croce Rossa Italiana e ne guidano l\u2019opera. La Croce Rossa Italiana rispetta ed agisce in conformit\u00e0 ai Principi Fondamentali del Movimento Internazionale della Croce Rossa e della Mezzaluna Rossa (brevemente: \u201cMovimento\u201d), adottati dalla XX Conferenza Internazionale della Croce Rossa e riaffermati dalla XXV Conferenza Internazionale della Croce Rossa.<\/p>\n<h3>Status Giuridico<\/h3>\n<p>La Croce Rossa Italiana, \u00e8 persona giuridica di diritto privato ai sensi e per gli effetti del decreto legislativo 28 settembre 2012 e ss.mm. ii e del Libro Primo, titolo II, capo II, del codice civile. L&#8217;Associazione \u00e8 di interesse pubblico ed \u00e8 ausiliaria dei pubblici poteri nel settore umanitario, nonch\u00e9 posta sotto l&#8217;alto Patronato del Presidente della Repubblica.<\/p>\n<p>La Croce Rossa Italiana \u00e8 ufficialmente riconosciuta dalla Repubblica Italiana con il decreto legislativo 28 settembre 2012, n. 178 quale Societ\u00e0 volontaria di soccorso ed assistenza, ausiliaria dei poteri pubblici in campo umanitario, in conformit\u00e0 alle Convenzioni di Ginevra ed ai successivi Protocolli aggiuntivi, e quale unica Societ\u00e0 Nazionale della Croce Rossa autorizzata ad esplicare le sue attivit\u00e0 sul territorio italiano.<\/p>\n<h3>Obiettivi Generali<\/h3>\n<p>L\u2019obiettivo principale della Croce Rossa Italiana \u00e8 quello di prevenire ed alleviare la sofferenza in maniera imparziale, senza distinzione di nazionalit\u00e0, razza, sesso, credo religioso, lingua, classe sociale o opinione politica, contribuendo al mantenimento e alla promozione della dignit\u00e0 umana e di una cultura della non violenza e della pace.<\/p>\n<h3>I Soci<\/h3>\n<p>I soci della Croce Rossa Italiana, attraverso un sistema di rappresentanza, ne determinano la politica, la strategia, gli obiettivi e gli organi di governo. Tramite i suoi membri, la Croce Rossa Italiana individua i bisogni e fornisce assistenza in maniera imparziale. I soci della Croce Rossa Italiana si distinguono in volontari, sostenitori, benemeriti e onorari.<\/p>\n<h3>Emblema<\/h3>\n<p>Tra gli emblemi previsti dalle Convenzioni di Ginevra e dai successivi Protocolli aggiuntivi, la Croce Rossa Italiana adotta come proprio la croce rossa su fondo bianco. Tale emblema, posto all&#8217;interno di due cerchi concentrici di colore rosso, tra i quali \u00e8 riportata la scritta \u201cConvenzione di Ginevra 22 agosto 1864\u201d, e sempre abbinato alla scritta per esteso \u201cCroce Rossa Italiana\u201d, ne costituisce il logotipo identificativo.<\/p>\n<h3>Statuto<br \/>\n<a href=\"https:\/\/cri.it\/trentino\/wp-content\/uploads\/sites\/19\/2022\/01\/Statuto_dell__Associazione_della_Croce_Rossa_Italiana_ODV_versione_grafica__2_-1.pdf\" class=\"mtli_attachment mtli_pdf\">CRI comitato Provinciale di Trento adotta lo STATUTO della Croce Rossa Italiana nazionale<\/a><\/h3>\n<div>\n<p><a href=\"https:\/\/www.cri.it\/statuto\">Il Comitato Provinciale di Trento con atto repertorio 2128, raccolta 1829 registrato a Cavalese il 20 febbraio 2019 al n. 409 Serie IT adotta lo Statuto CRI nazionale<\/a><\/p>\n<\/div>\n","protected":false},"excerpt":{"rendered":"<p>Anche la Croce Rossa Italiana Comitato Provinciale di Trento con atto notarile 1274 del 27\/7\/17 ha adottato lo Statuto Nazionale della Croce Rossa Italiana. Costituzione e Principi Fondamentali La Croce Rossa Italiana, fondata il 15 giugno 1864 ed eretta originariamente in corpo morale con Regio Decreto 7 febbraio 1884, n. [&hellip;]<\/p>\n","protected":false},"author":66,"featured_media":1785,"parent":0,"menu_order":0,"comment_status":"closed","ping_status":"closed","template":"","meta":{"_themeisle_gutenberg_block_has_review":false,"footnotes":""},"categories":[],"tags":[],"class_list":["post-1054","page","type-page","status-publish","has-post-thumbnail","hentry"],"_links":{"self":[{"href":"https:\/\/cri.it\/trentino\/wp-json\/wp\/v2\/pages\/1054","targetHints":{"allow":["GET"]}}],"collection":[{"href":"https:\/\/cri.it\/trentino\/wp-json\/wp\/v2\/pages"}],"about":[{"href":"https:\/\/cri.it\/trentino\/wp-json\/wp\/v2\/types\/page"}],"author":[{"embeddable":true,"href":"https:\/\/cri.it\/trentino\/wp-json\/wp\/v2\/users\/66"}],"replies":[{"embeddable":true,"href":"https:\/\/cri.it\/trentino\/wp-json\/wp\/v2\/comments?post=1054"}],"version-history":[{"count":3,"href":"https:\/\/cri.it\/trentino\/wp-json\/wp\/v2\/pages\/1054\/revisions"}],"predecessor-version":[{"id":2220,"href":"https:\/\/cri.it\/trentino\/wp-json\/wp\/v2\/pages\/1054\/revisions\/2220"}],"wp:featuredmedia":[{"embeddable":true,"href":"https:\/\/cri.it\/trentino\/wp-json\/wp\/v2\/media\/1785"}],"wp:attachment":[{"href":"https:\/\/cri.it\/trentino\/wp-json\/wp\/v2\/media?parent=1054"}],"wp:term":[{"taxonomy":"category","embeddable":true,"href":"https:\/\/cri.it\/trentino\/wp-json\/wp\/v2\/categories?post=1054"},{"taxonomy":"post_tag","embeddable":true,"href":"https:\/\/cri.it\/trentino\/wp-json\/wp\/v2\/tags?post=1054"}],"curies":[{"name":"wp","href":"https:\/\/api.w.org\/{rel}","templated":true}]}}