{"id":1006,"date":"2021-07-08T11:11:01","date_gmt":"2021-07-08T09:11:01","guid":{"rendered":"https:\/\/cri.it\/trentinonew\/?page_id=1006"},"modified":"2023-12-30T09:32:56","modified_gmt":"2023-12-30T08:32:56","slug":"chi-siamo-la-storia-della-cri-in-trentino","status":"publish","type":"page","link":"https:\/\/cri.it\/trentino\/chi-siamo-la-storia-della-cri-in-trentino\/","title":{"rendered":"Storia della CRI Trentino"},"content":{"rendered":"<p><img fetchpriority=\"high\" decoding=\"async\" src=\"https:\/\/cri.it\/trentinonew\/wp-content\/uploads\/sites\/19\/2021\/07\/storia_cri_tentino-300x102.jpg\" alt=\"\" width=\"673\" height=\"229\" \/><\/p>\n<p>Durante la<strong>\u00a0prima guerra mondiale<\/strong>, mentre il Trentino faceva ancora parte dell&#8217;impero Austro-ungarico, oper\u00f2 a Trento una sezione della<strong>\u00a0Croce Rossa Austriaca<\/strong>. In seguito, con l&#8217;annessione di Trento all&#8217;Italia, dopo la conclusione della Prima Guerra Mondiale, subentr\u00f2 la\u00a0<strong>Croce Rossa Italiana<\/strong>: erano gli anni venti.<\/p>\n<p>Le Componenti &#8220;storiche&#8221; del Comitato di Trento sono: le Infermiere Volontarie, il Corpo Militare ed il Comitato Nazionale Femminile, a cui si sono aggiunti in tempi successivi i Volontari del Soccorso (1949) e la Croce Rossa Giovanile.<\/p>\n<p><strong>Molte furono le attivit\u00e0 svolte dalla Croce Rossa del Trentino a partire dagli anni &#8217;20:<\/strong><\/p>\n<ul>\n<li>organizzazione di colonie marine e montane a favore dell&#8217;infanzia bisognosa;<\/li>\n<li>corsi di informazione pratica a teorica per Infermiere Volontarie con la collaborazione dell&#8217;Ospedale e di medici extraospedalieri;<\/li>\n<li>servizio trasporto infermi ed infortunati. Al termine della seconda guerra mondiale le ambulanze del Comitato erano ridotte ad un solo mezzo, a causa delle perdite inflitte dagli eventi bellici.<\/li>\n<\/ul>\n<p><strong>Numerose ed importanti le attivit\u00e0 svolte durante il secondo conflitto mondiale (tempo di guerra):<\/strong><\/p>\n<ul>\n<li>ricerca di notizie ed invio corrispondenza e pacchi per i militari combattenti, i prigionieri di guerra e per gli internati nei lager tedeschi;<\/li>\n<li>assistenza e soccorso a sinistrati, sfollati, reduci e rimpatriati civili;<\/li>\n<li>presenza delle Crocerossine in zone operative;<\/li>\n<li>posti di ristoro e soccorso sanitario presso le stazioni ferroviarie di Trento, Rovereto, Salorno e in svariate localit\u00e0 della Provincia;<\/li>\n<li>squadra di protezione sanitaria antiaerea attiva nei rifugi durante le incursioni aree (<acronym title=\"Infermiere Volontarie\">IIVV<\/acronym>\u00a0e CM).<\/li>\n<\/ul>\n<p><strong>In seguito alla fine del conflitto le attivit\u00e0 cambiarono tipologia:<\/strong><\/p>\n<ul>\n<li>assistenza ai rimpatriati ed ai prigionieri in transito sulla via del Brennero;<\/li>\n<li>assistenza a sinistrati, rimpatriati ed ai profughi della Germania, della Dalmazia e della Venezia Giulia.<\/li>\n<\/ul>\n<p>Alla chiusura delle necessit\u00e0 strettamente legate agli eventi bellici, la\u00a0<strong>Croce Rossa Italiana del Trentino non si ferm\u00f2, tutt&#8217;altro<\/strong>. Le attivit\u00e0 subirono una variazione e si avvicinarono a quelle caratteristiche del tempo di pace<strong>:<\/strong><\/p>\n<ul>\n<li>distribuzione gratuita di prodotti farmaceutici specie vitaminici e prima campagne informative in favore della popolazione scolastica;<\/li>\n<li>ambulatorio odontoiatrico gratuito;<\/li>\n<li>attivit\u00e0 di diffusione del primo soccorso e formazione dei volontari con corsi teorico-pratici;<\/li>\n<li>apertura della colonia Permanente della\u00a0<acronym title=\"Croce Rossa Italiana\">CRI<\/acronym>\u00a0 a Levico, per curare i bimbi ammalati (circa 250 piccoli) prevalentemente della nostra Provincia, dell&#8217;Alto Adige ma anche delle altre Provincie italiane.<\/li>\n<li>realizzazione del Villaggio della Croce Rossa Italo-Svizzera a Valfloriana (TN) per gli alluvionati del fiume Avisio.<\/li>\n<\/ul>\n<p>In tutto l&#8217;arco di tempo che va dalla fine della guerra ad oggi, la Croce Rossa del Trentino ha operato con la sua struttura e con il suo personale in tutte le emergenze in seguito a calamit\u00e0 naturali, sia limitate al nostro territorio (alluvione di Trento, Stava ce) che a livello nazionale (alluvione del Polesine, tragedia del Vajont, terremoto del Belice)\u00a0 o internazionale (aiuti in favore dell&#8217;India, Vietnam, Libano ce).<\/p>\n<p>Attualmente i volontari trentini portano ancora avanti alcune di queste attivit\u00e0, mentre altre sono state sospese e sostituite da progetti pi\u00f9 rispondenti alle necessit\u00e0 dei giorni nostri.<\/p>\n<p>Per conoscere le attivit\u00e0 svolte dal Comitato\u00a0<acronym title=\"Croce Rossa Italiana\">CRI<\/acronym>di Trento,\u00a0<a href=\"http:\/\/www.critrentino.it\/index.php?option=com_content&amp;view=article&amp;id=10&amp;Itemid=9\" target=\"_blank\" rel=\"noopener\">clicca qui<\/a>.<\/p>\n<p><em>Testi liberamente tratti dal libro &#8220;Profilo della Croce Rossa&#8221; di Beppino Disertori, gi\u00e0 Presidente del Comitato Regionale di Trento<\/em><\/p>\n<p><a href=\"https:\/\/cri.it\/chi-siamo\/storia-e-principi\/\"><br \/>\n<img loading=\"lazy\" decoding=\"async\" width=\"150\" height=\"150\" src=\"https:\/\/cri.it\/trentino\/wp-content\/uploads\/sites\/19\/2023\/12\/30155-640x360-2-150x150.jpg?_t=1703757188\" alt=\"\" loading=\"lazy\" \/> <\/a><\/p>\n<p>Clicca sulla foto e conosci anche la Storia della Croce Rossa Italiana<\/p>\n","protected":false},"excerpt":{"rendered":"<p>Durante la\u00a0prima guerra mondiale, mentre il Trentino faceva ancora parte dell&#8217;impero Austro-ungarico, oper\u00f2 a Trento una sezione della\u00a0Croce Rossa Austriaca. In seguito, con l&#8217;annessione di Trento all&#8217;Italia, dopo la conclusione della Prima Guerra Mondiale, subentr\u00f2 la\u00a0Croce Rossa Italiana: erano gli anni venti. Le Componenti &#8220;storiche&#8221; del Comitato di Trento sono: [&hellip;]<\/p>\n","protected":false},"author":66,"featured_media":1781,"parent":0,"menu_order":0,"comment_status":"closed","ping_status":"closed","template":"","meta":{"_themeisle_gutenberg_block_has_review":false,"footnotes":""},"categories":[],"tags":[],"class_list":["post-1006","page","type-page","status-publish","has-post-thumbnail","hentry"],"_links":{"self":[{"href":"https:\/\/cri.it\/trentino\/wp-json\/wp\/v2\/pages\/1006","targetHints":{"allow":["GET"]}}],"collection":[{"href":"https:\/\/cri.it\/trentino\/wp-json\/wp\/v2\/pages"}],"about":[{"href":"https:\/\/cri.it\/trentino\/wp-json\/wp\/v2\/types\/page"}],"author":[{"embeddable":true,"href":"https:\/\/cri.it\/trentino\/wp-json\/wp\/v2\/users\/66"}],"replies":[{"embeddable":true,"href":"https:\/\/cri.it\/trentino\/wp-json\/wp\/v2\/comments?post=1006"}],"version-history":[{"count":3,"href":"https:\/\/cri.it\/trentino\/wp-json\/wp\/v2\/pages\/1006\/revisions"}],"predecessor-version":[{"id":2056,"href":"https:\/\/cri.it\/trentino\/wp-json\/wp\/v2\/pages\/1006\/revisions\/2056"}],"wp:featuredmedia":[{"embeddable":true,"href":"https:\/\/cri.it\/trentino\/wp-json\/wp\/v2\/media\/1781"}],"wp:attachment":[{"href":"https:\/\/cri.it\/trentino\/wp-json\/wp\/v2\/media?parent=1006"}],"wp:term":[{"taxonomy":"category","embeddable":true,"href":"https:\/\/cri.it\/trentino\/wp-json\/wp\/v2\/categories?post=1006"},{"taxonomy":"post_tag","embeddable":true,"href":"https:\/\/cri.it\/trentino\/wp-json\/wp\/v2\/tags?post=1006"}],"curies":[{"name":"wp","href":"https:\/\/api.w.org\/{rel}","templated":true}]}}