{"id":6612,"date":"2024-12-17T11:23:46","date_gmt":"2024-12-17T10:23:46","guid":{"rendered":"https:\/\/cri.it\/toscana\/?page_id=6612"},"modified":"2025-05-02T18:22:52","modified_gmt":"2025-05-02T16:22:52","slug":"charity","status":"publish","type":"page","link":"https:\/\/cri.it\/toscana\/charity\/","title":{"rendered":"Charity di Primavera 2025"},"content":{"rendered":"<div><\/div>\n<div class=\"wp-block-image\"><img fetchpriority=\"high\" decoding=\"async\" src=\"https:\/\/cri.it\/toscana\/wp-content\/uploads\/sites\/18\/2025\/04\/Copertina-Facebook-Charity-Primavera-CRI-Toscana-1.png\" alt=\"\" width=\"2659\" height=\"984\" data-warning=\"Missing alt text\" class=\"wpa-warning wpa-image-missing-alt alignnone size-full wp-image-7257\" \/><\/div>\n<h3 style=\"text-align: center;\"><strong>Charity di Primavera 2025<\/strong><\/h3>\n<h6><strong>PER PARTECIPARE:<br \/>\n<\/strong><strong><a href=\"https:\/\/donatoscana.cri.it\/charityprimavera\">DONATOSCANA.CRI.IT\/CHARITYPRIMAVERA<\/a><br \/>\n<\/strong><strong>DONAZIONI TRAMITE IBAN: IT 42 G030 6909 6061 0000 0407 708<\/strong><\/h6>\n<p><strong>FINALIT\u00c0 DELLA SERATA:<br \/>\n<\/strong><strong><\/strong>ACQUISTO DI UN&#8217;UNIT\u00c0 MOBILE DI PREVENZIONE Multidisciplinare in ambito internistico e cardiovascolare. Un mezzo attrezzato, per portare la prevenzione dove \u00e8 pi\u00f9 necessario.<br \/>\nPrevenzione, screening, medicina d\u2019emergenza e sportiva, campagne informative.<br \/>\nSempre in movimento: dove serve!<\/p>\n<blockquote><p><strong><em>Dress Code: Abito Scuro &#8211; Elegant Attire<\/em><br \/>\n<\/strong><\/p><\/blockquote>\n<p>Uno degli obiettivi primari della Croce Rossa in tutto il mondo \u00e8 la Salute, intesa come la tutela e la promozione dell\u2019educazione alla salute e alla sicurezza delle persone.<\/p>\n<p>Croce Rossa Italiana propone e sostiene attivit\u00e0 volte a proteggere e promuovere la salute, come stato di benessere fisico e mentale e nel rispetto delle diversit\u00e0 tra ogni persona e nei molteplici contesti di vita. Ci\u00f2 include anche l\u2019informazione e la formazione riguardo stili di vita sani e la diffusione delle pratiche di primo soccorso.<\/p>\n<p>La prevenzione e la promozione alla salute sono fondamentali per avere una societ\u00e0 sana, ridurre i costi legati alla malattia e alle cure e, grazie a esami preventivi, diminuire il rischio di mortalit\u00e0.<\/p>\n<p>Spesso la societ\u00e0 in cui viviamo e la fretta che la contraddistingue, ci fanno rimandare appuntamenti che invece dovrebbero essere ben cadenzati nella nostra quotidianit\u00e0: \u00e8 quindi importante raggiungere le persone nei loro luoghi di vita, vicino al lavoro, nelle piazze, durante gli eventi o le feste, per strada, nelle scuole.<\/p>\n<p>Per fare questo, \u00e8 necessario uno spazio sicuro dove poter accogliere gli utenti, metterli a proprio agio e permettere il passaggio di informazioni senza ostacoli. <strong>Un\u2019<\/strong><strong>unit\u00e0 mobile <\/strong>permette di arrivare ovunque, garantisce la possibilit\u00e0 di essere operativi rapidamente e con il comfort di un luogo riservato e al riparo, indipendentemente dalle condizioni meteo.<\/p>\n<p><strong>Scopri tutti i dettagli della serata: su <a href=\"https:\/\/cri.it\/toscana\/wp-content\/uploads\/sites\/18\/2025\/05\/Charity-di-Primavera-Light-13.pdf\" class=\"mtli_attachment mtli_pdf\">Charity di Primavera<\/a>.<\/strong><\/p>\n<p><strong>La serata \u00e8 realizzata con il contributo di:<\/strong><\/p>\n<div class=\"wp-block-image\">\n<div class=\"wp-block-image\"><img decoding=\"async\" src=\"https:\/\/cri.it\/toscana\/wp-content\/uploads\/sites\/18\/2025\/05\/partner-e-supporter-Charity-Primavera.png\" alt=\"\" width=\"721\" height=\"332\" data-warning=\"Missing alt text\" class=\"wpa-warning wpa-image-missing-alt alignnone wp-image-7312\" \/><\/div>\n<\/div>\n","protected":false},"excerpt":{"rendered":"<p>Charity di Primavera 2025 PER PARTECIPARE: DONATOSCANA.CRI.IT\/CHARITYPRIMAVERA DONAZIONI TRAMITE IBAN: IT 42 G030 6909 6061 0000 0407 708 FINALIT\u00c0 DELLA SERATA: ACQUISTO DI UN&#8217;UNIT\u00c0 MOBILE DI PREVENZIONE Multidisciplinare in ambito internistico e cardiovascolare. Un mezzo attrezzato, per portare la prevenzione dove \u00e8 pi\u00f9 necessario. Prevenzione, screening, medicina d\u2019emergenza e sportiva, [&hellip;]<\/p>\n","protected":false},"author":156,"featured_media":0,"parent":0,"menu_order":0,"comment_status":"closed","ping_status":"closed","template":"","meta":{"_themeisle_gutenberg_block_has_review":false,"footnotes":""},"categories":[],"tags":[],"class_list":["post-6612","page","type-page","status-publish","hentry"],"_links":{"self":[{"href":"https:\/\/cri.it\/toscana\/wp-json\/wp\/v2\/pages\/6612","targetHints":{"allow":["GET"]}}],"collection":[{"href":"https:\/\/cri.it\/toscana\/wp-json\/wp\/v2\/pages"}],"about":[{"href":"https:\/\/cri.it\/toscana\/wp-json\/wp\/v2\/types\/page"}],"author":[{"embeddable":true,"href":"https:\/\/cri.it\/toscana\/wp-json\/wp\/v2\/users\/156"}],"replies":[{"embeddable":true,"href":"https:\/\/cri.it\/toscana\/wp-json\/wp\/v2\/comments?post=6612"}],"version-history":[{"count":5,"href":"https:\/\/cri.it\/toscana\/wp-json\/wp\/v2\/pages\/6612\/revisions"}],"predecessor-version":[{"id":7317,"href":"https:\/\/cri.it\/toscana\/wp-json\/wp\/v2\/pages\/6612\/revisions\/7317"}],"wp:attachment":[{"href":"https:\/\/cri.it\/toscana\/wp-json\/wp\/v2\/media?parent=6612"}],"wp:term":[{"taxonomy":"category","embeddable":true,"href":"https:\/\/cri.it\/toscana\/wp-json\/wp\/v2\/categories?post=6612"},{"taxonomy":"post_tag","embeddable":true,"href":"https:\/\/cri.it\/toscana\/wp-json\/wp\/v2\/tags?post=6612"}],"curies":[{"name":"wp","href":"https:\/\/api.w.org\/{rel}","templated":true}]}}