{"id":6156,"date":"2024-11-05T23:31:35","date_gmt":"2024-11-05T22:31:35","guid":{"rendered":"https:\/\/cri.it\/toscana\/?page_id=6156"},"modified":"2025-04-18T14:46:02","modified_gmt":"2025-04-18T12:46:02","slug":"organizzazione","status":"publish","type":"page","link":"https:\/\/cri.it\/toscana\/organizzazione\/","title":{"rendered":"Organizzazione"},"content":{"rendered":"\t\t<div data-elementor-type=\"wp-page\" data-elementor-id=\"6156\" class=\"elementor elementor-6156\">\n\t\t\t\t\t\t<section class=\"elementor-section elementor-top-section elementor-element elementor-element-2110d3f elementor-section-boxed elementor-section-height-default elementor-section-height-default\" data-id=\"2110d3f\" data-element_type=\"section\" data-e-type=\"section\">\n\t\t\t\t\t\t<div class=\"elementor-container elementor-column-gap-default\">\n\t\t\t\t\t<div class=\"elementor-column elementor-col-100 elementor-top-column elementor-element elementor-element-80ad6df\" data-id=\"80ad6df\" data-element_type=\"column\" data-e-type=\"column\">\n\t\t\t<div class=\"elementor-widget-wrap elementor-element-populated\">\n\t\t\t\t\t\t<div class=\"elementor-element elementor-element-a966cfb elementor-widget elementor-widget-spacer\" data-id=\"a966cfb\" data-element_type=\"widget\" data-e-type=\"widget\" data-widget_type=\"spacer.default\">\n\t\t\t\t<div class=\"elementor-widget-container\">\n\t\t\t\t\t\t\t<div class=\"elementor-spacer\">\n\t\t\t<div class=\"elementor-spacer-inner\"><\/div>\n\t\t<\/div>\n\t\t\t\t\t\t<\/div>\n\t\t\t\t<\/div>\n\t\t\t\t\t<\/div>\n\t\t<\/div>\n\t\t\t\t\t<\/div>\n\t\t<\/section>\n\t\t\t\t<section class=\"elementor-section elementor-top-section elementor-element elementor-element-efdc5f1 elementor-section-boxed elementor-section-height-default elementor-section-height-default\" data-id=\"efdc5f1\" data-element_type=\"section\" data-e-type=\"section\">\n\t\t\t\t\t\t<div class=\"elementor-container elementor-column-gap-default\">\n\t\t\t\t\t<div class=\"elementor-column elementor-col-100 elementor-top-column elementor-element elementor-element-ac253c8\" data-id=\"ac253c8\" data-element_type=\"column\" data-e-type=\"column\">\n\t\t\t<div class=\"elementor-widget-wrap elementor-element-populated\">\n\t\t\t\t\t\t<div class=\"elementor-element elementor-element-01b350f elementor-widget elementor-widget-heading\" data-id=\"01b350f\" data-element_type=\"widget\" data-e-type=\"widget\" data-widget_type=\"heading.default\">\n\t\t\t\t<div class=\"elementor-widget-container\">\n\t\t\t\t\t<h3 class=\"elementor-heading-title elementor-size-default\"><div><div><h3>Personale del Comitato Regionale<\/h3><\/div><\/div><\/h3>\t\t\t\t<\/div>\n\t\t\t\t<\/div>\n\t\t\t\t<div class=\"elementor-element elementor-element-4344fbe elementor-widget elementor-widget-text-editor\" data-id=\"4344fbe\" data-element_type=\"widget\" data-e-type=\"widget\" data-widget_type=\"text-editor.default\">\n\t\t\t\t<div class=\"elementor-widget-container\">\n\t\t\t\t\t\t\t\t\t<div data-id=\"2c77789\" data-element_type=\"widget\" data-widget_type=\"text-editor.default\" style=\"flex-basis: var(--flex-basis); flex-grow: var(--flex-grow); flex-shrink: var(--flex-shrink); order: var(--order); align-self: var(--align-self); flex-direction: var(--flex-direction); flex-wrap: var(--flex-wrap); justify-content: var(--justify-content); align-items: var(--align-items); align-content: var(--align-content); gap: var(--gap); --swiper-theme-color: #000; --swiper-navigation-size: 44px; --swiper-pagination-bullet-size: 6px; --swiper-pagination-bullet-horizontal-gap: 6px; width: 1120px; margin-bottom: 20px;\"><div style=\"transition: background .3s,border .3s,border-radius .3s,box-shadow .3s,transform var(--e-transform-transition-duration,.4s);\"><p style=\"color: #555555; font-family: Roboto, Helvetica, Arial, sans-serif; font-size: 18px; font-weight: 300; text-transform: none; white-space: normal; margin-bottom: 15px; line-height: 1.618;\">In questa pagina \u00e8 elencato il personale che afferisce al Comitato Regionale Toscana ed i relativi contatti.<\/p><p style=\"margin-bottom: 15px; line-height: 1.618;\"><span style=\"font-family: Roboto, Helvetica, Arial, sans-serif;\"><span style=\"font-weight: 300; text-transform: none;\">L\u2019ordinamento della Croce Rossa Italiana si ispira ai principi di sussidiariet\u00e0, di democrazia ed elettivit\u00e0 delle cariche associative, di separazione tra le funzioni di indirizzo e controllo e le funzioni operative di autonomia degli organi territoriali, nonch\u00e9 ai criteri di efficacia, efficienza ed economicit\u00e0.<\/span><\/span><\/p><\/div><\/div>\t\t\t\t\t\t\t\t<\/div>\n\t\t\t\t<\/div>\n\t\t\t\t<div class=\"elementor-element elementor-element-74f0322 elementor-widget elementor-widget-toggle\" data-id=\"74f0322\" data-element_type=\"widget\" data-e-type=\"widget\" data-widget_type=\"toggle.default\">\n\t\t\t\t<div class=\"elementor-widget-container\">\n\t\t\t\t\t\t\t<div class=\"elementor-toggle\">\n\t\t\t\t\t\t\t<div class=\"elementor-toggle-item\">\n\t\t\t\t\t<div id=\"elementor-tab-title-1221\" class=\"elementor-tab-title\" data-tab=\"1\" role=\"button\" aria-controls=\"elementor-tab-content-1221\" aria-expanded=\"false\">\n\t\t\t\t\t\t\t\t\t\t\t\t<span class=\"elementor-toggle-icon elementor-toggle-icon-left\" aria-hidden=\"true\">\n\t\t\t\t\t\t\t\t\t\t\t\t\t\t\t<i class=\"elementor-toggle-icon-closed fa fa-caret-right\"><\/i>\n\t\t\t\t\t\t\t\t<i class=\"elementor-toggle-icon-opened fa fa-caret-up\"><\/i>\n\t\t\t\t\t\t\t\t\t\t\t\t\t<\/span>\n\t\t\t\t\t\t\t\t\t\t\t\t<a class=\"elementor-toggle-title\" tabindex=\"0\">Consiglio Direttivo Regionale<\/a>\n\t\t\t\t\t<\/div>\n\n\t\t\t\t\t<div id=\"elementor-tab-content-1221\" class=\"elementor-tab-content elementor-clearfix\" data-tab=\"1\" role=\"region\" aria-labelledby=\"elementor-tab-title-1221\"><p>Il Consiglio Direttivo Regionale \u00e8 l\u2019organo di amministrazione dell\u2019Associazione ed \u00e8 composto dal Presidente Regionale, che lo presiede, da due Vice Presidenti e da due Consiglieri.\u00a0<\/p><p>Ai sensi dell\u2019art. 33 dello Statuto, il Consiglio Direttivo delibera sui programmi e sui piani delle attivit\u00e0 e indica le priorit\u00e0 e gli obiettivi strategici della Croce Rossa Italiana in coerenza con quanto disposto dall\u2019Assemblea Regionale, approva i regolamenti previsti dallo Statuto.<\/p><p>Le cariche elettive vengono svolte, per obbligo statutario, a titolo gratuito.<\/p><p>\u00c9 composto da:<\/p><p><b>Presidente Regionale Lorenzo Andreoni<\/b>\u00a0<a href=\"mailto:lorenzo.andreoni@toscana.cri.it\" target=\"_blank\" rel=\"noopener\">lorenzo.andreoni@toscana.cri.it<\/a><\/p><p><b>Vicepresidente Regionale Vicario Claudio Cibella<\/b>\u00a0<a href=\"mailto:claudio.cibella@toscana.cri.it\" target=\"_blank\" rel=\"noopener\">claudio.cibella@toscana.cri.it<\/a><\/p><p><b>Rappresentante Regionale della Giovent\u00f9 e Vicepresidente Fabio Giovannini<\/b>\u00a0<a href=\"mailto:fabio.giovannini@toscana.cri.it\" target=\"_blank\" rel=\"noopener\">fabio.giovannini@toscana.cri.it<\/a><\/p><p><b>Consigliera Regionale Laura Uccello Barretta<\/b>\u00a0<a href=\"mailto:laura.uccellobarretta@toscana.cri.it\" target=\"_blank\" rel=\"noopener\">laura.uccellobarretta@toscana.cri.it<\/a><\/p><p><b>Consigliera Regionale Francesca Bulletti<\/b>\u00a0<a href=\"mailto:francesca.bulletti@toscana.cri.it\" target=\"_blank\" rel=\"noopener\">francesca.bulletti@toscana.cri.it<\/a><\/p><p><b>Ispettrice Regionale Infermiere Volontarie S.lla Maria Laura Negri<\/b>\u00a0<a href=\"mailto:isp.toscaan@iv.cri.it\" target=\"_blank\" rel=\"noopener\">isp.toscaan@iv.cri.it<\/a><\/p><p><b>Comandante Centro Mobilitazione Toscana Magg. Com. Pietro Garofalo<\/b>\u00a0<a href=\"mailto:centromiles.toscoemiliano@cm.cri.it\" target=\"_blank\" style=\"background-color: #ffffff;\" rel=\"noopener\">centromiles.toscoemiliano@cm.cri.it<\/a><\/p><\/div>\n\t\t\t\t<\/div>\n\t\t\t\t\t\t\t<div class=\"elementor-toggle-item\">\n\t\t\t\t\t<div id=\"elementor-tab-title-1222\" class=\"elementor-tab-title\" data-tab=\"2\" role=\"button\" aria-controls=\"elementor-tab-content-1222\" aria-expanded=\"false\">\n\t\t\t\t\t\t\t\t\t\t\t\t<span class=\"elementor-toggle-icon elementor-toggle-icon-left\" aria-hidden=\"true\">\n\t\t\t\t\t\t\t\t\t\t\t\t\t\t\t<i class=\"elementor-toggle-icon-closed fa fa-caret-right\"><\/i>\n\t\t\t\t\t\t\t\t<i class=\"elementor-toggle-icon-opened fa fa-caret-up\"><\/i>\n\t\t\t\t\t\t\t\t\t\t\t\t\t<\/span>\n\t\t\t\t\t\t\t\t\t\t\t\t<a class=\"elementor-toggle-title\" tabindex=\"0\">Delegati Tecnici Regionali<\/a>\n\t\t\t\t\t<\/div>\n\n\t\t\t\t\t<div id=\"elementor-tab-content-1222\" class=\"elementor-tab-content elementor-clearfix\" data-tab=\"2\" role=\"region\" aria-labelledby=\"elementor-tab-title-1222\"><p>I Delegati Tecnici Regionali sono Volontari che ricoprono il ruolo di Responsabile degli Obiettivi Strategici e Aree d\u2019Intervento sui cui si basano tutte le attivit\u00e0 di Croce Rossa.<\/p>\n<p>Il loro compito \u00e8 pianificare le attivit\u00e0 regionali, coordinare i Referenti Territoriali supportando i Comitati Territoriali.<\/p>\n<p>Si dividono in:<\/p>\n<p><b>Principi e Valori Umanitari &#8211; Delegato Regionale Antonio Colagiorgio&nbsp;<\/b><a href=\"mailto:principi@toscana.cri.it\" target=\"_blank\" style=\"background-color: #ffffff;\" rel=\"noopener\">principi@toscana.cri.it<\/a><\/p>\n<p><b>Salute &#8211; Delegato Regionale Francesco Pasquinucci<\/b>&nbsp;<a href=\"mailto:salute@toscana.cri.it\" target=\"_blank\" style=\"background-color: #ffffff;\" rel=\"noopener\">salute@toscana.cri.it<\/a><\/p>\n<p><b>Inclusione Sociale &#8211; Delegata Regionale Serena Cavallini&nbsp;<\/b><a href=\"mailto:sociale@toscana.cri.it\" target=\"_blank\" style=\"background-color: #ffffff;\" rel=\"noopener\">sociale@toscana.cri.it<\/a><\/p>\n<p><b>Formazione &#8211; Delegata Regionale Manuela Bissaro<\/b>&nbsp;<a href=\"mailto:formazione@toscana.cri.it\" target=\"_blank\" style=\"background-color: #ffffff;\" rel=\"noopener\">formazione@toscana.cri.it<\/a><\/p>\n<p><b>Volontariato, Innovazione e Sviluppo &#8211; Delegato Regionale Danilo Mariniello<\/b>&nbsp;<a href=\"mailto:sviluppo@toscana.cri.it\" target=\"_blank\" style=\"background-color: #ffffff;\" rel=\"noopener\">sviluppo@toscana.cri.it<\/a><\/p>\n<p><b>Operazioni, Emergenza e Soccorsi &#8211; Delegato Regionale Andrea Marchi<\/b>&nbsp;<a href=\"mailto:emergenza@toscana.cri.it\" target=\"_blank\" style=\"background-color: #ffffff;\" rel=\"noopener\">emergenza@toscana.cri.it<\/a><\/p>\n<p><b>Cooperazione Internazionale &#8211; Delegata Regionale Mariangela Bronwen&nbsp;Lassi<\/b>&nbsp;<a href=\"mailto:mariangela.lassi@toscana.cri.it\" target=\"_blank\" style=\"background-color: #ffffff;\" rel=\"noopener\">mariangela.lassi@toscana.cri.it<\/a><\/p>\n<p><b>Giovent\u00f9 &#8211;&nbsp;Coordinatore Nazionale delle attivit\u00e0 verso la giovent\u00f9 Andrea Balderi<\/b>&nbsp;<a href=\"mailto:giovani@toscana.cri.it\" target=\"_blank\" rel=\"noopener\" style=\"background-color: #ffffff; transition-property: all; outline: 0px; opacity: 0.75;\">giovani@toscana.cri.it<\/a><\/p><\/div>\n\t\t\t\t<\/div>\n\t\t\t\t\t\t\t<div class=\"elementor-toggle-item\">\n\t\t\t\t\t<div id=\"elementor-tab-title-1223\" class=\"elementor-tab-title\" data-tab=\"3\" role=\"button\" aria-controls=\"elementor-tab-content-1223\" aria-expanded=\"false\">\n\t\t\t\t\t\t\t\t\t\t\t\t<span class=\"elementor-toggle-icon elementor-toggle-icon-left\" aria-hidden=\"true\">\n\t\t\t\t\t\t\t\t\t\t\t\t\t\t\t<i class=\"elementor-toggle-icon-closed fa fa-caret-right\"><\/i>\n\t\t\t\t\t\t\t\t<i class=\"elementor-toggle-icon-opened fa fa-caret-up\"><\/i>\n\t\t\t\t\t\t\t\t\t\t\t\t\t<\/span>\n\t\t\t\t\t\t\t\t\t\t\t\t<a class=\"elementor-toggle-title\" tabindex=\"0\">Segretariato Regionale e Relativo Staff<\/a>\n\t\t\t\t\t<\/div>\n\n\t\t\t\t\t<div id=\"elementor-tab-content-1223\" class=\"elementor-tab-content elementor-clearfix\" data-tab=\"3\" role=\"region\" aria-labelledby=\"elementor-tab-title-1223\"><p>(in aggiornamento)<\/p><\/div>\n\t\t\t\t<\/div>\n\t\t\t\t\t\t\t\t<\/div>\n\t\t\t\t\t\t<\/div>\n\t\t\t\t<\/div>\n\t\t\t\t<div class=\"elementor-element elementor-element-f62ee10 elementor-widget-divider--view-line elementor-widget elementor-widget-divider\" data-id=\"f62ee10\" data-element_type=\"widget\" data-e-type=\"widget\" data-widget_type=\"divider.default\">\n\t\t\t\t<div class=\"elementor-widget-container\">\n\t\t\t\t\t\t\t<div class=\"elementor-divider\">\n\t\t\t<span class=\"elementor-divider-separator\">\n\t\t\t\t\t\t<\/span>\n\t\t<\/div>\n\t\t\t\t\t\t<\/div>\n\t\t\t\t<\/div>\n\t\t\t\t<div class=\"elementor-element elementor-element-4c284c3 elementor-widget elementor-widget-text-editor\" data-id=\"4c284c3\" data-element_type=\"widget\" data-e-type=\"widget\" data-widget_type=\"text-editor.default\">\n\t\t\t\t<div class=\"elementor-widget-container\">\n\t\t\t\t\t\t\t\t\t<div data-id=\"2c77789\" data-element_type=\"widget\" data-widget_type=\"text-editor.default\" style=\"flex-basis: var(--flex-basis); flex-grow: var(--flex-grow); flex-shrink: var(--flex-shrink); order: var(--order); align-self: var(--align-self); flex-direction: var(--flex-direction); flex-wrap: var(--flex-wrap); justify-content: var(--justify-content); align-items: var(--align-items); align-content: var(--align-content); gap: var(--gap); --swiper-theme-color: #000; --swiper-navigation-size: 44px; --swiper-pagination-bullet-size: 6px; --swiper-pagination-bullet-horizontal-gap: 6px; width: 1120px; margin-bottom: 20px; font-family: Roboto, Helvetica, Arial, sans-serif; font-size: 18px; font-weight: 300; text-transform: none; white-space: normal;\"><div style=\"transition: background .3s,border .3s,border-radius .3s,box-shadow .3s,transform var(--e-transform-transition-duration,.4s);\"><p style=\"margin-bottom: 15px; line-height: 1.618;\"><strong><a href=\"https:\/\/cri.it\/chi-siamo\/storia-e-principi\/\" style=\"transition-property: all;\">Referenti Regionali<\/a><\/strong><\/p><\/div><\/div>\t\t\t\t\t\t\t\t<\/div>\n\t\t\t\t<\/div>\n\t\t\t\t<div class=\"elementor-element elementor-element-4a78c56 elementor-widget elementor-widget-toggle\" data-id=\"4a78c56\" data-element_type=\"widget\" data-e-type=\"widget\" data-widget_type=\"toggle.default\">\n\t\t\t\t<div class=\"elementor-widget-container\">\n\t\t\t\t\t\t\t<div class=\"elementor-toggle\">\n\t\t\t\t\t\t\t<div class=\"elementor-toggle-item\">\n\t\t\t\t\t<div id=\"elementor-tab-title-7801\" class=\"elementor-tab-title\" data-tab=\"1\" role=\"button\" aria-controls=\"elementor-tab-content-7801\" aria-expanded=\"false\">\n\t\t\t\t\t\t\t\t\t\t\t\t<span class=\"elementor-toggle-icon elementor-toggle-icon-left\" aria-hidden=\"true\">\n\t\t\t\t\t\t\t\t\t\t\t\t\t\t\t<i class=\"elementor-toggle-icon-closed fa fa-caret-right\"><\/i>\n\t\t\t\t\t\t\t\t<i class=\"elementor-toggle-icon-opened fa fa-caret-up\"><\/i>\n\t\t\t\t\t\t\t\t\t\t\t\t\t<\/span>\n\t\t\t\t\t\t\t\t\t\t\t\t<a class=\"elementor-toggle-title\" tabindex=\"0\">Principi e Valori Umanitari<\/a>\n\t\t\t\t\t<\/div>\n\n\t\t\t\t\t<div id=\"elementor-tab-content-7801\" class=\"elementor-tab-content elementor-clearfix\" data-tab=\"1\" role=\"region\" aria-labelledby=\"elementor-tab-title-7801\"><p>(in aggiornamento)<\/p><\/div>\n\t\t\t\t<\/div>\n\t\t\t\t\t\t\t<div class=\"elementor-toggle-item\">\n\t\t\t\t\t<div id=\"elementor-tab-title-7802\" class=\"elementor-tab-title\" data-tab=\"2\" role=\"button\" aria-controls=\"elementor-tab-content-7802\" aria-expanded=\"false\">\n\t\t\t\t\t\t\t\t\t\t\t\t<span class=\"elementor-toggle-icon elementor-toggle-icon-left\" aria-hidden=\"true\">\n\t\t\t\t\t\t\t\t\t\t\t\t\t\t\t<i class=\"elementor-toggle-icon-closed fa fa-caret-right\"><\/i>\n\t\t\t\t\t\t\t\t<i class=\"elementor-toggle-icon-opened fa fa-caret-up\"><\/i>\n\t\t\t\t\t\t\t\t\t\t\t\t\t<\/span>\n\t\t\t\t\t\t\t\t\t\t\t\t<a class=\"elementor-toggle-title\" tabindex=\"0\">Salute<\/a>\n\t\t\t\t\t<\/div>\n\n\t\t\t\t\t<div id=\"elementor-tab-content-7802\" class=\"elementor-tab-content elementor-clearfix\" data-tab=\"2\" role=\"region\" aria-labelledby=\"elementor-tab-title-7802\"><p>(in aggiornamento)<\/p><\/div>\n\t\t\t\t<\/div>\n\t\t\t\t\t\t\t<div class=\"elementor-toggle-item\">\n\t\t\t\t\t<div id=\"elementor-tab-title-7803\" class=\"elementor-tab-title\" data-tab=\"3\" role=\"button\" aria-controls=\"elementor-tab-content-7803\" aria-expanded=\"false\">\n\t\t\t\t\t\t\t\t\t\t\t\t<span class=\"elementor-toggle-icon elementor-toggle-icon-left\" aria-hidden=\"true\">\n\t\t\t\t\t\t\t\t\t\t\t\t\t\t\t<i class=\"elementor-toggle-icon-closed fa fa-caret-right\"><\/i>\n\t\t\t\t\t\t\t\t<i class=\"elementor-toggle-icon-opened fa fa-caret-up\"><\/i>\n\t\t\t\t\t\t\t\t\t\t\t\t\t<\/span>\n\t\t\t\t\t\t\t\t\t\t\t\t<a class=\"elementor-toggle-title\" tabindex=\"0\">Inclusione Sociale<\/a>\n\t\t\t\t\t<\/div>\n\n\t\t\t\t\t<div id=\"elementor-tab-content-7803\" class=\"elementor-tab-content elementor-clearfix\" data-tab=\"3\" role=\"region\" aria-labelledby=\"elementor-tab-title-7803\"><p>(in aggiornamento)<\/p><\/div>\n\t\t\t\t<\/div>\n\t\t\t\t\t\t\t<div class=\"elementor-toggle-item\">\n\t\t\t\t\t<div id=\"elementor-tab-title-7804\" class=\"elementor-tab-title\" data-tab=\"4\" role=\"button\" aria-controls=\"elementor-tab-content-7804\" aria-expanded=\"false\">\n\t\t\t\t\t\t\t\t\t\t\t\t<span class=\"elementor-toggle-icon elementor-toggle-icon-left\" aria-hidden=\"true\">\n\t\t\t\t\t\t\t\t\t\t\t\t\t\t\t<i class=\"elementor-toggle-icon-closed fa fa-caret-right\"><\/i>\n\t\t\t\t\t\t\t\t<i class=\"elementor-toggle-icon-opened fa fa-caret-up\"><\/i>\n\t\t\t\t\t\t\t\t\t\t\t\t\t<\/span>\n\t\t\t\t\t\t\t\t\t\t\t\t<a class=\"elementor-toggle-title\" tabindex=\"0\">Formazione<\/a>\n\t\t\t\t\t<\/div>\n\n\t\t\t\t\t<div id=\"elementor-tab-content-7804\" class=\"elementor-tab-content elementor-clearfix\" data-tab=\"4\" role=\"region\" aria-labelledby=\"elementor-tab-title-7804\"><p>(in aggiornamento)<\/p><\/div>\n\t\t\t\t<\/div>\n\t\t\t\t\t\t\t<div class=\"elementor-toggle-item\">\n\t\t\t\t\t<div id=\"elementor-tab-title-7805\" class=\"elementor-tab-title\" data-tab=\"5\" role=\"button\" aria-controls=\"elementor-tab-content-7805\" aria-expanded=\"false\">\n\t\t\t\t\t\t\t\t\t\t\t\t<span class=\"elementor-toggle-icon elementor-toggle-icon-left\" aria-hidden=\"true\">\n\t\t\t\t\t\t\t\t\t\t\t\t\t\t\t<i class=\"elementor-toggle-icon-closed fa fa-caret-right\"><\/i>\n\t\t\t\t\t\t\t\t<i class=\"elementor-toggle-icon-opened fa fa-caret-up\"><\/i>\n\t\t\t\t\t\t\t\t\t\t\t\t\t<\/span>\n\t\t\t\t\t\t\t\t\t\t\t\t<a class=\"elementor-toggle-title\" tabindex=\"0\">Volontariato, Innovazione e Sviluppo<\/a>\n\t\t\t\t\t<\/div>\n\n\t\t\t\t\t<div id=\"elementor-tab-content-7805\" class=\"elementor-tab-content elementor-clearfix\" data-tab=\"5\" role=\"region\" aria-labelledby=\"elementor-tab-title-7805\"><p>(in aggiornamento)<\/p><\/div>\n\t\t\t\t<\/div>\n\t\t\t\t\t\t\t<div class=\"elementor-toggle-item\">\n\t\t\t\t\t<div id=\"elementor-tab-title-7806\" class=\"elementor-tab-title\" data-tab=\"6\" role=\"button\" aria-controls=\"elementor-tab-content-7806\" aria-expanded=\"false\">\n\t\t\t\t\t\t\t\t\t\t\t\t<span class=\"elementor-toggle-icon elementor-toggle-icon-left\" aria-hidden=\"true\">\n\t\t\t\t\t\t\t\t\t\t\t\t\t\t\t<i class=\"elementor-toggle-icon-closed fa fa-caret-right\"><\/i>\n\t\t\t\t\t\t\t\t<i class=\"elementor-toggle-icon-opened fa fa-caret-up\"><\/i>\n\t\t\t\t\t\t\t\t\t\t\t\t\t<\/span>\n\t\t\t\t\t\t\t\t\t\t\t\t<a class=\"elementor-toggle-title\" tabindex=\"0\">Operazioni, Emergenza e Soccorsi<\/a>\n\t\t\t\t\t<\/div>\n\n\t\t\t\t\t<div id=\"elementor-tab-content-7806\" class=\"elementor-tab-content elementor-clearfix\" data-tab=\"6\" role=\"region\" aria-labelledby=\"elementor-tab-title-7806\"><p>(in aggiornamento)<\/p><\/div>\n\t\t\t\t<\/div>\n\t\t\t\t\t\t\t<div class=\"elementor-toggle-item\">\n\t\t\t\t\t<div id=\"elementor-tab-title-7807\" class=\"elementor-tab-title\" data-tab=\"7\" role=\"button\" aria-controls=\"elementor-tab-content-7807\" aria-expanded=\"false\">\n\t\t\t\t\t\t\t\t\t\t\t\t<span class=\"elementor-toggle-icon elementor-toggle-icon-left\" aria-hidden=\"true\">\n\t\t\t\t\t\t\t\t\t\t\t\t\t\t\t<i class=\"elementor-toggle-icon-closed fa fa-caret-right\"><\/i>\n\t\t\t\t\t\t\t\t<i class=\"elementor-toggle-icon-opened fa fa-caret-up\"><\/i>\n\t\t\t\t\t\t\t\t\t\t\t\t\t<\/span>\n\t\t\t\t\t\t\t\t\t\t\t\t<a class=\"elementor-toggle-title\" tabindex=\"0\">Cooperazione Internazionale<\/a>\n\t\t\t\t\t<\/div>\n\n\t\t\t\t\t<div id=\"elementor-tab-content-7807\" class=\"elementor-tab-content elementor-clearfix\" data-tab=\"7\" role=\"region\" aria-labelledby=\"elementor-tab-title-7807\"><p>(in aggiornamento)<\/p><\/div>\n\t\t\t\t<\/div>\n\t\t\t\t\t\t\t<div class=\"elementor-toggle-item\">\n\t\t\t\t\t<div id=\"elementor-tab-title-7808\" class=\"elementor-tab-title\" data-tab=\"8\" role=\"button\" aria-controls=\"elementor-tab-content-7808\" aria-expanded=\"false\">\n\t\t\t\t\t\t\t\t\t\t\t\t<span class=\"elementor-toggle-icon elementor-toggle-icon-left\" aria-hidden=\"true\">\n\t\t\t\t\t\t\t\t\t\t\t\t\t\t\t<i class=\"elementor-toggle-icon-closed fa fa-caret-right\"><\/i>\n\t\t\t\t\t\t\t\t<i class=\"elementor-toggle-icon-opened fa fa-caret-up\"><\/i>\n\t\t\t\t\t\t\t\t\t\t\t\t\t<\/span>\n\t\t\t\t\t\t\t\t\t\t\t\t<a class=\"elementor-toggle-title\" tabindex=\"0\">Giovent\u00f9<\/a>\n\t\t\t\t\t<\/div>\n\n\t\t\t\t\t<div id=\"elementor-tab-content-7808\" class=\"elementor-tab-content elementor-clearfix\" data-tab=\"8\" role=\"region\" aria-labelledby=\"elementor-tab-title-7808\"><p>(in aggiornamento)<\/p><\/div>\n\t\t\t\t<\/div>\n\t\t\t\t\t\t\t\t<\/div>\n\t\t\t\t\t\t<\/div>\n\t\t\t\t<\/div>\n\t\t\t\t\t<\/div>\n\t\t<\/div>\n\t\t\t\t\t<\/div>\n\t\t<\/section>\n\t\t\t\t<section class=\"elementor-section elementor-top-section elementor-element elementor-element-8cff4fe elementor-section-boxed elementor-section-height-default elementor-section-height-default\" data-id=\"8cff4fe\" data-element_type=\"section\" data-e-type=\"section\">\n\t\t\t\t\t\t<div class=\"elementor-container elementor-column-gap-default\">\n\t\t\t\t\t<div class=\"elementor-column elementor-col-100 elementor-top-column elementor-element elementor-element-976c6cc\" data-id=\"976c6cc\" data-element_type=\"column\" data-e-type=\"column\">\n\t\t\t<div class=\"elementor-widget-wrap elementor-element-populated\">\n\t\t\t\t\t\t<div class=\"elementor-element elementor-element-7910bab elementor-widget-divider--view-line elementor-widget elementor-widget-divider\" data-id=\"7910bab\" data-element_type=\"widget\" data-e-type=\"widget\" data-widget_type=\"divider.default\">\n\t\t\t\t<div class=\"elementor-widget-container\">\n\t\t\t\t\t\t\t<div class=\"elementor-divider\">\n\t\t\t<span class=\"elementor-divider-separator\">\n\t\t\t\t\t\t<\/span>\n\t\t<\/div>\n\t\t\t\t\t\t<\/div>\n\t\t\t\t<\/div>\n\t\t\t\t\t<\/div>\n\t\t<\/div>\n\t\t\t\t\t<\/div>\n\t\t<\/section>\n\t\t\t\t<section class=\"elementor-section elementor-top-section elementor-element elementor-element-4ed9e91 elementor-section-boxed elementor-section-height-default elementor-section-height-default\" data-id=\"4ed9e91\" data-element_type=\"section\" data-e-type=\"section\">\n\t\t\t\t\t\t<div class=\"elementor-container elementor-column-gap-default\">\n\t\t\t\t\t<div class=\"elementor-column elementor-col-100 elementor-top-column elementor-element elementor-element-1a0f65d\" data-id=\"1a0f65d\" data-element_type=\"column\" data-e-type=\"column\">\n\t\t\t<div class=\"elementor-widget-wrap elementor-element-populated\">\n\t\t\t\t\t\t<div class=\"elementor-element elementor-element-d43e6a3 elementor-widget elementor-widget-text-editor\" data-id=\"d43e6a3\" data-element_type=\"widget\" data-e-type=\"widget\" data-widget_type=\"text-editor.default\">\n\t\t\t\t<div class=\"elementor-widget-container\">\n\t\t\t\t\t\t\t\t\t<p><strong><a href=\"https:\/\/cri.it\/chi-siamo\/storia-e-principi\/\" style=\"transition-property: all;\">Commissioni Tecniche<\/a><\/strong><\/p><p><span style=\"font-size: 14px;\">(in aggiornamento)<\/span><\/p>\t\t\t\t\t\t\t\t<\/div>\n\t\t\t\t<\/div>\n\t\t\t\t\t<\/div>\n\t\t<\/div>\n\t\t\t\t\t<\/div>\n\t\t<\/section>\n\t\t\t\t<\/div>\n\t\t","protected":false},"excerpt":{"rendered":"<p>Personale del Comitato Regionale In questa pagina \u00e8 elencato il personale che afferisce al Comitato Regionale Toscana ed i relativi contatti. L\u2019ordinamento della Croce Rossa Italiana si ispira ai principi di sussidiariet\u00e0, di democrazia ed elettivit\u00e0 delle cariche associative, di separazione tra le funzioni di indirizzo e controllo e le [&hellip;]<\/p>\n","protected":false},"author":154,"featured_media":0,"parent":0,"menu_order":0,"comment_status":"closed","ping_status":"closed","template":"","meta":{"_themeisle_gutenberg_block_has_review":false,"footnotes":""},"categories":[],"tags":[],"class_list":["post-6156","page","type-page","status-publish","hentry"],"_links":{"self":[{"href":"https:\/\/cri.it\/toscana\/wp-json\/wp\/v2\/pages\/6156","targetHints":{"allow":["GET"]}}],"collection":[{"href":"https:\/\/cri.it\/toscana\/wp-json\/wp\/v2\/pages"}],"about":[{"href":"https:\/\/cri.it\/toscana\/wp-json\/wp\/v2\/types\/page"}],"author":[{"embeddable":true,"href":"https:\/\/cri.it\/toscana\/wp-json\/wp\/v2\/users\/154"}],"replies":[{"embeddable":true,"href":"https:\/\/cri.it\/toscana\/wp-json\/wp\/v2\/comments?post=6156"}],"version-history":[{"count":3,"href":"https:\/\/cri.it\/toscana\/wp-json\/wp\/v2\/pages\/6156\/revisions"}],"predecessor-version":[{"id":7272,"href":"https:\/\/cri.it\/toscana\/wp-json\/wp\/v2\/pages\/6156\/revisions\/7272"}],"wp:attachment":[{"href":"https:\/\/cri.it\/toscana\/wp-json\/wp\/v2\/media?parent=6156"}],"wp:term":[{"taxonomy":"category","embeddable":true,"href":"https:\/\/cri.it\/toscana\/wp-json\/wp\/v2\/categories?post=6156"},{"taxonomy":"post_tag","embeddable":true,"href":"https:\/\/cri.it\/toscana\/wp-json\/wp\/v2\/tags?post=6156"}],"curies":[{"name":"wp","href":"https:\/\/api.w.org\/{rel}","templated":true}]}}