{"id":8365,"date":"2023-10-11T18:18:17","date_gmt":"2023-10-11T16:18:17","guid":{"rendered":"https:\/\/cri.it\/sicilia\/?page_id=8365"},"modified":"2023-10-11T18:18:17","modified_gmt":"2023-10-11T16:18:17","slug":"progetto-camper-amico","status":"publish","type":"page","link":"https:\/\/cri.it\/sicilia\/progetti\/progetto-camper-amico\/","title":{"rendered":"Progetto Camper Amico"},"content":{"rendered":"<p>La CRI vanta un\u2019esperienza consolidata nella prevenzione e nel trattamento delle tossicodipendenze, dimostrato un\u2019incredibile spirito di iniziativa e scendendo in strada laddove si trovano gli ultimi, i dimenticati e proprio per questo pi\u00f9 bisognosi di assistenza.<\/p>\n<p><strong>\u201cCamper Amico\u201d<\/strong> \u00e8 stata la postazione mobile messa in campo dal Comitato Regionale CRI, cui afferiva il Comitato Territoriale di Palermo prima della ripartizione in comitati regionali e provinciali, che ha operato nei pressi della Stazione Centrale di Palermo, ogni giorno dal pomeriggio alla notte effettuando persino operazioni di salvataggio di persone in overdose. Il servizio ha avuto lo scopo di ridurre i danni causati dalle tossicodipendenze includendo anche il supporto psicologico e l\u2019accompagnamento nei centri dei servizi sociali e territoriali.<\/p>\n<p>La CRI di Palermo \u00e8 impegnata da tempo in <strong>attivit\u00e0 di prevenzione<\/strong> delle tossicodipendenze presso i centri di aggregazione giovanile, in accordo con le scuole medie e gli istituti superiori.<\/p>\n<p>I <strong>centri a bassa soglia<\/strong> come il \u201cCamper Amico\u201d hanno lo scopo di mettere in contatto gli emarginati \u2013 il cosiddetto popolo sommerso \u2013 con i servizi pubblici a cui difficilmente riescono a rivolgersi.\u00a0Parte integrante del servizio di assistenza \u00e8 stata infatti la <strong>distribuzione di materiale sanitario<\/strong> (siringhe, profilattici, disinfettanti, lacci emostatici, soluzioni sanitari, etc.) per la riduzione delle patologie correlate, in particolare per l\u2019uso di sostanze stupefacenti e per le pratiche sessuali a rischio. E\u2019 stato distribuito anche materiale informativo finalizzato alla prevenzione dell\u2019uso e abuso di sostanze psicoattive e della diffusione di malattie come HIV, epatiti etc.<\/p>\n<p>Di fondamentale importanza anche l\u2019insieme di <strong>interventi medico-sanitari<\/strong> nei casi di emergenza e le consulenze mediche e psicologiche specifiche, il tutto in collaborazione con la rete di operatori delle strutture pubbliche e del privato sociale. Un contributo alla tutela e alla promozione della dignit\u00e0 della persona come anche ad alleviare le sofferenze promuovendo la cultura della solidariet\u00e0 cos\u00ec come prefissato dai principali obiettivi CRI.<\/p>\n","protected":false},"excerpt":{"rendered":"<p>La CRI vanta un\u2019esperienza consolidata nella prevenzione e nel trattamento delle tossicodipendenze, dimostrato un\u2019incredibile spirito di iniziativa e scendendo in strada laddove si trovano gli ultimi, i dimenticati e proprio per questo pi\u00f9 bisognosi di assistenza. \u201cCamper Amico\u201d \u00e8 stata la postazione mobile messa in campo dal Comitato Regionale CRI, [&hellip;]<\/p>\n","protected":false},"author":65,"featured_media":0,"parent":7847,"menu_order":0,"comment_status":"closed","ping_status":"closed","template":"","meta":{"_themeisle_gutenberg_block_has_review":false,"footnotes":""},"categories":[3],"tags":[46,54],"class_list":["post-8365","page","type-page","status-publish","hentry","category-comitato-sicilia","tag-progetti","tag-progetticrisicilia"],"_links":{"self":[{"href":"https:\/\/cri.it\/sicilia\/wp-json\/wp\/v2\/pages\/8365","targetHints":{"allow":["GET"]}}],"collection":[{"href":"https:\/\/cri.it\/sicilia\/wp-json\/wp\/v2\/pages"}],"about":[{"href":"https:\/\/cri.it\/sicilia\/wp-json\/wp\/v2\/types\/page"}],"author":[{"embeddable":true,"href":"https:\/\/cri.it\/sicilia\/wp-json\/wp\/v2\/users\/65"}],"replies":[{"embeddable":true,"href":"https:\/\/cri.it\/sicilia\/wp-json\/wp\/v2\/comments?post=8365"}],"version-history":[{"count":1,"href":"https:\/\/cri.it\/sicilia\/wp-json\/wp\/v2\/pages\/8365\/revisions"}],"predecessor-version":[{"id":8366,"href":"https:\/\/cri.it\/sicilia\/wp-json\/wp\/v2\/pages\/8365\/revisions\/8366"}],"up":[{"embeddable":true,"href":"https:\/\/cri.it\/sicilia\/wp-json\/wp\/v2\/pages\/7847"}],"wp:attachment":[{"href":"https:\/\/cri.it\/sicilia\/wp-json\/wp\/v2\/media?parent=8365"}],"wp:term":[{"taxonomy":"category","embeddable":true,"href":"https:\/\/cri.it\/sicilia\/wp-json\/wp\/v2\/categories?post=8365"},{"taxonomy":"post_tag","embeddable":true,"href":"https:\/\/cri.it\/sicilia\/wp-json\/wp\/v2\/tags?post=8365"}],"curies":[{"name":"wp","href":"https:\/\/api.w.org\/{rel}","templated":true}]}}