{"id":8358,"date":"2023-10-11T18:00:19","date_gmt":"2023-10-11T16:00:19","guid":{"rendered":"https:\/\/cri.it\/sicilia\/?page_id=8358"},"modified":"2023-10-11T18:14:19","modified_gmt":"2023-10-11T16:14:19","slug":"progetto-al-giazirah","status":"publish","type":"page","link":"https:\/\/cri.it\/sicilia\/progetti\/progetto-al-giazirah\/","title":{"rendered":"Progetto \u201cAl Giazirah\u201d"},"content":{"rendered":"<p>Il progetto CRI <strong>\u201cAl Giasirah\u201d<\/strong>, ovvero <strong>\u201cL\u2019isola\u201d<\/strong>, \u00e8 stato realizzato nel biennio 1999-2000 nella citt\u00e0 di Palermo allo scopo di fornire sostegno ai giovani disagiati. Nello specifico, l\u2019iniziativa \u00e8 stata rivolta ai minorenni stranieri di et\u00e0 compresa tra gli 11 e i 18 anni che, a causa della forte condizione di deprivazione socio-educativa,\u00a0 avrebbero potuto essere facilmente coinvolti in rischiose situazioni criminali. La CRI \u00e8 dunque intervenuta nel recupero di una comunit\u00e0 giovanile nell\u2019ottica della promozione di una cultura della pace e della non violenza.<\/p>\n<p>&nbsp;<\/p>\n<p>Il progetto ha previsto un centro adibito alla realizzazione servizi di tipo socio-educativo e socio-assistenziale, in linea con quanto definito dal piano Territoriale di interventi per l\u2019infanzia e l\u2019adolescenza stabilito dalla legge n.285 del 28 agosto 1997 (Disposizioni per la promozione di diritti e di opportunit\u00e0 per l&#8217;infanzia e l&#8217;adolescenza).<\/p>\n<p>&nbsp;<\/p>\n<p>Le azioni di intervento portate avanti tramite \u201cAl Giasirah\u201d sono state molteplici, prima tra tutte intervenire sul tessuto sociale con lo scopo di contrastare il fenomeno della dispersione scolastica. Si \u00e8 agito inoltre per contrastare la violenza sui minori, lo sfruttamento, la povert\u00e0 e pi\u00f9 in generale l\u2019isolamento giovanile. Il progetto ha permesso anche di creare opportunit\u00e0 di crescita didattico-formativa al fine di reintegrare i giovani nella societ\u00e0 civile.<\/p>\n","protected":false},"excerpt":{"rendered":"<p>Il progetto CRI \u201cAl Giasirah\u201d, ovvero \u201cL\u2019isola\u201d, \u00e8 stato realizzato nel biennio 1999-2000 nella citt\u00e0 di Palermo allo scopo di fornire sostegno ai giovani disagiati. Nello specifico, l\u2019iniziativa \u00e8 stata rivolta ai minorenni stranieri di et\u00e0 compresa tra gli 11 e i 18 anni che, a causa della forte condizione [&hellip;]<\/p>\n","protected":false},"author":65,"featured_media":0,"parent":7847,"menu_order":0,"comment_status":"closed","ping_status":"closed","template":"","meta":{"_themeisle_gutenberg_block_has_review":false,"footnotes":""},"categories":[3],"tags":[46,54],"class_list":["post-8358","page","type-page","status-publish","hentry","category-comitato-sicilia","tag-progetti","tag-progetticrisicilia"],"_links":{"self":[{"href":"https:\/\/cri.it\/sicilia\/wp-json\/wp\/v2\/pages\/8358","targetHints":{"allow":["GET"]}}],"collection":[{"href":"https:\/\/cri.it\/sicilia\/wp-json\/wp\/v2\/pages"}],"about":[{"href":"https:\/\/cri.it\/sicilia\/wp-json\/wp\/v2\/types\/page"}],"author":[{"embeddable":true,"href":"https:\/\/cri.it\/sicilia\/wp-json\/wp\/v2\/users\/65"}],"replies":[{"embeddable":true,"href":"https:\/\/cri.it\/sicilia\/wp-json\/wp\/v2\/comments?post=8358"}],"version-history":[{"count":1,"href":"https:\/\/cri.it\/sicilia\/wp-json\/wp\/v2\/pages\/8358\/revisions"}],"predecessor-version":[{"id":8359,"href":"https:\/\/cri.it\/sicilia\/wp-json\/wp\/v2\/pages\/8358\/revisions\/8359"}],"up":[{"embeddable":true,"href":"https:\/\/cri.it\/sicilia\/wp-json\/wp\/v2\/pages\/7847"}],"wp:attachment":[{"href":"https:\/\/cri.it\/sicilia\/wp-json\/wp\/v2\/media?parent=8358"}],"wp:term":[{"taxonomy":"category","embeddable":true,"href":"https:\/\/cri.it\/sicilia\/wp-json\/wp\/v2\/categories?post=8358"},{"taxonomy":"post_tag","embeddable":true,"href":"https:\/\/cri.it\/sicilia\/wp-json\/wp\/v2\/tags?post=8358"}],"curies":[{"name":"wp","href":"https:\/\/api.w.org\/{rel}","templated":true}]}}