{"id":8193,"date":"2023-06-28T09:10:55","date_gmt":"2023-06-28T07:10:55","guid":{"rendered":"https:\/\/cri.it\/sicilia\/?page_id=8193"},"modified":"2023-06-28T09:10:55","modified_gmt":"2023-06-28T07:10:55","slug":"anchio-posso-carta-umanita","status":"publish","type":"page","link":"https:\/\/cri.it\/sicilia\/progetti\/anchio-posso-carta-umanita\/","title":{"rendered":"Anch\u2019io Posso &#8211; Carta Umanit\u00e0"},"content":{"rendered":"<p>\u201cAnche Io Posso\u201d \u00e8 il progetto avviato dai giovani della Croce Rossa Sicilia nel maggio 2017, allo scopo di diffondere l\u2019idea che bastano <strong>piccoli gesti quotidiani<\/strong> per essere dei volontari. Dato il successo dell\u2019iniziativa, il progetto \u00e8 stato adottato dallo stesso Comitato Nazionale e dalle Societ\u00e0 di Croce Rossa della Germania e della Croazia.<\/p>\n<p>&nbsp;<\/p>\n<p>L\u2019iniziativa prevede l\u2019utilizzo della\u00a0<strong>Carta Umanit\u00e0<\/strong>, ovvero un semplice biglietto da visita, che costituisce il\u00a0testimone passato di mano in mano ogni volta che si svolge una buona azione\u00a0nei confronti di qualcun altro. Emblematico, dunque, il senso di fare e ricevere che viene sperimentato da ciascuna persona.<\/p>\n<p>&nbsp;<\/p>\n<p>Emanuele Sciortino, in qualit\u00e0 di Vice Presidente CRI Sicilia e Consigliere Giovani ha cos\u00ec commentato: <em>\u201cAbbiamo ideato il progetto con l\u2019idea di far vivere a ogni persona la gioia di poter dare e ricevere una buona azione volontaria. Questo permette di creare maggiore inclusione e stimola la cittadinanza attiva. Ringrazio Erica Milone e Riccardo Bellisario per la determinazione nel realizzare questo progetto, da loro fortemente voluto e coordinato\u201d<\/em>.<\/p>\n<p>&nbsp;<\/p>\n<p>Il progetto \u201cAnche Io Posso\u201d\u00a0\u00e8 stato portato successivamente nelle scuole superiori\u00a0di tutta la Sicilia, sensibilizzando gli studenti sul tema della cittadinanza attiva e invitandoli a diffondere nuove Carte Umanit\u00e0. Inoltre, in collaborazione con il\u00a0<strong>Centro Sperimentale di Cinematografia<\/strong><strong>\u00a0<\/strong>\u2013 Sede Sicilia, con il quale il Comitato Regionale CRI ha siglato un Protocollo d\u2019intesa, \u00e8 stato realizzato un\u00a0film documentario\u00a0dal tema \u201cUn\u2019Italia che aiuta\u201d.<\/p>\n<p>&nbsp;<\/p>\n<p>L\u2019iniziativa ha avuto grande diffusione sui social network anche grazie all\u2019utilizzo degli hashtag <strong>#ancheioposso<\/strong> e <strong>#CartaUmanit\u00e0<\/strong>, nonch\u00e9 alla presenza di apposito <strong>QrCode<\/strong> posto sulla Carta Umanit\u00e0. <em>\u201cLe tante ragioni che spingono milioni di persone nel mondo a impegnarsi giornalmente per gli altri non sono spesso sufficienti per far s\u00ec che nuove persone si avvicinino al volontariato. Farne esperienza in prima persona \u00e8 il modo migliore per comprendere perch\u00e9 ne vale la pena. Ecco perch\u00e9 CRI Sicilia ha ben accolto l\u2019idea dei Giovani CRI siciliani e ne ha favorito la realizzazione\u201d,<\/em> ha commentato Luigi Corsaro, Presidente CRI della Sicilia.<\/p>\n<p>&nbsp;<\/p>\n<p>Il progetto \u201cAnche Io Posso\u201d \u00e8 valso alla CRI Sicilia il <strong>Premio Persona e Comunit\u00e0 del Centro Studi Cultura e Societ\u00e0 della Regione Piemonte<\/strong>. L\u2019iniziativa \u00e8 stato accolta con entusiasmo anche all\u2019estero, specialmente dalla Jugend Rot Kreuz (giovent\u00f9 di croce rossa) in Germania, il tutto a testimoniare che i grandi successi derivano dai gesti pi\u00f9 semplici ma significativi.<\/p>\n<p>&nbsp;<\/p>\n","protected":false},"excerpt":{"rendered":"<p>\u201cAnche Io Posso\u201d \u00e8 il progetto avviato dai giovani della Croce Rossa Sicilia nel maggio 2017, allo scopo di diffondere l\u2019idea che bastano piccoli gesti quotidiani per essere dei volontari. Dato il successo dell\u2019iniziativa, il progetto \u00e8 stato adottato dallo stesso Comitato Nazionale e dalle Societ\u00e0 di Croce Rossa della [&hellip;]<\/p>\n","protected":false},"author":65,"featured_media":8194,"parent":7847,"menu_order":0,"comment_status":"closed","ping_status":"closed","template":"","meta":{"_themeisle_gutenberg_block_has_review":false,"footnotes":""},"categories":[],"tags":[],"class_list":["post-8193","page","type-page","status-publish","has-post-thumbnail","hentry"],"_links":{"self":[{"href":"https:\/\/cri.it\/sicilia\/wp-json\/wp\/v2\/pages\/8193","targetHints":{"allow":["GET"]}}],"collection":[{"href":"https:\/\/cri.it\/sicilia\/wp-json\/wp\/v2\/pages"}],"about":[{"href":"https:\/\/cri.it\/sicilia\/wp-json\/wp\/v2\/types\/page"}],"author":[{"embeddable":true,"href":"https:\/\/cri.it\/sicilia\/wp-json\/wp\/v2\/users\/65"}],"replies":[{"embeddable":true,"href":"https:\/\/cri.it\/sicilia\/wp-json\/wp\/v2\/comments?post=8193"}],"version-history":[{"count":1,"href":"https:\/\/cri.it\/sicilia\/wp-json\/wp\/v2\/pages\/8193\/revisions"}],"predecessor-version":[{"id":8195,"href":"https:\/\/cri.it\/sicilia\/wp-json\/wp\/v2\/pages\/8193\/revisions\/8195"}],"up":[{"embeddable":true,"href":"https:\/\/cri.it\/sicilia\/wp-json\/wp\/v2\/pages\/7847"}],"wp:featuredmedia":[{"embeddable":true,"href":"https:\/\/cri.it\/sicilia\/wp-json\/wp\/v2\/media\/8194"}],"wp:attachment":[{"href":"https:\/\/cri.it\/sicilia\/wp-json\/wp\/v2\/media?parent=8193"}],"wp:term":[{"taxonomy":"category","embeddable":true,"href":"https:\/\/cri.it\/sicilia\/wp-json\/wp\/v2\/categories?post=8193"},{"taxonomy":"post_tag","embeddable":true,"href":"https:\/\/cri.it\/sicilia\/wp-json\/wp\/v2\/tags?post=8193"}],"curies":[{"name":"wp","href":"https:\/\/api.w.org\/{rel}","templated":true}]}}