{"id":8163,"date":"2023-06-05T18:04:13","date_gmt":"2023-06-05T16:04:13","guid":{"rendered":"https:\/\/cri.it\/sicilia\/?page_id=8163"},"modified":"2023-06-30T09:31:20","modified_gmt":"2023-06-30T07:31:20","slug":"progetto-praesidium","status":"publish","type":"page","link":"https:\/\/cri.it\/sicilia\/progetto-praesidium\/","title":{"rendered":"Progetto Praesidium"},"content":{"rendered":"<p>Praesidium \u00e8 il progetto che \u00e8 stato rivolto al rafforzamento della gestione dei flussi migratori quale risultato dell\u2019azione sinergica tra l\u2019Alto Commissariato delle Nazioni Unite per i rifugiati (UNHCR), l\u2019Organizzazione internazionale delle migrazioni (OIM), la Croce Rossa Italiana (CRI) e Save the Children.<\/p>\n<p>&nbsp;<\/p>\n<p>L\u2019operazione, iniziata nel 2006 e conclusasi nel 2015, ha incluso anche un\u2019attenta attivit\u00e0 di monitoraggio sui centri di accoglienza al fine di garantire il mantenimento degli standard prefissati. L\u2019intervento \u00e8 stato reso necessario soprattutto alla luce dei mutamenti del fenomeno migratorio in Italia, data anche la composizione mista dei flussi. Praesidium ha avuto lo scopo di supportare l\u2019operato delle Prefetture in relazione ai centri di accoglienza governativi principalmente dell\u2019Italia meridionale. Il contenuto del progetto \u00e8 stato inoltre descritto in modo puntuale in un vademecum realizzato ad hoc e corredato da apposito materiale grafico.<\/p>\n<p>&nbsp;<\/p>\n<p>Il progetto ha interessato un\u2019ampia platea di beneficiari, ovvero migranti volontari, richiedenti asilo e beneficiari di protezione sussidiaria, minori provenienti via mare, vittime di tratta, vulnerabili. Parimenti, \u00e8 stato fornito supporto ai soggetti direttamente coinvolti nella gestione dei flussi migratori, ovvero Forze dell\u2019Ordine, Giudici tutelari, Enti locali e Associazioni operanti nel settore.<\/p>\n<p>&nbsp;<\/p>\n<p>La Croce Rossa Italiana ha svolto un ruolo strategico in tutto il territorio nazionale, focalizzando gli interventi l\u00e0 dove il fenomeno migratorio \u00e8 stato pi\u00f9 consistente, ovvero in Puglia, Calabria e Sicilia. Particolare attenzione \u00e8 stata rivolta agli aspetti sanitari degli interventi, traducendosi nel concreto nella verifica delle azioni di sostegno psico-fisico dei migranti. La CRI ha garantito un\u2019assistenza diretta sin dalla fase di prima accoglienza, individuando i casi di maggiore vulnerabilit\u00e0 e, pi\u00f9 in generale, monitorando il mantenimento degli standard di accoglienza in coordinamento con il Ministero dell\u2019Interno. La CRI ha fornito supporto psicologico agli operatori umanitari e ai soggetti istituzionali coinvolti e si \u00e8 impegnata in continue attivit\u00e0 di formazione e capacity building.<\/p>\n<p>&nbsp;<\/p>\n<p>Il progetto Praesidium \u00e8 stato inoltre connesso al consolidato servizio Restoring Family Link della CRI, allo scopo di ricucire i legami familiari tra persone disperse durante i viaggi migratori.<\/p>\n<p>&nbsp;<\/p>\n<p>Come molti altri progetti che vedono la CRI tra gli attori principali, anche Praesidium ha rappresentato l\u2019espressione del mandato\u00a0della CRI che si focalizza nella realizzazione di obiettivi strategici\u00a0ovvero\u00a0prevenire ed alleviare le sofferenze umane, contribuire alla tutela e alla promozione\u00a0della\u00a0dignit\u00e0\u00a0della\u00a0persona, rafforzare la cultura\u00a0della\u00a0non violenza,\u00a0della\u00a0pace e\u00a0della\u00a0solidariet\u00e0 tra le comunit\u00e0.<\/p>\n<p>&nbsp;<\/p>\n<p>&nbsp;<\/p>\n<p>&nbsp;<\/p>\n<p><a href=\"https:\/\/cri.it\/sicilia\/wp-content\/uploads\/sites\/17\/2023\/06\/Manuale-Praesidium-Raccomandazioni-e-Buone-prassi-per-la-gestione-dei-flussi-migratori-misti-in-arrivo-in-mare.pdf\" class=\"mtli_attachment mtli_pdf\">Manuale Praesidium &#8211; Raccomandazioni e Buone prassi per la gestione dei flussi migratori misti in arrivo in mare<\/a><\/p>\n<p><a href=\"https:\/\/cri.it\/sicilia\/wp-content\/uploads\/sites\/17\/2023\/06\/Praesidium_Recommendations_and_good_practices-EN-version.pdf\" class=\"mtli_attachment mtli_pdf\">Praesidium_Recommendations_and_good_practices (EN version)<\/a><\/p>\n<p><a href=\"https:\/\/cri.it\/sicilia\/wp-content\/uploads\/sites\/17\/2023\/06\/Regole-per-lassistenza-sanitaria-ai-migranti.pdf\" class=\"mtli_attachment mtli_pdf\">Regole per l&#8217;assistenza sanitaria ai migranti<\/a><\/p>\n<p><a href=\"https:\/\/cri.it\/sicilia\/wp-content\/uploads\/sites\/17\/2023\/06\/Accertamento-Et\u00e0_documento-congiunto.pdf\" class=\"mtli_attachment mtli_pdf\">Accertamento Et\u00e0_documento congiunto<\/a><\/p>\n","protected":false},"excerpt":{"rendered":"<p>Praesidium \u00e8 il progetto che \u00e8 stato rivolto al rafforzamento della gestione dei flussi migratori quale risultato dell\u2019azione sinergica tra l\u2019Alto Commissariato delle Nazioni Unite per i rifugiati (UNHCR), l\u2019Organizzazione internazionale delle migrazioni (OIM), la Croce Rossa Italiana (CRI) e Save the Children. &nbsp; L\u2019operazione, iniziata nel 2006 e conclusasi [&hellip;]<\/p>\n","protected":false},"author":65,"featured_media":8167,"parent":7847,"menu_order":0,"comment_status":"closed","ping_status":"closed","template":"","meta":{"_themeisle_gutenberg_block_has_review":false,"footnotes":""},"categories":[],"tags":[],"class_list":["post-8163","page","type-page","status-publish","has-post-thumbnail","hentry"],"_links":{"self":[{"href":"https:\/\/cri.it\/sicilia\/wp-json\/wp\/v2\/pages\/8163","targetHints":{"allow":["GET"]}}],"collection":[{"href":"https:\/\/cri.it\/sicilia\/wp-json\/wp\/v2\/pages"}],"about":[{"href":"https:\/\/cri.it\/sicilia\/wp-json\/wp\/v2\/types\/page"}],"author":[{"embeddable":true,"href":"https:\/\/cri.it\/sicilia\/wp-json\/wp\/v2\/users\/65"}],"replies":[{"embeddable":true,"href":"https:\/\/cri.it\/sicilia\/wp-json\/wp\/v2\/comments?post=8163"}],"version-history":[{"count":3,"href":"https:\/\/cri.it\/sicilia\/wp-json\/wp\/v2\/pages\/8163\/revisions"}],"predecessor-version":[{"id":8220,"href":"https:\/\/cri.it\/sicilia\/wp-json\/wp\/v2\/pages\/8163\/revisions\/8220"}],"up":[{"embeddable":true,"href":"https:\/\/cri.it\/sicilia\/wp-json\/wp\/v2\/pages\/7847"}],"wp:featuredmedia":[{"embeddable":true,"href":"https:\/\/cri.it\/sicilia\/wp-json\/wp\/v2\/media\/8167"}],"wp:attachment":[{"href":"https:\/\/cri.it\/sicilia\/wp-json\/wp\/v2\/media?parent=8163"}],"wp:term":[{"taxonomy":"category","embeddable":true,"href":"https:\/\/cri.it\/sicilia\/wp-json\/wp\/v2\/categories?post=8163"},{"taxonomy":"post_tag","embeddable":true,"href":"https:\/\/cri.it\/sicilia\/wp-json\/wp\/v2\/tags?post=8163"}],"curies":[{"name":"wp","href":"https:\/\/api.w.org\/{rel}","templated":true}]}}