{"id":7851,"date":"2022-11-15T22:57:10","date_gmt":"2022-11-15T21:57:10","guid":{"rendered":"https:\/\/cri.it\/sicilia\/?page_id=7851"},"modified":"2022-11-22T22:46:41","modified_gmt":"2022-11-22T21:46:41","slug":"non-sei-sola-esci-dal-silenzio","status":"publish","type":"page","link":"https:\/\/cri.it\/sicilia\/non-sei-sola-esci-dal-silenzio\/","title":{"rendered":"Non sei sola esci dal Silenzio"},"content":{"rendered":"<h4><strong>Progetto \u2018Non sei sola esci dal silenzio\u2019<\/strong><\/h4>\n<h5><strong>CRI Sicilia \u00e8 stata parte attiva nella realizzazione del progetto in favore delle donne vittime di violenza<\/strong><\/h5>\n<p>In occasione della Giornata Internazionale per l\u2019eliminazione della violenza contro le donne \u2013 che ricorre il 25 novembre di ogni anno &#8211; anche CRI Sicilia ha fatto la sua parte contribuendo attivamente dando corso al progetto <em>\u2018Non sei sola esci dal silenzio\u2019<\/em>. L\u2019iniziativa ha riscontrato una partecipazione particolarmente sentita da parte dei Comitati CRI siciliani che si sono adoperati su pi\u00f9 fronti come indicato nelle linee guida del progetto, il tutto nell\u2019ottica del perseguimento di una maggiore inclusione sociale cos\u00ec come stabilito dalla Strategia 2018 \u2013 2030.<\/p>\n<p>I dati riportati da studi autorevoli sul fenomeno hanno dimostrato che la violenza contro le donne costituisce ad oggi una delle violazioni dei diritti umani pi\u00f9 frequenti su scala globale. In effetti, la data simbolo \u00e8 stata scelta per ricordare le coraggiose sorelle Mirabal, morte a causa della loro opposizione al regime dittatoriale nella Repubblica Dominicana nel 1961. Tuttavia, negli ultimi 5 anni sono emersi dei segnali di miglioramento di certo attribuibili alle numerose campagne e iniziative volte a contrastare il fenomeno.<\/p>\n<p>Si \u00e8 trattato dunque di favorire l\u2019emersione dei fenomeni di violenza innanzitutto mediante un\u2019informazione efficace e capillare anche relativa ai servizi disponibili a livello territoriale. Inoltre, il progetto \u00e8 stato volto alla diffusione di una maggiore consapevolezza rispetto alle varie forme di violenza \u2013 sessuale, fisica, economica e psicologica &#8211; ed anche a portare ad una riflessione sulla prevenzione del fenomeno. Un\u2019iniziativa promozionale, dunque, la cui mira \u00e8 stata di contribuire alla costruzione di una societ\u00e0 pi\u00f9 inclusiva mediante attivit\u00e0 di sensibilizzazione e di supporto sociale. Sul punto, la CRI ha promosso il numero verde1522 (attivo 24 ore su 24 in tutte le lingue) per la segnalazione di casi di violenza e stalking. Il servizio \u00e8 dedicato all\u2019ascolto, all\u2019analisi della domanda, fornire suggerimenti ed indicazioni legali.<\/p>\n<p>I volontari CRI Sicilia si sono dunque fatti portavoce di un messaggio profondo di sostegno e fiducia coinvolgendo attivamente la popolazione. A tal fine, essi sono stati adeguatamente formati\u00a0 grazie all\u2019apposito progetto approvato dall\u2019Assessorato Regionale Famiglia e Politiche Sociali (legge 3\/2012) in modo da poter collaborare con le varie associazioni presenti sul territorio.<\/p>\n<p>Proprio in occasione della Giornata Internazionale per l\u2019eliminazione della violenza contro le donne \u2013 le cui attivit\u00e0 si sono svolte dal 23 al 25 novembre &#8211; i volontari dei vari Comitati siciliani hanno preso parte ad eventi di promozione e diffusione delle tematiche legate al fenomeno in piazze, scuole, centri commerciali e luoghi di aggregazione giovanile. Esperti truccatori CRI hanno inoltre simulato segni fisici di violenza per porre un accento pi\u00f9 visibile al senso del progetto pur non mancando di sottolineare che molti segni di violenza restano purtroppo nascosti lasciando per\u00f2 ferite impresse nel cuore e nella mente delle vittime.<\/p>\n<p>La diffusione del numero verde 1522 pu\u00f2 realmente fare la differenza nella vita di donne che subiscono abusi di ogni tipo. Spesso, basta il solo fatto di metterle a conoscenza che esiste questo contatto di riferimento per avere ascolto, sostegno e utili indicazioni su come tirarsi fuori da un incubo. Una via di uscita alla ricerca di una vita migliore e soprattutto pi\u00f9 dignitosa.<\/p>\n<p>Il Presidente di CRI Sicilia, Luigi Corsaro, ha cos\u00ec descritto il progetto: \u2018<em>Non sei sola esci dal silenzio \u00e8 un claim della campagna realizzata che ha per obiettivo di promuovere e diffondere la conoscenza del numero gratuito di pubblica utilit\u00e0 antiviolenza e stalking 1522 che dal 2006 ad oggi ha accolto pi\u00f9 di centomila richieste di aiuto<\/em>\u2019.<\/p>\n<p><a href=\"https:\/\/cri.it\/sicilia\/wp-content\/uploads\/sites\/17\/2022\/11\/formato-A4-biglietto-da-visita_non-sei-sola-esci-dal-silenzio.pdf\" class=\"mtli_attachment mtli_pdf\">formato A4 biglietto da visita_non sei sola esci dal silenzio<\/a><\/p>\n<p><img fetchpriority=\"high\" decoding=\"async\" src=\"https:\/\/cri.it\/sicilia\/wp-content\/uploads\/sites\/17\/2022\/11\/PHOTO-2022-11-15-15-49-32-1024x1024.jpg\" alt=\"\" width=\"1024\" height=\"1024\" class=\"aligncenter wp-image-7856 size-large\" srcset=\"https:\/\/cri.it\/sicilia\/wp-content\/uploads\/sites\/17\/2022\/11\/PHOTO-2022-11-15-15-49-32-1024x1024.jpg 1024w, https:\/\/cri.it\/sicilia\/wp-content\/uploads\/sites\/17\/2022\/11\/PHOTO-2022-11-15-15-49-32-300x300.jpg 300w, https:\/\/cri.it\/sicilia\/wp-content\/uploads\/sites\/17\/2022\/11\/PHOTO-2022-11-15-15-49-32-150x150.jpg 150w, https:\/\/cri.it\/sicilia\/wp-content\/uploads\/sites\/17\/2022\/11\/PHOTO-2022-11-15-15-49-32-768x768.jpg 768w, https:\/\/cri.it\/sicilia\/wp-content\/uploads\/sites\/17\/2022\/11\/PHOTO-2022-11-15-15-49-32-1536x1536.jpg 1536w, https:\/\/cri.it\/sicilia\/wp-content\/uploads\/sites\/17\/2022\/11\/PHOTO-2022-11-15-15-49-32-1280x1280.jpg 1280w, https:\/\/cri.it\/sicilia\/wp-content\/uploads\/sites\/17\/2022\/11\/PHOTO-2022-11-15-15-49-32-1440x1440.jpg 1440w, https:\/\/cri.it\/sicilia\/wp-content\/uploads\/sites\/17\/2022\/11\/PHOTO-2022-11-15-15-49-32.jpg 1600w\" sizes=\"(max-width: 1024px) 100vw, 1024px\" \/><\/p>\n<p>&nbsp;<\/p>\n<p>&nbsp;<\/p>\n<p>&nbsp;<\/p>\n<p><span>#sociale #salute #innovazione<\/span><\/p>\n<p>&nbsp;<\/p>\n<p><span>Data pubblicazione 2022<\/span><\/p>\n<p>&nbsp;<\/p>\n<p>&nbsp;<\/p>\n<p>&nbsp;<\/p>\n","protected":false},"excerpt":{"rendered":"<p>Progetto \u2018Non sei sola esci dal silenzio\u2019 CRI Sicilia \u00e8 stata parte attiva nella realizzazione del progetto in favore delle donne vittime di violenza In occasione della Giornata Internazionale per l\u2019eliminazione della violenza contro le donne \u2013 che ricorre il 25 novembre di ogni anno &#8211; anche CRI Sicilia ha [&hellip;]<\/p>\n","protected":false},"author":65,"featured_media":7854,"parent":7847,"menu_order":0,"comment_status":"closed","ping_status":"closed","template":"","meta":{"_themeisle_gutenberg_block_has_review":false,"footnotes":""},"categories":[21,3,26,12],"tags":[51,50,49],"class_list":["post-7851","page","type-page","status-publish","has-post-thumbnail","hentry","category-attivita","category-comitato-sicilia","category-sicilia","category-sociale","tag-innovazione","tag-salute","tag-sociale"],"_links":{"self":[{"href":"https:\/\/cri.it\/sicilia\/wp-json\/wp\/v2\/pages\/7851","targetHints":{"allow":["GET"]}}],"collection":[{"href":"https:\/\/cri.it\/sicilia\/wp-json\/wp\/v2\/pages"}],"about":[{"href":"https:\/\/cri.it\/sicilia\/wp-json\/wp\/v2\/types\/page"}],"author":[{"embeddable":true,"href":"https:\/\/cri.it\/sicilia\/wp-json\/wp\/v2\/users\/65"}],"replies":[{"embeddable":true,"href":"https:\/\/cri.it\/sicilia\/wp-json\/wp\/v2\/comments?post=7851"}],"version-history":[{"count":3,"href":"https:\/\/cri.it\/sicilia\/wp-json\/wp\/v2\/pages\/7851\/revisions"}],"predecessor-version":[{"id":7890,"href":"https:\/\/cri.it\/sicilia\/wp-json\/wp\/v2\/pages\/7851\/revisions\/7890"}],"up":[{"embeddable":true,"href":"https:\/\/cri.it\/sicilia\/wp-json\/wp\/v2\/pages\/7847"}],"wp:featuredmedia":[{"embeddable":true,"href":"https:\/\/cri.it\/sicilia\/wp-json\/wp\/v2\/media\/7854"}],"wp:attachment":[{"href":"https:\/\/cri.it\/sicilia\/wp-json\/wp\/v2\/media?parent=7851"}],"wp:term":[{"taxonomy":"category","embeddable":true,"href":"https:\/\/cri.it\/sicilia\/wp-json\/wp\/v2\/categories?post=7851"},{"taxonomy":"post_tag","embeddable":true,"href":"https:\/\/cri.it\/sicilia\/wp-json\/wp\/v2\/tags?post=7851"}],"curies":[{"name":"wp","href":"https:\/\/api.w.org\/{rel}","templated":true}]}}