{"id":7529,"date":"2022-05-09T14:21:15","date_gmt":"2022-05-09T12:21:15","guid":{"rendered":"https:\/\/cri.it\/sicilia\/?page_id=7529"},"modified":"2024-07-31T16:12:55","modified_gmt":"2024-07-31T14:12:55","slug":"migrazione","status":"publish","type":"page","link":"https:\/\/cri.it\/sicilia\/hestia-front\/comitato-trasparente\/migrazione\/","title":{"rendered":"Migrazione"},"content":{"rendered":"\t\t<div data-elementor-type=\"wp-page\" data-elementor-id=\"7529\" class=\"elementor elementor-7529\">\n\t\t\t\t\t\t<section class=\"elementor-section elementor-top-section elementor-element elementor-element-b3638f8 elementor-section-boxed elementor-section-height-default elementor-section-height-default\" data-id=\"b3638f8\" data-element_type=\"section\" data-e-type=\"section\">\n\t\t\t\t\t\t<div class=\"elementor-container elementor-column-gap-default\">\n\t\t\t\t\t<div class=\"elementor-column elementor-col-33 elementor-top-column elementor-element elementor-element-e860a14\" data-id=\"e860a14\" data-element_type=\"column\" data-e-type=\"column\">\n\t\t\t<div class=\"elementor-widget-wrap elementor-element-populated\">\n\t\t\t\t\t\t<div class=\"elementor-element elementor-element-d6d7527 elementor-view-framed elementor-shape-circle elementor-widget elementor-widget-icon\" data-id=\"d6d7527\" data-element_type=\"widget\" data-e-type=\"widget\" data-widget_type=\"icon.default\">\n\t\t\t\t<div class=\"elementor-widget-container\">\n\t\t\t\t\t\t\t<div class=\"elementor-icon-wrapper\">\n\t\t\t<div class=\"elementor-icon\">\n\t\t\t<i aria-hidden=\"true\" class=\"fas fa-suitcase\"><\/i>\t\t\t<\/div>\n\t\t<\/div>\n\t\t\t\t\t\t<\/div>\n\t\t\t\t<\/div>\n\t\t\t\t\t<\/div>\n\t\t<\/div>\n\t\t\t\t<div class=\"elementor-column elementor-col-66 elementor-top-column elementor-element elementor-element-d444691\" data-id=\"d444691\" data-element_type=\"column\" data-e-type=\"column\">\n\t\t\t<div class=\"elementor-widget-wrap elementor-element-populated\">\n\t\t\t\t\t\t<div class=\"elementor-element elementor-element-92ee8ed elementor-widget elementor-widget-text-editor\" data-id=\"92ee8ed\" data-element_type=\"widget\" data-e-type=\"widget\" data-widget_type=\"text-editor.default\">\n\t\t\t\t<div class=\"elementor-widget-container\">\n\t\t\t\t\t\t\t\t\t<div class=\"elementor-element elementor-element-98a541e elementor-widget elementor-widget-heading\" data-id=\"98a541e\"><div class=\"elementor-widget-container\"><h2 class=\"elementor-heading-title elementor-size-default\">Persone in fuga<\/h2><\/div><\/div><div class=\"elementor-element elementor-element-3acab760 elementor-widget elementor-widget-text-editor\" data-id=\"3acab760\"><div class=\"elementor-widget-container\"><div class=\"elementor-text-editor elementor-clearfix\"><p><span>Operiamo per migliorare le condizioni di vita delle persone migranti, offrendo loro ascolto, accoglienza e un trattamento equo e umano. Siamo presenti ovunque e per chiunque abbia bisogno di protezione e supporto: nei porti, nelle zone di transito e di frontiera e nei centri di accoglienza. Mettiamo al primo posto i bisogni della persona, assicurando servizi mirati, indipendentemente dallo status giuridico dei destinatari.<\/span><\/p><\/div><\/div><\/div>\t\t\t\t\t\t\t\t<\/div>\n\t\t\t\t<\/div>\n\t\t\t\t\t<\/div>\n\t\t<\/div>\n\t\t\t\t\t<\/div>\n\t\t<\/section>\n\t\t\t\t<section class=\"elementor-section elementor-top-section elementor-element elementor-element-4c71ab2 elementor-section-boxed elementor-section-height-default elementor-section-height-default\" data-id=\"4c71ab2\" data-element_type=\"section\" data-e-type=\"section\">\n\t\t\t\t\t\t<div class=\"elementor-container elementor-column-gap-default\">\n\t\t\t\t\t<div class=\"elementor-column elementor-col-100 elementor-top-column elementor-element elementor-element-22e69c6\" data-id=\"22e69c6\" data-element_type=\"column\" data-e-type=\"column\">\n\t\t\t<div class=\"elementor-widget-wrap elementor-element-populated\">\n\t\t\t\t\t\t<div class=\"elementor-element elementor-element-9ce26c6 elementor-widget elementor-widget-spacer\" data-id=\"9ce26c6\" data-element_type=\"widget\" data-e-type=\"widget\" data-widget_type=\"spacer.default\">\n\t\t\t\t<div class=\"elementor-widget-container\">\n\t\t\t\t\t\t\t<div class=\"elementor-spacer\">\n\t\t\t<div class=\"elementor-spacer-inner\"><\/div>\n\t\t<\/div>\n\t\t\t\t\t\t<\/div>\n\t\t\t\t<\/div>\n\t\t\t\t\t<\/div>\n\t\t<\/div>\n\t\t\t\t\t<\/div>\n\t\t<\/section>\n\t\t\t\t<section class=\"elementor-section elementor-top-section elementor-element elementor-element-d663620 elementor-section-boxed elementor-section-height-default elementor-section-height-default\" data-id=\"d663620\" data-element_type=\"section\" data-e-type=\"section\">\n\t\t\t\t\t\t<div class=\"elementor-container elementor-column-gap-default\">\n\t\t\t\t\t<div class=\"elementor-column elementor-col-100 elementor-top-column elementor-element elementor-element-00f78e8\" data-id=\"00f78e8\" data-element_type=\"column\" data-e-type=\"column\">\n\t\t\t<div class=\"elementor-widget-wrap elementor-element-populated\">\n\t\t\t\t\t\t<div class=\"elementor-element elementor-element-fc685f9 elementor-widget elementor-widget-heading\" data-id=\"fc685f9\" data-element_type=\"widget\" data-e-type=\"widget\" data-widget_type=\"heading.default\">\n\t\t\t\t<div class=\"elementor-widget-container\">\n\t\t\t\t\t<h2 class=\"elementor-heading-title elementor-size-large\">AREE D'INTERVENTO\n<\/h2>\t\t\t\t<\/div>\n\t\t\t\t<\/div>\n\t\t\t\t\t<\/div>\n\t\t<\/div>\n\t\t\t\t\t<\/div>\n\t\t<\/section>\n\t\t\t\t<section class=\"elementor-section elementor-top-section elementor-element elementor-element-477638b elementor-section-boxed elementor-section-height-default elementor-section-height-default\" data-id=\"477638b\" data-element_type=\"section\" data-e-type=\"section\">\n\t\t\t\t\t\t<div class=\"elementor-container elementor-column-gap-default\">\n\t\t\t\t\t<div class=\"elementor-column elementor-col-100 elementor-top-column elementor-element elementor-element-3e4d39c\" data-id=\"3e4d39c\" data-element_type=\"column\" data-e-type=\"column\">\n\t\t\t<div class=\"elementor-widget-wrap elementor-element-populated\">\n\t\t\t\t\t\t<div class=\"elementor-element elementor-element-34dfeec elementor-widget elementor-widget-spacer\" data-id=\"34dfeec\" data-element_type=\"widget\" data-e-type=\"widget\" data-widget_type=\"spacer.default\">\n\t\t\t\t<div class=\"elementor-widget-container\">\n\t\t\t\t\t\t\t<div class=\"elementor-spacer\">\n\t\t\t<div class=\"elementor-spacer-inner\"><\/div>\n\t\t<\/div>\n\t\t\t\t\t\t<\/div>\n\t\t\t\t<\/div>\n\t\t\t\t\t<\/div>\n\t\t<\/div>\n\t\t\t\t\t<\/div>\n\t\t<\/section>\n\t\t\t\t<section class=\"elementor-section elementor-top-section elementor-element elementor-element-208b8ff elementor-section-boxed elementor-section-height-default elementor-section-height-default\" data-id=\"208b8ff\" data-element_type=\"section\" data-e-type=\"section\">\n\t\t\t\t\t\t<div class=\"elementor-container elementor-column-gap-default\">\n\t\t\t\t\t<div class=\"elementor-column elementor-col-33 elementor-top-column elementor-element elementor-element-bf8e98c\" data-id=\"bf8e98c\" data-element_type=\"column\" data-e-type=\"column\">\n\t\t\t<div class=\"elementor-widget-wrap elementor-element-populated\">\n\t\t\t\t\t\t<div class=\"elementor-element elementor-element-e8feff8 elementor-view-default elementor-widget elementor-widget-icon\" data-id=\"e8feff8\" data-element_type=\"widget\" data-e-type=\"widget\" data-widget_type=\"icon.default\">\n\t\t\t\t<div class=\"elementor-widget-container\">\n\t\t\t\t\t\t\t<div class=\"elementor-icon-wrapper\">\n\t\t\t<div class=\"elementor-icon\">\n\t\t\t<i aria-hidden=\"true\" class=\"fas fa-arrow-alt-circle-right\"><\/i>\t\t\t<\/div>\n\t\t<\/div>\n\t\t\t\t\t\t<\/div>\n\t\t\t\t<\/div>\n\t\t\t\t\t<\/div>\n\t\t<\/div>\n\t\t\t\t<div class=\"elementor-column elementor-col-66 elementor-top-column elementor-element elementor-element-784f93c\" data-id=\"784f93c\" data-element_type=\"column\" data-e-type=\"column\">\n\t\t\t<div class=\"elementor-widget-wrap elementor-element-populated\">\n\t\t\t\t\t\t<div class=\"elementor-element elementor-element-7e5c94a elementor-widget elementor-widget-text-editor\" data-id=\"7e5c94a\" data-element_type=\"widget\" data-e-type=\"widget\" data-widget_type=\"text-editor.default\">\n\t\t\t\t<div class=\"elementor-widget-container\">\n\t\t\t\t\t\t\t\t\t<h3 class=\"elementor-icon-box-title\"><a href=\"https:\/\/cri.it\/cosa-facciamo\/migrazioni\/accoglienza\/\">Accoglienza<\/a><\/h3><p class=\"elementor-icon-box-description\">Gli operatori della Croce Rossa Italiana sono presenti in tutti i porti, al fianco delle persone che sbarcano sulle nostre coste, per rispondere ai loro bisogni, alleviarne le sofferenze e garantire loro dignitose condizioni di accoglienza e assistenza. Garantiamo distribuzione di generi di conforto, supporto sanitario e psicologico, attivit\u00e0 di Restoring Family Links e di prevenzione e risposta alla tratta, informativa e orientamento legale. Nelle oltre 40 strutture di accoglienza gestite dalla Croce Rossa Italiana vengono forniti &#8211; oltre a vitto e alloggio &#8211; gli strumenti per iniziare un percorso di inclusione sul territorio. Anche per coloro al di fuori del circuito dell&#8217;accoglienza, assicuriamo servizi essenziali di ascolto, assistenza e indirizzo verso le strutture di supporto.<\/p>\t\t\t\t\t\t\t\t<\/div>\n\t\t\t\t<\/div>\n\t\t\t\t\t<\/div>\n\t\t<\/div>\n\t\t\t\t\t<\/div>\n\t\t<\/section>\n\t\t\t\t<section class=\"elementor-section elementor-top-section elementor-element elementor-element-0818fa0 elementor-section-boxed elementor-section-height-default elementor-section-height-default\" data-id=\"0818fa0\" data-element_type=\"section\" data-e-type=\"section\">\n\t\t\t\t\t\t<div class=\"elementor-container elementor-column-gap-default\">\n\t\t\t\t\t<div class=\"elementor-column elementor-col-33 elementor-top-column elementor-element elementor-element-719c535\" data-id=\"719c535\" data-element_type=\"column\" data-e-type=\"column\">\n\t\t\t<div class=\"elementor-widget-wrap elementor-element-populated\">\n\t\t\t\t\t\t<div class=\"elementor-element elementor-element-f13b031 elementor-view-default elementor-widget elementor-widget-icon\" data-id=\"f13b031\" data-element_type=\"widget\" data-e-type=\"widget\" data-widget_type=\"icon.default\">\n\t\t\t\t<div class=\"elementor-widget-container\">\n\t\t\t\t\t\t\t<div class=\"elementor-icon-wrapper\">\n\t\t\t<div class=\"elementor-icon\">\n\t\t\t<i aria-hidden=\"true\" class=\"fas fa-arrow-alt-circle-right\"><\/i>\t\t\t<\/div>\n\t\t<\/div>\n\t\t\t\t\t\t<\/div>\n\t\t\t\t<\/div>\n\t\t\t\t\t<\/div>\n\t\t<\/div>\n\t\t\t\t<div class=\"elementor-column elementor-col-66 elementor-top-column elementor-element elementor-element-95f0182\" data-id=\"95f0182\" data-element_type=\"column\" data-e-type=\"column\">\n\t\t\t<div class=\"elementor-widget-wrap elementor-element-populated\">\n\t\t\t\t\t\t<div class=\"elementor-element elementor-element-7108aa2 elementor-widget elementor-widget-text-editor\" data-id=\"7108aa2\" data-element_type=\"widget\" data-e-type=\"widget\" data-widget_type=\"text-editor.default\">\n\t\t\t\t<div class=\"elementor-widget-container\">\n\t\t\t\t\t\t\t\t\t<h3 class=\"elementor-icon-box-title\"><a href=\"https:\/\/cri.it\/cosa-facciamo\/migrazioni\/community-engagement-accountability\/\">Community Engagement and Accountability<\/a><\/h3><p class=\"elementor-icon-box-description\">Ascoltiamo e coinvolgiamo le comunit\u00e0 delle persone migranti (Community Engagement and Accountability, CEA) nella realizzazione dei progetti a loro supporto, puntando sulla comunicazione, sulla condivisione e partecipazione alle diverse fasi delle attivit\u00e0. Aiutiamo le comunit\u00e0 delle persone migranti che sosteniamo ad assumere un ruolo pi\u00f9 attivo nella costruzione di strategie di resilienza a lungo termine, creando le possibilit\u00e0 perch\u00e9 diventino pi\u00f9 esperte, competenti, connesse e in grado di cambiare il proprio comportamento sociale per affrontare rischi e vulnerabilit\u00e0 latenti.<\/p>\t\t\t\t\t\t\t\t<\/div>\n\t\t\t\t<\/div>\n\t\t\t\t\t<\/div>\n\t\t<\/div>\n\t\t\t\t\t<\/div>\n\t\t<\/section>\n\t\t\t\t<section class=\"elementor-section elementor-top-section elementor-element elementor-element-3330436 elementor-section-boxed elementor-section-height-default elementor-section-height-default\" data-id=\"3330436\" data-element_type=\"section\" data-e-type=\"section\">\n\t\t\t\t\t\t<div class=\"elementor-container elementor-column-gap-default\">\n\t\t\t\t\t<div class=\"elementor-column elementor-col-33 elementor-top-column elementor-element elementor-element-f062497\" data-id=\"f062497\" data-element_type=\"column\" data-e-type=\"column\">\n\t\t\t<div class=\"elementor-widget-wrap elementor-element-populated\">\n\t\t\t\t\t\t<div class=\"elementor-element elementor-element-63ee434 elementor-view-default elementor-widget elementor-widget-icon\" data-id=\"63ee434\" data-element_type=\"widget\" data-e-type=\"widget\" data-widget_type=\"icon.default\">\n\t\t\t\t<div class=\"elementor-widget-container\">\n\t\t\t\t\t\t\t<div class=\"elementor-icon-wrapper\">\n\t\t\t<div class=\"elementor-icon\">\n\t\t\t<i aria-hidden=\"true\" class=\"fas fa-arrow-alt-circle-right\"><\/i>\t\t\t<\/div>\n\t\t<\/div>\n\t\t\t\t\t\t<\/div>\n\t\t\t\t<\/div>\n\t\t\t\t\t<\/div>\n\t\t<\/div>\n\t\t\t\t<div class=\"elementor-column elementor-col-66 elementor-top-column elementor-element elementor-element-a554c26\" data-id=\"a554c26\" data-element_type=\"column\" data-e-type=\"column\">\n\t\t\t<div class=\"elementor-widget-wrap elementor-element-populated\">\n\t\t\t\t\t\t<div class=\"elementor-element elementor-element-77ff056 elementor-widget elementor-widget-text-editor\" data-id=\"77ff056\" data-element_type=\"widget\" data-e-type=\"widget\" data-widget_type=\"text-editor.default\">\n\t\t\t\t<div class=\"elementor-widget-container\">\n\t\t\t\t\t\t\t\t\t<h3 class=\"elementor-icon-box-title\"><a href=\"https:\/\/cri.it\/cosa-facciamo\/migrazioni\/tratta-esseri-umani-violenza-genere\/\">Tratta degli esseri umani e violenza di genere<\/a><\/h3><p class=\"elementor-icon-box-description\">Riteniamo di grande importanza il tema della prevenzione e dell&#8217;informazione rispetto al fenomeno della tratta degli esseri umani e della violenza di genere. Siamo da sempre in prima linea per sensibilizzare le comunit\u00e0 su questo tema e costantemente impegnati nel mettere a disposizione dei propri operatori tutti gli strumenti necessari per l&#8217;identificazione ed il supporto delle potenziali vittime.<\/p>\t\t\t\t\t\t\t\t<\/div>\n\t\t\t\t<\/div>\n\t\t\t\t\t<\/div>\n\t\t<\/div>\n\t\t\t\t\t<\/div>\n\t\t<\/section>\n\t\t\t\t<section class=\"elementor-section elementor-top-section elementor-element elementor-element-de304bd elementor-section-boxed elementor-section-height-default elementor-section-height-default\" data-id=\"de304bd\" data-element_type=\"section\" data-e-type=\"section\">\n\t\t\t\t\t\t<div class=\"elementor-container elementor-column-gap-default\">\n\t\t\t\t\t<div class=\"elementor-column elementor-col-33 elementor-top-column elementor-element elementor-element-8f2cb33\" data-id=\"8f2cb33\" data-element_type=\"column\" data-e-type=\"column\">\n\t\t\t<div class=\"elementor-widget-wrap elementor-element-populated\">\n\t\t\t\t\t\t<div class=\"elementor-element elementor-element-0129f0a elementor-view-default elementor-widget elementor-widget-icon\" data-id=\"0129f0a\" data-element_type=\"widget\" data-e-type=\"widget\" data-widget_type=\"icon.default\">\n\t\t\t\t<div class=\"elementor-widget-container\">\n\t\t\t\t\t\t\t<div class=\"elementor-icon-wrapper\">\n\t\t\t<div class=\"elementor-icon\">\n\t\t\t<i aria-hidden=\"true\" class=\"fas fa-arrow-alt-circle-right\"><\/i>\t\t\t<\/div>\n\t\t<\/div>\n\t\t\t\t\t\t<\/div>\n\t\t\t\t<\/div>\n\t\t\t\t\t<\/div>\n\t\t<\/div>\n\t\t\t\t<div class=\"elementor-column elementor-col-66 elementor-top-column elementor-element elementor-element-e55ab0d\" data-id=\"e55ab0d\" data-element_type=\"column\" data-e-type=\"column\">\n\t\t\t<div class=\"elementor-widget-wrap elementor-element-populated\">\n\t\t\t\t\t\t<div class=\"elementor-element elementor-element-44652d4 elementor-widget elementor-widget-text-editor\" data-id=\"44652d4\" data-element_type=\"widget\" data-e-type=\"widget\" data-widget_type=\"text-editor.default\">\n\t\t\t\t<div class=\"elementor-widget-container\">\n\t\t\t\t\t\t\t\t\t<h3 class=\"elementor-icon-box-title\"><a href=\"https:\/\/cri.it\/cosa-facciamo\/migrazioni\/restoring-family-links\">Restoring Family Links<\/a><\/h3><p class=\"elementor-icon-box-description\">Ogni anno migliaia di famiglie vengono separate a causa di conflitti armati, situazioni di violenza, disastri, migrazioni e altre circostanze che richiedono una risposta umanitaria. Attraverso il servizio di Restoring Family Links, la Croce Rossa Italiana, le altre Societ\u00e0 Nazionali di Croce Rossa e Mezzaluna Rossa, la Federazione Internazionale di Croce Rossa e Mezzaluna Rossa (FICR) e il Comitato Internazionale di Croce Rossa (CICR) sono impegnate, in tutto il mondo, per evitare la separazione delle famiglie e la loro scomparsa, per ristabilire e mantenere i legami familiari, far luce sulla sorte dei dispersi e facilitare l&#8217;identificazione dei corpi senza nome.<\/p>\t\t\t\t\t\t\t\t<\/div>\n\t\t\t\t<\/div>\n\t\t\t\t\t<\/div>\n\t\t<\/div>\n\t\t\t\t\t<\/div>\n\t\t<\/section>\n\t\t\t\t<\/div>\n\t\t","protected":false},"excerpt":{"rendered":"<p>Persone in fuga Operiamo per migliorare le condizioni di vita delle persone migranti, offrendo loro ascolto, accoglienza e un trattamento equo e umano. Siamo presenti ovunque e per chiunque abbia bisogno di protezione e supporto: nei porti, nelle zone di transito e di frontiera e nei centri di accoglienza. Mettiamo [&hellip;]<\/p>\n","protected":false},"author":65,"featured_media":0,"parent":6273,"menu_order":0,"comment_status":"closed","ping_status":"closed","template":"","meta":{"_themeisle_gutenberg_block_has_review":false,"footnotes":""},"categories":[],"tags":[],"class_list":["post-7529","page","type-page","status-publish","hentry"],"_links":{"self":[{"href":"https:\/\/cri.it\/sicilia\/wp-json\/wp\/v2\/pages\/7529","targetHints":{"allow":["GET"]}}],"collection":[{"href":"https:\/\/cri.it\/sicilia\/wp-json\/wp\/v2\/pages"}],"about":[{"href":"https:\/\/cri.it\/sicilia\/wp-json\/wp\/v2\/types\/page"}],"author":[{"embeddable":true,"href":"https:\/\/cri.it\/sicilia\/wp-json\/wp\/v2\/users\/65"}],"replies":[{"embeddable":true,"href":"https:\/\/cri.it\/sicilia\/wp-json\/wp\/v2\/comments?post=7529"}],"version-history":[{"count":3,"href":"https:\/\/cri.it\/sicilia\/wp-json\/wp\/v2\/pages\/7529\/revisions"}],"predecessor-version":[{"id":10059,"href":"https:\/\/cri.it\/sicilia\/wp-json\/wp\/v2\/pages\/7529\/revisions\/10059"}],"up":[{"embeddable":true,"href":"https:\/\/cri.it\/sicilia\/wp-json\/wp\/v2\/pages\/6273"}],"wp:attachment":[{"href":"https:\/\/cri.it\/sicilia\/wp-json\/wp\/v2\/media?parent=7529"}],"wp:term":[{"taxonomy":"category","embeddable":true,"href":"https:\/\/cri.it\/sicilia\/wp-json\/wp\/v2\/categories?post=7529"},{"taxonomy":"post_tag","embeddable":true,"href":"https:\/\/cri.it\/sicilia\/wp-json\/wp\/v2\/tags?post=7529"}],"curies":[{"name":"wp","href":"https:\/\/api.w.org\/{rel}","templated":true}]}}