{"id":7014,"date":"2021-11-28T11:42:46","date_gmt":"2021-11-28T10:42:46","guid":{"rendered":"https:\/\/cri.it\/sicilia\/?page_id=7014"},"modified":"2026-02-09T17:19:41","modified_gmt":"2026-02-09T16:19:41","slug":"assemblea-regionale","status":"publish","type":"page","link":"https:\/\/cri.it\/sicilia\/hestia-front\/assemblea-regionale\/","title":{"rendered":"Assemblea Regionale"},"content":{"rendered":"\t\t<div data-elementor-type=\"wp-page\" data-elementor-id=\"7014\" class=\"elementor elementor-7014\">\n\t\t\t\t\t\t<section class=\"elementor-section elementor-top-section elementor-element elementor-element-6486fe6 elementor-section-boxed elementor-section-height-default elementor-section-height-default\" data-id=\"6486fe6\" data-element_type=\"section\" data-e-type=\"section\">\n\t\t\t\t\t\t<div class=\"elementor-container elementor-column-gap-default\">\n\t\t\t\t\t<div class=\"elementor-column elementor-col-100 elementor-top-column elementor-element elementor-element-1d265e47\" data-id=\"1d265e47\" data-element_type=\"column\" data-e-type=\"column\">\n\t\t\t<div class=\"elementor-widget-wrap elementor-element-populated\">\n\t\t\t\t\t\t<div class=\"elementor-element elementor-element-6ae4d0dc elementor-widget elementor-widget-text-editor\" data-id=\"6ae4d0dc\" data-element_type=\"widget\" data-e-type=\"widget\" data-widget_type=\"text-editor.default\">\n\t\t\t\t<div class=\"elementor-widget-container\">\n\t\t\t\t\t\t\t\t\t<p>L&#8217;Assemblea Regionale \u00e8 costituita dal Presidente Regionale, che la presiede, dai membri del Consiglio Direttivo Regionale e dai Presidenti dei Comitati istituiti nella regione.<br \/>Ne fanno altres\u00ec parte, come osservatori, il rappresentante del Corpo militare volontario C.R.I. e l\u2019Ispettrice Regionale II.VV. operanti nella regione.<br \/>In caso di assenza o impedimento, i Presidenti dei Comitati possono delegare in loro vece il Vice Presidente o, in subordine, un membro del Consiglio Direttivo.<\/p>\t\t\t\t\t\t\t\t<\/div>\n\t\t\t\t<\/div>\n\t\t\t\t\t<\/div>\n\t\t<\/div>\n\t\t\t\t\t<\/div>\n\t\t<\/section>\n\t\t\t\t<section class=\"elementor-section elementor-top-section elementor-element elementor-element-94ff157 elementor-section-boxed elementor-section-height-default elementor-section-height-default\" data-id=\"94ff157\" data-element_type=\"section\" data-e-type=\"section\">\n\t\t\t\t\t\t<div class=\"elementor-container elementor-column-gap-default\">\n\t\t\t\t\t<div class=\"elementor-column elementor-col-100 elementor-top-column elementor-element elementor-element-6fd1597\" data-id=\"6fd1597\" data-element_type=\"column\" data-e-type=\"column\">\n\t\t\t<div class=\"elementor-widget-wrap elementor-element-populated\">\n\t\t\t\t\t\t<div class=\"elementor-element elementor-element-4c52770 elementor-widget elementor-widget-text-editor\" data-id=\"4c52770\" data-element_type=\"widget\" data-e-type=\"widget\" data-widget_type=\"text-editor.default\">\n\t\t\t\t<div class=\"elementor-widget-container\">\n\t\t\t\t\t\t\t\t\t<p><b>L&#8217;Assemblea Regionale:<\/b><\/p>\t\t\t\t\t\t\t\t<\/div>\n\t\t\t\t<\/div>\n\t\t\t\t<div class=\"elementor-element elementor-element-c4afbad elementor-widget elementor-widget-text-editor\" data-id=\"c4afbad\" data-element_type=\"widget\" data-e-type=\"widget\" data-widget_type=\"text-editor.default\">\n\t\t\t\t<div class=\"elementor-widget-container\">\n\t\t\t\t\t\t\t\t\t<ul><li>approva le linee generali di sviluppo dell&#8217;attivit\u00e0 della regione, consistenti nel piano delle attivit\u00e0 e delle conseguenti iniziative formative, il bilancio di previsione redatto per il raggiungimento di tali obiettivi, nonch\u00e9 la relazione annuale delle attivit\u00e0 ed il bilancio annuale;<\/li><li>nomina il revisore dei conti o l\u2019organo esterno di certificazione del bilancio del Comitato.<\/li><\/ul><div><\/div>\t\t\t\t\t\t\t\t<\/div>\n\t\t\t\t<\/div>\n\t\t\t\t\t<\/div>\n\t\t<\/div>\n\t\t\t\t\t<\/div>\n\t\t<\/section>\n\t\t\t\t<section class=\"elementor-section elementor-top-section elementor-element elementor-element-760dad1 elementor-section-boxed elementor-section-height-default elementor-section-height-default\" data-id=\"760dad1\" data-element_type=\"section\" data-e-type=\"section\">\n\t\t\t\t\t\t<div class=\"elementor-container elementor-column-gap-default\">\n\t\t\t\t\t<div class=\"elementor-column elementor-col-100 elementor-top-column elementor-element elementor-element-6642e21\" data-id=\"6642e21\" data-element_type=\"column\" data-e-type=\"column\">\n\t\t\t<div class=\"elementor-widget-wrap elementor-element-populated\">\n\t\t\t\t\t\t<div class=\"elementor-element elementor-element-c74d51b elementor-widget elementor-widget-text-editor\" data-id=\"c74d51b\" data-element_type=\"widget\" data-e-type=\"widget\" data-widget_type=\"text-editor.default\">\n\t\t\t\t<div class=\"elementor-widget-container\">\n\t\t\t\t\t\t\t\t\t<p>L&#8217;Assemblea Regionale si riunisce almeno due volte l&#8217;anno in via ordinaria e, in via straordinaria, ogniqualvolta il Consiglio Direttivo, ovvero un terzo dei componenti ne faccia richiesta.\u00a0<\/p><p>La convocazione \u00e8 disposta dal Presidente tramite avviso, contenente l&#8217;ordine del giorno, affisso all&#8217;albo e pubblicato sul sito internet istituzionale almeno quindici giorni prima della data fissata per la riunione.\u00a0<\/p><p>L&#8217;Assemblea Regionale \u00e8 presieduta dal Presidente Regionale ed \u00e8 validamente costituita in prima convocazione con la presenza di almeno la met\u00e0 pi\u00f9 uno dei componenti e, in seconda convocazione, qualunque sia il numero dei presenti.<br \/>\u00a0L&#8217;Assemblea Regionale adotta le proprie decisioni a maggioranza dei presenti, salvo nel caso in cui lo Statuto preveda una maggioranza diversa.<\/p>\t\t\t\t\t\t\t\t<\/div>\n\t\t\t\t<\/div>\n\t\t\t\t\t<\/div>\n\t\t<\/div>\n\t\t\t\t\t<\/div>\n\t\t<\/section>\n\t\t\t\t<section class=\"elementor-section elementor-top-section elementor-element elementor-element-2a46a91 elementor-section-boxed elementor-section-height-default elementor-section-height-default\" data-id=\"2a46a91\" data-element_type=\"section\" data-e-type=\"section\">\n\t\t\t\t\t\t<div class=\"elementor-container elementor-column-gap-default\">\n\t\t\t\t\t<div class=\"elementor-column elementor-col-100 elementor-top-column elementor-element elementor-element-dfccd10\" data-id=\"dfccd10\" data-element_type=\"column\" data-e-type=\"column\">\n\t\t\t<div class=\"elementor-widget-wrap elementor-element-populated\">\n\t\t\t\t\t\t<div class=\"elementor-element elementor-element-4bb54d6 elementor-widget elementor-widget-spacer\" data-id=\"4bb54d6\" data-element_type=\"widget\" data-e-type=\"widget\" data-widget_type=\"spacer.default\">\n\t\t\t\t<div class=\"elementor-widget-container\">\n\t\t\t\t\t\t\t<div class=\"elementor-spacer\">\n\t\t\t<div class=\"elementor-spacer-inner\"><\/div>\n\t\t<\/div>\n\t\t\t\t\t\t<\/div>\n\t\t\t\t<\/div>\n\t\t\t\t<div class=\"elementor-element elementor-element-97db553 elementor-align-center elementor-widget elementor-widget-button\" data-id=\"97db553\" data-element_type=\"widget\" data-e-type=\"widget\" data-widget_type=\"button.default\">\n\t\t\t\t<div class=\"elementor-widget-container\">\n\t\t\t\t\t\t\t\t\t<div class=\"elementor-button-wrapper\">\n\t\t\t\t\t<a class=\"elementor-button elementor-button-link elementor-size-md\" href=\"https:\/\/cri.it\/sicilia\/hestia-front\/comitato-trasparente\/verbali-assemblea-regionale-sicilia\/\">\n\t\t\t\t\t\t<span class=\"elementor-button-content-wrapper\">\n\t\t\t\t\t\t\t\t\t<span class=\"elementor-button-text\">Per i sunti dei verbali \u00e8 possibile consultare cliccando qui<\/span>\n\t\t\t\t\t<\/span>\n\t\t\t\t\t<\/a>\n\t\t\t\t<\/div>\n\t\t\t\t\t\t\t\t<\/div>\n\t\t\t\t<\/div>\n\t\t\t\t\t<\/div>\n\t\t<\/div>\n\t\t\t\t\t<\/div>\n\t\t<\/section>\n\t\t\t\t<section class=\"elementor-section elementor-top-section elementor-element elementor-element-e4d60c2 elementor-section-boxed elementor-section-height-default elementor-section-height-default\" data-id=\"e4d60c2\" data-element_type=\"section\" data-e-type=\"section\">\n\t\t\t\t\t\t<div class=\"elementor-container elementor-column-gap-default\">\n\t\t\t\t\t<div class=\"elementor-column elementor-col-100 elementor-top-column elementor-element elementor-element-8db80ca\" data-id=\"8db80ca\" data-element_type=\"column\" data-e-type=\"column\">\n\t\t\t<div class=\"elementor-widget-wrap elementor-element-populated\">\n\t\t\t\t\t\t<div class=\"elementor-element elementor-element-3fa92cc elementor-widget elementor-widget-spacer\" data-id=\"3fa92cc\" data-element_type=\"widget\" data-e-type=\"widget\" data-widget_type=\"spacer.default\">\n\t\t\t\t<div class=\"elementor-widget-container\">\n\t\t\t\t\t\t\t<div class=\"elementor-spacer\">\n\t\t\t<div class=\"elementor-spacer-inner\"><\/div>\n\t\t<\/div>\n\t\t\t\t\t\t<\/div>\n\t\t\t\t<\/div>\n\t\t\t\t<div class=\"elementor-element elementor-element-dd5bbab elementor-widget-divider--view-line elementor-widget elementor-widget-divider\" data-id=\"dd5bbab\" data-element_type=\"widget\" data-e-type=\"widget\" data-widget_type=\"divider.default\">\n\t\t\t\t<div class=\"elementor-widget-container\">\n\t\t\t\t\t\t\t<div class=\"elementor-divider\">\n\t\t\t<span class=\"elementor-divider-separator\">\n\t\t\t\t\t\t<\/span>\n\t\t<\/div>\n\t\t\t\t\t\t<\/div>\n\t\t\t\t<\/div>\n\t\t\t\t<div class=\"elementor-element elementor-element-b22e3a6 elementor-widget elementor-widget-spacer\" data-id=\"b22e3a6\" data-element_type=\"widget\" data-e-type=\"widget\" data-widget_type=\"spacer.default\">\n\t\t\t\t<div class=\"elementor-widget-container\">\n\t\t\t\t\t\t\t<div class=\"elementor-spacer\">\n\t\t\t<div class=\"elementor-spacer-inner\"><\/div>\n\t\t<\/div>\n\t\t\t\t\t\t<\/div>\n\t\t\t\t<\/div>\n\t\t\t\t\t<\/div>\n\t\t<\/div>\n\t\t\t\t\t<\/div>\n\t\t<\/section>\n\t\t\t\t<section class=\"elementor-section elementor-top-section elementor-element elementor-element-dad5b54 elementor-section-boxed elementor-section-height-default elementor-section-height-default\" data-id=\"dad5b54\" data-element_type=\"section\" data-e-type=\"section\">\n\t\t\t\t\t\t<div class=\"elementor-container elementor-column-gap-default\">\n\t\t\t\t\t<div class=\"elementor-column elementor-col-100 elementor-top-column elementor-element elementor-element-b45f78a\" data-id=\"b45f78a\" data-element_type=\"column\" data-e-type=\"column\">\n\t\t\t<div class=\"elementor-widget-wrap elementor-element-populated\">\n\t\t\t\t\t\t<div class=\"elementor-element elementor-element-d48546e elementor-widget elementor-widget-heading\" data-id=\"d48546e\" data-element_type=\"widget\" data-e-type=\"widget\" data-widget_type=\"heading.default\">\n\t\t\t\t<div class=\"elementor-widget-container\">\n\t\t\t\t\t<h2 class=\"elementor-heading-title elementor-size-large\">ASSEMBLEA REGIONALE GIOVANI\n<\/h2>\t\t\t\t<\/div>\n\t\t\t\t<\/div>\n\t\t\t\t<div class=\"elementor-element elementor-element-f6c6860 elementor-widget elementor-widget-spacer\" data-id=\"f6c6860\" data-element_type=\"widget\" data-e-type=\"widget\" data-widget_type=\"spacer.default\">\n\t\t\t\t<div class=\"elementor-widget-container\">\n\t\t\t\t\t\t\t<div class=\"elementor-spacer\">\n\t\t\t<div class=\"elementor-spacer-inner\"><\/div>\n\t\t<\/div>\n\t\t\t\t\t\t<\/div>\n\t\t\t\t<\/div>\n\t\t\t\t\t<\/div>\n\t\t<\/div>\n\t\t\t\t\t<\/div>\n\t\t<\/section>\n\t\t\t\t<section class=\"elementor-section elementor-top-section elementor-element elementor-element-4f28add elementor-section-boxed elementor-section-height-default elementor-section-height-default\" data-id=\"4f28add\" data-element_type=\"section\" data-e-type=\"section\">\n\t\t\t\t\t\t<div class=\"elementor-container elementor-column-gap-default\">\n\t\t\t\t\t<div class=\"elementor-column elementor-col-100 elementor-top-column elementor-element elementor-element-6196ea1\" data-id=\"6196ea1\" data-element_type=\"column\" data-e-type=\"column\">\n\t\t\t<div class=\"elementor-widget-wrap elementor-element-populated\">\n\t\t\t\t\t\t<div class=\"elementor-element elementor-element-3366da1 elementor-widget elementor-widget-text-editor\" data-id=\"3366da1\" data-element_type=\"widget\" data-e-type=\"widget\" data-widget_type=\"text-editor.default\">\n\t\t\t\t<div class=\"elementor-widget-container\">\n\t\t\t\t\t\t\t\t\t<p>L&#8217;Assemblea Regionale dei Giovani C.R.I. \u00e8 costituita:<\/p>\t\t\t\t\t\t\t\t<\/div>\n\t\t\t\t<\/div>\n\t\t\t\t<div class=\"elementor-element elementor-element-4432292 elementor-widget elementor-widget-text-editor\" data-id=\"4432292\" data-element_type=\"widget\" data-e-type=\"widget\" data-widget_type=\"text-editor.default\">\n\t\t\t\t<div class=\"elementor-widget-container\">\n\t\t\t\t\t\t\t\t\t<ul><li>dal Rappresentante regionale dei Giovani eletto nel Consiglio Direttivo Regionale, che la presiede;<\/li><li>da tutti i rappresentanti dei Giovani eletti o cooptati nei Consigli Direttivi dei Comitati della Croce Rossa Italiana in una regione.<\/li><\/ul>\t\t\t\t\t\t\t\t<\/div>\n\t\t\t\t<\/div>\n\t\t\t\t<div class=\"elementor-element elementor-element-b2eb75f elementor-widget elementor-widget-text-editor\" data-id=\"b2eb75f\" data-element_type=\"widget\" data-e-type=\"widget\" data-widget_type=\"text-editor.default\">\n\t\t\t\t<div class=\"elementor-widget-container\">\n\t\t\t\t\t\t\t\t\t<p>In caso di impossibilit\u00e0 a partecipare, il rappresentante dei Giovani eletto o cooptato pu\u00f2 incaricare \u2013 previo suo atto formale \u2013 un proprio delegato a prendere parte ai lavori. L\u2019avente diritto, per espletare il suo ruolo di rappresentanza dei Giovani CRI del proprio Comitato, deve partecipare ad almeno una Assemblea Regionale all&#8217;anno.<\/p><p>La mancata partecipazione pu\u00f2 essere considerata negligenza di servizio.<\/p><p>L\u2019Assemblea Regionale dei Giovani:<\/p>\t\t\t\t\t\t\t\t<\/div>\n\t\t\t\t<\/div>\n\t\t\t\t<div class=\"elementor-element elementor-element-e97c894 elementor-widget elementor-widget-text-editor\" data-id=\"e97c894\" data-element_type=\"widget\" data-e-type=\"widget\" data-widget_type=\"text-editor.default\">\n\t\t\t\t<div class=\"elementor-widget-container\">\n\t\t\t\t\t\t\t\t\t<ul><li>\u00e8 convocata dal Rappresentante regionale dei Giovani eletto nel Consiglio Direttivo Regionale, previa comunicazione al Presidente Regionale;<\/li><li>elegge, a norma di Statuto e Regolamento, il Rappresentante regionale dei Giovani della C.R.I., membro del Consiglio Direttivo Regionale e Vice Presidente, e pu\u00f2 sfiduciarlo;<\/li><li>propone al Consiglio Direttivo Regionale le linee generali di sviluppo dell\u2019attivit\u00e0 verso la giovent\u00f9 in regione, il piano delle attivit\u00e0 e delle conseguenti iniziative formative, il bilancio di previsione redatto per il raggiungimento di tali obiettivi, nonch\u00e9 la relazione annuale delle attivit\u00e0. All\u2019Assemblea Regionale dei Giovani sono applicabili, in quanto compatibili, le norme previste dal presente Regolamento in materia di Assemblea Regionale.<\/li><\/ul>\t\t\t\t\t\t\t\t<\/div>\n\t\t\t\t<\/div>\n\t\t\t\t\t<\/div>\n\t\t<\/div>\n\t\t\t\t\t<\/div>\n\t\t<\/section>\n\t\t\t\t<section class=\"elementor-section elementor-top-section elementor-element elementor-element-a51c52f elementor-section-boxed elementor-section-height-default elementor-section-height-default\" data-id=\"a51c52f\" data-element_type=\"section\" data-e-type=\"section\">\n\t\t\t\t\t\t<div class=\"elementor-container elementor-column-gap-default\">\n\t\t\t\t\t<div class=\"elementor-column elementor-col-100 elementor-top-column elementor-element elementor-element-2b53cb9\" data-id=\"2b53cb9\" data-element_type=\"column\" data-e-type=\"column\">\n\t\t\t<div class=\"elementor-widget-wrap elementor-element-populated\">\n\t\t\t\t\t\t<div class=\"elementor-element elementor-element-0b65f22 elementor-widget elementor-widget-spacer\" data-id=\"0b65f22\" data-element_type=\"widget\" data-e-type=\"widget\" data-widget_type=\"spacer.default\">\n\t\t\t\t<div class=\"elementor-widget-container\">\n\t\t\t\t\t\t\t<div class=\"elementor-spacer\">\n\t\t\t<div class=\"elementor-spacer-inner\"><\/div>\n\t\t<\/div>\n\t\t\t\t\t\t<\/div>\n\t\t\t\t<\/div>\n\t\t\t\t<div class=\"elementor-element elementor-element-ebd7cde elementor-align-center elementor-widget elementor-widget-button\" data-id=\"ebd7cde\" data-element_type=\"widget\" data-e-type=\"widget\" data-widget_type=\"button.default\">\n\t\t\t\t<div class=\"elementor-widget-container\">\n\t\t\t\t\t\t\t\t\t<div class=\"elementor-button-wrapper\">\n\t\t\t\t\t<a class=\"elementor-button elementor-button-link elementor-size-md\" href=\"https:\/\/cri.it\/sicilia\/hestia-front\/comitato-trasparente\/verbali-assemblea-regionale-sicilia\/\">\n\t\t\t\t\t\t<span class=\"elementor-button-content-wrapper\">\n\t\t\t\t\t\t\t\t\t<span class=\"elementor-button-text\">Per i sunti dei verbali \u00e8 possibile consultare cliccando qui<\/span>\n\t\t\t\t\t<\/span>\n\t\t\t\t\t<\/a>\n\t\t\t\t<\/div>\n\t\t\t\t\t\t\t\t<\/div>\n\t\t\t\t<\/div>\n\t\t\t\t<div class=\"elementor-element elementor-element-23424c1 elementor-widget elementor-widget-spacer\" data-id=\"23424c1\" data-element_type=\"widget\" data-e-type=\"widget\" data-widget_type=\"spacer.default\">\n\t\t\t\t<div class=\"elementor-widget-container\">\n\t\t\t\t\t\t\t<div class=\"elementor-spacer\">\n\t\t\t<div class=\"elementor-spacer-inner\"><\/div>\n\t\t<\/div>\n\t\t\t\t\t\t<\/div>\n\t\t\t\t<\/div>\n\t\t\t\t\t<\/div>\n\t\t<\/div>\n\t\t\t\t\t<\/div>\n\t\t<\/section>\n\t\t\t\t<\/div>\n\t\t","protected":false},"excerpt":{"rendered":"<p>L&#8217;Assemblea Regionale \u00e8 costituita dal Presidente Regionale, che la presiede, dai membri del Consiglio Direttivo Regionale e dai Presidenti dei Comitati istituiti nella regione.Ne fanno altres\u00ec parte, come osservatori, il rappresentante del Corpo militare volontario C.R.I. e l\u2019Ispettrice Regionale II.VV. operanti nella regione.In caso di assenza o impedimento, i Presidenti [&hellip;]<\/p>\n","protected":false},"author":65,"featured_media":0,"parent":5495,"menu_order":0,"comment_status":"closed","ping_status":"closed","template":"","meta":{"_themeisle_gutenberg_block_has_review":false,"footnotes":""},"categories":[3,26,15],"tags":[],"class_list":["post-7014","page","type-page","status-publish","hentry","category-comitato-sicilia","category-sicilia","category-sviluppo"],"_links":{"self":[{"href":"https:\/\/cri.it\/sicilia\/wp-json\/wp\/v2\/pages\/7014","targetHints":{"allow":["GET"]}}],"collection":[{"href":"https:\/\/cri.it\/sicilia\/wp-json\/wp\/v2\/pages"}],"about":[{"href":"https:\/\/cri.it\/sicilia\/wp-json\/wp\/v2\/types\/page"}],"author":[{"embeddable":true,"href":"https:\/\/cri.it\/sicilia\/wp-json\/wp\/v2\/users\/65"}],"replies":[{"embeddable":true,"href":"https:\/\/cri.it\/sicilia\/wp-json\/wp\/v2\/comments?post=7014"}],"version-history":[{"count":3,"href":"https:\/\/cri.it\/sicilia\/wp-json\/wp\/v2\/pages\/7014\/revisions"}],"predecessor-version":[{"id":11761,"href":"https:\/\/cri.it\/sicilia\/wp-json\/wp\/v2\/pages\/7014\/revisions\/11761"}],"up":[{"embeddable":true,"href":"https:\/\/cri.it\/sicilia\/wp-json\/wp\/v2\/pages\/5495"}],"wp:attachment":[{"href":"https:\/\/cri.it\/sicilia\/wp-json\/wp\/v2\/media?parent=7014"}],"wp:term":[{"taxonomy":"category","embeddable":true,"href":"https:\/\/cri.it\/sicilia\/wp-json\/wp\/v2\/categories?post=7014"},{"taxonomy":"post_tag","embeddable":true,"href":"https:\/\/cri.it\/sicilia\/wp-json\/wp\/v2\/tags?post=7014"}],"curies":[{"name":"wp","href":"https:\/\/api.w.org\/{rel}","templated":true}]}}