{"id":6245,"date":"2021-09-09T10:49:28","date_gmt":"2021-09-09T08:49:28","guid":{"rendered":"https:\/\/cri.it\/sicilianew\/?page_id=6245"},"modified":"2022-01-21T12:00:35","modified_gmt":"2022-01-21T11:00:35","slug":"codice-etico","status":"publish","type":"page","link":"https:\/\/cri.it\/sicilia\/hestia-front\/codice-etico\/","title":{"rendered":"Codice Etico"},"content":{"rendered":"\t\t<div data-elementor-type=\"wp-page\" data-elementor-id=\"6245\" class=\"elementor elementor-6245\">\n\t\t\t\t\t\t<section class=\"elementor-section elementor-top-section elementor-element elementor-element-7f4cec5 elementor-section-boxed elementor-section-height-default elementor-section-height-default\" data-id=\"7f4cec5\" data-element_type=\"section\" data-e-type=\"section\">\n\t\t\t\t\t\t<div class=\"elementor-container elementor-column-gap-default\">\n\t\t\t\t\t<div class=\"elementor-column elementor-col-100 elementor-top-column elementor-element elementor-element-64a8460\" data-id=\"64a8460\" data-element_type=\"column\" data-e-type=\"column\">\n\t\t\t<div class=\"elementor-widget-wrap elementor-element-populated\">\n\t\t\t\t\t\t<div class=\"elementor-element elementor-element-35f18e5 elementor-widget elementor-widget-text-editor\" data-id=\"35f18e5\" data-element_type=\"widget\" data-e-type=\"widget\" data-widget_type=\"text-editor.default\">\n\t\t\t\t<div class=\"elementor-widget-container\">\n\t\t\t\t\t\t\t\t\t<div class=\"viewPar BLOBAlignJustify\"><p>Ogni giorno, milioni di volontari sono al fianco delle persone in stato di vulnerabilit\u00e0. I volontari della Croce Rossa sono presenti in quasi tutte le comunit\u00e0 del mondo, dai piccoli centri alle grandi citt\u00e0, con l\u2019obiettivo di prevenire e ridurre la sofferenza umana.\u00a0 I Volontari agiscono secondo i sette Principi Fondamentali del Movimento Internazionale della Croce Rossa e della Mezzaluna Rossa:<em class=\"userFormat2\"><span>\u00a0<\/span>Umanit\u00e0, Imparzialit\u00e0, Neutralit\u00e0, Indipendenza, Volontariato, Unit\u00e0 e Universalit\u00e0<\/em>. Essi, inoltre, prestano servizio aderendo alle regole di comportamento previste dal Codice Etico della Croce Rossa.<br \/><br \/>Il Codice Etico \u00e8 un insieme di<strong class=\"userFormat1\"><span>\u00a0<\/span>regole di comportamento<span>\u00a0<\/span><\/strong>cui hanno l\u2019obbligo di attenersi e conformarsi coloro che, a qualsiasi titolo, fanno parte dell\u2019Associazione e operano in essa. L\u2019obiettivo \u00e8 uniformare i comportamenti dei soci e del personale dipendente all&#8217;<strong class=\"userFormat1\">applicazione dei sette Principi Fondamentali e dei valori del Movimento Internazionale<\/strong>.<br \/><br \/>La Croce Rossa Italiana pone al centro le persone e il loro valore come individui unici, incoraggia lo spirito di volontariato, stimola in particolare i giovani. Valorizzando lo spirito d\u2019iniziativa di ciascun membro, forma i propri volontari affinch\u00e9 possano svolgere in modo adeguato e professionale i compiti loro assegnati.<br \/><br \/>Secondo il nostro Codice Etico, qualsiasi azione dei volontari non pu\u00f2 prescindere dal rispondere alle seguenti domande:<br \/><br \/><\/p><\/div><ul class=\"viewUL BLOBListSymbolDisc\"><li class=\"viewLI BLOBAlignJustify\">\u00a0 Quest\u2019azione \u00e8 in accordo con i Principi Fondamentali e con il Codice di condotta?<\/li><li class=\"viewLI BLOBAlignJustify\">\u00a0 Quest\u2019azione \u00e8 conforme alle politiche, procedure e linee guida?<\/li><li class=\"viewLI BLOBAlignJustify\">\u00a0 Quest\u2019azione \u00e8 lecita secondo le leggi del Paese in cui sono?<\/li><li class=\"viewLI BLOBAlignJustify\">\u00a0 Quest\u2019azione mette in luce positivamente, o almeno non negativamente, la Croce Rossa Italiana e me?<\/li><li class=\"viewLI BLOBAlignJustify\">\u00a0 Esiste un\u2019azione alternativa per cui io possa rispondere \u201cs\u00ec\u201d per ognuna di queste domande?<\/li><\/ul><div class=\"viewPar BLOBAlignJustify\"><p><br \/>I destinatari dei principi e delle disposizioni contenute nel Codice Etico sono i Soci, i Presidenti, i componenti dei Consigli Direttivi, i Commissari ad ogni livello, i dirigenti, i dipendenti, i collaboratori, i consulenti e delegati internazionali e, in generale, chiunque operi per conto della<span>\u00a0<\/span><acronym title=\"Croce Rossa Italiana\">CRI<\/acronym>.<br \/><br \/>Gli appartenenti alla Croce Rossa italiana sono tenuti a osservare il Codice Etico dell\u2019Associazione e le normative che regolano l\u2019ordinamento dell\u2019Associazione agendo sempre secondo i Principi Fondamentali del Movimento Internazionale della Croce Rossa e promuovendo la loro diffusione. Essi devono rispettare le regole concernenti l\u2019uso dell\u2019emblema e impedirne ogni abuso e non devono ledere l\u2019Associazione in nessun modo, incluso qualsiasi comportamento scorretto nell\u2019utilizzo dei social network; devono prestare costantemente<span>\u00a0<\/span><strong class=\"userFormat1\">attenzione ai bisogni delle persone<\/strong>, anche quando non si \u00e8 in servizio e non si indossa la divisa, e portare a termine la propria missione senza alcuna discriminazione.<br \/><br \/>Il mancato rispetto delle norme del Codice e dei suoi allegati e i comportamenti difformi alle regole e ai doveri che violano i regolamenti comporta l\u2019adozione di sanzioni commisurate alla gravit\u00e0 della violazione, secondo le procedure indicate dai relativi regolamenti interni.<\/p><\/div>\t\t\t\t\t\t\t\t<\/div>\n\t\t\t\t<\/div>\n\t\t\t\t<div class=\"elementor-element elementor-element-1c76f4e elementor-align-center elementor-widget elementor-widget-button\" data-id=\"1c76f4e\" data-element_type=\"widget\" data-e-type=\"widget\" data-widget_type=\"button.default\">\n\t\t\t\t<div class=\"elementor-widget-container\">\n\t\t\t\t\t\t\t\t\t<div class=\"elementor-button-wrapper\">\n\t\t\t\t\t<a class=\"elementor-button elementor-button-link elementor-size-sm mtli_attachment mtli_pdf\" href=\"https:\/\/cri.it\/sicilianew\/wp-content\/uploads\/sites\/17\/2021\/09\/Codice_etico__provvedimenti_disciplinari_e_collegi_disciplinari.pdf\">\n\t\t\t\t\t\t<span class=\"elementor-button-content-wrapper\">\n\t\t\t\t\t\t\t\t\t<span class=\"elementor-button-text\">Clicca qui per il  CODICE ETICO<\/span>\n\t\t\t\t\t<\/span>\n\t\t\t\t\t<\/a>\n\t\t\t\t<\/div>\n\t\t\t\t\t\t\t\t<\/div>\n\t\t\t\t<\/div>\n\t\t\t\t\t<\/div>\n\t\t<\/div>\n\t\t\t\t\t<\/div>\n\t\t<\/section>\n\t\t\t\t<section class=\"elementor-section elementor-top-section elementor-element elementor-element-c196c75 elementor-section-boxed elementor-section-height-default elementor-section-height-default\" data-id=\"c196c75\" data-element_type=\"section\" data-e-type=\"section\">\n\t\t\t\t\t\t<div class=\"elementor-container elementor-column-gap-default\">\n\t\t\t\t\t<div class=\"elementor-column elementor-col-100 elementor-top-column elementor-element elementor-element-889f348\" data-id=\"889f348\" data-element_type=\"column\" data-e-type=\"column\">\n\t\t\t<div class=\"elementor-widget-wrap elementor-element-populated\">\n\t\t\t\t\t\t<div class=\"elementor-element elementor-element-e3218aa elementor-widget elementor-widget-spacer\" data-id=\"e3218aa\" data-element_type=\"widget\" data-e-type=\"widget\" data-widget_type=\"spacer.default\">\n\t\t\t\t<div class=\"elementor-widget-container\">\n\t\t\t\t\t\t\t<div class=\"elementor-spacer\">\n\t\t\t<div class=\"elementor-spacer-inner\"><\/div>\n\t\t<\/div>\n\t\t\t\t\t\t<\/div>\n\t\t\t\t<\/div>\n\t\t\t\t<div class=\"elementor-element elementor-element-4cc3340 elementor-widget elementor-widget-heading\" data-id=\"4cc3340\" data-element_type=\"widget\" data-e-type=\"widget\" data-widget_type=\"heading.default\">\n\t\t\t\t<div class=\"elementor-widget-container\">\n\t\t\t\t\t<h2 class=\"elementor-heading-title elementor-size-large\">Approvato il Codice CRI per la Prevenzione e il contrasto alle molestie sessuali.<\/h2>\t\t\t\t<\/div>\n\t\t\t\t<\/div>\n\t\t\t\t\t<\/div>\n\t\t<\/div>\n\t\t\t\t\t<\/div>\n\t\t<\/section>\n\t\t\t\t<section class=\"elementor-section elementor-top-section elementor-element elementor-element-574954e elementor-section-boxed elementor-section-height-default elementor-section-height-default\" data-id=\"574954e\" data-element_type=\"section\" data-e-type=\"section\">\n\t\t\t\t\t\t<div class=\"elementor-container elementor-column-gap-default\">\n\t\t\t\t\t<div class=\"elementor-column elementor-col-100 elementor-top-column elementor-element elementor-element-2908a3c\" data-id=\"2908a3c\" data-element_type=\"column\" data-e-type=\"column\">\n\t\t\t<div class=\"elementor-widget-wrap elementor-element-populated\">\n\t\t\t\t\t\t<div class=\"elementor-element elementor-element-b072839 elementor-widget elementor-widget-text-editor\" data-id=\"b072839\" data-element_type=\"widget\" data-e-type=\"widget\" data-widget_type=\"text-editor.default\">\n\t\t\t\t<div class=\"elementor-widget-container\">\n\t\t\t\t\t\t\t\t\t<p><span>Il\u00a0<\/span><em class=\"userFormat2\">Consiglio Direttivo Nazionale della Croce Rossa Italiana<\/em><span>, con Delibera 129\/18 del 9 Novembre 2018, ha approvato il\u00a0<\/span><strong class=\"userFormat1\">Codice di condotta per la prevenzione e il contrasto alle molestie sessuali<\/strong><span>. Richiamandosi, tra gli altri, ai principi costituzionalmente sanciti di parit\u00e0 tra uomini e donne, a tutela della persona e del lavoratore; alla normativa comunitaria sulla tutela della dignit\u00e0 delle donne e degli uomini sul posto di lavoro e sulle molestie sessuali; alle linee guida contro le molestie e alla policy di prevenzione e risposta allo sfruttamento sessuale e agli abusi della IFRC, il Comitato Nazionale\u00a0<\/span><acronym title=\"Croce Rossa Italiana\">CRI<\/acronym><span>\u00a0ha inteso dotarsi di un ulteriore strumento, ad integrazione delle disposizioni del Codice Etico, dei provvedimenti disciplinari e collegi disciplinari, volto a prevenire e\/o contrastare comportamenti che configurino molestie sessuali nei confronti dei soci, dei dipendenti e dei terzi destinatari delle attivit\u00e0 della Croce Rossa Italiana.<\/span><\/p>\t\t\t\t\t\t\t\t<\/div>\n\t\t\t\t<\/div>\n\t\t\t\t<div class=\"elementor-element elementor-element-167338d elementor-align-center elementor-widget elementor-widget-button\" data-id=\"167338d\" data-element_type=\"widget\" data-e-type=\"widget\" data-widget_type=\"button.default\">\n\t\t\t\t<div class=\"elementor-widget-container\">\n\t\t\t\t\t\t\t\t\t<div class=\"elementor-button-wrapper\">\n\t\t\t\t\t<a class=\"elementor-button elementor-button-link elementor-size-sm mtli_attachment mtli_pdf\" href=\"https:\/\/cri.it\/sicilianew\/wp-content\/uploads\/sites\/17\/2021\/09\/CODICE_DI_CONDOTTA_PER_LA_PREVENZIONE_ED_IL_CONTRASTO_ALLE_MOLESTIE_SESSUALI_def.__2.pdf\" target=\"_blank\">\n\t\t\t\t\t\t<span class=\"elementor-button-content-wrapper\">\n\t\t\t\t\t\t\t\t\t<span class=\"elementor-button-text\">Clicca qui per il CODICE DI CONDOTTA <\/span>\n\t\t\t\t\t<\/span>\n\t\t\t\t\t<\/a>\n\t\t\t\t<\/div>\n\t\t\t\t\t\t\t\t<\/div>\n\t\t\t\t<\/div>\n\t\t\t\t\t<\/div>\n\t\t<\/div>\n\t\t\t\t\t<\/div>\n\t\t<\/section>\n\t\t\t\t<\/div>\n\t\t","protected":false},"excerpt":{"rendered":"<p>Ogni giorno, milioni di volontari sono al fianco delle persone in stato di vulnerabilit\u00e0. I volontari della Croce Rossa sono presenti in quasi tutte le comunit\u00e0 del mondo, dai piccoli centri alle grandi citt\u00e0, con l\u2019obiettivo di prevenire e ridurre la sofferenza umana.\u00a0 I Volontari agiscono secondo i sette Principi [&hellip;]<\/p>\n","protected":false},"author":65,"featured_media":4714,"parent":5495,"menu_order":0,"comment_status":"closed","ping_status":"closed","template":"","meta":{"_themeisle_gutenberg_block_has_review":false,"footnotes":""},"categories":[],"tags":[],"class_list":["post-6245","page","type-page","status-publish","has-post-thumbnail","hentry"],"_links":{"self":[{"href":"https:\/\/cri.it\/sicilia\/wp-json\/wp\/v2\/pages\/6245","targetHints":{"allow":["GET"]}}],"collection":[{"href":"https:\/\/cri.it\/sicilia\/wp-json\/wp\/v2\/pages"}],"about":[{"href":"https:\/\/cri.it\/sicilia\/wp-json\/wp\/v2\/types\/page"}],"author":[{"embeddable":true,"href":"https:\/\/cri.it\/sicilia\/wp-json\/wp\/v2\/users\/65"}],"replies":[{"embeddable":true,"href":"https:\/\/cri.it\/sicilia\/wp-json\/wp\/v2\/comments?post=6245"}],"version-history":[{"count":4,"href":"https:\/\/cri.it\/sicilia\/wp-json\/wp\/v2\/pages\/6245\/revisions"}],"predecessor-version":[{"id":7172,"href":"https:\/\/cri.it\/sicilia\/wp-json\/wp\/v2\/pages\/6245\/revisions\/7172"}],"up":[{"embeddable":true,"href":"https:\/\/cri.it\/sicilia\/wp-json\/wp\/v2\/pages\/5495"}],"wp:featuredmedia":[{"embeddable":true,"href":"https:\/\/cri.it\/sicilia\/wp-json\/wp\/v2\/media\/4714"}],"wp:attachment":[{"href":"https:\/\/cri.it\/sicilia\/wp-json\/wp\/v2\/media?parent=6245"}],"wp:term":[{"taxonomy":"category","embeddable":true,"href":"https:\/\/cri.it\/sicilia\/wp-json\/wp\/v2\/categories?post=6245"},{"taxonomy":"post_tag","embeddable":true,"href":"https:\/\/cri.it\/sicilia\/wp-json\/wp\/v2\/tags?post=6245"}],"curies":[{"name":"wp","href":"https:\/\/api.w.org\/{rel}","templated":true}]}}