{"id":10263,"date":"2024-09-04T11:26:15","date_gmt":"2024-09-04T09:26:15","guid":{"rendered":"https:\/\/cri.it\/sicilia\/?page_id=10263"},"modified":"2024-10-01T15:28:56","modified_gmt":"2024-10-01T13:28:56","slug":"staff-salute-collabora-con-noi","status":"publish","type":"page","link":"https:\/\/cri.it\/sicilia\/hestia-front\/innovazione-e-comunicazione\/collabora-con-noi\/staff-salute-profili-richiesti\/","title":{"rendered":"Staff Salute, profili richiesti"},"content":{"rendered":"\t\t<div data-elementor-type=\"wp-page\" data-elementor-id=\"10263\" class=\"elementor elementor-10263\">\n\t\t\t\t\t\t<section class=\"elementor-section elementor-top-section elementor-element elementor-element-055d713 elementor-section-boxed elementor-section-height-default elementor-section-height-default\" data-id=\"055d713\" data-element_type=\"section\" data-e-type=\"section\">\n\t\t\t\t\t\t<div class=\"elementor-container elementor-column-gap-default\">\n\t\t\t\t\t<div class=\"elementor-column elementor-col-100 elementor-top-column elementor-element elementor-element-c49ed0b\" data-id=\"c49ed0b\" data-element_type=\"column\" data-e-type=\"column\">\n\t\t\t<div class=\"elementor-widget-wrap elementor-element-populated\">\n\t\t\t\t\t\t<div class=\"elementor-element elementor-element-71d3346 elementor-widget elementor-widget-heading\" data-id=\"71d3346\" data-element_type=\"widget\" data-e-type=\"widget\" data-widget_type=\"heading.default\">\n\t\t\t\t<div class=\"elementor-widget-container\">\n\t\t\t\t\t<h2 class=\"elementor-heading-title elementor-size-default\">Staff Salute, profili richiesti:<\/h2>\t\t\t\t<\/div>\n\t\t\t\t<\/div>\n\t\t\t\t\t<\/div>\n\t\t<\/div>\n\t\t\t\t\t<\/div>\n\t\t<\/section>\n\t\t\t\t<section class=\"elementor-section elementor-top-section elementor-element elementor-element-66b1642 elementor-section-boxed elementor-section-height-default elementor-section-height-default\" data-id=\"66b1642\" data-element_type=\"section\" data-e-type=\"section\">\n\t\t\t\t\t\t<div class=\"elementor-container elementor-column-gap-default\">\n\t\t\t\t\t<div class=\"elementor-column elementor-col-100 elementor-top-column elementor-element elementor-element-a9120ea\" data-id=\"a9120ea\" data-element_type=\"column\" data-e-type=\"column\">\n\t\t\t<div class=\"elementor-widget-wrap elementor-element-populated\">\n\t\t\t\t\t\t<div class=\"elementor-element elementor-element-261ea3d elementor-widget elementor-widget-text-editor\" data-id=\"261ea3d\" data-element_type=\"widget\" data-e-type=\"widget\" data-widget_type=\"text-editor.default\">\n\t\t\t\t<div class=\"elementor-widget-container\">\n\t\t\t\t\t\t\t\t\t<div><b>Medico e Infermiere<br \/>Soft Skills richieste per tutte le figure Medico\/infermieristiche:<\/b><br \/>&#8211; Ottime capacit\u00e0 nella comunicazione con le figure circostanti<br \/>&#8211; Predisposizione alla leadership e coordinamento delle attivit\u00e0<br \/>&#8211; Creativit\u00e0 nel trovare dei piani strategici alternativi e\/o innovativi<br \/>&#8211; Etica lavorativa: mantenere, diffondere buone norme attinenti al proprio codice<br \/>etico<br \/>&#8211; Problem solving: capacit\u00e0 di risolvere le varie problematiche in modo funzionale e<br \/>con tempi adeguati<br \/>&#8211; Empatia: capacit\u00e0 di mettersi di comprendere le idee ed emozioni dell&#8217;interlocutore<br \/>&#8211; Resilienza: capacit\u00e0 di affrontare e superare un evento traumatico<\/div><div><p>&#8211; Adattamento: saper modificare la propria condotta in base all&#8217;evolversi delle situazioni<br \/>&#8211; Pensiero critico: saper analizzare le situazioni in modo obiettivo, senza lasciarsi<br \/>condurre dalle proprie impressioni soggettive<br \/>&#8211; Teamwork: esperienza nella gestione di team e lavoro di squadra<\/p><\/div><div><b>Requisiti per Medico\/Infermiere Gruppo di Lavoro Area emergenza:<\/b><br \/>&#8211; Infermiere\/Medico Laureato da almeno 2 anni<br \/>&#8211; Esperienza in area critica (eccedenza 118, Pronto Soccorso e situazioni di calamit\u00e0,<br \/>emergenze territoriali)<br \/>&#8211; Aggiornamento BLSD e PTC valido<br \/>&#8211; Volontario CRI attivo<br \/>&#8211; Trainer (possibilmente) o attivit\u00e0 di docenze fuori CRI.\u00a0<\/div><div><b>Requisiti per Medico\/Infermiere Gruppo di Lavoro Donazione sangue:<\/b><br \/>&#8211; Infermiere\/Medico Laureato da almeno 2 anni<br \/>&#8211; Esperienza nell\u2019area della Donazione Sangue<br \/>&#8211; Volontario CRI attivo<br \/>&#8211; Aggiornamento BLSD e PTC valido<br \/>&#8211; Attivit\u00e0 di docenze dentro o fuori CRI.<br \/>&#8211; Conoscenza del Sistema EMONET.<br \/>&#8211; Esperienza in accreditamento.<\/div><div><b>Requisiti per Medico\/Infermiere Gruppo di Lavoro Servizi sanitari, e TS di<br \/>competenza infermieristica:<\/b><br \/>&#8211; Infermiere\/Medico Laureato da almeno 2 anni<br \/>&#8211; Aggiornamento BLSD e PTC valido<br \/>&#8211; Volontario CRI attivo<\/div><div><b>Requisiti per Medico\/Infermiere Ambulatori per visite mediche, patenti e<br \/>screening (diabete, ipertensione, cardiologia, colonscopia, gastroscopia e<br \/>mammografia) e attivit\u00e0 in piazza. Con attuazione telemedicina. (Future ulteriori<br \/>suddivisioni in ulteriori gruppi di lavoro e coordinamento per ogni attivit\u00e0<br \/>specifica):<\/b><br \/>&#8211; Medico\/Infermiere Laureato da almeno 2 anni<br \/>&#8211; Esperienze Pregresse in ambito sanitario.<br \/>&#8211; Specificare Specializzazioni specifiche\u00a0<br \/>&#8211; Aggiornamento BLSD e PTC valido<br \/>&#8211; Volontario CRI attivo<br \/>&#8211; Competenze informatiche<\/div><div><p><b>Accesso aperto alle IIVV (Infermiere Volontarie),<\/b> con 2 anni di esperienza in area<br \/>sanitaria, in emergenza e con ruolo attivo (per infermiere anche non laureate in<br \/>area sanitaria ma con diploma da IIVV). Sono valutabili ulteriori qualifiche e<br \/>competenze certificate e conseguite anche al di fuori della CRI.<\/p><p><b>Area Sicurezza e Idoneit\u00e0:<\/b><br \/>Possono applicare:\u00a0<br \/>&#8211; Medico\/Tecnico della prevenzione Laureato da almeno 2 anni. Per il medico<br \/>Specializzazioni in Igiene, Medicina Preventiva, Medicina del Lavoro, Medicina<br \/>Legale.<br \/>&#8211; Persone con il titolo di RSPP, Ingegneri con esperienza sulla sicurezza sul lavoro o<br \/>altri titoli analoghi.<br \/>&#8211; Esperienze Pregresse in ambito sicurezza.<br \/>&#8211; Specificare Specializzazioni specifiche\u00a0<br \/>&#8211; Volontario CRI attivo<br \/>&#8211; Competenze informatiche<br \/>&#8211; Saper gestire aula, quindi delle docenze<\/p><\/div><div><p><b>Trainer<\/b>:<br \/>Soft Skills richieste per tutte le figure Trainer:<br \/>&#8211; Capacit\u00e0 di problem solving, di lavorare in emergenza e sotto stress<br \/>&#8211; Abilit\u00e0 didattiche e capacit\u00e0 di spiegare concetti complessi in modo chiaro<br \/>&#8211; Conoscenza delle tecniche di valutazione della formazione<br \/>&#8211; Abilit\u00e0 analitiche e capacit\u00e0 di generare report di valutazione<br \/>&#8211; Conoscenza delle normative e degli standard di settore<br \/>&#8211; Ottime capacit\u00e0 comunicative e interpersonali<br \/>&#8211; Capacit\u00e0 di adattarsi a diversi stili di apprendimento dei partecipanti<br \/>&#8211; Predisposizione al lavoro di squadra e alla collaborazione<br \/>&#8211; Capacit\u00e0 di sviluppare programmi di formazione e materiali didattici<br \/>&#8211; Competenze organizzative e di gestione del tempo<br \/>&#8211; Ottime capacit\u00e0 di comunicazione e leadership<br \/>&#8211; Esperienza nella gestione di team e risoluzione dei conflitti<\/p><\/div><div><p><b>Requisiti Trainer TSSA (Trasporto Sanitario e Soccorso in ABZ)<\/b><br \/>&#8211; Almeno 2 anni di qualifica Trainer TSSA<br \/>&#8211; Aver condotto un minimo di 6 corsi completi e\/o aggiornamenti.<br \/>&#8211; Ruolo di volontario attivo\u00a0<\/p><\/div><div><p><b>Ricerca Trainer MSV (Manovre Salva Vita)<\/b><br \/>&#8211; Almeno 2 anni di qualifica Trainer MSV<br \/>&#8211; Aver condotto un minimo di 10 corsi (almeno 5 sanitari)<br \/>&#8211; Ruolo di volontario attivo\u00a0<\/p><\/div><div><p><b>Ricerca Monitore di Educazione alla Salute<\/b><br \/>&#8211; Esperienza nella gestione delle aule.<br \/>&#8211; Competenze nelle gestione delle crisi.\u00a0<br \/>&#8211; Corsi in ambito di Prevenzione alla Salute.<br \/>&#8211; Conoscenze e corsi in ambito MST.<\/p><\/div><div><b>Volontari con esperienza in progettazione.<\/b><br \/>&#8211; almeno due anni di attivit\u00e0 documentabili dentro cri o fuori Croce Rossa in project<br \/>management.<br \/>&#8211; Book dei progetti presentati, approvati, gestiti e rendicontati economicamente e<br \/>con indici di rendimento.<br \/>&#8211; Competenze informatiche<br \/>&#8211; Conoscenza lingua inglese\u00a0<\/div><div><\/div><div><b>Volontari Esperienza in logistica:\u00a0<\/b><br \/>&#8211; almeno 2 anni di attivit\u00e0 di attivit\u00e0 in cri o fuori cri di gestione magazzino e logistica<br \/>con focus sul sanitario.<br \/>&#8211; Competenze informatiche.<\/div><div><\/div><div><b>Volontari con capacit\u00e0 di programmazione software:\u00a0<br \/><\/b>&#8211; linguaggi di programmazione (Python, Java, etc\u2026)<br \/>&#8211; Applicativi sviluppati\u00a0<br \/>&#8211; Database utilizzati\u00a0<\/div><div><\/div><div><b>Volontari con esperienza in ambito di quality management:\u00a0<\/b><br \/>&#8211; Evidenza di almeno 2 anni di audit\u00a0<br \/>&#8211; Stesura, revisione e compilazione manuali.<\/div><div><\/div><div><b>Assistenti sociali:<\/b><br \/>&#8211; Titolo Professionale ed iscrizione al relativo albo.<br \/>&#8211; Competenze informatiche.<br \/>&#8211; Esperienza in ambiente critico, emergenziale e\/o di marginalit\u00e0.<br \/>&#8211; Sviluppo piani di gestione utente.<br \/>&#8211; Assistenza ai senza fissa dimora.<\/div>\t\t\t\t\t\t\t\t<\/div>\n\t\t\t\t<\/div>\n\t\t\t\t\t<\/div>\n\t\t<\/div>\n\t\t\t\t\t<\/div>\n\t\t<\/section>\n\t\t\t\t<section class=\"elementor-section elementor-top-section elementor-element elementor-element-c208cbb elementor-section-boxed elementor-section-height-default elementor-section-height-default\" data-id=\"c208cbb\" data-element_type=\"section\" data-e-type=\"section\">\n\t\t\t\t\t\t<div class=\"elementor-container elementor-column-gap-default\">\n\t\t\t\t\t<div class=\"elementor-column elementor-col-100 elementor-top-column elementor-element elementor-element-f2be457\" data-id=\"f2be457\" data-element_type=\"column\" data-e-type=\"column\">\n\t\t\t<div class=\"elementor-widget-wrap elementor-element-populated\">\n\t\t\t\t\t\t<div class=\"elementor-element elementor-element-0377ab5 elementor-widget elementor-widget-spacer\" data-id=\"0377ab5\" data-element_type=\"widget\" data-e-type=\"widget\" data-widget_type=\"spacer.default\">\n\t\t\t\t<div class=\"elementor-widget-container\">\n\t\t\t\t\t\t\t<div class=\"elementor-spacer\">\n\t\t\t<div class=\"elementor-spacer-inner\"><\/div>\n\t\t<\/div>\n\t\t\t\t\t\t<\/div>\n\t\t\t\t<\/div>\n\t\t\t\t\t<\/div>\n\t\t<\/div>\n\t\t\t\t\t<\/div>\n\t\t<\/section>\n\t\t\t\t<section class=\"elementor-section elementor-top-section elementor-element elementor-element-504e134 elementor-section-boxed elementor-section-height-default elementor-section-height-default\" data-id=\"504e134\" data-element_type=\"section\" data-e-type=\"section\">\n\t\t\t\t\t\t<div class=\"elementor-container elementor-column-gap-default\">\n\t\t\t\t\t<div class=\"elementor-column elementor-col-100 elementor-top-column elementor-element elementor-element-90c951a\" data-id=\"90c951a\" data-element_type=\"column\" data-e-type=\"column\">\n\t\t\t<div class=\"elementor-widget-wrap elementor-element-populated\">\n\t\t\t\t\t\t<div class=\"elementor-element elementor-element-83093b6 elementor-button-success elementor-align-center elementor-widget elementor-widget-button\" data-id=\"83093b6\" data-element_type=\"widget\" data-e-type=\"widget\" data-widget_type=\"button.default\">\n\t\t\t\t<div class=\"elementor-widget-container\">\n\t\t\t\t\t\t\t\t\t<div class=\"elementor-button-wrapper\">\n\t\t\t\t\t<a class=\"elementor-button elementor-button-link elementor-size-sm\" href=\"https:\/\/docs.google.com\/forms\/d\/18x9dthINJJU5TkfChjezU3cq-yPTyEeps_yhYqUOr_4\/edit?usp=sharing_eil&#038;ts=66f05aa8\" target=\"_blank\" rel=\"noopener\">\n\t\t\t\t\t\t<span class=\"elementor-button-content-wrapper\">\n\t\t\t\t\t\t<span class=\"elementor-button-icon\">\n\t\t\t\t<i aria-hidden=\"true\" class=\"far fa-envelope\"><\/i>\t\t\t<\/span>\n\t\t\t\t\t\t\t\t\t<span class=\"elementor-button-text\">Fai clic qui per inviarci la tua richiesta<\/span>\n\t\t\t\t\t<\/span>\n\t\t\t\t\t<\/a>\n\t\t\t\t<\/div>\n\t\t\t\t\t\t\t\t<\/div>\n\t\t\t\t<\/div>\n\t\t\t\t\t<\/div>\n\t\t<\/div>\n\t\t\t\t\t<\/div>\n\t\t<\/section>\n\t\t\t\t<\/div>\n\t\t","protected":false},"excerpt":{"rendered":"<p>Staff Salute, profili richiesti: Medico e InfermiereSoft Skills richieste per tutte le figure Medico\/infermieristiche:&#8211; Ottime capacit\u00e0 nella comunicazione con le figure circostanti&#8211; Predisposizione alla leadership e coordinamento delle attivit\u00e0&#8211; Creativit\u00e0 nel trovare dei piani strategici alternativi e\/o innovativi&#8211; Etica lavorativa: mantenere, diffondere buone norme attinenti al proprio codiceetico&#8211; Problem solving: [&hellip;]<\/p>\n","protected":false},"author":65,"featured_media":0,"parent":10228,"menu_order":0,"comment_status":"closed","ping_status":"closed","template":"","meta":{"_themeisle_gutenberg_block_has_review":false,"footnotes":""},"categories":[3,9,26],"tags":[],"class_list":["post-10263","page","type-page","status-publish","hentry","category-comitato-sicilia","category-salute","category-sicilia"],"_links":{"self":[{"href":"https:\/\/cri.it\/sicilia\/wp-json\/wp\/v2\/pages\/10263","targetHints":{"allow":["GET"]}}],"collection":[{"href":"https:\/\/cri.it\/sicilia\/wp-json\/wp\/v2\/pages"}],"about":[{"href":"https:\/\/cri.it\/sicilia\/wp-json\/wp\/v2\/types\/page"}],"author":[{"embeddable":true,"href":"https:\/\/cri.it\/sicilia\/wp-json\/wp\/v2\/users\/65"}],"replies":[{"embeddable":true,"href":"https:\/\/cri.it\/sicilia\/wp-json\/wp\/v2\/comments?post=10263"}],"version-history":[{"count":3,"href":"https:\/\/cri.it\/sicilia\/wp-json\/wp\/v2\/pages\/10263\/revisions"}],"predecessor-version":[{"id":10488,"href":"https:\/\/cri.it\/sicilia\/wp-json\/wp\/v2\/pages\/10263\/revisions\/10488"}],"up":[{"embeddable":true,"href":"https:\/\/cri.it\/sicilia\/wp-json\/wp\/v2\/pages\/10228"}],"wp:attachment":[{"href":"https:\/\/cri.it\/sicilia\/wp-json\/wp\/v2\/media?parent=10263"}],"wp:term":[{"taxonomy":"category","embeddable":true,"href":"https:\/\/cri.it\/sicilia\/wp-json\/wp\/v2\/categories?post=10263"},{"taxonomy":"post_tag","embeddable":true,"href":"https:\/\/cri.it\/sicilia\/wp-json\/wp\/v2\/tags?post=10263"}],"curies":[{"name":"wp","href":"https:\/\/api.w.org\/{rel}","templated":true}]}}