{"id":5908,"date":"2022-02-22T12:49:48","date_gmt":"2022-02-22T11:49:48","guid":{"rendered":"https:\/\/cri.it\/piemonte\/?page_id=5908"},"modified":"2022-02-22T13:16:39","modified_gmt":"2022-02-22T12:16:39","slug":"8-13","status":"publish","type":"page","link":"https:\/\/cri.it\/piemonte\/8-13\/","title":{"rendered":"Progetto 8-13 in CRI Piemonte"},"content":{"rendered":"\t\t<div data-elementor-type=\"wp-page\" data-elementor-id=\"5908\" class=\"elementor elementor-5908\">\n\t\t\t\t\t\t<section class=\"elementor-section elementor-top-section elementor-element elementor-element-5fe462eb elementor-section-boxed elementor-section-height-default elementor-section-height-default\" data-id=\"5fe462eb\" data-element_type=\"section\" data-e-type=\"section\">\n\t\t\t\t\t\t<div class=\"elementor-container elementor-column-gap-default\">\n\t\t\t\t\t<div class=\"elementor-column elementor-col-100 elementor-top-column elementor-element elementor-element-643c5903\" data-id=\"643c5903\" data-element_type=\"column\" data-e-type=\"column\">\n\t\t\t<div class=\"elementor-widget-wrap elementor-element-populated\">\n\t\t\t\t\t\t<div class=\"elementor-element elementor-element-5e155c6d elementor-widget elementor-widget-text-editor\" data-id=\"5e155c6d\" data-element_type=\"widget\" data-e-type=\"widget\" data-widget_type=\"text-editor.default\">\n\t\t\t\t<div class=\"elementor-widget-container\">\n\t\t\t\t\t\t\t\t\t<h3>In cosa consiste?<\/h3><p>Attraverso il Progetto 8-13 la Croce Rossa Italiana ha stabilito di avviare un cammino che coinvolga attivamente chi ha compiuto gli otto anni di et\u00e0, per permettere anche ai <strong>bambini di muovere i primi passi nel mondo della CRI<\/strong>, aderendo come sostenitori e partecipando attivamente a percorsi educativi strutturati ad hoc da ciascun Comitato. I bambini hanno non solo l\u2019opportunit\u00e0 di imparare nozioni utili inerenti alle principali aree di intervento dell\u2019Associazione, ma soprattutto l\u2019occasione per far propri i principi e valori della Croce Rossa e acquisire consapevolezza su come essa agisce a livello territoriale.<\/p><p>Gli obiettivi del progetto \u201c8-13\u201d si ispirano alla Strategia dei Giovani CRI: in particolare, le attivit\u00e0 rivolte ai giovani di tale fascia d\u2019et\u00e0 sono volte a <strong>promuovere lo sviluppo delle funzioni cognitive <\/strong>(es. la capacit\u00e0 di problem solving), <strong>delle funzioni affettive<\/strong> (es. la capacit\u00e0 di stabilire rapporti) e, in particolar modo, della <strong>creativit\u00e0<\/strong>. Lo scopo ultimo degli interventi rivolti ai bambini partecipanti \u00e8 quello di permettere loro di trasformare le conoscenze in competenze e di favorire lo sviluppo della consapevolezza del s\u00e9, l\u2019attuazione di comportamenti adeguati e la presa di coscienza delle proprie capacit\u00e0.<\/p>\t\t\t\t\t\t\t\t<\/div>\n\t\t\t\t<\/div>\n\t\t\t\t\t<\/div>\n\t\t<\/div>\n\t\t\t\t\t<\/div>\n\t\t<\/section>\n\t\t\t\t<section class=\"elementor-section elementor-top-section elementor-element elementor-element-1c22de2 elementor-section-boxed elementor-section-height-default elementor-section-height-default\" data-id=\"1c22de2\" data-element_type=\"section\" data-e-type=\"section\">\n\t\t\t\t\t\t<div class=\"elementor-container elementor-column-gap-default\">\n\t\t\t\t\t<div class=\"elementor-column elementor-col-50 elementor-top-column elementor-element elementor-element-600900a\" data-id=\"600900a\" data-element_type=\"column\" data-e-type=\"column\">\n\t\t\t<div class=\"elementor-widget-wrap elementor-element-populated\">\n\t\t\t\t\t\t<div class=\"elementor-element elementor-element-5f97707 elementor-align-center elementor-widget elementor-widget-button\" data-id=\"5f97707\" data-element_type=\"widget\" data-e-type=\"widget\" data-widget_type=\"button.default\">\n\t\t\t\t<div class=\"elementor-widget-container\">\n\t\t\t\t\t\t\t\t\t<div class=\"elementor-button-wrapper\">\n\t\t\t\t\t<a class=\"elementor-button elementor-button-link elementor-size-md\" href=\"#progetti\" target=\"_blank\">\n\t\t\t\t\t\t<span class=\"elementor-button-content-wrapper\">\n\t\t\t\t\t\t\t\t\t<span class=\"elementor-button-text\">Sei un genitore? Esplora i progetti<\/span>\n\t\t\t\t\t<\/span>\n\t\t\t\t\t<\/a>\n\t\t\t\t<\/div>\n\t\t\t\t\t\t\t\t<\/div>\n\t\t\t\t<\/div>\n\t\t\t\t\t<\/div>\n\t\t<\/div>\n\t\t\t\t<div class=\"elementor-column elementor-col-50 elementor-top-column elementor-element elementor-element-79e4fa0\" data-id=\"79e4fa0\" data-element_type=\"column\" data-e-type=\"column\">\n\t\t\t<div class=\"elementor-widget-wrap elementor-element-populated\">\n\t\t\t\t\t\t<div class=\"elementor-element elementor-element-1ce979d elementor-align-center elementor-widget elementor-widget-button\" data-id=\"1ce979d\" data-element_type=\"widget\" data-e-type=\"widget\" data-widget_type=\"button.default\">\n\t\t\t\t<div class=\"elementor-widget-container\">\n\t\t\t\t\t\t\t\t\t<div class=\"elementor-button-wrapper\">\n\t\t\t\t\t<a class=\"elementor-button elementor-button-link elementor-size-md\" href=\"https:\/\/cri.it\/cosa-facciamo\/giovani\/progetto8-13\/\" target=\"_blank\">\n\t\t\t\t\t\t<span class=\"elementor-button-content-wrapper\">\n\t\t\t\t\t\t\t\t\t<span class=\"elementor-button-text\">Sei un Comitato? Scopri come aderire<\/span>\n\t\t\t\t\t<\/span>\n\t\t\t\t\t<\/a>\n\t\t\t\t<\/div>\n\t\t\t\t\t\t\t\t<\/div>\n\t\t\t\t<\/div>\n\t\t\t\t\t<\/div>\n\t\t<\/div>\n\t\t\t\t\t<\/div>\n\t\t<\/section>\n\t\t\t\t<section class=\"elementor-section elementor-top-section elementor-element elementor-element-f089434 elementor-section-boxed elementor-section-height-default elementor-section-height-default\" data-id=\"f089434\" data-element_type=\"section\" data-e-type=\"section\" id=\"progetti\">\n\t\t\t\t\t\t<div class=\"elementor-container elementor-column-gap-default\">\n\t\t\t\t\t<div class=\"elementor-column elementor-col-100 elementor-top-column elementor-element elementor-element-4866767\" data-id=\"4866767\" data-element_type=\"column\" data-e-type=\"column\">\n\t\t\t<div class=\"elementor-widget-wrap elementor-element-populated\">\n\t\t\t\t\t\t<div class=\"elementor-element elementor-element-b82f03e elementor-widget elementor-widget-spacer\" data-id=\"b82f03e\" data-element_type=\"widget\" data-e-type=\"widget\" data-widget_type=\"spacer.default\">\n\t\t\t\t<div class=\"elementor-widget-container\">\n\t\t\t\t\t\t\t<div class=\"elementor-spacer\">\n\t\t\t<div class=\"elementor-spacer-inner\"><\/div>\n\t\t<\/div>\n\t\t\t\t\t\t<\/div>\n\t\t\t\t<\/div>\n\t\t\t\t<div class=\"elementor-element elementor-element-1109a91 elementor-widget elementor-widget-text-editor\" data-id=\"1109a91\" data-element_type=\"widget\" data-e-type=\"widget\" data-widget_type=\"text-editor.default\">\n\t\t\t\t<div class=\"elementor-widget-container\">\n\t\t\t\t\t\t\t\t\t<h3><span style=\"font-size: 18px;font-family: Roboto, Helvetica, Arial, sans-serif;font-weight: 300\">Scopri l&#8217;elenco dei progetti attivati nei Comitati piemontesi e le modalit\u00e0 di adesione [IN AGGIORNAMENTO]:<\/span><\/h3>\t\t\t\t\t\t\t\t<\/div>\n\t\t\t\t<\/div>\n\t\t\t\t<div class=\"elementor-element elementor-element-67ad0c4 elementor-widget elementor-widget-accordion\" data-id=\"67ad0c4\" data-element_type=\"widget\" data-e-type=\"widget\" data-widget_type=\"accordion.default\">\n\t\t\t\t<div class=\"elementor-widget-container\">\n\t\t\t\t\t\t\t<div class=\"elementor-accordion\">\n\t\t\t\t\t\t\t<div class=\"elementor-accordion-item\">\n\t\t\t\t\t<div id=\"elementor-tab-title-1081\" class=\"elementor-tab-title\" data-tab=\"1\" role=\"button\" aria-controls=\"elementor-tab-content-1081\" aria-expanded=\"false\">\n\t\t\t\t\t\t\t\t\t\t\t\t\t<span class=\"elementor-accordion-icon elementor-accordion-icon-left\" aria-hidden=\"true\">\n\t\t\t\t\t\t\t\t\t\t\t\t\t\t\t<span class=\"elementor-accordion-icon-closed\"><i class=\"fas fa-plus\"><\/i><\/span>\n\t\t\t\t\t\t\t\t<span class=\"elementor-accordion-icon-opened\"><i class=\"fas fa-minus\"><\/i><\/span>\n\t\t\t\t\t\t\t\t\t\t\t\t\t\t<\/span>\n\t\t\t\t\t\t\t\t\t\t\t\t<a class=\"elementor-accordion-title\" tabindex=\"0\">Croce Rossa Italiana Comitato di Torino<\/a>\n\t\t\t\t\t<\/div>\n\t\t\t\t\t<div id=\"elementor-tab-content-1081\" class=\"elementor-tab-content elementor-clearfix\" data-tab=\"1\" role=\"region\" aria-labelledby=\"elementor-tab-title-1081\"><p><strong>Periodo progetto<\/strong>:<\/p><p>Dal 5 marzo 2022 al 28 maggio 2022<\/p><p><strong>Modalit\u00e0 di adesione<\/strong>:<\/p><p>Via mail a <a href=\"mailto:torino.giovani@piemonte.cri.it\" target=\"_blank\" rel=\"noopener\">torino.giovani@piemonte.cri.it<\/a> o telefonicamente al numero <span>3477584422<\/span><\/p><p><strong>Presentazione del progetto<\/strong>:<\/p><p>Sabato 26 febbraio 2022 dalle ore 17:00 in Corso Ferrucci 65\/a &#8211; Torino<\/p><\/div>\n\t\t\t\t<\/div>\n\t\t\t\t\t\t\t<div class=\"elementor-accordion-item\">\n\t\t\t\t\t<div id=\"elementor-tab-title-1082\" class=\"elementor-tab-title\" data-tab=\"2\" role=\"button\" aria-controls=\"elementor-tab-content-1082\" aria-expanded=\"false\">\n\t\t\t\t\t\t\t\t\t\t\t\t\t<span class=\"elementor-accordion-icon elementor-accordion-icon-left\" aria-hidden=\"true\">\n\t\t\t\t\t\t\t\t\t\t\t\t\t\t\t<span class=\"elementor-accordion-icon-closed\"><i class=\"fas fa-plus\"><\/i><\/span>\n\t\t\t\t\t\t\t\t<span class=\"elementor-accordion-icon-opened\"><i class=\"fas fa-minus\"><\/i><\/span>\n\t\t\t\t\t\t\t\t\t\t\t\t\t\t<\/span>\n\t\t\t\t\t\t\t\t\t\t\t\t<a class=\"elementor-accordion-title\" tabindex=\"0\">Croce Rossa Italiana Comitato di Giaveno (TO)<\/a>\n\t\t\t\t\t<\/div>\n\t\t\t\t\t<div id=\"elementor-tab-content-1082\" class=\"elementor-tab-content elementor-clearfix\" data-tab=\"2\" role=\"region\" aria-labelledby=\"elementor-tab-title-1082\"><p><strong>Periodo progetto<\/strong>:<\/p><p>Da marzo a giugno 2022. Sono previsti 6 incontri: sabato 19 marzo, sabato 26 marzo, sabato 9 aprile, sabato 30 aprile, sabato 7 maggio, sabato 4 giugno<\/p><p><strong>Modalit\u00e0 di adesione<\/strong>:<\/p><p>Compilando il <a href=\"https:\/\/bit.ly\/iscrizioni8-11\" target=\"_blank\" rel=\"noopener\">form di pre-iscrizione<\/a> entro il 9 marzo 2022<\/p><p><strong>Note<\/strong>:<\/p><p>Il progetto \u00e8 aperto a bambini e bambine con et\u00e0 compresa tra gli 8 e gli 11 anni di et\u00e0<\/p><\/div>\n\t\t\t\t<\/div>\n\t\t\t\t\t\t\t<div class=\"elementor-accordion-item\">\n\t\t\t\t\t<div id=\"elementor-tab-title-1083\" class=\"elementor-tab-title\" data-tab=\"3\" role=\"button\" aria-controls=\"elementor-tab-content-1083\" aria-expanded=\"false\">\n\t\t\t\t\t\t\t\t\t\t\t\t\t<span class=\"elementor-accordion-icon elementor-accordion-icon-left\" aria-hidden=\"true\">\n\t\t\t\t\t\t\t\t\t\t\t\t\t\t\t<span class=\"elementor-accordion-icon-closed\"><i class=\"fas fa-plus\"><\/i><\/span>\n\t\t\t\t\t\t\t\t<span class=\"elementor-accordion-icon-opened\"><i class=\"fas fa-minus\"><\/i><\/span>\n\t\t\t\t\t\t\t\t\t\t\t\t\t\t<\/span>\n\t\t\t\t\t\t\t\t\t\t\t\t<a class=\"elementor-accordion-title\" tabindex=\"0\">Croce Rossa Italiana Comitato di Ivrea (TO)<\/a>\n\t\t\t\t\t<\/div>\n\t\t\t\t\t<div id=\"elementor-tab-content-1083\" class=\"elementor-tab-content elementor-clearfix\" data-tab=\"3\" role=\"region\" aria-labelledby=\"elementor-tab-title-1083\"><p><strong>Periodo progetto<\/strong>:<\/p><p>Giugno-Luglio 2022<\/p><p><strong>Modalit\u00e0 di adesione<\/strong>:<\/p><p>In corso di definizione<\/p><\/div>\n\t\t\t\t<\/div>\n\t\t\t\t\t\t\t<div class=\"elementor-accordion-item\">\n\t\t\t\t\t<div id=\"elementor-tab-title-1084\" class=\"elementor-tab-title\" data-tab=\"4\" role=\"button\" aria-controls=\"elementor-tab-content-1084\" aria-expanded=\"false\">\n\t\t\t\t\t\t\t\t\t\t\t\t\t<span class=\"elementor-accordion-icon elementor-accordion-icon-left\" aria-hidden=\"true\">\n\t\t\t\t\t\t\t\t\t\t\t\t\t\t\t<span class=\"elementor-accordion-icon-closed\"><i class=\"fas fa-plus\"><\/i><\/span>\n\t\t\t\t\t\t\t\t<span class=\"elementor-accordion-icon-opened\"><i class=\"fas fa-minus\"><\/i><\/span>\n\t\t\t\t\t\t\t\t\t\t\t\t\t\t<\/span>\n\t\t\t\t\t\t\t\t\t\t\t\t<a class=\"elementor-accordion-title\" tabindex=\"0\">Croce Rossa Italiana Comitato di Montegrosso D'Asti (AT)<\/a>\n\t\t\t\t\t<\/div>\n\t\t\t\t\t<div id=\"elementor-tab-content-1084\" class=\"elementor-tab-content elementor-clearfix\" data-tab=\"4\" role=\"region\" aria-labelledby=\"elementor-tab-title-1084\"><p><strong>Periodo progetto<\/strong>:<\/p><p>Dal 18 settembre 2021 al 4 aprile 2022<\/p><p><strong>Informazioni sul progetto<\/strong>:<\/p><p>Via mail a <a href=\"mailto:montegrossodasti@cri.it\" target=\"_blank\" rel=\"noopener\">montegrossodasti@cri.it<\/a>\u00a0<\/p><\/div>\n\t\t\t\t<\/div>\n\t\t\t\t\t\t\t\t<\/div>\n\t\t\t\t\t\t<\/div>\n\t\t\t\t<\/div>\n\t\t\t\t\t<\/div>\n\t\t<\/div>\n\t\t\t\t\t<\/div>\n\t\t<\/section>\n\t\t\t\t<\/div>\n\t\t","protected":false},"excerpt":{"rendered":"<p>In cosa consiste? Attraverso il Progetto 8-13 la Croce Rossa Italiana ha stabilito di avviare un cammino che coinvolga attivamente chi ha compiuto gli otto anni di et\u00e0, per permettere anche ai bambini di muovere i primi passi nel mondo della CRI, aderendo come sostenitori e partecipando attivamente a percorsi [&hellip;]<\/p>\n","protected":false},"author":88,"featured_media":5906,"parent":0,"menu_order":50,"comment_status":"closed","ping_status":"closed","template":"","meta":{"_themeisle_gutenberg_block_has_review":false,"footnotes":""},"categories":[],"tags":[],"class_list":["post-5908","page","type-page","status-publish","has-post-thumbnail","hentry"],"_links":{"self":[{"href":"https:\/\/cri.it\/piemonte\/wp-json\/wp\/v2\/pages\/5908","targetHints":{"allow":["GET"]}}],"collection":[{"href":"https:\/\/cri.it\/piemonte\/wp-json\/wp\/v2\/pages"}],"about":[{"href":"https:\/\/cri.it\/piemonte\/wp-json\/wp\/v2\/types\/page"}],"author":[{"embeddable":true,"href":"https:\/\/cri.it\/piemonte\/wp-json\/wp\/v2\/users\/88"}],"replies":[{"embeddable":true,"href":"https:\/\/cri.it\/piemonte\/wp-json\/wp\/v2\/comments?post=5908"}],"version-history":[{"count":3,"href":"https:\/\/cri.it\/piemonte\/wp-json\/wp\/v2\/pages\/5908\/revisions"}],"predecessor-version":[{"id":5946,"href":"https:\/\/cri.it\/piemonte\/wp-json\/wp\/v2\/pages\/5908\/revisions\/5946"}],"wp:featuredmedia":[{"embeddable":true,"href":"https:\/\/cri.it\/piemonte\/wp-json\/wp\/v2\/media\/5906"}],"wp:attachment":[{"href":"https:\/\/cri.it\/piemonte\/wp-json\/wp\/v2\/media?parent=5908"}],"wp:term":[{"taxonomy":"category","embeddable":true,"href":"https:\/\/cri.it\/piemonte\/wp-json\/wp\/v2\/categories?post=5908"},{"taxonomy":"post_tag","embeddable":true,"href":"https:\/\/cri.it\/piemonte\/wp-json\/wp\/v2\/tags?post=5908"}],"curies":[{"name":"wp","href":"https:\/\/api.w.org\/{rel}","templated":true}]}}