{"id":1253,"date":"2021-06-14T12:56:58","date_gmt":"2021-06-14T10:56:58","guid":{"rendered":"https:\/\/cri.it\/molisenew\/?page_id=1253"},"modified":"2022-02-16T11:52:18","modified_gmt":"2022-02-16T10:52:18","slug":"progetti","status":"publish","type":"page","link":"https:\/\/cri.it\/molise\/progetti\/","title":{"rendered":"Progetti"},"content":{"rendered":"\t\t<div data-elementor-type=\"wp-page\" data-elementor-id=\"1253\" class=\"elementor elementor-1253\">\n\t\t\t\t\t\t<section class=\"elementor-section elementor-top-section elementor-element elementor-element-80e8ace elementor-section-boxed elementor-section-height-default elementor-section-height-default\" data-id=\"80e8ace\" data-element_type=\"section\" data-e-type=\"section\">\n\t\t\t\t\t\t<div class=\"elementor-container elementor-column-gap-default\">\n\t\t\t\t\t<div class=\"elementor-column elementor-col-100 elementor-top-column elementor-element elementor-element-c01f4a3\" data-id=\"c01f4a3\" data-element_type=\"column\" data-e-type=\"column\">\n\t\t\t<div class=\"elementor-widget-wrap elementor-element-populated\">\n\t\t\t\t\t\t<div class=\"elementor-element elementor-element-eff6595 elementor-widget elementor-widget-heading\" data-id=\"eff6595\" data-element_type=\"widget\" data-e-type=\"widget\" data-widget_type=\"heading.default\">\n\t\t\t\t<div class=\"elementor-widget-container\">\n\t\t\t\t\t<h2 class=\"elementor-heading-title elementor-size-default\">I NOSTRI PROGETTI:<br>INSIEME ALLE PERSONE, VICINI AL TERRITORIO<\/h2>\t\t\t\t<\/div>\n\t\t\t\t<\/div>\n\t\t\t\t\t<\/div>\n\t\t<\/div>\n\t\t\t\t\t<\/div>\n\t\t<\/section>\n\t\t\t\t<section class=\"elementor-section elementor-top-section elementor-element elementor-element-582bdea elementor-section-boxed elementor-section-height-default elementor-section-height-default\" data-id=\"582bdea\" data-element_type=\"section\" data-e-type=\"section\">\n\t\t\t\t\t\t<div class=\"elementor-container elementor-column-gap-default\">\n\t\t\t\t\t<div class=\"elementor-column elementor-col-100 elementor-top-column elementor-element elementor-element-623e1d6\" data-id=\"623e1d6\" data-element_type=\"column\" data-e-type=\"column\">\n\t\t\t<div class=\"elementor-widget-wrap elementor-element-populated\">\n\t\t\t\t\t\t<div class=\"elementor-element elementor-element-a2a6673 elementor-widget elementor-widget-text-editor\" data-id=\"a2a6673\" data-element_type=\"widget\" data-e-type=\"widget\" data-widget_type=\"text-editor.default\">\n\t\t\t\t<div class=\"elementor-widget-container\">\n\t\t\t\t\t\t\t\t\t<p>CRI Molise costruisce, organizza e gestisce periodicamente progetti rivolti alla tutela del cittadino e alla rimozione delle difficolt\u00e0 per le comunit\u00e0 locali. Tutti i progetti vengono realizzati grazie al fondamentale supporto dei Volontari CRI dei Comitati Territoriali\u00a0 che, grazie alle loro competenze ed all&#8217;azione congiunta riescono a realizzare gli obiettivi prefissati, in linea con i principi fondamentali dell&#8217;Associazione.<\/p>\t\t\t\t\t\t\t\t<\/div>\n\t\t\t\t<\/div>\n\t\t\t\t<section class=\"elementor-section elementor-inner-section elementor-element elementor-element-864c85a elementor-section-boxed elementor-section-height-default elementor-section-height-default\" data-id=\"864c85a\" data-element_type=\"section\" data-e-type=\"section\">\n\t\t\t\t\t\t<div class=\"elementor-container elementor-column-gap-default\">\n\t\t\t\t\t<div class=\"elementor-column elementor-col-50 elementor-inner-column elementor-element elementor-element-60cfa5f\" data-id=\"60cfa5f\" data-element_type=\"column\" data-e-type=\"column\">\n\t\t\t<div class=\"elementor-widget-wrap elementor-element-populated\">\n\t\t\t\t\t\t<div class=\"elementor-element elementor-element-474d858 elementor-widget elementor-widget-heading\" data-id=\"474d858\" data-element_type=\"widget\" data-e-type=\"widget\" data-widget_type=\"heading.default\">\n\t\t\t\t<div class=\"elementor-widget-container\">\n\t\t\t\t\t<h2 class=\"elementor-heading-title elementor-size-large\">Sosteniamo il molise<\/h2>\t\t\t\t<\/div>\n\t\t\t\t<\/div>\n\t\t\t\t<div class=\"elementor-element elementor-element-4bdceb1 elementor-view-default elementor-widget elementor-widget-icon\" data-id=\"4bdceb1\" data-element_type=\"widget\" data-e-type=\"widget\" data-widget_type=\"icon.default\">\n\t\t\t\t<div class=\"elementor-widget-container\">\n\t\t\t\t\t\t\t<div class=\"elementor-icon-wrapper\">\n\t\t\t<div class=\"elementor-icon\">\n\t\t\t<i aria-hidden=\"true\" class=\"fab fa-envira\"><\/i>\t\t\t<\/div>\n\t\t<\/div>\n\t\t\t\t\t\t<\/div>\n\t\t\t\t<\/div>\n\t\t\t\t<div class=\"elementor-element elementor-element-946e703 elementor-widget elementor-widget-text-editor\" data-id=\"946e703\" data-element_type=\"widget\" data-e-type=\"widget\" data-widget_type=\"text-editor.default\">\n\t\t\t\t<div class=\"elementor-widget-container\">\n\t\t\t\t\t\t\t\t\t<p>Il progetto<strong><a href=\"https:\/\/www.facebook.com\/SOSteniAMOilMolise\" target=\"_blank\" rel=\"noopener\"> SOSTENIAMO IL MOLISE<\/a>\u00a0<\/strong>si pone quale obiettivo principale quello di favorire e alimentare una maggiore e migliore consapevolezza del concetto di sostenibilit\u00e0 ambientale.<\/p><p>Attraverso un corposo calendario di attivit\u00e0, tra cui webinar, seminari e convegni, e pulizia delle spiagge e delle piazze del Molise.<\/p><p>Il progetto, realizzato grazie alla collaborazione del Comitato CRI Campobasso e Comitato CRI Molise, ha visto il coinvolgimento di esperti del settore altamente qualificati e numerosi enti ed associazioni in qualit\u00e0 di partner.<\/p><p>Vuoi saperne di pi\u00f9? <a href=\"https:\/\/cri.it\/molisenew\/wp-content\/uploads\/sites\/13\/2021\/06\/\u201cSOSteniAMO-il-Molise\u201d_-Umanit\u00e0-e-Universalit\u00e0.pdf\" class=\"mtli_attachment mtli_pdf\">Scarica qui il progetto<\/a>.<\/p>\t\t\t\t\t\t\t\t<\/div>\n\t\t\t\t<\/div>\n\t\t\t\t\t<\/div>\n\t\t<\/div>\n\t\t\t\t<div class=\"elementor-column elementor-col-50 elementor-inner-column elementor-element elementor-element-1926c5f\" data-id=\"1926c5f\" data-element_type=\"column\" data-e-type=\"column\">\n\t\t\t<div class=\"elementor-widget-wrap elementor-element-populated\">\n\t\t\t\t\t\t<div class=\"elementor-element elementor-element-36464a2 elementor-widget elementor-widget-image\" data-id=\"36464a2\" data-element_type=\"widget\" data-e-type=\"widget\" data-widget_type=\"image.default\">\n\t\t\t\t<div class=\"elementor-widget-container\">\n\t\t\t\t\t\t\t\t\t\t\t\t\t\t\t<img fetchpriority=\"high\" decoding=\"async\" width=\"724\" height=\"1024\" src=\"https:\/\/cri.it\/molise\/wp-content\/uploads\/sites\/13\/2021\/06\/Sosteniamo-il-Molise2-724x1024.jpeg\" class=\"attachment-large size-large wp-image-1331\" alt=\"\" srcset=\"https:\/\/cri.it\/molise\/wp-content\/uploads\/sites\/13\/2021\/06\/Sosteniamo-il-Molise2-724x1024.jpeg 724w, https:\/\/cri.it\/molise\/wp-content\/uploads\/sites\/13\/2021\/06\/Sosteniamo-il-Molise2-212x300.jpeg 212w, https:\/\/cri.it\/molise\/wp-content\/uploads\/sites\/13\/2021\/06\/Sosteniamo-il-Molise2-768x1086.jpeg 768w, https:\/\/cri.it\/molise\/wp-content\/uploads\/sites\/13\/2021\/06\/Sosteniamo-il-Molise2-1086x1536.jpeg 1086w, https:\/\/cri.it\/molise\/wp-content\/uploads\/sites\/13\/2021\/06\/Sosteniamo-il-Molise2-1280x1810.jpeg 1280w, https:\/\/cri.it\/molise\/wp-content\/uploads\/sites\/13\/2021\/06\/Sosteniamo-il-Molise2-1018x1440.jpeg 1018w, https:\/\/cri.it\/molise\/wp-content\/uploads\/sites\/13\/2021\/06\/Sosteniamo-il-Molise2.jpeg 1289w\" sizes=\"(max-width: 724px) 100vw, 724px\" \/>\t\t\t\t\t\t\t\t\t\t\t\t\t\t\t<\/div>\n\t\t\t\t<\/div>\n\t\t\t\t\t<\/div>\n\t\t<\/div>\n\t\t\t\t\t<\/div>\n\t\t<\/section>\n\t\t\t\t<div class=\"elementor-element elementor-element-f5fd666 elementor-widget elementor-widget-spacer\" data-id=\"f5fd666\" data-element_type=\"widget\" data-e-type=\"widget\" data-widget_type=\"spacer.default\">\n\t\t\t\t<div class=\"elementor-widget-container\">\n\t\t\t\t\t\t\t<div class=\"elementor-spacer\">\n\t\t\t<div class=\"elementor-spacer-inner\"><\/div>\n\t\t<\/div>\n\t\t\t\t\t\t<\/div>\n\t\t\t\t<\/div>\n\t\t\t\t<div class=\"elementor-element elementor-element-f0902e2 elementor-widget-divider--view-line elementor-widget elementor-widget-divider\" data-id=\"f0902e2\" data-element_type=\"widget\" data-e-type=\"widget\" data-widget_type=\"divider.default\">\n\t\t\t\t<div class=\"elementor-widget-container\">\n\t\t\t\t\t\t\t<div class=\"elementor-divider\">\n\t\t\t<span class=\"elementor-divider-separator\">\n\t\t\t\t\t\t<\/span>\n\t\t<\/div>\n\t\t\t\t\t\t<\/div>\n\t\t\t\t<\/div>\n\t\t\t\t<div class=\"elementor-element elementor-element-0f37708 elementor-widget elementor-widget-spacer\" data-id=\"0f37708\" data-element_type=\"widget\" data-e-type=\"widget\" data-widget_type=\"spacer.default\">\n\t\t\t\t<div class=\"elementor-widget-container\">\n\t\t\t\t\t\t\t<div class=\"elementor-spacer\">\n\t\t\t<div class=\"elementor-spacer-inner\"><\/div>\n\t\t<\/div>\n\t\t\t\t\t\t<\/div>\n\t\t\t\t<\/div>\n\t\t\t\t<section class=\"elementor-section elementor-inner-section elementor-element elementor-element-ec75db6 elementor-section-boxed elementor-section-height-default elementor-section-height-default\" data-id=\"ec75db6\" data-element_type=\"section\" data-e-type=\"section\">\n\t\t\t\t\t\t<div class=\"elementor-container elementor-column-gap-default\">\n\t\t\t\t\t<div class=\"elementor-column elementor-col-50 elementor-inner-column elementor-element elementor-element-802cf11\" data-id=\"802cf11\" data-element_type=\"column\" data-e-type=\"column\">\n\t\t\t<div class=\"elementor-widget-wrap elementor-element-populated\">\n\t\t\t\t\t\t<div class=\"elementor-element elementor-element-7872ff6 elementor-widget elementor-widget-heading\" data-id=\"7872ff6\" data-element_type=\"widget\" data-e-type=\"widget\" data-widget_type=\"heading.default\">\n\t\t\t\t<div class=\"elementor-widget-container\">\n\t\t\t\t\t<h2 class=\"elementor-heading-title elementor-size-large\">PROGETTO LISA<\/h2>\t\t\t\t<\/div>\n\t\t\t\t<\/div>\n\t\t\t\t<div class=\"elementor-element elementor-element-f4f37e7 elementor-widget elementor-widget-heading\" data-id=\"f4f37e7\" data-element_type=\"widget\" data-e-type=\"widget\" data-widget_type=\"heading.default\">\n\t\t\t\t<div class=\"elementor-widget-container\">\n\t\t\t\t\t<h2 class=\"elementor-heading-title elementor-size-small\">Lavoro, inclusione, sviluppo autonomia<\/h2>\t\t\t\t<\/div>\n\t\t\t\t<\/div>\n\t\t\t\t<div class=\"elementor-element elementor-element-726e8ac elementor-view-default elementor-widget elementor-widget-icon\" data-id=\"726e8ac\" data-element_type=\"widget\" data-e-type=\"widget\" data-widget_type=\"icon.default\">\n\t\t\t\t<div class=\"elementor-widget-container\">\n\t\t\t\t\t\t\t<div class=\"elementor-icon-wrapper\">\n\t\t\t<div class=\"elementor-icon\">\n\t\t\t<i aria-hidden=\"true\" class=\"fas fa-people-carry\"><\/i>\t\t\t<\/div>\n\t\t<\/div>\n\t\t\t\t\t\t<\/div>\n\t\t\t\t<\/div>\n\t\t\t\t<div class=\"elementor-element elementor-element-462cd1a elementor-widget elementor-widget-text-editor\" data-id=\"462cd1a\" data-element_type=\"widget\" data-e-type=\"widget\" data-widget_type=\"text-editor.default\">\n\t\t\t\t<div class=\"elementor-widget-container\">\n\t\t\t\t\t\t\t\t\t<p>Il progetto <a href=\"https:\/\/cri.it\/lisa-lavoro-inclusione-sviluppo-autonomia\/\"><strong>LISA<\/strong><\/a> prevede la realizzazione di diverse azioni con il duplice obiettivo di facilitare e migliorare l\u2019inclusione sociale e lavorativa delle persone in condizione di svantaggio e vulnerabilit\u00e0 e aumentare la consapevolezza della comunit\u00e0 sull\u2019importanza di coniugare produttivit\u00e0 e inclusione, in particolare delle persone con disabilit\u00e0.<\/p><p>Le attivit\u00e0 previste sono rivolte sia ai destinatari dell\u2019intervento (persone in condizione di svantaggio e vulnerabilit\u00e0, con particolare attenzione alle persone con disabilit\u00e0), sia alle persone a supporto della loro inclusione (i Volontari CRI), sia alla comunit\u00e0 in generale.<\/p><p>Il Comitato CRI di Campobasso \u00e8 diventato presidio territoriale del Progetto, \u00e8\u00a0realizzer\u00e0 gli interventi strutturati di inclusione lavorativa, garantendo un percorso di inserimento integrato, accompagnando la persona in condizione di svantaggio e vulnerabilit\u00e0 dal riconoscimento del bisogno, alla formazione, all\u2019ingresso nel mercato del lavoro fino al sostegno nel mantenimento dell\u2019occupazione, attraverso attivit\u00e0, sia individuali che di gruppo, grazie al lavoro dei Volontari CRI formati sulle tematiche relative all\u2019integrazione socio-lavorativa delle persone in condizione di svantaggio e vulnerabilit\u00e0.<\/p><p>Vuoi saperne di pi\u00f9 ? <a href=\"https:\/\/cri.it\/molisenew\/wp-content\/uploads\/sites\/13\/2021\/06\/Brochure-LISA-web.pdf\" class=\"mtli_attachment mtli_pdf\">Scarica qui la brochure del progetto<\/a>.<\/p><p><\/p>\t\t\t\t\t\t\t\t<\/div>\n\t\t\t\t<\/div>\n\t\t\t\t\t<\/div>\n\t\t<\/div>\n\t\t\t\t<div class=\"elementor-column elementor-col-50 elementor-inner-column elementor-element elementor-element-337eccb\" data-id=\"337eccb\" data-element_type=\"column\" data-e-type=\"column\">\n\t\t\t<div class=\"elementor-widget-wrap elementor-element-populated\">\n\t\t\t\t\t\t<div class=\"elementor-element elementor-element-1157374 elementor-widget elementor-widget-spacer\" data-id=\"1157374\" data-element_type=\"widget\" data-e-type=\"widget\" data-widget_type=\"spacer.default\">\n\t\t\t\t<div class=\"elementor-widget-container\">\n\t\t\t\t\t\t\t<div class=\"elementor-spacer\">\n\t\t\t<div class=\"elementor-spacer-inner\"><\/div>\n\t\t<\/div>\n\t\t\t\t\t\t<\/div>\n\t\t\t\t<\/div>\n\t\t\t\t<div class=\"elementor-element elementor-element-2da5df8 elementor-widget elementor-widget-image\" data-id=\"2da5df8\" data-element_type=\"widget\" data-e-type=\"widget\" data-widget_type=\"image.default\">\n\t\t\t\t<div class=\"elementor-widget-container\">\n\t\t\t\t\t\t\t\t\t\t\t\t\t\t\t<img decoding=\"async\" width=\"750\" height=\"406\" src=\"https:\/\/cri.it\/molise\/wp-content\/uploads\/sites\/13\/2021\/06\/LISA.jpeg\" class=\"attachment-large size-large wp-image-1337\" alt=\"\" srcset=\"https:\/\/cri.it\/molise\/wp-content\/uploads\/sites\/13\/2021\/06\/LISA.jpeg 1024w, https:\/\/cri.it\/molise\/wp-content\/uploads\/sites\/13\/2021\/06\/LISA-300x162.jpeg 300w, https:\/\/cri.it\/molise\/wp-content\/uploads\/sites\/13\/2021\/06\/LISA-768x416.jpeg 768w\" sizes=\"(max-width: 750px) 100vw, 750px\" \/>\t\t\t\t\t\t\t\t\t\t\t\t\t\t\t<\/div>\n\t\t\t\t<\/div>\n\t\t\t\t\t<\/div>\n\t\t<\/div>\n\t\t\t\t\t<\/div>\n\t\t<\/section>\n\t\t\t\t<div class=\"elementor-element elementor-element-22fbc05 elementor-widget-divider--view-line elementor-widget elementor-widget-divider\" data-id=\"22fbc05\" data-element_type=\"widget\" data-e-type=\"widget\" data-widget_type=\"divider.default\">\n\t\t\t\t<div class=\"elementor-widget-container\">\n\t\t\t\t\t\t\t<div class=\"elementor-divider\">\n\t\t\t<span class=\"elementor-divider-separator\">\n\t\t\t\t\t\t<\/span>\n\t\t<\/div>\n\t\t\t\t\t\t<\/div>\n\t\t\t\t<\/div>\n\t\t\t\t<section class=\"elementor-section elementor-inner-section elementor-element elementor-element-c37f7d4 elementor-section-boxed elementor-section-height-default elementor-section-height-default\" data-id=\"c37f7d4\" data-element_type=\"section\" data-e-type=\"section\">\n\t\t\t\t\t\t<div class=\"elementor-container elementor-column-gap-default\">\n\t\t\t\t\t<div class=\"elementor-column elementor-col-50 elementor-inner-column elementor-element elementor-element-62c2173\" data-id=\"62c2173\" data-element_type=\"column\" data-e-type=\"column\">\n\t\t\t<div class=\"elementor-widget-wrap elementor-element-populated\">\n\t\t\t\t\t\t<div class=\"elementor-element elementor-element-f612b76 elementor-widget elementor-widget-heading\" data-id=\"f612b76\" data-element_type=\"widget\" data-e-type=\"widget\" data-widget_type=\"heading.default\">\n\t\t\t\t<div class=\"elementor-widget-container\">\n\t\t\t\t\t<h2 class=\"elementor-heading-title elementor-size-large\">PROGETTO PILOTA OFFICINE DELLA SALUTE<\/h2>\t\t\t\t<\/div>\n\t\t\t\t<\/div>\n\t\t\t\t<div class=\"elementor-element elementor-element-5954f33 elementor-widget elementor-widget-heading\" data-id=\"5954f33\" data-element_type=\"widget\" data-e-type=\"widget\" data-widget_type=\"heading.default\">\n\t\t\t\t<div class=\"elementor-widget-container\">\n\t\t\t\t\t<h2 class=\"elementor-heading-title elementor-size-small\">SPORTELLO PSICOSOCIALE<\/h2>\t\t\t\t<\/div>\n\t\t\t\t<\/div>\n\t\t\t\t<div class=\"elementor-element elementor-element-ba9604e elementor-view-default elementor-widget elementor-widget-icon\" data-id=\"ba9604e\" data-element_type=\"widget\" data-e-type=\"widget\" data-widget_type=\"icon.default\">\n\t\t\t\t<div class=\"elementor-widget-container\">\n\t\t\t\t\t\t\t<div class=\"elementor-icon-wrapper\">\n\t\t\t<div class=\"elementor-icon\">\n\t\t\t<i aria-hidden=\"true\" class=\"fas fa-heartbeat\"><\/i>\t\t\t<\/div>\n\t\t<\/div>\n\t\t\t\t\t\t<\/div>\n\t\t\t\t<\/div>\n\t\t\t\t<div class=\"elementor-element elementor-element-9c5681d elementor-widget elementor-widget-text-editor\" data-id=\"9c5681d\" data-element_type=\"widget\" data-e-type=\"widget\" data-widget_type=\"text-editor.default\">\n\t\t\t\t<div class=\"elementor-widget-container\">\n\t\t\t\t\t\t\t\t\t<p><span>Officine della Salute, nasce come precisa risposta alla rimodulazione degli spazi di vita della collettivit\u00e0 e della comunit\u00e0, scaturita dalla contingenza della pandemia e dal complesso indotto correlato. In tale contesto la Croce Rossa Italiana \u00e8 stata posta dinnanzi ad una nuova sfida, in termini di\u00a0<\/span><strong>supporto alla popolazione<\/strong><span>\u00a0e, in particolare alle categorie c.d. \u201cfragili\u201d.\u00a0<\/span><\/p><p>il progetto di assistenza sanitaria \u201c<strong>Officine della salute CRI Molise<\/strong>\u201d intende costituire, avviare e promuovere un\u2019attivit\u00e0 di assistenza\u00a0 psicosociale mediante l\u2019attivazione di uno sportello di supporto psicologico solidale alla popolazione, con particolare riguardo alle categorie fragili, maggiormente ai margini della comunit\u00e0. \u201cOfficine della Salute CRI Molise\u201d si pone quale obiettivo generale quello di alleviare il bisogno di accesso ai servizi psico-sociali basilari della popolazione regionale in stato di fragilit\u00e0 mediante l\u2019apertura di un centro di supporto psicologico.<span><br \/><\/span><\/p><p><a href=\"https:\/\/cri.it\/molise\/officine-della-salute-molise\/\">scopri di pi\u00f9<\/a><\/p>\t\t\t\t\t\t\t\t<\/div>\n\t\t\t\t<\/div>\n\t\t\t\t\t<\/div>\n\t\t<\/div>\n\t\t\t\t<div class=\"elementor-column elementor-col-50 elementor-inner-column elementor-element elementor-element-b596ca2\" data-id=\"b596ca2\" data-element_type=\"column\" data-e-type=\"column\">\n\t\t\t<div class=\"elementor-widget-wrap elementor-element-populated\">\n\t\t\t\t\t\t<div class=\"elementor-element elementor-element-49ee396 elementor-widget elementor-widget-spacer\" data-id=\"49ee396\" data-element_type=\"widget\" data-e-type=\"widget\" data-widget_type=\"spacer.default\">\n\t\t\t\t<div class=\"elementor-widget-container\">\n\t\t\t\t\t\t\t<div class=\"elementor-spacer\">\n\t\t\t<div class=\"elementor-spacer-inner\"><\/div>\n\t\t<\/div>\n\t\t\t\t\t\t<\/div>\n\t\t\t\t<\/div>\n\t\t\t\t<div class=\"elementor-element elementor-element-0b2357f elementor-widget elementor-widget-image\" data-id=\"0b2357f\" data-element_type=\"widget\" data-e-type=\"widget\" data-widget_type=\"image.default\">\n\t\t\t\t<div class=\"elementor-widget-container\">\n\t\t\t\t\t\t\t\t\t\t\t\t\t\t\t\t<a href=\"https:\/\/cri.it\/molise\/officine-della-salute-molise\/\">\n\t\t\t\t\t\t\t<img decoding=\"async\" width=\"750\" height=\"708\" src=\"https:\/\/cri.it\/molise\/wp-content\/uploads\/sites\/13\/2022\/02\/ODS-logo-verticale-1024x967.png\" class=\"attachment-large size-large wp-image-2503\" alt=\"\" srcset=\"https:\/\/cri.it\/molise\/wp-content\/uploads\/sites\/13\/2022\/02\/ODS-logo-verticale-1024x967.png 1024w, https:\/\/cri.it\/molise\/wp-content\/uploads\/sites\/13\/2022\/02\/ODS-logo-verticale-300x283.png 300w, https:\/\/cri.it\/molise\/wp-content\/uploads\/sites\/13\/2022\/02\/ODS-logo-verticale-768x726.png 768w, https:\/\/cri.it\/molise\/wp-content\/uploads\/sites\/13\/2022\/02\/ODS-logo-verticale-1280x1209.png 1280w, https:\/\/cri.it\/molise\/wp-content\/uploads\/sites\/13\/2022\/02\/ODS-logo-verticale.png 1376w\" sizes=\"(max-width: 750px) 100vw, 750px\" \/>\t\t\t\t\t\t\t\t<\/a>\n\t\t\t\t\t\t\t\t\t\t\t\t\t\t\t<\/div>\n\t\t\t\t<\/div>\n\t\t\t\t\t<\/div>\n\t\t<\/div>\n\t\t\t\t\t<\/div>\n\t\t<\/section>\n\t\t\t\t\t<\/div>\n\t\t<\/div>\n\t\t\t\t\t<\/div>\n\t\t<\/section>\n\t\t\t\t<\/div>\n\t\t","protected":false},"excerpt":{"rendered":"<p>I NOSTRI PROGETTI:INSIEME ALLE PERSONE, VICINI AL TERRITORIO CRI Molise costruisce, organizza e gestisce periodicamente progetti rivolti alla tutela del cittadino e alla rimozione delle difficolt\u00e0 per le comunit\u00e0 locali. Tutti i progetti vengono realizzati grazie al fondamentale supporto dei Volontari CRI dei Comitati Territoriali\u00a0 che, grazie alle loro competenze [&hellip;]<\/p>\n","protected":false},"author":63,"featured_media":1197,"parent":0,"menu_order":0,"comment_status":"closed","ping_status":"closed","template":"","meta":{"_themeisle_gutenberg_block_has_review":false,"footnotes":""},"categories":[],"tags":[],"class_list":["post-1253","page","type-page","status-publish","has-post-thumbnail","hentry"],"_links":{"self":[{"href":"https:\/\/cri.it\/molise\/wp-json\/wp\/v2\/pages\/1253","targetHints":{"allow":["GET"]}}],"collection":[{"href":"https:\/\/cri.it\/molise\/wp-json\/wp\/v2\/pages"}],"about":[{"href":"https:\/\/cri.it\/molise\/wp-json\/wp\/v2\/types\/page"}],"author":[{"embeddable":true,"href":"https:\/\/cri.it\/molise\/wp-json\/wp\/v2\/users\/63"}],"replies":[{"embeddable":true,"href":"https:\/\/cri.it\/molise\/wp-json\/wp\/v2\/comments?post=1253"}],"version-history":[{"count":3,"href":"https:\/\/cri.it\/molise\/wp-json\/wp\/v2\/pages\/1253\/revisions"}],"predecessor-version":[{"id":2586,"href":"https:\/\/cri.it\/molise\/wp-json\/wp\/v2\/pages\/1253\/revisions\/2586"}],"wp:featuredmedia":[{"embeddable":true,"href":"https:\/\/cri.it\/molise\/wp-json\/wp\/v2\/media\/1197"}],"wp:attachment":[{"href":"https:\/\/cri.it\/molise\/wp-json\/wp\/v2\/media?parent=1253"}],"wp:term":[{"taxonomy":"category","embeddable":true,"href":"https:\/\/cri.it\/molise\/wp-json\/wp\/v2\/categories?post=1253"},{"taxonomy":"post_tag","embeddable":true,"href":"https:\/\/cri.it\/molise\/wp-json\/wp\/v2\/tags?post=1253"}],"curies":[{"name":"wp","href":"https:\/\/api.w.org\/{rel}","templated":true}]}}