{"id":6495,"date":"2026-02-04T22:25:47","date_gmt":"2026-02-04T21:25:47","guid":{"rendered":"https:\/\/cri.it\/lombardia\/?page_id=6495"},"modified":"2026-02-06T12:50:30","modified_gmt":"2026-02-06T11:50:30","slug":"giornata-formativa-norme-di-disciplina-militare-e-dinamiche-moderne-di-comunicazione-in-uniforme","status":"publish","type":"page","link":"https:\/\/cri.it\/lombardia\/giornata-formativa-norme-di-disciplina-militare-e-dinamiche-moderne-di-comunicazione-in-uniforme\/","title":{"rendered":"Giornata formativa Norme di disciplina militare e dinamiche moderne di comunicazione in uniforme"},"content":{"rendered":"<p>&nbsp;<\/p>\n<p style=\"text-align: center;\"><span>Lo scorso 1 febbraio 2026 il\u00a0<\/span><b>III Centro di Mobilitazione Lombardia<\/b><span>\u00a0ha organizzato una<\/span><br \/>\n<span>giornata formativa per i militari afferenti ai NAApro (Nucleo Arruolamenti Attivit\u00e0 Promozionali) provinciali. Il consesso si \u00e8 tenuto della sede del Comitato CRI di Varese.<\/span><br \/>\n<span>La mattinata si \u00e8 avviata con l\u2019Alza Bandiera e la prima parte di lezione in aula trattata dal<\/span><br \/>\n<b>magg. Vincenzo Agrifoglio<span>\u00a0<\/span><\/b><span>che ha illustrato argomenti attinenti alla disciplina e alla<\/span><br \/>\n<span>normativa militare vigente. Prima della lezione il\u00a0<\/span><b>Comandante magg. Dario Funaro<\/b><span>, presente, ha<\/span><br \/>\n<span>motivato il personale anticipando alcune novit\u00e0 riguardanti la futura organizzazione del<\/span><br \/>\n<span>Corpo Militare Volontario CRI.<\/span><br \/>\n<span>Dopo la pausa pranzo la ripresa delle lezioni \u00e8 stata condotta dal\u00a0<\/span><b>cap. Massimo Giuliani\u00a0<\/b><span>che ha coinvolto i discenti esponendo argomenti relativi alla comunicazione non verbale e<\/span><br \/>\n<span>alla prossemica.<\/span><\/p>\n<p>&nbsp;<\/p>\n<p style=\"text-align: center;\"><div id=\"Block_wpape_gallery_69d5be813a076\" style=\"width:100%;padding-left:5px;padding-top:5px;padding-right:5px;padding-bottom:5px; display: none;\"><div class=\"wpape_gallery_button wpape_gallery_align_left\"  id=\"wpape_gallery_69d5be813a076filter\"><a class=\" apebtn apebtn-flat apebtn-primary  active\" style=\"margin-right:5px;margin-bottom:10px;\" href=\"#\" data-filter=\"*\">Home<\/a><a href=\"#\" data-filter=\".category6479\" class=\" apebtn apebtn-flat apebtn-primary \" style=\"margin-right:5px;margin-bottom:10px;\">giornata formativa III Centro di Mobilitazione Lombardia<\/a><\/div><div id=\"wpape_gallery_69d5be813a076\" data-options=\"wpape_gallery_69d5be813a076\" style=\"width:100%;\" class=\"wpape_gallery\"><div class=\"wpape-img category6479\" ><div class=\"wpape-img-image  wpape-lightbox\"  ><div data-thumbnail=\"https:\/\/cri.it\/lombardia\/wp-content\/uploads\/sites\/11\/2026\/02\/WhatsApp-Image-2026-02-01-at-14.57.31.jpeg\" title=\"WhatsApp Image 2026-02-01 at 14.57.31\" data-width=\"300\" data-height=\"225\" ><\/div><div data-popup=\"https:\/\/cri.it\/lombardia\/wp-content\/uploads\/sites\/11\/2026\/02\/WhatsApp-Image-2026-02-01-at-14.57.31.jpeg\"  title=\"WhatsApp Image 2026-02-01 at 14.57.31\"><\/div><div class=\"thumbnail-overlay\"><div class=\"wpapeTitle \">WhatsApp Image 2026-02-01 at 14.57.31<\/div><div class=\"wpapeIcons\"><i class=\"fa fa-search wpapeZoomIcon \" ><\/i><\/div><\/div><\/div><\/div><div class=\"wpape-img category6479\" ><div class=\"wpape-img-image  wpape-lightbox\"  ><div data-thumbnail=\"https:\/\/cri.it\/lombardia\/wp-content\/uploads\/sites\/11\/2026\/02\/WhatsApp-Image-2026-02-01-at-13.54.29eee.jpeg\" title=\"WhatsApp Image 2026-02-01 at 13.54.29eee\" data-width=\"300\" data-height=\"225\" ><\/div><div data-popup=\"https:\/\/cri.it\/lombardia\/wp-content\/uploads\/sites\/11\/2026\/02\/WhatsApp-Image-2026-02-01-at-13.54.29eee.jpeg\"  title=\"WhatsApp Image 2026-02-01 at 13.54.29eee\"><\/div><div class=\"thumbnail-overlay\"><div class=\"wpapeTitle \">WhatsApp Image 2026-02-01 at 13.54.29eee<\/div><div class=\"wpapeIcons\"><i class=\"fa fa-search wpapeZoomIcon \" ><\/i><\/div><\/div><\/div><\/div><div class=\"wpape-img category6479\" ><div class=\"wpape-img-image  wpape-lightbox\"  ><div data-thumbnail=\"https:\/\/cri.it\/lombardia\/wp-content\/uploads\/sites\/11\/2026\/02\/WhatsApp-Image-2026-02-01-at-13.54.29eeee.jpeg\" title=\"WhatsApp Image 2026-02-01 at 13.54.29eeee\" data-width=\"300\" data-height=\"225\" ><\/div><div data-popup=\"https:\/\/cri.it\/lombardia\/wp-content\/uploads\/sites\/11\/2026\/02\/WhatsApp-Image-2026-02-01-at-13.54.29eeee.jpeg\"  title=\"WhatsApp Image 2026-02-01 at 13.54.29eeee\"><\/div><div class=\"thumbnail-overlay\"><div class=\"wpapeTitle \">WhatsApp Image 2026-02-01 at 13.54.29eeee<\/div><div class=\"wpapeIcons\"><i class=\"fa fa-search wpapeZoomIcon \" ><\/i><\/div><\/div><\/div><\/div><div class=\"wpape-img category6479\" ><div class=\"wpape-img-image  wpape-lightbox\"  ><div data-thumbnail=\"https:\/\/cri.it\/lombardia\/wp-content\/uploads\/sites\/11\/2026\/02\/WhatsApp-Image-2026-02-01-at-13.54.29-3.jpeg\" title=\"WhatsApp Image 2026-02-01 at 13.54.29 (3)\" data-width=\"300\" data-height=\"225\" ><\/div><div data-popup=\"https:\/\/cri.it\/lombardia\/wp-content\/uploads\/sites\/11\/2026\/02\/WhatsApp-Image-2026-02-01-at-13.54.29-3.jpeg\"  title=\"WhatsApp Image 2026-02-01 at 13.54.29 (3)\"><\/div><div class=\"thumbnail-overlay\"><div class=\"wpapeTitle \">WhatsApp Image 2026-02-01 at 13.54.29 (3)<\/div><div class=\"wpapeIcons\"><i class=\"fa fa-search wpapeZoomIcon \" ><\/i><\/div><\/div><\/div><\/div><div class=\"wpape-img category6479\" ><div class=\"wpape-img-image  wpape-lightbox\"  ><div data-thumbnail=\"https:\/\/cri.it\/lombardia\/wp-content\/uploads\/sites\/11\/2026\/02\/WhatsApp-Image-2026-02-01-at-13.54.29ee.jpeg\" title=\"WhatsApp Image 2026-02-01 at 13.54.29ee\" data-width=\"300\" data-height=\"225\" ><\/div><div data-popup=\"https:\/\/cri.it\/lombardia\/wp-content\/uploads\/sites\/11\/2026\/02\/WhatsApp-Image-2026-02-01-at-13.54.29ee.jpeg\"  title=\"WhatsApp Image 2026-02-01 at 13.54.29ee\"><\/div><div class=\"thumbnail-overlay\"><div class=\"wpapeTitle \">WhatsApp Image 2026-02-01 at 13.54.29ee<\/div><div class=\"wpapeIcons\"><i class=\"fa fa-search wpapeZoomIcon \" ><\/i><\/div><\/div><\/div><\/div><div class=\"wpape-img category6479\" ><div class=\"wpape-img-image  wpape-lightbox\"  ><div data-thumbnail=\"https:\/\/cri.it\/lombardia\/wp-content\/uploads\/sites\/11\/2026\/02\/WhatsApp-Image-2026-02-01-at-13.54.28.jpeg\" title=\"WhatsApp Image 2026-02-01 at 13.54.28\" data-width=\"300\" data-height=\"225\" ><\/div><div data-popup=\"https:\/\/cri.it\/lombardia\/wp-content\/uploads\/sites\/11\/2026\/02\/WhatsApp-Image-2026-02-01-at-13.54.28.jpeg\"  title=\"WhatsApp Image 2026-02-01 at 13.54.28\"><\/div><div class=\"thumbnail-overlay\"><div class=\"wpapeTitle \">WhatsApp Image 2026-02-01 at 13.54.28<\/div><div class=\"wpapeIcons\"><i class=\"fa fa-search wpapeZoomIcon \" ><\/i><\/div><\/div><\/div><\/div><div class=\"wpape-img category6479\" ><div class=\"wpape-img-image  wpape-lightbox\"  ><div data-thumbnail=\"https:\/\/cri.it\/lombardia\/wp-content\/uploads\/sites\/11\/2026\/02\/WhatsApp-Image-2026-02-01-at-13.54.28-5.jpeg\" title=\"WhatsApp Image 2026-02-01 at 13.54.28 (5)\" data-width=\"300\" data-height=\"225\" ><\/div><div data-popup=\"https:\/\/cri.it\/lombardia\/wp-content\/uploads\/sites\/11\/2026\/02\/WhatsApp-Image-2026-02-01-at-13.54.28-5.jpeg\"  title=\"WhatsApp Image 2026-02-01 at 13.54.28 (5)\"><\/div><div class=\"thumbnail-overlay\"><div class=\"wpapeTitle \">WhatsApp Image 2026-02-01 at 13.54.28 (5)<\/div><div class=\"wpapeIcons\"><i class=\"fa fa-search wpapeZoomIcon \" ><\/i><\/div><\/div><\/div><\/div><div class=\"wpape-img category6479\" ><div class=\"wpape-img-image  wpape-lightbox\"  ><div data-thumbnail=\"https:\/\/cri.it\/lombardia\/wp-content\/uploads\/sites\/11\/2026\/02\/WhatsApp-Image-2026-02-01-at-13.54.28-3.jpeg\" title=\"WhatsApp Image 2026-02-01 at 13.54.28 (3)\" data-width=\"300\" data-height=\"225\" ><\/div><div data-popup=\"https:\/\/cri.it\/lombardia\/wp-content\/uploads\/sites\/11\/2026\/02\/WhatsApp-Image-2026-02-01-at-13.54.28-3.jpeg\"  title=\"WhatsApp Image 2026-02-01 at 13.54.28 (3)\"><\/div><div class=\"thumbnail-overlay\"><div class=\"wpapeTitle \">WhatsApp Image 2026-02-01 at 13.54.28 (3)<\/div><div class=\"wpapeIcons\"><i class=\"fa fa-search wpapeZoomIcon \" ><\/i><\/div><\/div><\/div><\/div><div class=\"wpape-img category6479\" ><div class=\"wpape-img-image  wpape-lightbox\"  ><div data-thumbnail=\"https:\/\/cri.it\/lombardia\/wp-content\/uploads\/sites\/11\/2026\/02\/WhatsApp-Image-2026-02-01-at-13.54.27.jpeg\" title=\"WhatsApp Image 2026-02-01 at 13.54.27\" data-width=\"300\" data-height=\"225\" ><\/div><div data-popup=\"https:\/\/cri.it\/lombardia\/wp-content\/uploads\/sites\/11\/2026\/02\/WhatsApp-Image-2026-02-01-at-13.54.27.jpeg\"  title=\"WhatsApp Image 2026-02-01 at 13.54.27\"><\/div><div class=\"thumbnail-overlay\"><div class=\"wpapeTitle \">WhatsApp Image 2026-02-01 at 13.54.27<\/div><div class=\"wpapeIcons\"><i class=\"fa fa-search wpapeZoomIcon \" ><\/i><\/div><\/div><\/div><\/div><div class=\"wpape-img category6479\" ><div class=\"wpape-img-image  wpape-lightbox\"  ><div data-thumbnail=\"https:\/\/cri.it\/lombardia\/wp-content\/uploads\/sites\/11\/2026\/02\/WhatsApp-Image-2026-02-01-at-13.54.28-1.jpeg\" title=\"WhatsApp Image 2026-02-01 at 13.54.28 (1)\" data-width=\"300\" data-height=\"225\" ><\/div><div data-popup=\"https:\/\/cri.it\/lombardia\/wp-content\/uploads\/sites\/11\/2026\/02\/WhatsApp-Image-2026-02-01-at-13.54.28-1.jpeg\"  title=\"WhatsApp Image 2026-02-01 at 13.54.28 (1)\"><\/div><div class=\"thumbnail-overlay\"><div class=\"wpapeTitle \">WhatsApp Image 2026-02-01 at 13.54.28 (1)<\/div><div class=\"wpapeIcons\"><i class=\"fa fa-search wpapeZoomIcon \" ><\/i><\/div><\/div><\/div><\/div><div class=\"wpape-img category6479\" ><div class=\"wpape-img-image  wpape-lightbox\"  ><div data-thumbnail=\"https:\/\/cri.it\/lombardia\/wp-content\/uploads\/sites\/11\/2026\/02\/WhatsApp-Image-2026-02-01-at-13.54.21.jpeg\" title=\"WhatsApp Image 2026-02-01 at 13.54.21\" data-width=\"300\" data-height=\"225\" ><\/div><div data-popup=\"https:\/\/cri.it\/lombardia\/wp-content\/uploads\/sites\/11\/2026\/02\/WhatsApp-Image-2026-02-01-at-13.54.21.jpeg\"  title=\"WhatsApp Image 2026-02-01 at 13.54.21\"><\/div><div class=\"thumbnail-overlay\"><div class=\"wpapeTitle \">WhatsApp Image 2026-02-01 at 13.54.21<\/div><div class=\"wpapeIcons\"><i class=\"fa fa-search wpapeZoomIcon \" ><\/i><\/div><\/div><\/div><\/div><div class=\"wpape-img category6479\" ><div class=\"wpape-img-image  wpape-lightbox\"  ><div data-thumbnail=\"https:\/\/cri.it\/lombardia\/wp-content\/uploads\/sites\/11\/2026\/02\/WhatsApp-Image-2026-02-01-at-13.54.23.jpeg\" title=\"WhatsApp Image 2026-02-01 at 13.54.23\" data-width=\"300\" data-height=\"225\" ><\/div><div data-popup=\"https:\/\/cri.it\/lombardia\/wp-content\/uploads\/sites\/11\/2026\/02\/WhatsApp-Image-2026-02-01-at-13.54.23.jpeg\"  title=\"WhatsApp Image 2026-02-01 at 13.54.23\"><\/div><div class=\"thumbnail-overlay\"><div class=\"wpapeTitle \">WhatsApp Image 2026-02-01 at 13.54.23<\/div><div class=\"wpapeIcons\"><i class=\"fa fa-search wpapeZoomIcon \" ><\/i><\/div><\/div><\/div><\/div><div class=\"wpape-img category6479\" ><div class=\"wpape-img-image  wpape-lightbox\"  ><div data-thumbnail=\"https:\/\/cri.it\/lombardia\/wp-content\/uploads\/sites\/11\/2026\/02\/WhatsApp-Image-2026-02-01-at-13.54.24.jpeg\" title=\"WhatsApp Image 2026-02-01 at 13.54.24\" data-width=\"300\" data-height=\"225\" ><\/div><div data-popup=\"https:\/\/cri.it\/lombardia\/wp-content\/uploads\/sites\/11\/2026\/02\/WhatsApp-Image-2026-02-01-at-13.54.24.jpeg\"  title=\"WhatsApp Image 2026-02-01 at 13.54.24\"><\/div><div class=\"thumbnail-overlay\"><div class=\"wpapeTitle \">WhatsApp Image 2026-02-01 at 13.54.24<\/div><div class=\"wpapeIcons\"><i class=\"fa fa-search wpapeZoomIcon \" ><\/i><\/div><\/div><\/div><\/div><div class=\"wpape-img category6479\" ><div class=\"wpape-img-image  wpape-lightbox\"  ><div data-thumbnail=\"https:\/\/cri.it\/lombardia\/wp-content\/uploads\/sites\/11\/2026\/02\/WhatsApp-Image-2026-02-01-at-13.54.25.jpeg\" title=\"WhatsApp Image 2026-02-01 at 13.54.25\" data-width=\"300\" data-height=\"225\" ><\/div><div data-popup=\"https:\/\/cri.it\/lombardia\/wp-content\/uploads\/sites\/11\/2026\/02\/WhatsApp-Image-2026-02-01-at-13.54.25.jpeg\"  title=\"WhatsApp Image 2026-02-01 at 13.54.25\"><\/div><div class=\"thumbnail-overlay\"><div class=\"wpapeTitle \">WhatsApp Image 2026-02-01 at 13.54.25<\/div><div class=\"wpapeIcons\"><i class=\"fa fa-search wpapeZoomIcon \" ><\/i><\/div><\/div><\/div><\/div><div class=\"wpape-img category6479\" ><div class=\"wpape-img-image  wpape-lightbox\"  ><div data-thumbnail=\"https:\/\/cri.it\/lombardia\/wp-content\/uploads\/sites\/11\/2026\/02\/WhatsApp-Image-2026-02-01-at-13.54.23-1.jpeg\" title=\"WhatsApp Image 2026-02-01 at 13.54.23 (1)\" data-width=\"300\" data-height=\"225\" ><\/div><div data-popup=\"https:\/\/cri.it\/lombardia\/wp-content\/uploads\/sites\/11\/2026\/02\/WhatsApp-Image-2026-02-01-at-13.54.23-1.jpeg\"  title=\"WhatsApp Image 2026-02-01 at 13.54.23 (1)\"><\/div><div class=\"thumbnail-overlay\"><div class=\"wpapeTitle \">WhatsApp Image 2026-02-01 at 13.54.23 (1)<\/div><div class=\"wpapeIcons\"><i class=\"fa fa-search wpapeZoomIcon \" ><\/i><\/div><\/div><\/div><\/div><\/div><\/div><script>var wpape_gallery_69d5be813a076 = {\"filterContainer\": \"#wpape_gallery_69d5be813a076filter\", \"touch\": 1, \"columns\": 3, \"columnWidth\": \"auto\", \"resolutions\": [ ,  , ], \"overlayEffect\": \"direction-aware-fade\", \"boxesToLoadStart\": \"9\", \"boxesToLoad\": \"6\", \"lazyLoad\": true, \"LoadingWord\": \"Gallery images loading\", \"loadMoreWord\": \"More images\", \"noMoreEntriesWord\": \"No images\", \"loadMoreClass\": \" apebtn apebtn-flat apebtn-primary \", \"horizontalSpaceBetweenBoxes\": 10, \"verticalSpaceBetweenBoxes\": 10}, wpape_gallery_69d5be813a076_css = \"body .mfp-ready.mfp-bg{background-color: rgba(11,11,11,0.8);}.mfp-container .mfp-arrow{display:none;}#wpape_gallery_69d5be813a076 .wpape-img-container{ -webkit-border-radius: 5px;-moz-border-radius: 5px;border-radius: 5px;}#wpape_gallery_69d5be813a076 .wpapeTitle{ font-size:12px; line-height:88%; color:#ffffff;}#wpape_gallery_69d5be813a076 .wpapeTitle:hover{color:#ffffff;}#wpape_gallery_69d5be813a076 .thumbnail-overlay{background:rgba(7,7,7,0.5);}#wpape_gallery_69d5be813a076 .wpapeZoomIcon{ font-size:22px; line-height:100%; color:#ffffff;background:rgba(0,0,0,0);}#wpape_gallery_69d5be813a076 .wpapeZoomIcon:hover{color:#ffffff;background:rgba(0,0,0,0);}#wpape_gallery_69d5be813a076 .image-with-dimensions{background-color: rgba(255,255,255,1);}body .mfp-title, body .mfp-counter{color: rgb(243,243,243);}\",apeGalleryDelay = 0; head = document.head || document.getElementsByTagName(\"head\")[0], style = document.createElement(\"style\"); style.type = \"text\/css\"; if (style.styleSheet) style.styleSheet.cssText = wpape_gallery_69d5be813a076_css; \telse  style.appendChild(document.createTextNode(wpape_gallery_69d5be813a076_css)); head.appendChild(style);<\/script>\n","protected":false},"excerpt":{"rendered":"<p>&nbsp; Lo scorso 1 febbraio 2026 il\u00a0III Centro di Mobilitazione Lombardia\u00a0ha organizzato una giornata formativa per i militari afferenti ai NAApro (Nucleo Arruolamenti Attivit\u00e0 Promozionali) provinciali. Il consesso si \u00e8 tenuto della sede del Comitato CRI di Varese. La mattinata si \u00e8 avviata con l\u2019Alza Bandiera e la prima parte [&hellip;]<\/p>\n","protected":false},"author":127,"featured_media":6496,"parent":0,"menu_order":0,"comment_status":"closed","ping_status":"closed","template":"","meta":{"_themeisle_gutenberg_block_has_review":false,"footnotes":""},"categories":[22,3,47,19,5,6,8],"tags":[],"class_list":["post-6495","page","type-page","status-publish","has-post-thumbnail","hentry","category-aggiornamenti","category-attivita","category-comunicati","category-convegni","category-news","category-primo-piano-generico","category-secondo-piano-generico"],"_links":{"self":[{"href":"https:\/\/cri.it\/lombardia\/wp-json\/wp\/v2\/pages\/6495","targetHints":{"allow":["GET"]}}],"collection":[{"href":"https:\/\/cri.it\/lombardia\/wp-json\/wp\/v2\/pages"}],"about":[{"href":"https:\/\/cri.it\/lombardia\/wp-json\/wp\/v2\/types\/page"}],"author":[{"embeddable":true,"href":"https:\/\/cri.it\/lombardia\/wp-json\/wp\/v2\/users\/127"}],"replies":[{"embeddable":true,"href":"https:\/\/cri.it\/lombardia\/wp-json\/wp\/v2\/comments?post=6495"}],"version-history":[{"count":3,"href":"https:\/\/cri.it\/lombardia\/wp-json\/wp\/v2\/pages\/6495\/revisions"}],"predecessor-version":[{"id":6516,"href":"https:\/\/cri.it\/lombardia\/wp-json\/wp\/v2\/pages\/6495\/revisions\/6516"}],"wp:featuredmedia":[{"embeddable":true,"href":"https:\/\/cri.it\/lombardia\/wp-json\/wp\/v2\/media\/6496"}],"wp:attachment":[{"href":"https:\/\/cri.it\/lombardia\/wp-json\/wp\/v2\/media?parent=6495"}],"wp:term":[{"taxonomy":"category","embeddable":true,"href":"https:\/\/cri.it\/lombardia\/wp-json\/wp\/v2\/categories?post=6495"},{"taxonomy":"post_tag","embeddable":true,"href":"https:\/\/cri.it\/lombardia\/wp-json\/wp\/v2\/tags?post=6495"}],"curies":[{"name":"wp","href":"https:\/\/api.w.org\/{rel}","templated":true}]}}