{"id":3481,"date":"2023-04-06T22:30:04","date_gmt":"2023-04-06T20:30:04","guid":{"rendered":"https:\/\/cri.it\/lombardia\/?page_id=3481"},"modified":"2023-04-16T22:31:14","modified_gmt":"2023-04-16T20:31:14","slug":"2-campo-nazionale-di-formazione-settimo-torinese-e-brescia-30-marzo-2-aprile-2023","status":"publish","type":"page","link":"https:\/\/cri.it\/lombardia\/2-campo-nazionale-di-formazione-settimo-torinese-e-brescia-30-marzo-2-aprile-2023\/","title":{"rendered":"2\u00b0 CAMPO NAZIONALE DI FORMAZIONE \u2013 SETTIMO TORINESE E BRESCIA, 30 MARZO \u2013 2 APRILE 2023"},"content":{"rendered":"\t\t<div data-elementor-type=\"wp-page\" data-elementor-id=\"3481\" class=\"elementor elementor-3481\">\n\t\t\t\t\t\t<section class=\"elementor-section elementor-top-section elementor-element elementor-element-4fcd6ba elementor-section-boxed elementor-section-height-default elementor-section-height-default\" data-id=\"4fcd6ba\" data-element_type=\"section\" data-e-type=\"section\">\n\t\t\t\t\t\t<div class=\"elementor-container elementor-column-gap-default\">\n\t\t\t\t\t<div class=\"elementor-column elementor-col-100 elementor-top-column elementor-element elementor-element-266064c\" data-id=\"266064c\" data-element_type=\"column\" data-e-type=\"column\">\n\t\t\t<div class=\"elementor-widget-wrap elementor-element-populated\">\n\t\t\t\t\t\t<div class=\"elementor-element elementor-element-d49c317 elementor-widget elementor-widget-heading\" data-id=\"d49c317\" data-element_type=\"widget\" data-e-type=\"widget\" data-widget_type=\"heading.default\">\n\t\t\t\t<div class=\"elementor-widget-container\">\n\t\t\t\t\t<h2 class=\"elementor-heading-title elementor-size-default\">2\u00b0 CAMPO NAZIONALE DI FORMAZIONE \u2013 SETTIMO TORINESE E BRESCIA, 30 MARZO \u2013 2 APRILE 2023<\/h2>\t\t\t\t<\/div>\n\t\t\t\t<\/div>\n\t\t\t\t\t<\/div>\n\t\t<\/div>\n\t\t\t\t\t<\/div>\n\t\t<\/section>\n\t\t\t\t<section class=\"elementor-section elementor-top-section elementor-element elementor-element-85a7c96 elementor-section-boxed elementor-section-height-default elementor-section-height-default\" data-id=\"85a7c96\" data-element_type=\"section\" data-e-type=\"section\">\n\t\t\t\t\t\t<div class=\"elementor-container elementor-column-gap-default\">\n\t\t\t\t\t<div class=\"elementor-column elementor-col-100 elementor-top-column elementor-element elementor-element-2d7a24a\" data-id=\"2d7a24a\" data-element_type=\"column\" data-e-type=\"column\">\n\t\t\t<div class=\"elementor-widget-wrap elementor-element-populated\">\n\t\t\t\t\t\t<div class=\"elementor-element elementor-element-5546f48 elementor-widget elementor-widget-spacer\" data-id=\"5546f48\" data-element_type=\"widget\" data-e-type=\"widget\" data-widget_type=\"spacer.default\">\n\t\t\t\t<div class=\"elementor-widget-container\">\n\t\t\t\t\t\t\t<div class=\"elementor-spacer\">\n\t\t\t<div class=\"elementor-spacer-inner\"><\/div>\n\t\t<\/div>\n\t\t\t\t\t\t<\/div>\n\t\t\t\t<\/div>\n\t\t\t\t\t<\/div>\n\t\t<\/div>\n\t\t\t\t\t<\/div>\n\t\t<\/section>\n\t\t\t\t<section class=\"elementor-section elementor-top-section elementor-element elementor-element-3d0e4d0 elementor-section-boxed elementor-section-height-default elementor-section-height-default\" data-id=\"3d0e4d0\" data-element_type=\"section\" data-e-type=\"section\">\n\t\t\t\t\t\t<div class=\"elementor-container elementor-column-gap-default\">\n\t\t\t\t\t<div class=\"elementor-column elementor-col-100 elementor-top-column elementor-element elementor-element-556915f\" data-id=\"556915f\" data-element_type=\"column\" data-e-type=\"column\">\n\t\t\t<div class=\"elementor-widget-wrap elementor-element-populated\">\n\t\t\t\t\t\t<div class=\"elementor-element elementor-element-75babc7 elementor-widget elementor-widget-text-editor\" data-id=\"75babc7\" data-element_type=\"widget\" data-e-type=\"widget\" data-widget_type=\"text-editor.default\">\n\t\t\t\t<div class=\"elementor-widget-container\">\n\t\t\t\t\t\t\t\t\t<p><div class=\"ss-inline-share-wrapper ss-stretched-inline-content ss-small-icons ss-with-spacing ss-rounded-icons\" style=\"box-sizing: border-box; -webkit-tap-highlight-color: transparent; display: block; margin: 25px 0px; clear: both; font-family: -apple-system, BlinkMacSystemFont, &quot;segoe ui&quot;, Roboto, Oxygen-Sans, Ubuntu, Cantarell, Arial, &quot;helvetica neue&quot;, sans-serif; color: rgb(85, 85, 85); font-size: 14px; font-style: normal; font-variant-ligatures: normal; font-variant-caps: normal; font-weight: 300; letter-spacing: normal; orphans: 2; text-align: start; text-indent: 0px; text-transform: none; white-space: normal; widows: 2; word-spacing: 0px; -webkit-text-stroke-width: 0px; background-color: rgb(255, 255, 255); text-decoration-thickness: initial; text-decoration-style: initial; text-decoration-color: initial;\"><\/div><\/p><div data-elementor-type=\"wp-post\" data-elementor-id=\"73898\" class=\"elementor elementor-73898\" data-elementor-settings=\"[]\" style=\"box-sizing: border-box; -webkit-tap-highlight-color: transparent; hyphens: manual; color: rgb(85, 85, 85); font-family: Roboto, Helvetica, Arial, sans-serif; font-size: 14px; font-style: normal; font-variant-ligatures: normal; font-variant-caps: normal; font-weight: 300; letter-spacing: normal; orphans: 2; text-align: start; text-indent: 0px; text-transform: none; white-space: normal; widows: 2; word-spacing: 0px; -webkit-text-stroke-width: 0px; background-color: rgb(255, 255, 255); text-decoration-thickness: initial; text-decoration-style: initial; text-decoration-color: initial;\"><div class=\"elementor-inner\" style=\"box-sizing: border-box; -webkit-tap-highlight-color: transparent;\"><div class=\"elementor-section-wrap\" style=\"box-sizing: border-box; -webkit-tap-highlight-color: transparent;\"><section class=\"elementor-section elementor-top-section elementor-element elementor-element-066976b elementor-section-boxed elementor-section-height-default elementor-section-height-default\" data-id=\"066976b\" data-element_type=\"section\" style=\"box-sizing: border-box; -webkit-tap-highlight-color: transparent; display: block; position: relative;\"><div class=\"elementor-container elementor-column-gap-default\" style=\"box-sizing: border-box; -webkit-tap-highlight-color: transparent; display: flex; margin-right: auto; margin-left: auto; position: relative; max-width: 1140px;\"><div class=\"elementor-row\" style=\"box-sizing: border-box; -webkit-tap-highlight-color: transparent; width: 1140px; display: flex;\"><div class=\"elementor-column elementor-col-100 elementor-top-column elementor-element elementor-element-35f265d\" data-id=\"35f265d\" data-element_type=\"column\" style=\"box-sizing: border-box; -webkit-tap-highlight-color: transparent; min-height: 1px; position: relative; display: flex; width: 1140px;\"><div class=\"elementor-column-wrap elementor-element-populated\" style=\"box-sizing: border-box; -webkit-tap-highlight-color: transparent; position: relative; display: flex; width: 1140px;\"><div class=\"elementor-widget-wrap\" style=\"box-sizing: border-box; -webkit-tap-highlight-color: transparent; position: relative; width: 1140px; flex-wrap: wrap; align-content: flex-start; display: flex; padding: 10px;\"><div class=\"elementor-element elementor-element-c1ef0e6 elementor-widget elementor-widget-text-editor\" data-id=\"c1ef0e6\" data-element_type=\"widget\" data-widget_type=\"text-editor.default\" style=\"box-sizing: border-box; -webkit-tap-highlight-color: transparent; position: relative; width: 1120px;\"><div class=\"elementor-widget-container\" style=\"box-sizing: border-box; -webkit-tap-highlight-color: transparent; transition: background 0.3s ease 0s, border 0.3s ease 0s, border-radius 0.3s ease 0s, box-shadow 0.3s ease 0s, -webkit-border-radius 0.3s ease 0s, -webkit-box-shadow 0.3s ease 0s;\"><div class=\"elementor-text-editor elementor-clearfix\" style=\"box-sizing: border-box; -webkit-tap-highlight-color: transparent;\"><p style=\"box-sizing: border-box; -webkit-tap-highlight-color: transparent; margin: 0px 0px 15px; font-size: 18px !important; line-height: 1.618;\">Domenica 2 aprile si \u00e8 concluso il 2\u00b0Campo Nazionale di Formazione 2023. I 4 corsi in programma sono stati realizzati in location diverse; in particolare presso il<span>&nbsp;<\/span><strong style=\"box-sizing: border-box; -webkit-tap-highlight-color: transparent; font-weight: bold;\">Centro Polifunzionale Teobaldo Fenoglio di Settimo Torinese<\/strong><span>&nbsp;<\/span>si sono svolti:&nbsp;&nbsp;<\/p><ul style=\"box-sizing: border-box; -webkit-tap-highlight-color: transparent; margin-top: 0px; margin-bottom: 30px; line-height: 1.618; font-size: 18px;\"><li style=\"box-sizing: border-box; -webkit-tap-highlight-color: transparent;\">Il corso per Trainer Attivit\u00e0 di Prevenzione e Promozione alla Salute e Stili di Vita Sani (TAPPSSVS);<\/li><li style=\"box-sizing: border-box; -webkit-tap-highlight-color: transparent;\">Il corso per Trainer di Attivit\u00e0 Sociali&nbsp;(TAS);<\/li><\/ul><p style=\"box-sizing: border-box; -webkit-tap-highlight-color: transparent; margin: 0px 0px 15px; font-size: 18px !important; line-height: 1.618;\">Presso il Comitato CRI di Brescia si \u00e8 svolto il Corso di specializzazione in Protezione dei Beni Culturali per Istruttori DIU (ASPBC). Infine in modalit\u00e0&nbsp;online si \u00e8 svolto il corso&nbsp;di Aggiornamento Formatore CRI in materia di salute e sicurezza&nbsp;<em style=\"box-sizing: border-box; -webkit-tap-highlight-color: transparent;\">online<\/em>&nbsp;(AGGFSIC).<\/p><p style=\"box-sizing: border-box; -webkit-tap-highlight-color: transparent; margin: 0px 0px 15px; font-size: 18px !important; line-height: 1.618;\"><strong style=\"box-sizing: border-box; -webkit-tap-highlight-color: transparent; font-weight: bold;\">60 Volontari&nbsp;<\/strong>da 17 regioni sono stati impegnati in corsi di formazione di III e IV livello in ambito: Salute, Inclusione Sociale, Salute e Sicurezza e Principi e Valori.Durante lo svolgimento dei Corsi,&nbsp;due sono state le occasione di saluti istituzionali.&nbsp;In particolare&nbsp;presso il Comitato CRI di Brescia sono intervenuti il&nbsp;Presidente Nazionale f.f;&nbsp;il&nbsp;Presidente del Comitato CRI di Brescia Carolina David,&nbsp;il DTN Principi e Valori Marzia Como&nbsp;e il direttore del Corso Michele Romeo Jasinski;&nbsp;presso il&nbsp;Centro Polifunzionale Teobaldo Fenoglio di Settimo Torinese&nbsp;sono intervenuti<em style=\"box-sizing: border-box; -webkit-tap-highlight-color: transparent;\">&nbsp;<\/em>il<em style=\"box-sizing: border-box; -webkit-tap-highlight-color: transparent;\">&nbsp;<\/em>Presidente Nazionale f.f., il Presidente Regionale CRI Vittorio Ferrero e&nbsp;il Sindaco di Settimo Torinese Elena Piastra; i due direttori dei corsi&nbsp;Nicoletta De Florio e&nbsp;Fabrizio Loretto.<\/p><\/div><\/div><\/div><\/div><\/div><\/div><\/div><\/div><\/section><section class=\"elementor-section elementor-top-section elementor-element elementor-element-9c01a5d elementor-section-boxed elementor-section-height-default elementor-section-height-default\" data-id=\"9c01a5d\" data-element_type=\"section\" style=\"box-sizing: border-box; -webkit-tap-highlight-color: transparent; display: block; position: relative;\"><div class=\"elementor-container elementor-column-gap-default\" style=\"box-sizing: border-box; -webkit-tap-highlight-color: transparent; display: flex; margin-right: auto; margin-left: auto; position: relative; max-width: 1140px;\"><div class=\"elementor-row\" style=\"box-sizing: border-box; -webkit-tap-highlight-color: transparent; width: 1140px; display: flex;\"><div class=\"elementor-column elementor-col-50 elementor-top-column elementor-element elementor-element-8dd271c\" data-id=\"8dd271c\" data-element_type=\"column\" style=\"box-sizing: border-box; -webkit-tap-highlight-color: transparent; min-height: 1px; position: relative; display: flex; width: 570px;\"><div class=\"elementor-column-wrap elementor-element-populated\" style=\"box-sizing: border-box; -webkit-tap-highlight-color: transparent; position: relative; display: flex; width: 570px;\"><div class=\"elementor-widget-wrap\" style=\"box-sizing: border-box; -webkit-tap-highlight-color: transparent; position: relative; width: 570px; flex-wrap: wrap; align-content: flex-start; display: flex; padding: 10px;\"><div class=\"elementor-element elementor-element-3495a95 elementor-widget elementor-widget-image\" data-id=\"3495a95\" data-element_type=\"widget\" data-widget_type=\"image.default\" style=\"box-sizing: border-box; -webkit-tap-highlight-color: transparent; position: relative; text-align: center; width: 550px;\"><div class=\"elementor-widget-container\" style=\"box-sizing: border-box; -webkit-tap-highlight-color: transparent; transition: background 0.3s ease 0s, border 0.3s ease 0s, border-radius 0.3s ease 0s, box-shadow 0.3s ease 0s, -webkit-border-radius 0.3s ease 0s, -webkit-box-shadow 0.3s ease 0s;\"><div class=\"elementor-image\" style=\"box-sizing: border-box; -webkit-tap-highlight-color: transparent;\"><img fetchpriority=\"high\" decoding=\"async\" width=\"750\" height=\"563\" src=\"https:\/\/cri.it\/wp-content\/uploads\/2023\/04\/Settimo_plenaria-2048x1536.jpg\" class=\"attachment-large size-large\" alt=\"\" srcset=\"https:\/\/cri.it\/wp-content\/uploads\/2023\/04\/Settimo_plenaria-2048x1536.jpg 2048w, https:\/\/cri.it\/wp-content\/uploads\/2023\/04\/Settimo_plenaria-300x225.jpg 300w, https:\/\/cri.it\/wp-content\/uploads\/2023\/04\/Settimo_plenaria-768x576.jpg 768w, https:\/\/cri.it\/wp-content\/uploads\/2023\/04\/Settimo_plenaria-1536x1152.jpg 1536w, https:\/\/cri.it\/wp-content\/uploads\/2023\/04\/Settimo_plenaria-1280x960.jpg 1280w, https:\/\/cri.it\/wp-content\/uploads\/2023\/04\/Settimo_plenaria-1920x1440.jpg 1920w\" sizes=\"(max-width: 750px) 100vw, 750px\" style=\"box-sizing: border-box; -webkit-tap-highlight-color: transparent; border: none; vertical-align: middle; max-width: 100%; height: auto; border-radius: 0px; box-shadow: none; display: inline-block;\"><\/div><\/div><\/div><\/div><\/div><\/div><div class=\"elementor-column elementor-col-50 elementor-top-column elementor-element elementor-element-a958de8\" data-id=\"a958de8\" data-element_type=\"column\" style=\"box-sizing: border-box; -webkit-tap-highlight-color: transparent; min-height: 1px; position: relative; display: flex; width: 570px;\"><div class=\"elementor-column-wrap elementor-element-populated\" style=\"box-sizing: border-box; -webkit-tap-highlight-color: transparent; position: relative; display: flex; width: 570px;\"><div class=\"elementor-widget-wrap\" style=\"box-sizing: border-box; -webkit-tap-highlight-color: transparent; position: relative; width: 570px; flex-wrap: wrap; align-content: flex-start; display: flex; padding: 10px;\"><div class=\"elementor-element elementor-element-4b74a0a elementor-widget elementor-widget-image\" data-id=\"4b74a0a\" data-element_type=\"widget\" data-widget_type=\"image.default\" style=\"box-sizing: border-box; -webkit-tap-highlight-color: transparent; position: relative; text-align: center; width: 550px;\"><div class=\"elementor-widget-container\" style=\"box-sizing: border-box; -webkit-tap-highlight-color: transparent; transition: background 0.3s ease 0s, border 0.3s ease 0s, border-radius 0.3s ease 0s, box-shadow 0.3s ease 0s, -webkit-border-radius 0.3s ease 0s, -webkit-box-shadow 0.3s ease 0s;\"><div class=\"elementor-image\" style=\"box-sizing: border-box; -webkit-tap-highlight-color: transparent;\"><img decoding=\"async\" width=\"750\" height=\"565\" src=\"https:\/\/cri.it\/wp-content\/uploads\/2023\/04\/Brescia_plenaria.jpg\" class=\"attachment-large size-large\" alt=\"\" srcset=\"https:\/\/cri.it\/wp-content\/uploads\/2023\/04\/Brescia_plenaria.jpg 752w, https:\/\/cri.it\/wp-content\/uploads\/2023\/04\/Brescia_plenaria-300x226.jpg 300w\" sizes=\"(max-width: 750px) 100vw, 750px\" style=\"box-sizing: border-box; -webkit-tap-highlight-color: transparent; border: none; vertical-align: middle; max-width: 100%; height: auto; border-radius: 0px; box-shadow: none; display: inline-block;\"><\/div><\/div><\/div><\/div><\/div><\/div><\/div><\/div><\/section><section class=\"elementor-section elementor-top-section elementor-element elementor-element-acd9498 elementor-section-boxed elementor-section-height-default elementor-section-height-default\" data-id=\"acd9498\" data-element_type=\"section\" style=\"box-sizing: border-box; -webkit-tap-highlight-color: transparent; display: block; position: relative;\"><div class=\"elementor-container elementor-column-gap-default\" style=\"box-sizing: border-box; -webkit-tap-highlight-color: transparent; display: flex; margin-right: auto; margin-left: auto; position: relative; max-width: 1140px;\"><div class=\"elementor-row\" style=\"box-sizing: border-box; -webkit-tap-highlight-color: transparent; width: 1140px; display: flex;\"><div class=\"elementor-column elementor-col-100 elementor-top-column elementor-element elementor-element-50aecf2\" data-id=\"50aecf2\" data-element_type=\"column\" style=\"box-sizing: border-box; -webkit-tap-highlight-color: transparent; min-height: 1px; position: relative; display: flex; width: 1140px;\"><div class=\"elementor-column-wrap elementor-element-populated\" style=\"box-sizing: border-box; -webkit-tap-highlight-color: transparent; position: relative; display: flex; width: 1140px;\"><div class=\"elementor-widget-wrap\" style=\"box-sizing: border-box; -webkit-tap-highlight-color: transparent; position: relative; width: 1140px; flex-wrap: wrap; align-content: flex-start; display: flex; padding: 10px;\"><div class=\"elementor-element elementor-element-6b1ea6a elementor-widget elementor-widget-image\" data-id=\"6b1ea6a\" data-element_type=\"widget\" data-widget_type=\"image.default\" style=\"box-sizing: border-box; -webkit-tap-highlight-color: transparent; position: relative; text-align: center; width: 1120px;\"><div class=\"elementor-widget-container\" style=\"box-sizing: border-box; -webkit-tap-highlight-color: transparent; transition: background 0.3s ease 0s, border 0.3s ease 0s, border-radius 0.3s ease 0s, box-shadow 0.3s ease 0s, -webkit-border-radius 0.3s ease 0s, -webkit-box-shadow 0.3s ease 0s;\"><div class=\"elementor-image\" style=\"box-sizing: border-box; -webkit-tap-highlight-color: transparent;\"><img decoding=\"async\" width=\"1600\" height=\"535\" src=\"https:\/\/cri.it\/wp-content\/uploads\/2023\/04\/Settimo-Torinese_gruppo.jpg\" class=\"attachment-full size-full\" alt=\"\" srcset=\"https:\/\/cri.it\/wp-content\/uploads\/2023\/04\/Settimo-Torinese_gruppo.jpg 1600w, https:\/\/cri.it\/wp-content\/uploads\/2023\/04\/Settimo-Torinese_gruppo-300x100.jpg 300w, https:\/\/cri.it\/wp-content\/uploads\/2023\/04\/Settimo-Torinese_gruppo-768x257.jpg 768w, https:\/\/cri.it\/wp-content\/uploads\/2023\/04\/Settimo-Torinese_gruppo-1536x514.jpg 1536w, https:\/\/cri.it\/wp-content\/uploads\/2023\/04\/Settimo-Torinese_gruppo-1280x428.jpg 1280w\" sizes=\"(max-width: 1600px) 100vw, 1600px\" style=\"box-sizing: border-box; -webkit-tap-highlight-color: transparent; border: none; vertical-align: middle; max-width: 100%; height: auto; border-radius: 0px; box-shadow: none; display: inline-block;\"><\/div><\/div><\/div><\/div><\/div><\/div><\/div><\/div><\/section><section class=\"elementor-section elementor-top-section elementor-element elementor-element-33e968a elementor-section-boxed elementor-section-height-default elementor-section-height-default\" data-id=\"33e968a\" data-element_type=\"section\" style=\"box-sizing: border-box; -webkit-tap-highlight-color: transparent; display: block; position: relative;\"><div class=\"elementor-container elementor-column-gap-default\" style=\"box-sizing: border-box; -webkit-tap-highlight-color: transparent; display: flex; margin-right: auto; margin-left: auto; position: relative; max-width: 1140px;\"><div class=\"elementor-row\" style=\"box-sizing: border-box; -webkit-tap-highlight-color: transparent; width: 1140px; display: flex;\"><div class=\"elementor-column elementor-col-100 elementor-top-column elementor-element elementor-element-914e828\" data-id=\"914e828\" data-element_type=\"column\" style=\"box-sizing: border-box; -webkit-tap-highlight-color: transparent; min-height: 1px; position: relative; display: flex; width: 1140px;\"><div class=\"elementor-column-wrap elementor-element-populated\" style=\"box-sizing: border-box; -webkit-tap-highlight-color: transparent; position: relative; display: flex; width: 1140px;\"><div class=\"elementor-widget-wrap\" style=\"box-sizing: border-box; -webkit-tap-highlight-color: transparent; position: relative; width: 1140px; flex-wrap: wrap; align-content: flex-start; display: flex; padding: 10px;\"><div class=\"elementor-element elementor-element-d45f39d elementor-widget elementor-widget-image\" data-id=\"d45f39d\" data-element_type=\"widget\" data-widget_type=\"image.default\" style=\"box-sizing: border-box; -webkit-tap-highlight-color: transparent; position: relative; text-align: center; width: 1120px;\"><div class=\"elementor-widget-container\" style=\"box-sizing: border-box; -webkit-tap-highlight-color: transparent; transition: background 0.3s ease 0s, border 0.3s ease 0s, border-radius 0.3s ease 0s, box-shadow 0.3s ease 0s, -webkit-border-radius 0.3s ease 0s, -webkit-box-shadow 0.3s ease 0s;\"><div class=\"elementor-image\" style=\"box-sizing: border-box; -webkit-tap-highlight-color: transparent;\"><img loading=\"lazy\" decoding=\"async\" width=\"2362\" height=\"1329\" src=\"https:\/\/cri.it\/wp-content\/uploads\/2023\/04\/Brescia_gruppo.jpg\" class=\"attachment-full size-full\" alt=\"\" srcset=\"https:\/\/cri.it\/wp-content\/uploads\/2023\/04\/Brescia_gruppo.jpg 2362w, https:\/\/cri.it\/wp-content\/uploads\/2023\/04\/Brescia_gruppo-300x169.jpg 300w, https:\/\/cri.it\/wp-content\/uploads\/2023\/04\/Brescia_gruppo-2048x1152.jpg 2048w, https:\/\/cri.it\/wp-content\/uploads\/2023\/04\/Brescia_gruppo-768x432.jpg 768w, https:\/\/cri.it\/wp-content\/uploads\/2023\/04\/Brescia_gruppo-1536x864.jpg 1536w, https:\/\/cri.it\/wp-content\/uploads\/2023\/04\/Brescia_gruppo-1280x720.jpg 1280w\" sizes=\"(max-width: 2362px) 100vw, 2362px\" style=\"box-sizing: border-box; -webkit-tap-highlight-color: transparent; border: none; vertical-align: middle; max-width: 100%; height: auto; border-radius: 0px; box-shadow: none; display: inline-block;\"><\/div><\/div><\/div><\/div><\/div><\/div><\/div><\/div><\/section><\/div><\/div><\/div>\t\t\t\t\t\t\t\t<\/div>\n\t\t\t\t<\/div>\n\t\t\t\t\t<\/div>\n\t\t<\/div>\n\t\t\t\t\t<\/div>\n\t\t<\/section>\n\t\t\t\t<\/div>\n\t\t","protected":false},"excerpt":{"rendered":"<p>2\u00b0 CAMPO NAZIONALE DI FORMAZIONE \u2013 SETTIMO TORINESE E BRESCIA, 30 MARZO \u2013 2 APRILE 2023 Domenica 2 aprile si \u00e8 concluso il 2\u00b0Campo Nazionale di Formazione 2023. I 4 corsi in programma sono stati realizzati in location diverse; in particolare presso il&nbsp;Centro Polifunzionale Teobaldo Fenoglio di Settimo Torinese&nbsp;si sono [&hellip;]<\/p>\n","protected":false},"author":127,"featured_media":3483,"parent":0,"menu_order":0,"comment_status":"closed","ping_status":"closed","template":"page-templates\/template-pagebuilder-full-width.php","meta":{"_themeisle_gutenberg_block_has_review":false,"footnotes":""},"categories":[22,17,6,8],"tags":[],"class_list":["post-3481","page","type-page","status-publish","has-post-thumbnail","hentry","category-aggiornamenti","category-formazione","category-primo-piano-generico","category-secondo-piano-generico"],"_links":{"self":[{"href":"https:\/\/cri.it\/lombardia\/wp-json\/wp\/v2\/pages\/3481","targetHints":{"allow":["GET"]}}],"collection":[{"href":"https:\/\/cri.it\/lombardia\/wp-json\/wp\/v2\/pages"}],"about":[{"href":"https:\/\/cri.it\/lombardia\/wp-json\/wp\/v2\/types\/page"}],"author":[{"embeddable":true,"href":"https:\/\/cri.it\/lombardia\/wp-json\/wp\/v2\/users\/127"}],"replies":[{"embeddable":true,"href":"https:\/\/cri.it\/lombardia\/wp-json\/wp\/v2\/comments?post=3481"}],"version-history":[{"count":3,"href":"https:\/\/cri.it\/lombardia\/wp-json\/wp\/v2\/pages\/3481\/revisions"}],"predecessor-version":[{"id":3487,"href":"https:\/\/cri.it\/lombardia\/wp-json\/wp\/v2\/pages\/3481\/revisions\/3487"}],"wp:featuredmedia":[{"embeddable":true,"href":"https:\/\/cri.it\/lombardia\/wp-json\/wp\/v2\/media\/3483"}],"wp:attachment":[{"href":"https:\/\/cri.it\/lombardia\/wp-json\/wp\/v2\/media?parent=3481"}],"wp:term":[{"taxonomy":"category","embeddable":true,"href":"https:\/\/cri.it\/lombardia\/wp-json\/wp\/v2\/categories?post=3481"},{"taxonomy":"post_tag","embeddable":true,"href":"https:\/\/cri.it\/lombardia\/wp-json\/wp\/v2\/tags?post=3481"}],"curies":[{"name":"wp","href":"https:\/\/api.w.org\/{rel}","templated":true}]}}