{"id":3428,"date":"2023-03-08T22:01:16","date_gmt":"2023-03-08T21:01:16","guid":{"rendered":"https:\/\/cri.it\/lombardia\/?page_id=3428"},"modified":"2023-04-16T22:03:46","modified_gmt":"2023-04-16T20:03:46","slug":"valastro-il-volontariato-delle-donne-ha-gli-occhi-carichi-di-bellezza-e-di-futuro","status":"publish","type":"page","link":"https:\/\/cri.it\/lombardia\/valastro-il-volontariato-delle-donne-ha-gli-occhi-carichi-di-bellezza-e-di-futuro\/","title":{"rendered":"VALASTRO: \u201cIL VOLONTARIATO DELLE DONNE HA GLI OCCHI CARICHI DI BELLEZZA E DI FUTURO\u201d"},"content":{"rendered":"\t\t<div data-elementor-type=\"wp-page\" data-elementor-id=\"3428\" class=\"elementor elementor-3428\">\n\t\t\t\t\t\t<section class=\"elementor-section elementor-top-section elementor-element elementor-element-2cc9885 elementor-section-boxed elementor-section-height-default elementor-section-height-default\" data-id=\"2cc9885\" data-element_type=\"section\" data-e-type=\"section\">\n\t\t\t\t\t\t<div class=\"elementor-container elementor-column-gap-default\">\n\t\t\t\t\t<div class=\"elementor-column elementor-col-100 elementor-top-column elementor-element elementor-element-e8d89e1\" data-id=\"e8d89e1\" data-element_type=\"column\" data-e-type=\"column\">\n\t\t\t<div class=\"elementor-widget-wrap elementor-element-populated\">\n\t\t\t\t\t\t<div class=\"elementor-element elementor-element-8a11549 elementor-widget elementor-widget-heading\" data-id=\"8a11549\" data-element_type=\"widget\" data-e-type=\"widget\" data-widget_type=\"heading.default\">\n\t\t\t\t<div class=\"elementor-widget-container\">\n\t\t\t\t\t<h2 class=\"elementor-heading-title elementor-size-default\">VALASTRO: \u201cIL VOLONTARIATO DELLE DONNE HA GLI OCCHI CARICHI DI BELLEZZA E DI FUTURO\u201d<\/h2>\t\t\t\t<\/div>\n\t\t\t\t<\/div>\n\t\t\t\t\t<\/div>\n\t\t<\/div>\n\t\t\t\t\t<\/div>\n\t\t<\/section>\n\t\t\t\t<section class=\"elementor-section elementor-top-section elementor-element elementor-element-593c0c5 elementor-section-boxed elementor-section-height-default elementor-section-height-default\" data-id=\"593c0c5\" data-element_type=\"section\" data-e-type=\"section\">\n\t\t\t\t\t\t<div class=\"elementor-container elementor-column-gap-default\">\n\t\t\t\t\t<div class=\"elementor-column elementor-col-100 elementor-top-column elementor-element elementor-element-1701b81\" data-id=\"1701b81\" data-element_type=\"column\" data-e-type=\"column\">\n\t\t\t<div class=\"elementor-widget-wrap elementor-element-populated\">\n\t\t\t\t\t\t<div class=\"elementor-element elementor-element-78f7d5e elementor-widget elementor-widget-spacer\" data-id=\"78f7d5e\" data-element_type=\"widget\" data-e-type=\"widget\" data-widget_type=\"spacer.default\">\n\t\t\t\t<div class=\"elementor-widget-container\">\n\t\t\t\t\t\t\t<div class=\"elementor-spacer\">\n\t\t\t<div class=\"elementor-spacer-inner\"><\/div>\n\t\t<\/div>\n\t\t\t\t\t\t<\/div>\n\t\t\t\t<\/div>\n\t\t\t\t\t<\/div>\n\t\t<\/div>\n\t\t\t\t\t<\/div>\n\t\t<\/section>\n\t\t\t\t<section class=\"elementor-section elementor-top-section elementor-element elementor-element-9cccdac elementor-section-boxed elementor-section-height-default elementor-section-height-default\" data-id=\"9cccdac\" data-element_type=\"section\" data-e-type=\"section\">\n\t\t\t\t\t\t<div class=\"elementor-container elementor-column-gap-default\">\n\t\t\t\t\t<div class=\"elementor-column elementor-col-100 elementor-top-column elementor-element elementor-element-346bf72\" data-id=\"346bf72\" data-element_type=\"column\" data-e-type=\"column\">\n\t\t\t<div class=\"elementor-widget-wrap elementor-element-populated\">\n\t\t\t\t\t\t<div class=\"elementor-element elementor-element-b4932a0 elementor-widget elementor-widget-text-editor\" data-id=\"b4932a0\" data-element_type=\"widget\" data-e-type=\"widget\" data-widget_type=\"text-editor.default\">\n\t\t\t\t<div class=\"elementor-widget-container\">\n\t\t\t\t\t\t\t\t\t<section class=\"elementor-section elementor-top-section elementor-element elementor-element-f6b6ef5 elementor-section-boxed elementor-section-height-default elementor-section-height-default\" data-id=\"f6b6ef5\" data-element_type=\"section\"><div class=\"elementor-container elementor-column-gap-default\"><div class=\"elementor-row\" style=\"width: 1140px;\"><div class=\"elementor-column elementor-col-100 elementor-top-column elementor-element elementor-element-e0a2f90\" data-id=\"e0a2f90\" data-element_type=\"column\" style=\"width: 1140px;\"><div class=\"elementor-column-wrap elementor-element-populated\" style=\"width: 1140px;\"><div class=\"elementor-widget-wrap\" style=\"width: 1140px;\"><div class=\"elementor-element elementor-element-6dff626 elementor-widget elementor-widget-heading\" data-id=\"6dff626\" data-element_type=\"widget\" data-widget_type=\"heading.default\" style=\"width: 1120px; text-align: center;\"><div class=\"elementor-widget-container\"><h2 class=\"elementor-heading-title elementor-size-medium\" style=\"margin-bottom: 15px;\">8 MARZO: MESSAGGIO DEL PRESIDENTE CRI ROSARIO VALASTRO<\/h2><\/div><\/div><\/div><\/div><\/div><\/div><\/div><\/section><section class=\"elementor-section elementor-top-section elementor-element elementor-element-580a84c elementor-section-boxed elementor-section-height-default elementor-section-height-default\" data-id=\"580a84c\" data-element_type=\"section\"><div class=\"elementor-container elementor-column-gap-default\"><div class=\"elementor-row\" style=\"width: 1140px;\"><div class=\"elementor-column elementor-col-100 elementor-top-column elementor-element elementor-element-65f8d23\" data-id=\"65f8d23\" data-element_type=\"column\" style=\"width: 1140px;\"><div class=\"elementor-column-wrap elementor-element-populated\" style=\"width: 1140px;\"><div class=\"elementor-widget-wrap\" style=\"width: 1140px;\"><div class=\"elementor-element elementor-element-272b85b elementor-widget elementor-widget-text-editor\" data-id=\"272b85b\" data-element_type=\"widget\" data-widget_type=\"text-editor.default\" style=\"width: 1120px;\"><div class=\"elementor-widget-container\"><div class=\"elementor-text-editor elementor-clearfix\"><p style=\"margin-bottom: 15px; line-height: 1.618;\">Nello scorrere del tempo da un&nbsp;<strong>8 marzo<\/strong>&nbsp;ad un altro si addensano le immagini che vivono di vita propria e che fanno parte della storia, di quella storia che si costruisce in molti Paesi ancora lottando per i diritti pi\u00f9 basilari e in altri per conquistarne di nuovi. Ma c\u2019\u00e8 nell\u2019album di famiglia della Croce Rossa, della nostra storia recente, una serie di immagini che non possono non essere l\u2019essenza stessa del nostro tempo. L\u2019incontro fra le donne del volontariato e le donne che aiutiamo. Il pullman che arriva nelle nostre sedi con le donne evacuate da Leopoli, le donne ucraine accolte, le donne afghane arrivate con l\u2019operazione Aquila Omnia, le donne migranti che ricevono l\u2019abbraccio delle volontarie nei momenti pi\u00f9 bui, le donne delle nostre citt\u00e0 che ritirano gli aiuti alimentari per le proprie famiglie, le donne pi\u00f9 anziane che si rivolgono al nostro numero di pubblica utilit\u00e0, le donne soccorse durante la pandemia, le donne che subiscono violenza e per questo chiedono il nostro aiuto.<br><br>Nell\u2019essere&nbsp;<strong>Croce Rossa<\/strong>&nbsp;c\u2019\u00e8 tutto questo e molto ancora. C\u2019\u00e8 lo stare dalla parte di chi per primo ha bisogno di maggiore aiuto e attraverso le storie del legame tra i volontari e le volontarie, l\u2019umanit\u00e0 che ci chiama a raccolta, c\u2019\u00e8 la celebrazione ogni giorno per quanto ci riguarda della giornata della donna. Quelle donne che sono maggioranza nel volontariato e che contribuiscono alla ricchezza economica ed etica del Paese. Si potrebbe e si dovrebbe scrivere e raccontare il Volontariato attraverso i loro sorrisi, i loro abbracci, le loro carezze, la loro capacit\u00e0 di cura e anche la loro forza e il loro coraggio. L\u2019Italia che con le nostre Infermiere Volontarie e le nostre Volontarie celebra l\u2019Umanit\u00e0 pi\u00f9 vera non pu\u00f2 che essere esempio per tutti di cosa significhi essere dalla parte del rispetto profondo di ci\u00f2 che c\u2019\u00e8 di pi\u00f9 importante in una societ\u00e0 moderna, la libert\u00e0 delle donne. \u00c8, soprattutto attraverso di essa, che si costruiscono le libert\u00e0 civili e i diritti di tutti. In questo 8 marzo il pensiero di ciascuno di noi non pu\u00f2 non andare alle donne che ne soffrono la mancanza o a coloro che fuggono dalle guerre e in questo onorare le tante donne che sanno essere, non solo perch\u00e9 ne assumono ruoli, leader di quel cambiamento che parte dalla relazione con gli altri e dalla capacit\u00e0 di saper essere interpreti contemporanee della migliore forma di aiuto verso chi ha bisogno.<br><br>Alle Volontarie della Croce Rossa una dedica speciale, dunque, per questa Giornata. A tutte le donne, il mio e nostro sentito ringraziamento per essere capaci di guardare il mondo con occhi carichi di bellezza e di futuro.&nbsp;&nbsp;<\/p><\/div><\/div><\/div><\/div><\/div><\/div><\/div><\/div><\/section><section class=\"elementor-section elementor-top-section elementor-element elementor-element-8fd3648 elementor-section-boxed elementor-section-height-default elementor-section-height-default\" data-id=\"8fd3648\" data-element_type=\"section\"><div class=\"elementor-container elementor-column-gap-default\"><div class=\"elementor-row\" style=\"width: 1140px;\"><div class=\"elementor-column elementor-col-33 elementor-top-column elementor-element elementor-element-e29f5b3\" data-id=\"e29f5b3\" data-element_type=\"column\" style=\"width: 360px;\"><div class=\"elementor-column-wrap elementor-element-populated\" style=\"width: 360px;\"><div class=\"elementor-widget-wrap\" style=\"width: 360px;\"><div class=\"elementor-element elementor-element-82d78f5 elementor-widget elementor-widget-image\" data-id=\"82d78f5\" data-element_type=\"widget\" data-widget_type=\"image.default\" style=\"width: 340px;\"><div class=\"elementor-widget-container\"><div class=\"elementor-image\"><figure class=\"wp-caption\"><img fetchpriority=\"high\" decoding=\"async\" width=\"750\" height=\"558\" src=\"https:\/\/cri.it\/wp-content\/uploads\/2022\/04\/LEOPOLI_TER_TRIAGE_12_L-scaled-e1678189858222-2048x1523.jpg\" class=\"attachment-large size-large\" alt=\"\" srcset=\"https:\/\/cri.it\/wp-content\/uploads\/2022\/04\/LEOPOLI_TER_TRIAGE_12_L-scaled-e1678189858222-2048x1523.jpg 2048w, https:\/\/cri.it\/wp-content\/uploads\/2022\/04\/LEOPOLI_TER_TRIAGE_12_L-scaled-e1678189858222-300x223.jpg 300w, https:\/\/cri.it\/wp-content\/uploads\/2022\/04\/LEOPOLI_TER_TRIAGE_12_L-scaled-e1678189858222-768x571.jpg 768w, https:\/\/cri.it\/wp-content\/uploads\/2022\/04\/LEOPOLI_TER_TRIAGE_12_L-scaled-e1678189858222-1536x1142.jpg 1536w, https:\/\/cri.it\/wp-content\/uploads\/2022\/04\/LEOPOLI_TER_TRIAGE_12_L-scaled-e1678189858222-1280x952.jpg 1280w, https:\/\/cri.it\/wp-content\/uploads\/2022\/04\/LEOPOLI_TER_TRIAGE_12_L-scaled-e1678189858222-1937x1440.jpg 1937w\" sizes=\"(max-width: 750px) 100vw, 750px\"><figcaption class=\"widget-image-caption wp-caption-text\">Leopoli, Ucraina 2022 &#8211; evacuazione persone fragili<\/figcaption><\/figure><\/div><\/div><\/div><\/div><\/div><\/div><div class=\"elementor-column elementor-col-33 elementor-top-column elementor-element elementor-element-13cb4cf\" data-id=\"13cb4cf\" data-element_type=\"column\" style=\"width: 392.987px;\"><div class=\"elementor-column-wrap elementor-element-populated\" style=\"width: 392.987px;\"><div class=\"elementor-widget-wrap\" style=\"width: 392.987px;\"><div class=\"elementor-element elementor-element-eb16459 elementor-widget elementor-widget-image\" data-id=\"eb16459\" data-element_type=\"widget\" data-widget_type=\"image.default\" style=\"width: 372.987px;\"><div class=\"elementor-widget-container\"><div class=\"elementor-image\"><figure class=\"wp-caption\"><img decoding=\"async\" width=\"750\" height=\"500\" src=\"https:\/\/cri.it\/wp-content\/uploads\/2021\/08\/AVEZZANO_GIOCATTOLI_2-1024x683.jpg\" class=\"attachment-large size-large\" alt=\"\" srcset=\"https:\/\/cri.it\/wp-content\/uploads\/2021\/08\/AVEZZANO_GIOCATTOLI_2-1024x683.jpg 1024w, https:\/\/cri.it\/wp-content\/uploads\/2021\/08\/AVEZZANO_GIOCATTOLI_2-300x200.jpg 300w, https:\/\/cri.it\/wp-content\/uploads\/2021\/08\/AVEZZANO_GIOCATTOLI_2-768x512.jpg 768w, https:\/\/cri.it\/wp-content\/uploads\/2021\/08\/AVEZZANO_GIOCATTOLI_2-1536x1024.jpg 1536w, https:\/\/cri.it\/wp-content\/uploads\/2021\/08\/AVEZZANO_GIOCATTOLI_2-2048x1365.jpg 2048w, https:\/\/cri.it\/wp-content\/uploads\/2021\/08\/AVEZZANO_GIOCATTOLI_2-1280x853.jpg 1280w, https:\/\/cri.it\/wp-content\/uploads\/2021\/08\/AVEZZANO_GIOCATTOLI_2-360x240.jpg 360w\" sizes=\"(max-width: 750px) 100vw, 750px\"><figcaption class=\"widget-image-caption wp-caption-text\">Avezzano 2021 &#8211; campo CRI di accoglienza afgani<\/figcaption><\/figure><\/div><\/div><\/div><\/div><\/div><\/div><div class=\"elementor-column elementor-col-33 elementor-top-column elementor-element elementor-element-7b201b1\" data-id=\"7b201b1\" data-element_type=\"column\" style=\"width: 383.175px;\"><div class=\"elementor-column-wrap elementor-element-populated\" style=\"width: 383.175px;\"><div class=\"elementor-widget-wrap\" style=\"width: 383.175px;\"><div class=\"elementor-element elementor-element-e160f0d elementor-widget elementor-widget-image\" data-id=\"e160f0d\" data-element_type=\"widget\" data-widget_type=\"image.default\" style=\"width: 363.175px;\"><div class=\"elementor-widget-container\"><div class=\"elementor-image\"><figure class=\"wp-caption\"><img decoding=\"async\" width=\"750\" height=\"507\" src=\"https:\/\/cri.it\/wp-content\/uploads\/2023\/03\/334409501_9232526696787389_520220900715251169_n-1.jpg\" class=\"attachment-large size-large\" alt=\"\" srcset=\"https:\/\/cri.it\/wp-content\/uploads\/2023\/03\/334409501_9232526696787389_520220900715251169_n-1.jpg 1343w, https:\/\/cri.it\/wp-content\/uploads\/2023\/03\/334409501_9232526696787389_520220900715251169_n-1-300x203.jpg 300w, https:\/\/cri.it\/wp-content\/uploads\/2023\/03\/334409501_9232526696787389_520220900715251169_n-1-768x519.jpg 768w, https:\/\/cri.it\/wp-content\/uploads\/2023\/03\/334409501_9232526696787389_520220900715251169_n-1-1280x864.jpg 1280w\" sizes=\"(max-width: 750px) 100vw, 750px\"><figcaption class=\"widget-image-caption wp-caption-text\">Crotone 2023 &#8211; naufragio migranti<\/figcaption><\/figure><\/div><\/div><\/div><\/div><\/div><\/div><\/div><\/div><\/section><section class=\"elementor-section elementor-top-section elementor-element elementor-element-8d4ee5c elementor-section-boxed elementor-section-height-default elementor-section-height-default\" data-id=\"8d4ee5c\" data-element_type=\"section\"><div class=\"elementor-container elementor-column-gap-default\"><div class=\"elementor-row\" style=\"width: 1140px;\"><div class=\"elementor-column elementor-col-50 elementor-top-column elementor-element elementor-element-a6dcda5\" data-id=\"a6dcda5\" data-element_type=\"column\" style=\"width: 570px;\"><div class=\"elementor-column-wrap elementor-element-populated\" style=\"width: 570px;\"><div class=\"elementor-widget-wrap\" style=\"width: 570px;\"><div class=\"elementor-element elementor-element-2c1b6b0 elementor-widget elementor-widget-image\" data-id=\"2c1b6b0\" data-element_type=\"widget\" data-widget_type=\"image.default\" style=\"width: 550px;\"><div class=\"elementor-widget-container\"><div class=\"elementor-image\"><figure class=\"wp-caption\"><img loading=\"lazy\" decoding=\"async\" width=\"750\" height=\"500\" src=\"https:\/\/cri.it\/wp-content\/uploads\/2021\/12\/Croce-Rossa-Italiana-Pacchi-Alimentari-6-1024x683.jpg\" class=\"attachment-large size-large\" alt=\"\" srcset=\"https:\/\/cri.it\/wp-content\/uploads\/2021\/12\/Croce-Rossa-Italiana-Pacchi-Alimentari-6-1024x683.jpg 1024w, https:\/\/cri.it\/wp-content\/uploads\/2021\/12\/Croce-Rossa-Italiana-Pacchi-Alimentari-6-300x200.jpg 300w, https:\/\/cri.it\/wp-content\/uploads\/2021\/12\/Croce-Rossa-Italiana-Pacchi-Alimentari-6-768x512.jpg 768w, https:\/\/cri.it\/wp-content\/uploads\/2021\/12\/Croce-Rossa-Italiana-Pacchi-Alimentari-6-1536x1025.jpg 1536w, https:\/\/cri.it\/wp-content\/uploads\/2021\/12\/Croce-Rossa-Italiana-Pacchi-Alimentari-6-2048x1366.jpg 2048w, https:\/\/cri.it\/wp-content\/uploads\/2021\/12\/Croce-Rossa-Italiana-Pacchi-Alimentari-6-1280x854.jpg 1280w, https:\/\/cri.it\/wp-content\/uploads\/2021\/12\/Croce-Rossa-Italiana-Pacchi-Alimentari-6-360x240.jpg 360w\" sizes=\"(max-width: 750px) 100vw, 750px\"><figcaption class=\"widget-image-caption wp-caption-text\">Roma 2021 &#8211; consegna beni di prima necessit\u00e0 alle persone in difficolt\u00e0 economica<\/figcaption><\/figure><\/div><\/div><\/div><\/div><\/div><\/div><div class=\"elementor-column elementor-col-50 elementor-top-column elementor-element elementor-element-0759945\" data-id=\"0759945\" data-element_type=\"column\" style=\"width: 570px;\"><div class=\"elementor-column-wrap elementor-element-populated\" style=\"width: 570px;\"><div class=\"elementor-widget-wrap\" style=\"width: 570px;\"><div class=\"elementor-element elementor-element-417dac4 elementor-widget elementor-widget-image\" data-id=\"417dac4\" data-element_type=\"widget\" data-widget_type=\"image.default\" style=\"width: 550px;\"><div class=\"elementor-widget-container\"><div class=\"elementor-image\"><figure class=\"wp-caption\"><img loading=\"lazy\" decoding=\"async\" width=\"750\" height=\"500\" src=\"https:\/\/cri.it\/wp-content\/uploads\/2021\/11\/Croce-Rossa-Covid-Anziani-RSA-9-1024x683.jpg\" class=\"attachment-large size-large\" alt=\"\" srcset=\"https:\/\/cri.it\/wp-content\/uploads\/2021\/11\/Croce-Rossa-Covid-Anziani-RSA-9-1024x683.jpg 1024w, https:\/\/cri.it\/wp-content\/uploads\/2021\/11\/Croce-Rossa-Covid-Anziani-RSA-9-300x200.jpg 300w, https:\/\/cri.it\/wp-content\/uploads\/2021\/11\/Croce-Rossa-Covid-Anziani-RSA-9-768x512.jpg 768w, https:\/\/cri.it\/wp-content\/uploads\/2021\/11\/Croce-Rossa-Covid-Anziani-RSA-9-1536x1025.jpg 1536w, https:\/\/cri.it\/wp-content\/uploads\/2021\/11\/Croce-Rossa-Covid-Anziani-RSA-9-1280x854.jpg 1280w, https:\/\/cri.it\/wp-content\/uploads\/2021\/11\/Croce-Rossa-Covid-Anziani-RSA-9-360x240.jpg 360w, https:\/\/cri.it\/wp-content\/uploads\/2021\/11\/Croce-Rossa-Covid-Anziani-RSA-9.jpg 2000w\" sizes=\"(max-width: 750px) 100vw, 750px\"><figcaption class=\"widget-image-caption wp-caption-text\">Catel Volturno 2021, supporto alle persone fragili e anziane<\/figcaption><\/figure><\/div><\/div><\/div><\/div><\/div><\/div><\/div><\/div><\/section>\t\t\t\t\t\t\t\t<\/div>\n\t\t\t\t<\/div>\n\t\t\t\t\t<\/div>\n\t\t<\/div>\n\t\t\t\t\t<\/div>\n\t\t<\/section>\n\t\t\t\t<\/div>\n\t\t","protected":false},"excerpt":{"rendered":"<p>VALASTRO: \u201cIL VOLONTARIATO DELLE DONNE HA GLI OCCHI CARICHI DI BELLEZZA E DI FUTURO\u201d 8 MARZO: MESSAGGIO DEL PRESIDENTE CRI ROSARIO VALASTRO Nello scorrere del tempo da un&nbsp;8 marzo&nbsp;ad un altro si addensano le immagini che vivono di vita propria e che fanno parte della storia, di quella storia che [&hellip;]<\/p>\n","protected":false},"author":127,"featured_media":0,"parent":0,"menu_order":0,"comment_status":"closed","ping_status":"closed","template":"page-templates\/template-pagebuilder-full-width.php","meta":{"_themeisle_gutenberg_block_has_review":false,"footnotes":""},"categories":[8],"tags":[],"class_list":["post-3428","page","type-page","status-publish","hentry","category-secondo-piano-generico"],"_links":{"self":[{"href":"https:\/\/cri.it\/lombardia\/wp-json\/wp\/v2\/pages\/3428","targetHints":{"allow":["GET"]}}],"collection":[{"href":"https:\/\/cri.it\/lombardia\/wp-json\/wp\/v2\/pages"}],"about":[{"href":"https:\/\/cri.it\/lombardia\/wp-json\/wp\/v2\/types\/page"}],"author":[{"embeddable":true,"href":"https:\/\/cri.it\/lombardia\/wp-json\/wp\/v2\/users\/127"}],"replies":[{"embeddable":true,"href":"https:\/\/cri.it\/lombardia\/wp-json\/wp\/v2\/comments?post=3428"}],"version-history":[{"count":4,"href":"https:\/\/cri.it\/lombardia\/wp-json\/wp\/v2\/pages\/3428\/revisions"}],"predecessor-version":[{"id":3434,"href":"https:\/\/cri.it\/lombardia\/wp-json\/wp\/v2\/pages\/3428\/revisions\/3434"}],"wp:attachment":[{"href":"https:\/\/cri.it\/lombardia\/wp-json\/wp\/v2\/media?parent=3428"}],"wp:term":[{"taxonomy":"category","embeddable":true,"href":"https:\/\/cri.it\/lombardia\/wp-json\/wp\/v2\/categories?post=3428"},{"taxonomy":"post_tag","embeddable":true,"href":"https:\/\/cri.it\/lombardia\/wp-json\/wp\/v2\/tags?post=3428"}],"curies":[{"name":"wp","href":"https:\/\/api.w.org\/{rel}","templated":true}]}}