{"id":3802,"date":"2024-01-28T14:42:27","date_gmt":"2024-01-28T13:42:27","guid":{"rendered":"https:\/\/cri.it\/liguria\/?page_id=3802"},"modified":"2024-01-28T14:44:44","modified_gmt":"2024-01-28T13:44:44","slug":"servizio-civile-universale-bando-2023","status":"publish","type":"page","link":"https:\/\/cri.it\/liguria\/servizio-civile-universale-bando-2023\/","title":{"rendered":"Servizio Civile Universale &#8211; Bando 2023"},"content":{"rendered":"\t\t<div data-elementor-type=\"wp-page\" data-elementor-id=\"3802\" class=\"elementor elementor-3802\">\n\t\t\t\t\t\t<section class=\"elementor-section elementor-top-section elementor-element elementor-element-268563f elementor-section-boxed elementor-section-height-default elementor-section-height-default\" data-id=\"268563f\" data-element_type=\"section\" data-e-type=\"section\">\n\t\t\t\t\t\t<div class=\"elementor-container elementor-column-gap-default\">\n\t\t\t\t\t<div class=\"elementor-column elementor-col-100 elementor-top-column elementor-element elementor-element-2379c54\" data-id=\"2379c54\" data-element_type=\"column\" data-e-type=\"column\">\n\t\t\t<div class=\"elementor-widget-wrap elementor-element-populated\">\n\t\t\t\t\t\t<div class=\"elementor-element elementor-element-c33c298 elementor-widget elementor-widget-heading\" data-id=\"c33c298\" data-element_type=\"widget\" data-e-type=\"widget\" data-widget_type=\"heading.default\">\n\t\t\t\t<div class=\"elementor-widget-container\">\n\t\t\t\t\t<h2 class=\"elementor-heading-title elementor-size-default\">SERVIZIO CIVILE UNIVERSALE -\nBANDO 2023<\/h2>\t\t\t\t<\/div>\n\t\t\t\t<\/div>\n\t\t\t\t<div class=\"elementor-element elementor-element-0859f81 elementor-widget elementor-widget-spacer\" data-id=\"0859f81\" data-element_type=\"widget\" data-e-type=\"widget\" data-widget_type=\"spacer.default\">\n\t\t\t\t<div class=\"elementor-widget-container\">\n\t\t\t\t\t\t\t<div class=\"elementor-spacer\">\n\t\t\t<div class=\"elementor-spacer-inner\"><\/div>\n\t\t<\/div>\n\t\t\t\t\t\t<\/div>\n\t\t\t\t<\/div>\n\t\t\t\t\t<\/div>\n\t\t<\/div>\n\t\t\t\t\t<\/div>\n\t\t<\/section>\n\t\t\t\t<section class=\"elementor-section elementor-top-section elementor-element elementor-element-bcc5dd2 elementor-section-boxed elementor-section-height-default elementor-section-height-default\" data-id=\"bcc5dd2\" data-element_type=\"section\" data-e-type=\"section\">\n\t\t\t\t\t\t<div class=\"elementor-container elementor-column-gap-default\">\n\t\t\t\t\t<div class=\"elementor-column elementor-col-50 elementor-top-column elementor-element elementor-element-7a51a7d\" data-id=\"7a51a7d\" data-element_type=\"column\" data-e-type=\"column\">\n\t\t\t<div class=\"elementor-widget-wrap elementor-element-populated\">\n\t\t\t\t\t\t<div class=\"elementor-element elementor-element-3b12769 elementor-widget elementor-widget-text-editor\" data-id=\"3b12769\" data-element_type=\"widget\" data-e-type=\"widget\" data-widget_type=\"text-editor.default\">\n\t\t\t\t<div class=\"elementor-widget-container\">\n\t\t\t\t\t\t\t\t\t<p>\u00c8 stato pubblicato sul sito del Dipartimento per le Politiche Giovanili e il Servizio Civile Universale. L\u2019iniziativa \u00e8 rivolta ai giovani dai 18 ai 29 anni (non compiuti).<\/p><div><p style=\"margin-bottom: 15px; line-height: 1.618;\">E&#8217; possibile partecipare a progetti della Croce Rossa Italiana su tutto il territorio regionale. L\u2019impegno sar\u00e0 di 12 mesi con un orario di servizio pari a 25 ore settimanali ed un rimborso di \u20ac 507,30 mensili. .<br \/>Gli aspiranti operatori Volontari dovranno produrre domanda di partecipazione esclusivamente attraverso la piattaforma Domanda On Line (DOL), raggiungibile tramite PC, tablet e smartphone ai seguenti link accessibili tramite il Sistema Pubblico di Identit\u00e0 Digitale SPID di livello di sicurezza 2.<\/p><p style=\"margin-bottom: 15px; line-height: 1.618;\">\u2013\u00a0<a href=\"https:\/\/www.scelgoilserviziocivile.gov.it\/presenta-la-domanda\/\" rel=\"noopener\" style=\"transition-property: all;\" target=\"_blank\"><strong>Scelgo il Servizio Civile<\/strong><\/a>\u00a0<br \/><strong>\u2013\u00a0<a href=\"https:\/\/domandaonline.serviziocivile.it\/\" rel=\"noopener\" style=\"transition-property: all;\" target=\"_blank\">Servizio Civile \u2013 Domanda online<\/a><\/strong>\u00a0<\/p><p dir=\"auto\" style=\"line-height: inherit; color: #000000; font-family: Arial, 'Helvetica Neue', Helvetica, sans-serif; font-size: 14px; margin-bottom: 16px;\"><strong>Fino alle ore 14.00 del 15 febbraio 2024<\/strong>\u00a0\u00e8 possibile presentare domanda di partecipazione ad uno dei progetti che si realizzeranno tra il 2024 e il 2025<\/p><p dir=\"auto\" style=\"line-height: inherit; color: #000000; font-family: Arial, 'Helvetica Neue', Helvetica, sans-serif; font-size: 14px; margin-bottom: 16px;\"><\/p><\/div>\t\t\t\t\t\t\t\t<\/div>\n\t\t\t\t<\/div>\n\t\t\t\t\t<\/div>\n\t\t<\/div>\n\t\t\t\t<div class=\"elementor-column elementor-col-50 elementor-top-column elementor-element elementor-element-693f055\" data-id=\"693f055\" data-element_type=\"column\" data-e-type=\"column\">\n\t\t\t<div class=\"elementor-widget-wrap elementor-element-populated\">\n\t\t\t\t\t\t<div class=\"elementor-element elementor-element-8d768cc elementor-widget elementor-widget-image\" data-id=\"8d768cc\" data-element_type=\"widget\" data-e-type=\"widget\" data-widget_type=\"image.default\">\n\t\t\t\t<div class=\"elementor-widget-container\">\n\t\t\t\t\t\t\t\t\t\t\t\t\t\t\t<img fetchpriority=\"high\" decoding=\"async\" width=\"750\" height=\"750\" src=\"https:\/\/cri.it\/liguria\/wp-content\/uploads\/sites\/10\/2024\/01\/Copia-di-Card-Social-TOOLKIT-Servizio-Civile-Universale-1024x1024.png\" class=\"attachment-large size-large wp-image-3803\" alt=\"\" srcset=\"https:\/\/cri.it\/liguria\/wp-content\/uploads\/sites\/10\/2024\/01\/Copia-di-Card-Social-TOOLKIT-Servizio-Civile-Universale-1024x1024.png 1024w, https:\/\/cri.it\/liguria\/wp-content\/uploads\/sites\/10\/2024\/01\/Copia-di-Card-Social-TOOLKIT-Servizio-Civile-Universale-300x300.png 300w, https:\/\/cri.it\/liguria\/wp-content\/uploads\/sites\/10\/2024\/01\/Copia-di-Card-Social-TOOLKIT-Servizio-Civile-Universale-150x150.png 150w, https:\/\/cri.it\/liguria\/wp-content\/uploads\/sites\/10\/2024\/01\/Copia-di-Card-Social-TOOLKIT-Servizio-Civile-Universale-768x768.png 768w, https:\/\/cri.it\/liguria\/wp-content\/uploads\/sites\/10\/2024\/01\/Copia-di-Card-Social-TOOLKIT-Servizio-Civile-Universale.png 1080w\" sizes=\"(max-width: 750px) 100vw, 750px\" \/>\t\t\t\t\t\t\t\t\t\t\t\t\t\t\t<\/div>\n\t\t\t\t<\/div>\n\t\t\t\t\t<\/div>\n\t\t<\/div>\n\t\t\t\t\t<\/div>\n\t\t<\/section>\n\t\t\t\t<section class=\"elementor-section elementor-top-section elementor-element elementor-element-126873c elementor-section-boxed elementor-section-height-default elementor-section-height-default\" data-id=\"126873c\" data-element_type=\"section\" data-e-type=\"section\">\n\t\t\t\t\t\t<div class=\"elementor-container elementor-column-gap-default\">\n\t\t\t\t\t<div class=\"elementor-column elementor-col-100 elementor-top-column elementor-element elementor-element-636d37d\" data-id=\"636d37d\" data-element_type=\"column\" data-e-type=\"column\">\n\t\t\t<div class=\"elementor-widget-wrap elementor-element-populated\">\n\t\t\t\t\t\t<div class=\"elementor-element elementor-element-35a3fe8 elementor-widget elementor-widget-text-editor\" data-id=\"35a3fe8\" data-element_type=\"widget\" data-e-type=\"widget\" data-widget_type=\"text-editor.default\">\n\t\t\t\t<div class=\"elementor-widget-container\">\n\t\t\t\t\t\t\t\t\t<p><span style=\"color: #000000; font-family: Arial, 'Helvetica Neue', Helvetica, sans-serif;\">Il Servizio\u00a0Civile\u00a0Universale \u00e8 per i giovani sia un&#8217;opportunit\u00e0 di formazione e di crescita, sia una possibilit\u00e0 per conoscere e partecipare alle attivit\u00e0 della Croce Rossa Italiana.<\/span><\/p>\t\t\t\t\t\t\t\t<\/div>\n\t\t\t\t<\/div>\n\t\t\t\t\t<\/div>\n\t\t<\/div>\n\t\t\t\t\t<\/div>\n\t\t<\/section>\n\t\t\t\t<section class=\"elementor-section elementor-top-section elementor-element elementor-element-53b987b elementor-section-boxed elementor-section-height-default elementor-section-height-default\" data-id=\"53b987b\" data-element_type=\"section\" data-e-type=\"section\">\n\t\t\t\t\t\t<div class=\"elementor-container elementor-column-gap-default\">\n\t\t\t\t\t<div class=\"elementor-column elementor-col-100 elementor-top-column elementor-element elementor-element-943beec\" data-id=\"943beec\" data-element_type=\"column\" data-e-type=\"column\">\n\t\t\t<div class=\"elementor-widget-wrap elementor-element-populated\">\n\t\t\t\t\t\t<div class=\"elementor-element elementor-element-4d7f471 elementor-widget elementor-widget-spacer\" data-id=\"4d7f471\" data-element_type=\"widget\" data-e-type=\"widget\" data-widget_type=\"spacer.default\">\n\t\t\t\t<div class=\"elementor-widget-container\">\n\t\t\t\t\t\t\t<div class=\"elementor-spacer\">\n\t\t\t<div class=\"elementor-spacer-inner\"><\/div>\n\t\t<\/div>\n\t\t\t\t\t\t<\/div>\n\t\t\t\t<\/div>\n\t\t\t\t\t<\/div>\n\t\t<\/div>\n\t\t\t\t\t<\/div>\n\t\t<\/section>\n\t\t\t\t<section class=\"elementor-section elementor-top-section elementor-element elementor-element-b818f27 elementor-section-boxed elementor-section-height-default elementor-section-height-default\" data-id=\"b818f27\" data-element_type=\"section\" data-e-type=\"section\">\n\t\t\t\t\t\t<div class=\"elementor-container elementor-column-gap-default\">\n\t\t\t\t\t<div class=\"elementor-column elementor-col-100 elementor-top-column elementor-element elementor-element-89a9635\" data-id=\"89a9635\" data-element_type=\"column\" data-e-type=\"column\">\n\t\t\t<div class=\"elementor-widget-wrap elementor-element-populated\">\n\t\t\t\t\t\t<div class=\"elementor-element elementor-element-3363940 elementor-widget elementor-widget-image\" data-id=\"3363940\" data-element_type=\"widget\" data-e-type=\"widget\" data-widget_type=\"image.default\">\n\t\t\t\t<div class=\"elementor-widget-container\">\n\t\t\t\t\t\t\t\t\t\t\t\t\t\t\t<img decoding=\"async\" width=\"2470\" height=\"1440\" src=\"https:\/\/cri.it\/liguria\/wp-content\/uploads\/sites\/10\/2024\/01\/Screenshot-2024-01-28-alle-14.35.12-2470x1440.png\" class=\"attachment-interactive-xl size-interactive-xl wp-image-3806\" alt=\"\" srcset=\"https:\/\/cri.it\/liguria\/wp-content\/uploads\/sites\/10\/2024\/01\/Screenshot-2024-01-28-alle-14.35.12-2470x1440.png 2470w, https:\/\/cri.it\/liguria\/wp-content\/uploads\/sites\/10\/2024\/01\/Screenshot-2024-01-28-alle-14.35.12-300x175.png 300w, https:\/\/cri.it\/liguria\/wp-content\/uploads\/sites\/10\/2024\/01\/Screenshot-2024-01-28-alle-14.35.12-1024x597.png 1024w, https:\/\/cri.it\/liguria\/wp-content\/uploads\/sites\/10\/2024\/01\/Screenshot-2024-01-28-alle-14.35.12-768x448.png 768w, https:\/\/cri.it\/liguria\/wp-content\/uploads\/sites\/10\/2024\/01\/Screenshot-2024-01-28-alle-14.35.12-1536x895.png 1536w, https:\/\/cri.it\/liguria\/wp-content\/uploads\/sites\/10\/2024\/01\/Screenshot-2024-01-28-alle-14.35.12-2048x1194.png 2048w, https:\/\/cri.it\/liguria\/wp-content\/uploads\/sites\/10\/2024\/01\/Screenshot-2024-01-28-alle-14.35.12-1280x746.png 1280w\" sizes=\"(max-width: 2470px) 100vw, 2470px\" \/>\t\t\t\t\t\t\t\t\t\t\t\t\t\t\t<\/div>\n\t\t\t\t<\/div>\n\t\t\t\t\t<\/div>\n\t\t<\/div>\n\t\t\t\t\t<\/div>\n\t\t<\/section>\n\t\t\t\t<section class=\"elementor-section elementor-top-section elementor-element elementor-element-d42913b elementor-section-boxed elementor-section-height-default elementor-section-height-default\" data-id=\"d42913b\" data-element_type=\"section\" data-e-type=\"section\">\n\t\t\t\t\t\t<div class=\"elementor-container elementor-column-gap-default\">\n\t\t\t\t\t<div class=\"elementor-column elementor-col-100 elementor-top-column elementor-element elementor-element-ed2d800\" data-id=\"ed2d800\" data-element_type=\"column\" data-e-type=\"column\">\n\t\t\t<div class=\"elementor-widget-wrap elementor-element-populated\">\n\t\t\t\t\t\t<div class=\"elementor-element elementor-element-610732b elementor-widget elementor-widget-text-editor\" data-id=\"610732b\" data-element_type=\"widget\" data-e-type=\"widget\" data-widget_type=\"text-editor.default\">\n\t\t\t\t<div class=\"elementor-widget-container\">\n\t\t\t\t\t\t\t\t\t<p><a href=\"https:\/\/cri.it\/liguria\/wp-content\/uploads\/sites\/10\/2024\/01\/Posti_BANDO-2023_Liguria.pdf\" class=\"mtli_attachment mtli_pdf\">Posti_BANDO 2023_Liguria<\/a><\/p>\t\t\t\t\t\t\t\t<\/div>\n\t\t\t\t<\/div>\n\t\t\t\t\t<\/div>\n\t\t<\/div>\n\t\t\t\t\t<\/div>\n\t\t<\/section>\n\t\t\t\t<\/div>\n\t\t","protected":false},"excerpt":{"rendered":"<p>SERVIZIO CIVILE UNIVERSALE &#8211; BANDO 2023 \u00c8 stato pubblicato sul sito del Dipartimento per le Politiche Giovanili e il Servizio Civile Universale. L\u2019iniziativa \u00e8 rivolta ai giovani dai 18 ai 29 anni (non compiuti). E&#8217; possibile partecipare a progetti della Croce Rossa Italiana su tutto il territorio regionale. L\u2019impegno sar\u00e0 [&hellip;]<\/p>\n","protected":false},"author":76,"featured_media":0,"parent":0,"menu_order":0,"comment_status":"closed","ping_status":"closed","template":"page-templates\/template-pagebuilder-full-width.php","meta":{"_themeisle_gutenberg_block_has_review":false,"footnotes":""},"categories":[10,6,3,13],"tags":[],"class_list":["post-3802","page","type-page","status-publish","hentry","category-giovani","category-liguria","category-news","category-primo-piano-generico"],"_links":{"self":[{"href":"https:\/\/cri.it\/liguria\/wp-json\/wp\/v2\/pages\/3802","targetHints":{"allow":["GET"]}}],"collection":[{"href":"https:\/\/cri.it\/liguria\/wp-json\/wp\/v2\/pages"}],"about":[{"href":"https:\/\/cri.it\/liguria\/wp-json\/wp\/v2\/types\/page"}],"author":[{"embeddable":true,"href":"https:\/\/cri.it\/liguria\/wp-json\/wp\/v2\/users\/76"}],"replies":[{"embeddable":true,"href":"https:\/\/cri.it\/liguria\/wp-json\/wp\/v2\/comments?post=3802"}],"version-history":[{"count":3,"href":"https:\/\/cri.it\/liguria\/wp-json\/wp\/v2\/pages\/3802\/revisions"}],"predecessor-version":[{"id":3810,"href":"https:\/\/cri.it\/liguria\/wp-json\/wp\/v2\/pages\/3802\/revisions\/3810"}],"wp:attachment":[{"href":"https:\/\/cri.it\/liguria\/wp-json\/wp\/v2\/media?parent=3802"}],"wp:term":[{"taxonomy":"category","embeddable":true,"href":"https:\/\/cri.it\/liguria\/wp-json\/wp\/v2\/categories?post=3802"},{"taxonomy":"post_tag","embeddable":true,"href":"https:\/\/cri.it\/liguria\/wp-json\/wp\/v2\/tags?post=3802"}],"curies":[{"name":"wp","href":"https:\/\/api.w.org\/{rel}","templated":true}]}}