{"id":3317,"date":"2022-01-13T11:44:48","date_gmt":"2022-01-13T10:44:48","guid":{"rendered":"https:\/\/cri.it\/liguria\/?page_id=3317"},"modified":"2022-01-31T18:18:44","modified_gmt":"2022-01-31T17:18:44","slug":"prima-consulta-dei-giovani-della-croce-rossa-della-liguria","status":"publish","type":"page","link":"https:\/\/cri.it\/liguria\/prima-consulta-dei-giovani-della-croce-rossa-della-liguria\/","title":{"rendered":"Prima Consulta dei Giovani della Croce Rossa della Liguria"},"content":{"rendered":"\t\t<div data-elementor-type=\"wp-page\" data-elementor-id=\"3317\" class=\"elementor elementor-3317\">\n\t\t\t\t\t\t<section class=\"elementor-section elementor-top-section elementor-element elementor-element-6f5c12e elementor-section-boxed elementor-section-height-default elementor-section-height-default\" data-id=\"6f5c12e\" data-element_type=\"section\" data-e-type=\"section\">\n\t\t\t\t\t\t<div class=\"elementor-container elementor-column-gap-default\">\n\t\t\t\t\t<div class=\"elementor-column elementor-col-100 elementor-top-column elementor-element elementor-element-48de140\" data-id=\"48de140\" data-element_type=\"column\" data-e-type=\"column\">\n\t\t\t<div class=\"elementor-widget-wrap elementor-element-populated\">\n\t\t\t\t\t\t<div class=\"elementor-element elementor-element-7d778b8 elementor-widget elementor-widget-text-editor\" data-id=\"7d778b8\" data-element_type=\"widget\" data-e-type=\"widget\" data-widget_type=\"text-editor.default\">\n\t\t\t\t<div class=\"elementor-widget-container\">\n\t\t\t\t\t\t\t\t\t<h3 class=\"viewTitolo viewTitolo1\">Prima Consulta dei Giovani della Croce Rossa della Liguria<\/h3><div class=\"viewLineBreak\"><\/div><div class=\"viewPar BLOBAlignJustify\"><p>Il 27 aprile 2020 si \u00e8 svolta la Prima Consulta dei Giovani della Croce Rossa della Liguria, dopo l&#8217;elezione del Vice Presidente e Consigliere Giovani Mattia Folli. Alla consulta ha partecipato, portando i saluti del Consiglio direttivo Regionale, il Presidente Maurizio Biancaterra. Sono molti i giovani Consiglieri e Delegati che hanno partecipa portando all&#8217;attenzione le problematiche e difficolt\u00e0 del proprio territorio.\u00a0 Si \u00e8 da subito iniziato a lavorare prendendo parte all&#8217;attivit\u00e0 proposta dal Comitato Nazionale inerente il Covid-19 e si \u00e8 iniziato a sviluppare un Progetto di sensibilizzazione al fenomeno del Bullismo e Cyber bullismo.<\/p><\/div>\t\t\t\t\t\t\t\t<\/div>\n\t\t\t\t<\/div>\n\t\t\t\t\t<\/div>\n\t\t<\/div>\n\t\t\t\t\t<\/div>\n\t\t<\/section>\n\t\t\t\t<section class=\"elementor-section elementor-top-section elementor-element elementor-element-8a425f0 elementor-section-boxed elementor-section-height-default elementor-section-height-default\" data-id=\"8a425f0\" data-element_type=\"section\" data-e-type=\"section\">\n\t\t\t\t\t\t<div class=\"elementor-container elementor-column-gap-default\">\n\t\t\t\t\t<div class=\"elementor-column elementor-col-100 elementor-top-column elementor-element elementor-element-8c7c8df\" data-id=\"8c7c8df\" data-element_type=\"column\" data-e-type=\"column\">\n\t\t\t<div class=\"elementor-widget-wrap elementor-element-populated\">\n\t\t\t\t\t\t<div class=\"elementor-element elementor-element-f910107 elementor-widget elementor-widget-image\" data-id=\"f910107\" data-element_type=\"widget\" data-e-type=\"widget\" data-widget_type=\"image.default\">\n\t\t\t\t<div class=\"elementor-widget-container\">\n\t\t\t\t\t\t\t\t\t\t\t\t\t\t\t<img fetchpriority=\"high\" decoding=\"async\" width=\"750\" height=\"452\" src=\"https:\/\/cri.it\/liguria\/wp-content\/uploads\/sites\/10\/2022\/01\/Vincenzo_La_Ca..__.png\" class=\"attachment-large size-large wp-image-3383\" alt=\"\" srcset=\"https:\/\/cri.it\/liguria\/wp-content\/uploads\/sites\/10\/2022\/01\/Vincenzo_La_Ca..__.png 905w, https:\/\/cri.it\/liguria\/wp-content\/uploads\/sites\/10\/2022\/01\/Vincenzo_La_Ca..__-300x181.png 300w, https:\/\/cri.it\/liguria\/wp-content\/uploads\/sites\/10\/2022\/01\/Vincenzo_La_Ca..__-768x463.png 768w\" sizes=\"(max-width: 750px) 100vw, 750px\" \/>\t\t\t\t\t\t\t\t\t\t\t\t\t\t\t<\/div>\n\t\t\t\t<\/div>\n\t\t\t\t\t<\/div>\n\t\t<\/div>\n\t\t\t\t\t<\/div>\n\t\t<\/section>\n\t\t\t\t<\/div>\n\t\t","protected":false},"excerpt":{"rendered":"<p>Prima Consulta dei Giovani della Croce Rossa della Liguria Il 27 aprile 2020 si \u00e8 svolta la Prima Consulta dei Giovani della Croce Rossa della Liguria, dopo l&#8217;elezione del Vice Presidente e Consigliere Giovani Mattia Folli. Alla consulta ha partecipato, portando i saluti del Consiglio direttivo Regionale, il Presidente Maurizio [&hellip;]<\/p>\n","protected":false},"author":76,"featured_media":0,"parent":0,"menu_order":0,"comment_status":"closed","ping_status":"closed","template":"","meta":{"_themeisle_gutenberg_block_has_review":false,"footnotes":""},"categories":[],"tags":[],"class_list":["post-3317","page","type-page","status-publish","hentry"],"_links":{"self":[{"href":"https:\/\/cri.it\/liguria\/wp-json\/wp\/v2\/pages\/3317","targetHints":{"allow":["GET"]}}],"collection":[{"href":"https:\/\/cri.it\/liguria\/wp-json\/wp\/v2\/pages"}],"about":[{"href":"https:\/\/cri.it\/liguria\/wp-json\/wp\/v2\/types\/page"}],"author":[{"embeddable":true,"href":"https:\/\/cri.it\/liguria\/wp-json\/wp\/v2\/users\/76"}],"replies":[{"embeddable":true,"href":"https:\/\/cri.it\/liguria\/wp-json\/wp\/v2\/comments?post=3317"}],"version-history":[{"count":3,"href":"https:\/\/cri.it\/liguria\/wp-json\/wp\/v2\/pages\/3317\/revisions"}],"predecessor-version":[{"id":3384,"href":"https:\/\/cri.it\/liguria\/wp-json\/wp\/v2\/pages\/3317\/revisions\/3384"}],"wp:attachment":[{"href":"https:\/\/cri.it\/liguria\/wp-json\/wp\/v2\/media?parent=3317"}],"wp:term":[{"taxonomy":"category","embeddable":true,"href":"https:\/\/cri.it\/liguria\/wp-json\/wp\/v2\/categories?post=3317"},{"taxonomy":"post_tag","embeddable":true,"href":"https:\/\/cri.it\/liguria\/wp-json\/wp\/v2\/tags?post=3317"}],"curies":[{"name":"wp","href":"https:\/\/api.w.org\/{rel}","templated":true}]}}