{"id":3285,"date":"2022-01-13T10:56:10","date_gmt":"2022-01-13T09:56:10","guid":{"rendered":"https:\/\/cri.it\/liguria\/?page_id=3285"},"modified":"2022-01-13T11:31:18","modified_gmt":"2022-01-13T10:31:18","slug":"progetto-di-sensibilizzazione-contro-il-fenomeno-del-bullismo-e-del-cyber-bullismo","status":"publish","type":"page","link":"https:\/\/cri.it\/liguria\/progetto-di-sensibilizzazione-contro-il-fenomeno-del-bullismo-e-del-cyber-bullismo\/","title":{"rendered":"PROGETTO DI SENSIBILIZZAZIONE CONTRO IL FENOMENO del BULLISMO e del CYBER BULLISMO"},"content":{"rendered":"\t\t<div data-elementor-type=\"wp-page\" data-elementor-id=\"3285\" class=\"elementor elementor-3285\">\n\t\t\t\t\t\t<section class=\"elementor-section elementor-top-section elementor-element elementor-element-c77689a elementor-section-boxed elementor-section-height-default elementor-section-height-default\" data-id=\"c77689a\" data-element_type=\"section\" data-e-type=\"section\">\n\t\t\t\t\t\t<div class=\"elementor-container elementor-column-gap-default\">\n\t\t\t\t\t<div class=\"elementor-column elementor-col-100 elementor-top-column elementor-element elementor-element-c5e9e49\" data-id=\"c5e9e49\" data-element_type=\"column\" data-e-type=\"column\">\n\t\t\t<div class=\"elementor-widget-wrap elementor-element-populated\">\n\t\t\t\t\t\t<div class=\"elementor-element elementor-element-36ef846 elementor-widget elementor-widget-heading\" data-id=\"36ef846\" data-element_type=\"widget\" data-e-type=\"widget\" data-widget_type=\"heading.default\">\n\t\t\t\t<div class=\"elementor-widget-container\">\n\t\t\t\t\t<h2 class=\"elementor-heading-title elementor-size-default\">PROGETTO DI SENSIBILIZZAZIONE CONTRO IL FENOMENO del BULLISMO e del CYBER BULLISMO<\/h2>\t\t\t\t<\/div>\n\t\t\t\t<\/div>\n\t\t\t\t\t<\/div>\n\t\t<\/div>\n\t\t\t\t\t<\/div>\n\t\t<\/section>\n\t\t\t\t<section class=\"elementor-section elementor-top-section elementor-element elementor-element-29848da elementor-section-boxed elementor-section-height-default elementor-section-height-default\" data-id=\"29848da\" data-element_type=\"section\" data-e-type=\"section\">\n\t\t\t\t\t\t<div class=\"elementor-container elementor-column-gap-default\">\n\t\t\t\t\t<div class=\"elementor-column elementor-col-100 elementor-top-column elementor-element elementor-element-8bfd75c\" data-id=\"8bfd75c\" data-element_type=\"column\" data-e-type=\"column\">\n\t\t\t<div class=\"elementor-widget-wrap elementor-element-populated\">\n\t\t\t\t\t\t<div class=\"elementor-element elementor-element-56e361e elementor-widget elementor-widget-spacer\" data-id=\"56e361e\" data-element_type=\"widget\" data-e-type=\"widget\" data-widget_type=\"spacer.default\">\n\t\t\t\t<div class=\"elementor-widget-container\">\n\t\t\t\t\t\t\t<div class=\"elementor-spacer\">\n\t\t\t<div class=\"elementor-spacer-inner\"><\/div>\n\t\t<\/div>\n\t\t\t\t\t\t<\/div>\n\t\t\t\t<\/div>\n\t\t\t\t\t<\/div>\n\t\t<\/div>\n\t\t\t\t\t<\/div>\n\t\t<\/section>\n\t\t\t\t<section class=\"elementor-section elementor-top-section elementor-element elementor-element-cd569b4 elementor-section-boxed elementor-section-height-default elementor-section-height-default\" data-id=\"cd569b4\" data-element_type=\"section\" data-e-type=\"section\">\n\t\t\t\t\t\t<div class=\"elementor-container elementor-column-gap-default\">\n\t\t\t\t\t<div class=\"elementor-column elementor-col-66 elementor-top-column elementor-element elementor-element-c302ac7\" data-id=\"c302ac7\" data-element_type=\"column\" data-e-type=\"column\">\n\t\t\t<div class=\"elementor-widget-wrap elementor-element-populated\">\n\t\t\t\t\t\t<div class=\"elementor-element elementor-element-cdf4c87 elementor-widget elementor-widget-image\" data-id=\"cdf4c87\" data-element_type=\"widget\" data-e-type=\"widget\" data-widget_type=\"image.default\">\n\t\t\t\t<div class=\"elementor-widget-container\">\n\t\t\t\t\t\t\t\t\t\t\t\t\t\t\t<img fetchpriority=\"high\" decoding=\"async\" width=\"300\" height=\"255\" src=\"https:\/\/cri.it\/liguria\/wp-content\/uploads\/sites\/10\/2022\/01\/Immagine-2022-01-13-110723-300x255.png\" class=\"attachment-medium size-medium wp-image-3292\" alt=\"\" srcset=\"https:\/\/cri.it\/liguria\/wp-content\/uploads\/sites\/10\/2022\/01\/Immagine-2022-01-13-110723-300x255.png 300w, https:\/\/cri.it\/liguria\/wp-content\/uploads\/sites\/10\/2022\/01\/Immagine-2022-01-13-110723.png 526w\" sizes=\"(max-width: 300px) 100vw, 300px\" \/>\t\t\t\t\t\t\t\t\t\t\t\t\t\t\t<\/div>\n\t\t\t\t<\/div>\n\t\t\t\t\t<\/div>\n\t\t<\/div>\n\t\t\t\t<div class=\"elementor-column elementor-col-33 elementor-top-column elementor-element elementor-element-a65e875\" data-id=\"a65e875\" data-element_type=\"column\" data-e-type=\"column\">\n\t\t\t<div class=\"elementor-widget-wrap elementor-element-populated\">\n\t\t\t\t\t\t<div class=\"elementor-element elementor-element-3b9dc7b elementor-widget elementor-widget-text-editor\" data-id=\"3b9dc7b\" data-element_type=\"widget\" data-e-type=\"widget\" data-widget_type=\"text-editor.default\">\n\t\t\t\t<div class=\"elementor-widget-container\">\n\t\t\t\t\t\t\t\t\t<p><a href=\"https:\/\/forms.gle\/zmzZGowuHeDf7TFY9\" target=\"_blank\" rel=\"noopener\">https:\/\/forms.gle\/zmzZGowuHeDf7TFY9<\/a><\/p>\t\t\t\t\t\t\t\t<\/div>\n\t\t\t\t<\/div>\n\t\t\t\t\t<\/div>\n\t\t<\/div>\n\t\t\t\t\t<\/div>\n\t\t<\/section>\n\t\t\t\t<section class=\"elementor-section elementor-top-section elementor-element elementor-element-9f760f3 elementor-section-boxed elementor-section-height-default elementor-section-height-default\" data-id=\"9f760f3\" data-element_type=\"section\" data-e-type=\"section\">\n\t\t\t\t\t\t<div class=\"elementor-container elementor-column-gap-default\">\n\t\t\t\t\t<div class=\"elementor-column elementor-col-100 elementor-top-column elementor-element elementor-element-da7edc2\" data-id=\"da7edc2\" data-element_type=\"column\" data-e-type=\"column\">\n\t\t\t<div class=\"elementor-widget-wrap elementor-element-populated\">\n\t\t\t\t\t\t<div class=\"elementor-element elementor-element-6f37985 elementor-widget elementor-widget-spacer\" data-id=\"6f37985\" data-element_type=\"widget\" data-e-type=\"widget\" data-widget_type=\"spacer.default\">\n\t\t\t\t<div class=\"elementor-widget-container\">\n\t\t\t\t\t\t\t<div class=\"elementor-spacer\">\n\t\t\t<div class=\"elementor-spacer-inner\"><\/div>\n\t\t<\/div>\n\t\t\t\t\t\t<\/div>\n\t\t\t\t<\/div>\n\t\t\t\t\t<\/div>\n\t\t<\/div>\n\t\t\t\t\t<\/div>\n\t\t<\/section>\n\t\t\t\t<section class=\"elementor-section elementor-top-section elementor-element elementor-element-5c07e71 elementor-section-boxed elementor-section-height-default elementor-section-height-default\" data-id=\"5c07e71\" data-element_type=\"section\" data-e-type=\"section\">\n\t\t\t\t\t\t<div class=\"elementor-container elementor-column-gap-default\">\n\t\t\t\t\t<div class=\"elementor-column elementor-col-100 elementor-top-column elementor-element elementor-element-c362d0f\" data-id=\"c362d0f\" data-element_type=\"column\" data-e-type=\"column\">\n\t\t\t<div class=\"elementor-widget-wrap elementor-element-populated\">\n\t\t\t\t\t\t<div class=\"elementor-element elementor-element-6312251 elementor-widget elementor-widget-video\" data-id=\"6312251\" data-element_type=\"widget\" data-e-type=\"widget\" data-settings=\"{&quot;youtube_url&quot;:&quot;https:\\\/\\\/youtu.be\\\/hmJGEuJpyys&quot;,&quot;video_type&quot;:&quot;youtube&quot;,&quot;controls&quot;:&quot;yes&quot;}\" data-widget_type=\"video.default\">\n\t\t\t\t<div class=\"elementor-widget-container\">\n\t\t\t\t\t\t\t<div class=\"elementor-wrapper elementor-open-inline\">\n\t\t\t<div class=\"elementor-video\"><\/div>\t\t<\/div>\n\t\t\t\t\t\t<\/div>\n\t\t\t\t<\/div>\n\t\t\t\t\t<\/div>\n\t\t<\/div>\n\t\t\t\t\t<\/div>\n\t\t<\/section>\n\t\t\t\t<section class=\"elementor-section elementor-top-section elementor-element elementor-element-72d0740 elementor-section-boxed elementor-section-height-default elementor-section-height-default\" data-id=\"72d0740\" data-element_type=\"section\" data-e-type=\"section\">\n\t\t\t\t\t\t<div class=\"elementor-container elementor-column-gap-default\">\n\t\t\t\t\t<div class=\"elementor-column elementor-col-100 elementor-top-column elementor-element elementor-element-7383c27\" data-id=\"7383c27\" data-element_type=\"column\" data-e-type=\"column\">\n\t\t\t<div class=\"elementor-widget-wrap elementor-element-populated\">\n\t\t\t\t\t\t<div class=\"elementor-element elementor-element-0ff3c84 elementor-widget elementor-widget-text-editor\" data-id=\"0ff3c84\" data-element_type=\"widget\" data-e-type=\"widget\" data-widget_type=\"text-editor.default\">\n\t\t\t\t<div class=\"elementor-widget-container\">\n\t\t\t\t\t\t\t\t\t<p>PROGETTO DI SENSIBILIZZAZIONE CONTRO IL FENOMENO del BULLISMO e del CYBER BULLISMO<\/p><p>Con i giovani C.R.I. Liguria in collaborazione con Tommy Cassy<\/p>\t\t\t\t\t\t\t\t<\/div>\n\t\t\t\t<\/div>\n\t\t\t\t\t<\/div>\n\t\t<\/div>\n\t\t\t\t\t<\/div>\n\t\t<\/section>\n\t\t\t\t<section class=\"elementor-section elementor-top-section elementor-element elementor-element-9b07943 elementor-section-boxed elementor-section-height-default elementor-section-height-default\" data-id=\"9b07943\" data-element_type=\"section\" data-e-type=\"section\">\n\t\t\t\t\t\t<div class=\"elementor-container elementor-column-gap-default\">\n\t\t\t\t\t<div class=\"elementor-column elementor-col-100 elementor-top-column elementor-element elementor-element-cc16ccb\" data-id=\"cc16ccb\" data-element_type=\"column\" data-e-type=\"column\">\n\t\t\t<div class=\"elementor-widget-wrap elementor-element-populated\">\n\t\t\t\t\t\t<div class=\"elementor-element elementor-element-050eb96 elementor-widget elementor-widget-heading\" data-id=\"050eb96\" data-element_type=\"widget\" data-e-type=\"widget\" data-widget_type=\"heading.default\">\n\t\t\t\t<div class=\"elementor-widget-container\">\n\t\t\t\t\t<h4 class=\"elementor-heading-title elementor-size-default\">GUARDA IL VIDEO E SCOPRI IL PROGETTO DI SENSIBILIZZAZIONE CONTRO IL FENOMENO del BULLISMO e del CYBER BULLISMO Con i Giovani C.R.I. Liguria in collaborazione con lo YouTuber Tommy Cassy<\/h4>\t\t\t\t<\/div>\n\t\t\t\t<\/div>\n\t\t\t\t\t<\/div>\n\t\t<\/div>\n\t\t\t\t\t<\/div>\n\t\t<\/section>\n\t\t\t\t<section class=\"elementor-section elementor-top-section elementor-element elementor-element-47a22ee elementor-section-boxed elementor-section-height-default elementor-section-height-default\" data-id=\"47a22ee\" data-element_type=\"section\" data-e-type=\"section\">\n\t\t\t\t\t\t<div class=\"elementor-container elementor-column-gap-default\">\n\t\t\t\t\t<div class=\"elementor-column elementor-col-66 elementor-top-column elementor-element elementor-element-fdf4e32\" data-id=\"fdf4e32\" data-element_type=\"column\" data-e-type=\"column\">\n\t\t\t<div class=\"elementor-widget-wrap elementor-element-populated\">\n\t\t\t\t\t\t<div class=\"elementor-element elementor-element-87ce9d7 elementor-widget elementor-widget-text-editor\" data-id=\"87ce9d7\" data-element_type=\"widget\" data-e-type=\"widget\" data-widget_type=\"text-editor.default\">\n\t\t\t\t<div class=\"elementor-widget-container\">\n\t\t\t\t\t\t\t\t\t<p><span style=\"font-family: 'Helvetica Neue', Helvetica, Arial, sans-serif;font-size: 12px\">Bullismo e cyber-bullismo sono due forme di comportamento prepotente, che sempre pi\u00f9 si rivelano indicatori di un diffuso disagio pre adolescenziale e adolescenziale, fino a connotarsi come vera e propria emergenza sociale.<\/span><br style=\"font-family: 'Helvetica Neue', Helvetica, Arial, sans-serif;font-size: 12px\" \/><br style=\"font-family: 'Helvetica Neue', Helvetica, Arial, sans-serif;font-size: 12px\" \/><span style=\"font-family: 'Helvetica Neue', Helvetica, Arial, sans-serif;font-size: 12px\">Nella sua forma classica il bullismo viene definito come un comportamento aggressivo, un vero e proprio abuso di potere, tipico delle relazioni con i coetanei in cui uno o pi\u00f9 bulli aggrediscono in modo ripetuto un compagno-vittima.<\/span><br style=\"font-family: 'Helvetica Neue', Helvetica, Arial, sans-serif;font-size: 12px\" \/><br style=\"font-family: 'Helvetica Neue', Helvetica, Arial, sans-serif;font-size: 12px\" \/><span style=\"font-family: 'Helvetica Neue', Helvetica, Arial, sans-serif;font-size: 12px\">Il cyberbullismo invece si pu\u00f2 considerare come una forma particolare di bullismo, figlia del nostro tempo. La proliferazione delle tecnologie ha fatto emergere una nuova modalit\u00e0 per agire queste forme di prepotenza attraverso l\u2019utilizzo di cellulari, internet e social. Questa realt\u00e0 \u00e8 ancor pi\u00f9 pericolosa in quanto viene a ridursi il senso di responsabilit\u00e0, attraverso l\u2019anonimato. L\u2019impossibilit\u00e0 di vedere le reazioni emotive della vittima non stimolano risposte empatiche da parte del bullo, che continuer\u00e0 a perpetrare senza scrupoli questa forma di violenza.\u00a0<\/span><br style=\"font-family: 'Helvetica Neue', Helvetica, Arial, sans-serif;font-size: 12px\" \/><br style=\"font-family: 'Helvetica Neue', Helvetica, Arial, sans-serif;font-size: 12px\" \/><span style=\"font-family: 'Helvetica Neue', Helvetica, Arial, sans-serif;font-size: 12px\">Porre attenzione su questi fenomeni \u00e8 fondamentale, sia perch\u00e9 l\u2019incidenza di tali situazioni sembra essere davvero elevata, ma soprattutto perch\u00e9 si \u00e8 sempre pi\u00f9 a conoscenza di quelle che possono essere le conseguenze a breve e lungo termine sul benessere e lo sviluppo di bambini e ragazzi. Approfondire le conoscenze sul bullismo permette comprendere ci\u00f2 che questo pu\u00f2 comportare, di intervenire e prevenire tali comportamenti, attraverso una sensibilizzazione dei ragazzi. Il silenzio e la negazione possono essere due armi davvero pericolose alle quali bisogna rispondere implementando la consapevolezza, sostenendo le fragilit\u00e0 e riducendo la vulnerabilit\u00e0.<\/span><\/p>\t\t\t\t\t\t\t\t<\/div>\n\t\t\t\t<\/div>\n\t\t\t\t\t<\/div>\n\t\t<\/div>\n\t\t\t\t<div class=\"elementor-column elementor-col-33 elementor-top-column elementor-element elementor-element-144ebf5\" data-id=\"144ebf5\" data-element_type=\"column\" data-e-type=\"column\">\n\t\t\t<div class=\"elementor-widget-wrap elementor-element-populated\">\n\t\t\t\t\t\t<div class=\"elementor-element elementor-element-c833186 elementor-widget elementor-widget-image\" data-id=\"c833186\" data-element_type=\"widget\" data-e-type=\"widget\" data-widget_type=\"image.default\">\n\t\t\t\t<div class=\"elementor-widget-container\">\n\t\t\t\t\t\t\t\t\t\t\t\t\t\t\t<img decoding=\"async\" width=\"186\" height=\"221\" src=\"https:\/\/cri.it\/liguria\/wp-content\/uploads\/sites\/10\/2022\/01\/Immagine-2022-01-13-112050.jpg\" class=\"attachment-large size-large wp-image-3300\" alt=\"\" \/>\t\t\t\t\t\t\t\t\t\t\t\t\t\t\t<\/div>\n\t\t\t\t<\/div>\n\t\t\t\t\t<\/div>\n\t\t<\/div>\n\t\t\t\t\t<\/div>\n\t\t<\/section>\n\t\t\t\t<section class=\"elementor-section elementor-top-section elementor-element elementor-element-9cdfbb2 elementor-section-boxed elementor-section-height-default elementor-section-height-default\" data-id=\"9cdfbb2\" data-element_type=\"section\" data-e-type=\"section\">\n\t\t\t\t\t\t<div class=\"elementor-container elementor-column-gap-default\">\n\t\t\t\t\t<div class=\"elementor-column elementor-col-100 elementor-top-column elementor-element elementor-element-ce516d0\" data-id=\"ce516d0\" data-element_type=\"column\" data-e-type=\"column\">\n\t\t\t<div class=\"elementor-widget-wrap elementor-element-populated\">\n\t\t\t\t\t\t<div class=\"elementor-element elementor-element-4dcf59b elementor-widget elementor-widget-spacer\" data-id=\"4dcf59b\" data-element_type=\"widget\" data-e-type=\"widget\" data-widget_type=\"spacer.default\">\n\t\t\t\t<div class=\"elementor-widget-container\">\n\t\t\t\t\t\t\t<div class=\"elementor-spacer\">\n\t\t\t<div class=\"elementor-spacer-inner\"><\/div>\n\t\t<\/div>\n\t\t\t\t\t\t<\/div>\n\t\t\t\t<\/div>\n\t\t\t\t\t<\/div>\n\t\t<\/div>\n\t\t\t\t\t<\/div>\n\t\t<\/section>\n\t\t\t\t<section class=\"elementor-section elementor-top-section elementor-element elementor-element-e8d51cd elementor-section-boxed elementor-section-height-default elementor-section-height-default\" data-id=\"e8d51cd\" data-element_type=\"section\" data-e-type=\"section\">\n\t\t\t\t\t\t<div class=\"elementor-container elementor-column-gap-default\">\n\t\t\t\t\t<div class=\"elementor-column elementor-col-100 elementor-top-column elementor-element elementor-element-11b4440\" data-id=\"11b4440\" data-element_type=\"column\" data-e-type=\"column\">\n\t\t\t<div class=\"elementor-widget-wrap elementor-element-populated\">\n\t\t\t\t\t\t<div class=\"elementor-element elementor-element-9a1de8b elementor-widget elementor-widget-video\" data-id=\"9a1de8b\" data-element_type=\"widget\" data-e-type=\"widget\" data-settings=\"{&quot;youtube_url&quot;:&quot;https:\\\/\\\/youtu.be\\\/Hy-gkoiKb1A&quot;,&quot;video_type&quot;:&quot;youtube&quot;,&quot;controls&quot;:&quot;yes&quot;}\" data-widget_type=\"video.default\">\n\t\t\t\t<div class=\"elementor-widget-container\">\n\t\t\t\t\t\t\t<div class=\"elementor-wrapper elementor-open-inline\">\n\t\t\t<div class=\"elementor-video\"><\/div>\t\t<\/div>\n\t\t\t\t\t\t<\/div>\n\t\t\t\t<\/div>\n\t\t\t\t\t<\/div>\n\t\t<\/div>\n\t\t\t\t\t<\/div>\n\t\t<\/section>\n\t\t\t\t<section class=\"elementor-section elementor-top-section elementor-element elementor-element-d13da7e elementor-section-boxed elementor-section-height-default elementor-section-height-default\" data-id=\"d13da7e\" data-element_type=\"section\" data-e-type=\"section\">\n\t\t\t\t\t\t<div class=\"elementor-container elementor-column-gap-default\">\n\t\t\t\t\t<div class=\"elementor-column elementor-col-100 elementor-top-column elementor-element elementor-element-bad0a76\" data-id=\"bad0a76\" data-element_type=\"column\" data-e-type=\"column\">\n\t\t\t<div class=\"elementor-widget-wrap elementor-element-populated\">\n\t\t\t\t\t\t<div class=\"elementor-element elementor-element-7152c33 elementor-widget elementor-widget-text-editor\" data-id=\"7152c33\" data-element_type=\"widget\" data-e-type=\"widget\" data-widget_type=\"text-editor.default\">\n\t\t\t\t<div class=\"elementor-widget-container\">\n\t\t\t\t\t\t\t\t\t<p>Le parole hanno un peso.<\/p><p>Non essere una vittima silenziosa, non permettere che facciano di te una vittima. Non \u00e8 grande chi ha bisogno di farti sentire piccolo.<\/p>\t\t\t\t\t\t\t\t<\/div>\n\t\t\t\t<\/div>\n\t\t\t\t\t<\/div>\n\t\t<\/div>\n\t\t\t\t\t<\/div>\n\t\t<\/section>\n\t\t\t\t<section class=\"elementor-section elementor-top-section elementor-element elementor-element-40b9c78 elementor-section-boxed elementor-section-height-default elementor-section-height-default\" data-id=\"40b9c78\" data-element_type=\"section\" data-e-type=\"section\">\n\t\t\t\t\t\t<div class=\"elementor-container elementor-column-gap-default\">\n\t\t\t\t\t<div class=\"elementor-column elementor-col-66 elementor-top-column elementor-element elementor-element-2e995c1\" data-id=\"2e995c1\" data-element_type=\"column\" data-e-type=\"column\">\n\t\t\t<div class=\"elementor-widget-wrap elementor-element-populated\">\n\t\t\t\t\t\t<div class=\"elementor-element elementor-element-b63e2bf elementor-widget elementor-widget-image\" data-id=\"b63e2bf\" data-element_type=\"widget\" data-e-type=\"widget\" data-widget_type=\"image.default\">\n\t\t\t\t<div class=\"elementor-widget-container\">\n\t\t\t\t\t\t\t\t\t\t\t\t\t\t\t<img decoding=\"async\" width=\"526\" height=\"335\" src=\"https:\/\/cri.it\/liguria\/wp-content\/uploads\/sites\/10\/2022\/01\/Immagine-2022-01-13-112327.jpg\" class=\"attachment-large size-large wp-image-3303\" alt=\"\" srcset=\"https:\/\/cri.it\/liguria\/wp-content\/uploads\/sites\/10\/2022\/01\/Immagine-2022-01-13-112327.jpg 526w, https:\/\/cri.it\/liguria\/wp-content\/uploads\/sites\/10\/2022\/01\/Immagine-2022-01-13-112327-300x191.jpg 300w\" sizes=\"(max-width: 526px) 100vw, 526px\" \/>\t\t\t\t\t\t\t\t\t\t\t\t\t\t\t<\/div>\n\t\t\t\t<\/div>\n\t\t\t\t\t<\/div>\n\t\t<\/div>\n\t\t\t\t<div class=\"elementor-column elementor-col-33 elementor-top-column elementor-element elementor-element-be1fdda\" data-id=\"be1fdda\" data-element_type=\"column\" data-e-type=\"column\">\n\t\t\t<div class=\"elementor-widget-wrap elementor-element-populated\">\n\t\t\t\t\t\t<div class=\"elementor-element elementor-element-256f15b elementor-widget elementor-widget-text-editor\" data-id=\"256f15b\" data-element_type=\"widget\" data-e-type=\"widget\" data-widget_type=\"text-editor.default\">\n\t\t\t\t<div class=\"elementor-widget-container\">\n\t\t\t\t\t\t\t\t\t<p><a href=\"https:\/\/forms.gle\/b83zLgH1XiEzYWAP8\" target=\"_blank\" rel=\"noopener\">https:\/\/forms.gle\/b83zLgH1XiEzYWAP8<\/a><\/p>\t\t\t\t\t\t\t\t<\/div>\n\t\t\t\t<\/div>\n\t\t\t\t\t<\/div>\n\t\t<\/div>\n\t\t\t\t\t<\/div>\n\t\t<\/section>\n\t\t\t\t<section class=\"elementor-section elementor-top-section elementor-element elementor-element-4125621 elementor-section-boxed elementor-section-height-default elementor-section-height-default\" data-id=\"4125621\" data-element_type=\"section\" data-e-type=\"section\">\n\t\t\t\t\t\t<div class=\"elementor-container elementor-column-gap-default\">\n\t\t\t\t\t<div class=\"elementor-column elementor-col-100 elementor-top-column elementor-element elementor-element-deb4667\" data-id=\"deb4667\" data-element_type=\"column\" data-e-type=\"column\">\n\t\t\t<div class=\"elementor-widget-wrap elementor-element-populated\">\n\t\t\t\t\t\t<div class=\"elementor-element elementor-element-e430fb8 elementor-widget elementor-widget-text-editor\" data-id=\"e430fb8\" data-element_type=\"widget\" data-e-type=\"widget\" data-widget_type=\"text-editor.default\">\n\t\t\t\t<div class=\"elementor-widget-container\">\n\t\t\t\t\t\t\t\t\t<p><a href=\"https:\/\/cri.it\/liguria\/wp-content\/uploads\/sites\/10\/2022\/01\/progetto_di_sensibilizzazione_al_bullismo_convertito.pdf\" class=\"mtli_attachment mtli_pdf\">progetto_di_sensibilizzazione_al_bullismo_convertito<\/a><\/p>\t\t\t\t\t\t\t\t<\/div>\n\t\t\t\t<\/div>\n\t\t\t\t\t<\/div>\n\t\t<\/div>\n\t\t\t\t\t<\/div>\n\t\t<\/section>\n\t\t\t\t<\/div>\n\t\t","protected":false},"excerpt":{"rendered":"<p>PROGETTO DI SENSIBILIZZAZIONE CONTRO IL FENOMENO del BULLISMO e del CYBER BULLISMO https:\/\/forms.gle\/zmzZGowuHeDf7TFY9 PROGETTO DI SENSIBILIZZAZIONE CONTRO IL FENOMENO del BULLISMO e del CYBER BULLISMO Con i giovani C.R.I. Liguria in collaborazione con Tommy Cassy GUARDA IL VIDEO E SCOPRI IL PROGETTO DI SENSIBILIZZAZIONE CONTRO IL FENOMENO del BULLISMO e [&hellip;]<\/p>\n","protected":false},"author":76,"featured_media":0,"parent":0,"menu_order":0,"comment_status":"closed","ping_status":"closed","template":"page-templates\/template-pagebuilder-full-width.php","meta":{"_themeisle_gutenberg_block_has_review":false,"footnotes":""},"categories":[10],"tags":[],"class_list":["post-3285","page","type-page","status-publish","hentry","category-giovani"],"_links":{"self":[{"href":"https:\/\/cri.it\/liguria\/wp-json\/wp\/v2\/pages\/3285","targetHints":{"allow":["GET"]}}],"collection":[{"href":"https:\/\/cri.it\/liguria\/wp-json\/wp\/v2\/pages"}],"about":[{"href":"https:\/\/cri.it\/liguria\/wp-json\/wp\/v2\/types\/page"}],"author":[{"embeddable":true,"href":"https:\/\/cri.it\/liguria\/wp-json\/wp\/v2\/users\/76"}],"replies":[{"embeddable":true,"href":"https:\/\/cri.it\/liguria\/wp-json\/wp\/v2\/comments?post=3285"}],"version-history":[{"count":3,"href":"https:\/\/cri.it\/liguria\/wp-json\/wp\/v2\/pages\/3285\/revisions"}],"predecessor-version":[{"id":3308,"href":"https:\/\/cri.it\/liguria\/wp-json\/wp\/v2\/pages\/3285\/revisions\/3308"}],"wp:attachment":[{"href":"https:\/\/cri.it\/liguria\/wp-json\/wp\/v2\/media?parent=3285"}],"wp:term":[{"taxonomy":"category","embeddable":true,"href":"https:\/\/cri.it\/liguria\/wp-json\/wp\/v2\/categories?post=3285"},{"taxonomy":"post_tag","embeddable":true,"href":"https:\/\/cri.it\/liguria\/wp-json\/wp\/v2\/tags?post=3285"}],"curies":[{"name":"wp","href":"https:\/\/api.w.org\/{rel}","templated":true}]}}