{"id":2677,"date":"2021-09-12T09:34:00","date_gmt":"2021-09-12T07:34:00","guid":{"rendered":"https:\/\/cri.it\/liguria\/?page_id=2677"},"modified":"2021-09-23T09:34:40","modified_gmt":"2021-09-23T07:34:40","slug":"una-domenica-speciale","status":"publish","type":"page","link":"https:\/\/cri.it\/liguria\/storie-da-kabul-a-sanremo-insieme-a-croce-rossa-italiana\/una-domenica-speciale\/","title":{"rendered":"Una domenica speciale"},"content":{"rendered":"<p>Difficile trovare le parole giuste per raccontare la giornata di domenica 12 settembre 2021. Dopo diverse ore di macchina siamo arrivate gi\u00e0 emozionate alla Base Logistico Addestrativa di Sanremo. Siamo psicologhe e apparteniamo al Se.P. (Supporto Psicosociale) della CRI Liguria. Non appena siamo scese dalla macchina siamo state accolte da un gruppetto di bambini, entusiasti di aver appena finito di giocare con due cani dell&#8217;Unit\u00e0 Cinofila CRI della Liguria. Dopo aver salutato i bambini, cerchiamo di orientarci nella grande struttura per capire l\u2019organizzazione e vedere come possiamo essere utili.<\/p>\n<p>&nbsp;<\/p>\n<p>Nel cortile interno ci sono poche persone, divise fra donne e uomini che chiacchierano silenziosamente. I volontari gi\u00e0 presenti sul posto dividono noi nuovi arrivati in due gruppi per andare a distribuire il pranzo nelle struttura ospitante, \u00e8 imponente e labirintica ma, seguendo un ordine ben preciso, bussiamo ad ogni porta consegnando a chi si affaccia il pasto. Molti chiedono sale e pepe, forse per sopperire la mancanza di spezie della cucina italiana.<\/p>\n<p>Sono pochi i volti sorridenti qui, ma tutti sono gentili e silenziosi. C\u2019\u00e8 chi prova a ringraziare in italiano e chi richiude subito la porta dopo avere preso il pasto.<\/p>\n<p>Il primo impatto \u00e8 positivo anche se si respira un\u2019aria strana, tesa ma pacifica. Correndo i bambini riescono ad alleggerire la tensione che aleggia.<\/p>\n<p>&nbsp;<\/p>\n<p>Dopo pranzo gli entusiasti volontari O.S.G. di Vado Ligure \u2013 Quiliano (SV) iniziano ad imbastire delle attivit\u00e0 per i bambini tirando fuori dalla macchina diversi scatoloni di materiali.<\/p>\n<p>Noi invece iniziamo i colloqui grazie all\u2019aiuto del mediatore culturale che aveva gi\u00e0 parlato con molte persone. Dai colloqui emerge molta riconoscenza, disponibilit\u00e0, ma anche disorientamento, agitazione e tristezza per quanto si \u00e8 lasciato a casa: persone, lavoro, carriera, percorsi scolastici che sembrano interrotti per sempre.<\/p>\n<p>In seguito, nel pomeriggio accompagniamo qualche famiglia a fare un giro per la citt\u00e0 ed \u00e8 bello poter vedere le nostre citt\u00e0 con occhi nuovi e apprezzarne la tranquillit\u00e0 e i colori.<\/p>\n<p>Al nostro rientro al Campo troviamo un gran numero di bambini, uomini e donne sorridenti e bambini che disegnano e giocano con la palla intorno alle attivit\u00e0 ricreative proposte dai nostri volontari.<\/p>\n<p>Si respira ora un\u2019aria molto diversa da quella silenziosa e tesa del nostro arrivo.<\/p>\n<p>Sono tornata a casa arricchita, vogliosa di fare di pi\u00f9, col desiderio di approfondire la cultura afghana e grata alla Croce Rossa Italiana per avermi dato questa opportunit\u00e0.<\/p>\n<p>Vol. Margherita Rotondi<\/p>\n","protected":false},"excerpt":{"rendered":"<p>Difficile trovare le parole giuste per raccontare la giornata di domenica 12 settembre 2021. Dopo diverse ore di macchina siamo arrivate gi\u00e0 emozionate alla Base Logistico Addestrativa di Sanremo. Siamo psicologhe e apparteniamo al Se.P. (Supporto Psicosociale) della CRI Liguria. Non appena siamo scese dalla macchina siamo state accolte da [&hellip;]<\/p>\n","protected":false},"author":76,"featured_media":0,"parent":2587,"menu_order":0,"comment_status":"closed","ping_status":"closed","template":"","meta":{"_themeisle_gutenberg_block_has_review":false,"footnotes":""},"categories":[36,9,6,3,13],"tags":[37],"class_list":["post-2677","page","type-page","status-publish","hentry","category-afghanistan","category-emergenze","category-liguria","category-news","category-primo-piano-generico","tag-afghanistan"],"_links":{"self":[{"href":"https:\/\/cri.it\/liguria\/wp-json\/wp\/v2\/pages\/2677","targetHints":{"allow":["GET"]}}],"collection":[{"href":"https:\/\/cri.it\/liguria\/wp-json\/wp\/v2\/pages"}],"about":[{"href":"https:\/\/cri.it\/liguria\/wp-json\/wp\/v2\/types\/page"}],"author":[{"embeddable":true,"href":"https:\/\/cri.it\/liguria\/wp-json\/wp\/v2\/users\/76"}],"replies":[{"embeddable":true,"href":"https:\/\/cri.it\/liguria\/wp-json\/wp\/v2\/comments?post=2677"}],"version-history":[{"count":2,"href":"https:\/\/cri.it\/liguria\/wp-json\/wp\/v2\/pages\/2677\/revisions"}],"predecessor-version":[{"id":2681,"href":"https:\/\/cri.it\/liguria\/wp-json\/wp\/v2\/pages\/2677\/revisions\/2681"}],"up":[{"embeddable":true,"href":"https:\/\/cri.it\/liguria\/wp-json\/wp\/v2\/pages\/2587"}],"wp:attachment":[{"href":"https:\/\/cri.it\/liguria\/wp-json\/wp\/v2\/media?parent=2677"}],"wp:term":[{"taxonomy":"category","embeddable":true,"href":"https:\/\/cri.it\/liguria\/wp-json\/wp\/v2\/categories?post=2677"},{"taxonomy":"post_tag","embeddable":true,"href":"https:\/\/cri.it\/liguria\/wp-json\/wp\/v2\/tags?post=2677"}],"curies":[{"name":"wp","href":"https:\/\/api.w.org\/{rel}","templated":true}]}}