{"id":2667,"date":"2021-09-08T23:57:42","date_gmt":"2021-09-08T21:57:42","guid":{"rendered":"https:\/\/cri.it\/liguria\/?page_id=2667"},"modified":"2021-09-08T23:57:42","modified_gmt":"2021-09-08T21:57:42","slug":"impressioni-di-settembre","status":"publish","type":"page","link":"https:\/\/cri.it\/liguria\/storie-da-kabul-a-sanremo-insieme-a-croce-rossa-italiana\/impressioni-di-settembre\/","title":{"rendered":"IMPRESSIONI DI SETTEMBRE"},"content":{"rendered":"<div dir=\"auto\">\u00c8 scritto che gli occhi sono lo specchio dell\u2019anima. Puoi ignorare tutto di loro (o fingere di farlo), i buffi vestiti, i sacchi e le enormi borse di tela che si tirano dietro, il loro atteggiamento quando scendono dagli autobus che li hanno condotti sin qui, puoi decidere di ignorare tutto, ma gli occhi no, non puoi, non riesci!<\/div>\n<div dir=\"auto\">Solo che qui le anime non hanno specchi! Gli occhi di questa gente sono finestre che si affacciano direttamente su un mondo di cui non sospettavi l\u2019esistenza solo pochi minuti prima. Sono gli occhi spalancati di quella bimba, aperti su una vita che ancora non conosce, ma della quale ha gi\u00e0 visto ogni miseria, sono gli occhi di quella donna che se ne sta in disparte, socchiusi fra veli che cominciano a squarciarsi, sono gli occhi orgogliosi di quel capo famiglia che scende dall\u2019autobus e ti viene incontro con la mano tesa, perch\u00e8 questo fanno gli uomini nei paesi civili: si stringono la mano, senza che nessuno debba poi alzarle e metterle dietro la testa!<\/div>\n<div dir=\"auto\">Storie, paure, angosce e speranze che ti vengono incontro su un piazzale alle prime luci di un alba che tarda a diventare giorno.<\/div>\n<div dir=\"auto\">E tu capisci in un attimo che la prima parola che devi cancellare dal tuo vocabolario \u00e8 \u201cmigranti\u201d; i migranti si spostano da un paese all\u2019altro, spinti da questo o da quello, questi no, questi sono profughi, loro non si spostano, scappano dal loro mondo, dalle speranze che timidamente cominciavano ad affacciarsi nelle loro vite, scappano dal pensiero che non importa quanto profondo sia il buio se sai che un giorno spunter\u00e0 la luce, scappano per la vita, la loro e quella dei loro cari!<\/div>\n<div dir=\"auto\">Dopo ore di autobus sanno ancora sedersi e aspettare pazientemente che li si possa organizzare, mangiano la colazione che stai offrendo loro, prendono i giochi che dai ai bambini, i vestiti o la biancheria per gli adulti, con quell\u2019espressione \u201c&#8230;\u00e8 per me?\u201d stampata sul volto, entrano timidamente nella loro camera guardandosi intorno con sollievo e smarrimento al tempo stesso.<\/div>\n<div dir=\"auto\">E tu ti chiedi dove sei stato sinora, cosa sapevi di quel mondo che rappresentano, cosa ti stanno dicendo e, soprattutto, cosa ti stanno insegnando.<\/div>\n<div dir=\"auto\">Per una settimana mi sono preso cura di loro. Sono entrato nelle loro stanze, ma anche nelle loro vite. Ho conosciuto madri e sorelle, fratelli che non sono riusciti a saltare il filo spinato all\u2019aeroporto, padri che non se la sono sentita di partire e abbandonare la terra loro e dei loro padri, ho visto quell\u2019espressione sollevata di chi \u00e8 riuscito ad abbandonare il male, la prepotenza e la prevaricazione, ma anche quei lampi di perplessit\u00e0 di chi non sa ancora quale sar\u00e0 il suo domani, un minestrone cosmico di emozioni e sentimenti.<\/div>\n<div dir=\"auto\">Sempre con quella domanda in testa: cosa mi stanno insegnando?<\/div>\n<div dir=\"auto\">E alla fine arriva la mattina della partenza, gli \u201cospiti\u201d lasciano la base per raggiungere la loro destinazione finale. Ce ne stiamo tutti sul piazzale in silenzio, in attesa che, un nucleo familiare alla volta, vengano avviati agli autobus che li porteranno via. Una signora che ho visto molte volte nei giorni precedenti si stacca dal gruppo e timidamente viene verso di me. Ha tra le mani un pezzetto di tela bianca, forse un fazzoletto. Lo bacia e me lo poggia sul cuore lasciandomelo tra le mani. Solo quando l\u2019autobus \u00e8 ormai solo il rumore di un motore che si allontana guardo il regalo. \u00c8 un fazzoletto candido e piccino, in un angolo \u00e8 ricamato un mazzetto di roselline, la vita e il bello che ostinatamente rinascono e si oppongono al fango dell\u2019esistenza, la volont\u00e0 caparbia di voler vedere ancora quanto di delicato e gentile ci sia al mondo!<\/div>\n<div dir=\"auto\">E mentre una lacrimuccia mi rammenta che non sono ancora diventato Supermen o l\u2019Uomo ragno, arriva la risposta che ho tanto cercato in questi giorni: cosa mi resta di questa esperienza e dove mi hanno portato questi incontri? Si pu\u00f2 vedere la gratitudine? La si pu\u00f2 odorare o toccare fisicamente? Ci si pu\u00f2 sentire, per una volta, riempiti?<\/div>\n<div dir=\"auto\">Se tutto questo \u00e8 davvero possibile, allora sta succedendo a me adesso, su questo piazzale assolato e improvvisamente deserto, mentre sventolo un fazzoletto ricamato per salutare un autobus che ormai non si vede pi\u00f9!<\/div>\n<div dir=\"auto\"><\/div>\n<div dir=\"auto\">Un volontario CRI<\/div>\n<div dir=\"auto\">Sanremo, agosto\/settembre 2021<\/div>\n","protected":false},"excerpt":{"rendered":"<p>\u00c8 scritto che gli occhi sono lo specchio dell\u2019anima. Puoi ignorare tutto di loro (o fingere di farlo), i buffi vestiti, i sacchi e le enormi borse di tela che si tirano dietro, il loro atteggiamento quando scendono dagli autobus che li hanno condotti sin qui, puoi decidere di ignorare [&hellip;]<\/p>\n","protected":false},"author":76,"featured_media":0,"parent":2587,"menu_order":0,"comment_status":"closed","ping_status":"closed","template":"","meta":{"_themeisle_gutenberg_block_has_review":false,"footnotes":""},"categories":[36,2,9,13],"tags":[37],"class_list":["post-2667","page","type-page","status-publish","hentry","category-afghanistan","category-comitato-liguria","category-emergenze","category-primo-piano-generico","tag-afghanistan"],"_links":{"self":[{"href":"https:\/\/cri.it\/liguria\/wp-json\/wp\/v2\/pages\/2667","targetHints":{"allow":["GET"]}}],"collection":[{"href":"https:\/\/cri.it\/liguria\/wp-json\/wp\/v2\/pages"}],"about":[{"href":"https:\/\/cri.it\/liguria\/wp-json\/wp\/v2\/types\/page"}],"author":[{"embeddable":true,"href":"https:\/\/cri.it\/liguria\/wp-json\/wp\/v2\/users\/76"}],"replies":[{"embeddable":true,"href":"https:\/\/cri.it\/liguria\/wp-json\/wp\/v2\/comments?post=2667"}],"version-history":[{"count":1,"href":"https:\/\/cri.it\/liguria\/wp-json\/wp\/v2\/pages\/2667\/revisions"}],"predecessor-version":[{"id":2669,"href":"https:\/\/cri.it\/liguria\/wp-json\/wp\/v2\/pages\/2667\/revisions\/2669"}],"up":[{"embeddable":true,"href":"https:\/\/cri.it\/liguria\/wp-json\/wp\/v2\/pages\/2587"}],"wp:attachment":[{"href":"https:\/\/cri.it\/liguria\/wp-json\/wp\/v2\/media?parent=2667"}],"wp:term":[{"taxonomy":"category","embeddable":true,"href":"https:\/\/cri.it\/liguria\/wp-json\/wp\/v2\/categories?post=2667"},{"taxonomy":"post_tag","embeddable":true,"href":"https:\/\/cri.it\/liguria\/wp-json\/wp\/v2\/tags?post=2667"}],"curies":[{"name":"wp","href":"https:\/\/api.w.org\/{rel}","templated":true}]}}