{"id":2625,"date":"2021-08-30T12:21:59","date_gmt":"2021-08-30T10:21:59","guid":{"rendered":"https:\/\/cri.it\/liguria\/?page_id=2625"},"modified":"2021-08-30T12:36:16","modified_gmt":"2021-08-30T10:36:16","slug":"un-afghano-di-perugia","status":"publish","type":"page","link":"https:\/\/cri.it\/liguria\/storie-da-kabul-a-sanremo-insieme-a-croce-rossa-italiana\/un-afghano-di-perugia\/","title":{"rendered":"Un afghano di &#8220;Perugia&#8221;"},"content":{"rendered":"<p>La storia di E. \u00e8 diversa dalle altre, i talebani entrarono nella sua vita molto tempo prima dell\u2019ingresso a Kabul. Nel 2007 suo fratello, A. N., giornalista di professione, scese nel Sud dell\u2019Afghanistan con il corrispondente Italiano Daniele Mastrogiacomo per documentare la vita della popolazione del Sud. I talebani li catturarono e dopo qualche mese liberarono Mastrogiacomo e uccisero il fratello.<\/p>\n<p>E. Colpito e profondamente arrabbiato decise, nel 2008, di andare a Perugia, inizialmente per studiare la cultura italiana nel suo complesso e successivamente si iscrisse alla facolt\u00e0 di Scienze Politiche all\u2019Universit\u00e0 di Perugia. Nel 2012 termin\u00f2 gli studi e torn\u00f2 in Afghanistan venendo subito assunto all\u2019Ambasciata Italiana di Kabul.<\/p>\n<p>Era un Project Manager dell\u2019ambasciata, si occupava di giustizia, cultura e buon governo gestendo progetti che andavano dai 6 ai 10 milioni di euro; l\u2019unico scopo dei suoi progetti ero l\u2019aiuto verso il popolo afgano.<\/p>\n<p>\u201cAvevamo paura dei talebani da qualche mese ormai\u201d dice E. \u201cTre mesi fa, io e i miei colleghi, avevamo inviato una lettera all\u2019ambasciatore Giovanni Grandi per chiedere aiuto qualora i talebani fossero entrati a Kabul\u201d. Quella lettera fece scattare un lungo confronto tra l\u2019Ambasciatore e il Ministro degli Affari Esteri e quest\u2019ultimo assicur\u00f2 che l\u2019Italia avrebbe accolto tutti coloro che collaboravano o lavoravano per l\u2019Italia.<\/p>\n<p>Nessuno pensava che i talebani avrebbero preso la citt\u00e0 in un giorno: hanno iniziato, qualche mese fa, a conquistare 1 o 2 distretti al giorno senza prendere le province, sono poi passati a conquistare 15 distretti al giorno ma E. e i suoi colleghi non erano preoccupati perch\u00e9 ancora non conquistavano le province. Arrivati ad avere quasi la totalit\u00e0 dei distretti passarono alle province e da questo momento la paura inizi\u00f2 a farsi forte.<\/p>\n<p>Il 16 Agosto circondarono Kabul e qualche ora dopo E. apprese che il Presidente del Governo aveva lasciato il paese.<\/p>\n<p>Da quel momento la citt\u00e0 venne travolta da spari e ruberie, E. scapp\u00f2 e si nascose a casa di amici per due giorni.<\/p>\n<p>Aveva tre motivi per essere ucciso dai talebani: ha studiato e ora lavorava per la Repubblica Italiana, per la storia che aveva coinvolto il fratello e infine perch\u00e9 nel 2013 aveva fondato un\u2019organizzazione benefica per aiutare la popolazione afgana. In questi due giorni rimase sempre in contatto con i suoi colleghi e alle due di notte del terzo giorno arriv\u00f2 una chiamata da un suo collega che lo avvisava che alle 4 doveva essere in aeroporto.<\/p>\n<p>Scapp\u00f2 con la famiglia e quando arriv\u00f2 in aeroporto trov\u00f2 la stessa folla che noi nello stesso momento guardavamo in televisione. La preoccupazione per le figlie non ferm\u00f2 E. che riusc\u00ec a oltrepassare la folla e grazie ad un soldato italiano sal\u00ec sull\u2019aereo.<\/p>\n<p>Ad oggi la situazione \u00e8 peggiorata: i talebani buttano gi\u00f9 le porte, uccidono gli uomini, prendono le donne dai 14 ai 40 anni e il resto della famiglia lo uccide sul posto.<\/p>\n<p>E. Vuole diventare Volontario di Croce Rossa per aiutare gli altri come noi abbiamo fatto con lui.<\/p>\n<p>&nbsp;<\/p>\n<p>\u201cGrazie al Governo Italiano, all\u2019Ambasciata Italiana, alla Cooperazione Italiana e all\u2019ambasciatore Grandi, alla Croce Rossa Italiana e all\u2019Esercito Italiano che ci ha aiutato in questa fuga verso una nuova vita\u201d.<\/p>\n<h6>Andrea Guazzoni<\/h6>\n","protected":false},"excerpt":{"rendered":"<p>La storia di E. \u00e8 diversa dalle altre, i talebani entrarono nella sua vita molto tempo prima dell\u2019ingresso a Kabul. Nel 2007 suo fratello, A. N., giornalista di professione, scese nel Sud dell\u2019Afghanistan con il corrispondente Italiano Daniele Mastrogiacomo per documentare la vita della popolazione del Sud. I talebani li [&hellip;]<\/p>\n","protected":false},"author":76,"featured_media":2626,"parent":2587,"menu_order":0,"comment_status":"closed","ping_status":"closed","template":"","meta":{"_themeisle_gutenberg_block_has_review":false,"footnotes":""},"categories":[36,9,3,13],"tags":[38],"class_list":["post-2625","page","type-page","status-publish","has-post-thumbnail","hentry","category-afghanistan","category-emergenze","category-news","category-primo-piano-generico","tag-afghnistan"],"_links":{"self":[{"href":"https:\/\/cri.it\/liguria\/wp-json\/wp\/v2\/pages\/2625","targetHints":{"allow":["GET"]}}],"collection":[{"href":"https:\/\/cri.it\/liguria\/wp-json\/wp\/v2\/pages"}],"about":[{"href":"https:\/\/cri.it\/liguria\/wp-json\/wp\/v2\/types\/page"}],"author":[{"embeddable":true,"href":"https:\/\/cri.it\/liguria\/wp-json\/wp\/v2\/users\/76"}],"replies":[{"embeddable":true,"href":"https:\/\/cri.it\/liguria\/wp-json\/wp\/v2\/comments?post=2625"}],"version-history":[{"count":3,"href":"https:\/\/cri.it\/liguria\/wp-json\/wp\/v2\/pages\/2625\/revisions"}],"predecessor-version":[{"id":2630,"href":"https:\/\/cri.it\/liguria\/wp-json\/wp\/v2\/pages\/2625\/revisions\/2630"}],"up":[{"embeddable":true,"href":"https:\/\/cri.it\/liguria\/wp-json\/wp\/v2\/pages\/2587"}],"wp:featuredmedia":[{"embeddable":true,"href":"https:\/\/cri.it\/liguria\/wp-json\/wp\/v2\/media\/2626"}],"wp:attachment":[{"href":"https:\/\/cri.it\/liguria\/wp-json\/wp\/v2\/media?parent=2625"}],"wp:term":[{"taxonomy":"category","embeddable":true,"href":"https:\/\/cri.it\/liguria\/wp-json\/wp\/v2\/categories?post=2625"},{"taxonomy":"post_tag","embeddable":true,"href":"https:\/\/cri.it\/liguria\/wp-json\/wp\/v2\/tags?post=2625"}],"curies":[{"name":"wp","href":"https:\/\/api.w.org\/{rel}","templated":true}]}}