{"id":2590,"date":"2021-08-27T14:03:17","date_gmt":"2021-08-27T12:03:17","guid":{"rendered":"https:\/\/cri.it\/liguria\/?page_id=2590"},"modified":"2021-08-27T16:52:11","modified_gmt":"2021-08-27T14:52:11","slug":"m-b-uno-studente-di-arte-di-kabul-afghanistan","status":"publish","type":"page","link":"https:\/\/cri.it\/liguria\/storie-da-kabul-a-sanremo-insieme-a-croce-rossa-italiana\/m-b-uno-studente-di-arte-di-kabul-afghanistan\/","title":{"rendered":"M.B. uno studente di Arte di Kabul &#8211; Afghanistan"},"content":{"rendered":"\t\t<div data-elementor-type=\"wp-page\" data-elementor-id=\"2590\" class=\"elementor elementor-2590\">\n\t\t\t\t\t\t<section class=\"elementor-section elementor-top-section elementor-element elementor-element-14272400 elementor-section-boxed elementor-section-height-default elementor-section-height-default\" data-id=\"14272400\" data-element_type=\"section\" data-e-type=\"section\">\n\t\t\t\t\t\t<div class=\"elementor-container elementor-column-gap-default\">\n\t\t\t\t\t<div class=\"elementor-column elementor-col-100 elementor-top-column elementor-element elementor-element-2dd6d576\" data-id=\"2dd6d576\" data-element_type=\"column\" data-e-type=\"column\">\n\t\t\t<div class=\"elementor-widget-wrap elementor-element-populated\">\n\t\t\t\t\t\t<div class=\"elementor-element elementor-element-4c7a2fce elementor-widget elementor-widget-text-editor\" data-id=\"4c7a2fce\" data-element_type=\"widget\" data-e-type=\"widget\" data-widget_type=\"text-editor.default\">\n\t\t\t\t<div class=\"elementor-widget-container\">\n\t\t\t\t\t\t\t\t\t<p>M.B. \u00e8 uno studente di 22 anni dell\u2019ultimo anno dell\u2019Universit\u00e0 di Arte di Kabul, la sua famiglia collaborava\u00a0 con l&#8217;Ambasciata Italiana ed \u00e8 grazie a questo che sono riusciti a mettersi in salvo, ma a causa del poco tempo per fuggire M. \u00e8 riuscito a salvare solo cinque delle sue opere, altre sono rimaste a Kabul e altre ancora le ha dovute distruggere perch\u00e8 incarnavo gesti e significati non conformi alla cultura talebana.<\/p><p>Tra i quadri che \u00e8 riuscito a portare con s\u00e9 ce ne sono due che colpiscono particolarmente: uno, tra i pi\u00f9 recenti, che ritrae una donna italiana impegnata in Afghanistan per la lotta dei diritti delle donne, M. con il suo dipinto ha voluto manifestare tutta la sua gratitudine verso questa donna; l\u2019altro, un tenero dipinto, dono per la mamma in occasione della Festa delle mamma, che raffigura una donna con in braccio un bimbo, lo ha gelosamente custodito ed \u00e8 riuscito a portarlo fin qua.<\/p><p>La malinconia per ci\u00f2 che non \u00e8 riuscito a portare con s\u00e8 da Kabul, ma allo stesso tempo la tenacia e la volont\u00e0 d\u2019animo per inseguire un sogno che \u00e8 stato crudelmente interrotto dall\u2019ingresso dei talebani in citt\u00e0 lo hanno spinto a voler dipingere un quadro che raffiguri la storia della sua fuga non dimenticandosi dei Volontari di Croce Rossa e tutti coloro che lo hanno aiutato da Kabul e supportato fino a Sanremo.<\/p><p>Parla solo farsi e inglese e forse la pronuncia del \u201cgrazie\u201d con cui ci ha salutati non era perfetta ma la commozione con cui lo ha detto lo ha reso tale.<\/p><p>Il suo sogno: poter terminare il suo percorso di studi e continuare ad esprimersi con la sua arte.<\/p><p><\/p><h5><i>Andrea Guazzoni<\/i><\/h5>\t\t\t\t\t\t\t\t<\/div>\n\t\t\t\t<\/div>\n\t\t\t\t\t<\/div>\n\t\t<\/div>\n\t\t\t\t\t<\/div>\n\t\t<\/section>\n\t\t\t\t<section class=\"elementor-section elementor-top-section elementor-element elementor-element-3c2fb2b elementor-section-boxed elementor-section-height-default elementor-section-height-default\" data-id=\"3c2fb2b\" data-element_type=\"section\" data-e-type=\"section\">\n\t\t\t\t\t\t<div class=\"elementor-container elementor-column-gap-default\">\n\t\t\t\t\t<div class=\"elementor-column elementor-col-100 elementor-top-column elementor-element elementor-element-917599c\" data-id=\"917599c\" data-element_type=\"column\" data-e-type=\"column\">\n\t\t\t<div class=\"elementor-widget-wrap elementor-element-populated\">\n\t\t\t\t\t\t<div class=\"elementor-element elementor-element-6fea998 elementor-arrows-position-inside elementor-pagination-position-outside elementor-widget elementor-widget-image-carousel\" data-id=\"6fea998\" data-element_type=\"widget\" data-e-type=\"widget\" data-settings=\"{&quot;slides_to_show&quot;:&quot;1&quot;,&quot;navigation&quot;:&quot;both&quot;,&quot;autoplay&quot;:&quot;yes&quot;,&quot;pause_on_hover&quot;:&quot;yes&quot;,&quot;pause_on_interaction&quot;:&quot;yes&quot;,&quot;autoplay_speed&quot;:5000,&quot;infinite&quot;:&quot;yes&quot;,&quot;effect&quot;:&quot;slide&quot;,&quot;speed&quot;:500}\" data-widget_type=\"image-carousel.default\">\n\t\t\t\t<div class=\"elementor-widget-container\">\n\t\t\t\t\t\t\t<div class=\"elementor-image-carousel-wrapper swiper\" role=\"region\" aria-roledescription=\"carousel\" aria-label=\"Carosello d&#039;immagini\" dir=\"ltr\">\n\t\t\t<div class=\"elementor-image-carousel swiper-wrapper\" aria-live=\"off\">\n\t\t\t\t\t\t\t\t<div class=\"swiper-slide\" role=\"group\" aria-roledescription=\"slide\" aria-label=\"1 di 6\"><figure class=\"swiper-slide-inner\"><img decoding=\"async\" class=\"swiper-slide-image\" src=\"https:\/\/cri.it\/liguria\/wp-content\/uploads\/sites\/10\/2021\/08\/IMG_5629.png\" alt=\"\" \/><\/figure><\/div><div class=\"swiper-slide\" role=\"group\" aria-roledescription=\"slide\" aria-label=\"2 di 6\"><figure class=\"swiper-slide-inner\"><img decoding=\"async\" class=\"swiper-slide-image\" src=\"https:\/\/cri.it\/liguria\/wp-content\/uploads\/sites\/10\/2021\/08\/IMG_5609-scaled.jpg\" alt=\"\" \/><\/figure><\/div><div class=\"swiper-slide\" role=\"group\" aria-roledescription=\"slide\" aria-label=\"3 di 6\"><figure class=\"swiper-slide-inner\"><img decoding=\"async\" class=\"swiper-slide-image\" src=\"https:\/\/cri.it\/liguria\/wp-content\/uploads\/sites\/10\/2021\/08\/IMG_5615-768x1024.jpg\" alt=\"IMG_5615\" \/><\/figure><\/div><div class=\"swiper-slide\" role=\"group\" aria-roledescription=\"slide\" aria-label=\"4 di 6\"><figure class=\"swiper-slide-inner\"><img decoding=\"async\" class=\"swiper-slide-image\" src=\"https:\/\/cri.it\/liguria\/wp-content\/uploads\/sites\/10\/2021\/08\/IMG_5628-4.png\" alt=\"\" \/><\/figure><\/div><div class=\"swiper-slide\" role=\"group\" aria-roledescription=\"slide\" aria-label=\"5 di 6\"><figure class=\"swiper-slide-inner\"><img decoding=\"async\" class=\"swiper-slide-image\" src=\"https:\/\/cri.it\/liguria\/wp-content\/uploads\/sites\/10\/2021\/08\/IMG_5626.png\" alt=\"\" \/><\/figure><\/div><div class=\"swiper-slide\" role=\"group\" aria-roledescription=\"slide\" aria-label=\"6 di 6\"><figure class=\"swiper-slide-inner\"><img decoding=\"async\" class=\"swiper-slide-image\" src=\"https:\/\/cri.it\/liguria\/wp-content\/uploads\/sites\/10\/2021\/08\/IMG_5627-768x823.jpg\" alt=\"IMG_5627\" \/><\/figure><\/div>\t\t\t<\/div>\n\t\t\t\t\t\t\t\t\t\t\t\t<div class=\"elementor-swiper-button elementor-swiper-button-prev\" role=\"button\" tabindex=\"0\">\n\t\t\t\t\t\t<i aria-hidden=\"true\" class=\"eicon-chevron-left\"><\/i>\t\t\t\t\t<\/div>\n\t\t\t\t\t<div class=\"elementor-swiper-button elementor-swiper-button-next\" role=\"button\" tabindex=\"0\">\n\t\t\t\t\t\t<i aria-hidden=\"true\" class=\"eicon-chevron-right\"><\/i>\t\t\t\t\t<\/div>\n\t\t\t\t\n\t\t\t\t\t\t\t\t\t<div class=\"swiper-pagination\"><\/div>\n\t\t\t\t\t\t\t\t\t<\/div>\n\t\t\t\t\t\t<\/div>\n\t\t\t\t<\/div>\n\t\t\t\t\t<\/div>\n\t\t<\/div>\n\t\t\t\t\t<\/div>\n\t\t<\/section>\n\t\t\t\t<\/div>\n\t\t","protected":false},"excerpt":{"rendered":"<p>M.B. \u00e8 uno studente di 22 anni dell\u2019ultimo anno dell\u2019Universit\u00e0 di Arte di Kabul, la sua famiglia collaborava\u00a0 con l&#8217;Ambasciata Italiana ed \u00e8 grazie a questo che sono riusciti a mettersi in salvo, ma a causa del poco tempo per fuggire M. \u00e8 riuscito a salvare solo cinque delle sue [&hellip;]<\/p>\n","protected":false},"author":76,"featured_media":2611,"parent":2587,"menu_order":0,"comment_status":"closed","ping_status":"closed","template":"","meta":{"_themeisle_gutenberg_block_has_review":false,"footnotes":""},"categories":[9,13,11,7],"tags":[37],"class_list":["post-2590","page","type-page","status-publish","has-post-thumbnail","hentry","category-emergenze","category-primo-piano-generico","category-sociale","category-sviluppo","tag-afghanistan"],"_links":{"self":[{"href":"https:\/\/cri.it\/liguria\/wp-json\/wp\/v2\/pages\/2590","targetHints":{"allow":["GET"]}}],"collection":[{"href":"https:\/\/cri.it\/liguria\/wp-json\/wp\/v2\/pages"}],"about":[{"href":"https:\/\/cri.it\/liguria\/wp-json\/wp\/v2\/types\/page"}],"author":[{"embeddable":true,"href":"https:\/\/cri.it\/liguria\/wp-json\/wp\/v2\/users\/76"}],"replies":[{"embeddable":true,"href":"https:\/\/cri.it\/liguria\/wp-json\/wp\/v2\/comments?post=2590"}],"version-history":[{"count":3,"href":"https:\/\/cri.it\/liguria\/wp-json\/wp\/v2\/pages\/2590\/revisions"}],"predecessor-version":[{"id":2624,"href":"https:\/\/cri.it\/liguria\/wp-json\/wp\/v2\/pages\/2590\/revisions\/2624"}],"up":[{"embeddable":true,"href":"https:\/\/cri.it\/liguria\/wp-json\/wp\/v2\/pages\/2587"}],"wp:featuredmedia":[{"embeddable":true,"href":"https:\/\/cri.it\/liguria\/wp-json\/wp\/v2\/media\/2611"}],"wp:attachment":[{"href":"https:\/\/cri.it\/liguria\/wp-json\/wp\/v2\/media?parent=2590"}],"wp:term":[{"taxonomy":"category","embeddable":true,"href":"https:\/\/cri.it\/liguria\/wp-json\/wp\/v2\/categories?post=2590"},{"taxonomy":"post_tag","embeddable":true,"href":"https:\/\/cri.it\/liguria\/wp-json\/wp\/v2\/tags?post=2590"}],"curies":[{"name":"wp","href":"https:\/\/api.w.org\/{rel}","templated":true}]}}