{"id":2030,"date":"2021-07-18T15:18:07","date_gmt":"2021-07-18T13:18:07","guid":{"rendered":"https:\/\/cri.it\/ligurianew\/?page_id=2030"},"modified":"2022-04-21T15:02:50","modified_gmt":"2022-04-21T13:02:50","slug":"volontariato-innovazione-e-comunicazione","status":"publish","type":"page","link":"https:\/\/cri.it\/liguria\/volontariato-innovazione-e-comunicazione\/","title":{"rendered":"Volontariato, Innovazione e Comunicazione"},"content":{"rendered":"\t\t<div data-elementor-type=\"wp-page\" data-elementor-id=\"2030\" class=\"elementor elementor-2030\">\n\t\t\t\t\t\t<section class=\"elementor-section elementor-top-section elementor-element elementor-element-7dcddfe4 elementor-section-boxed elementor-section-height-default elementor-section-height-default\" data-id=\"7dcddfe4\" data-element_type=\"section\" data-e-type=\"section\">\n\t\t\t\t\t\t<div class=\"elementor-container elementor-column-gap-default\">\n\t\t\t\t\t<div class=\"elementor-column elementor-col-100 elementor-top-column elementor-element elementor-element-6016b617\" data-id=\"6016b617\" data-element_type=\"column\" data-e-type=\"column\">\n\t\t\t<div class=\"elementor-widget-wrap elementor-element-populated\">\n\t\t\t\t\t\t<div class=\"elementor-element elementor-element-1eb50168 elementor-widget elementor-widget-text-editor\" data-id=\"1eb50168\" data-element_type=\"widget\" data-e-type=\"widget\" data-widget_type=\"text-editor.default\">\n\t\t\t\t<div class=\"elementor-widget-container\">\n\t\t\t\t\t\t\t\t\t<h6 style=\"text-align: center\"><span>\u00a0\u00a0 \u00a0Delegato Tecnico Regionale:\u00a0<\/span><strong class=\"userFormat1\">Cristiana Pepino<br \/><\/strong><span>\u00a0 \u00a0 \u00a0 \u00a0e-mail:\u00a0<\/span><a href=\"mailto:sviluppo@liguria.cri.it\">sviluppo@liguria.cri.it<\/a><\/h6><p><\/p><p><\/p><p><b><i>STAFF COMUNICAZIONE<\/i><\/b>:<\/p><p>Salahl Ahmed Mahmed<\/p><p>Lorenzo Bartolini<\/p><p>Andrea Guazzoni<\/p><p>Elena Canepa<\/p><p>Irene Laudano<\/p><p>Francesca Marciano<\/p><p>Sharon Tempestini<\/p>\t\t\t\t\t\t\t\t<\/div>\n\t\t\t\t<\/div>\n\t\t\t\t\t<\/div>\n\t\t<\/div>\n\t\t\t\t\t<\/div>\n\t\t<\/section>\n\t\t\t\t<section class=\"elementor-section elementor-top-section elementor-element elementor-element-fdcd05c elementor-section-boxed elementor-section-height-default elementor-section-height-default\" data-id=\"fdcd05c\" data-element_type=\"section\" data-e-type=\"section\">\n\t\t\t\t\t\t<div class=\"elementor-container elementor-column-gap-default\">\n\t\t\t\t\t<div class=\"elementor-column elementor-col-100 elementor-top-column elementor-element elementor-element-6137a20\" data-id=\"6137a20\" data-element_type=\"column\" data-e-type=\"column\">\n\t\t\t<div class=\"elementor-widget-wrap elementor-element-populated\">\n\t\t\t\t\t\t<div class=\"elementor-element elementor-element-3b23df4 elementor-widget-divider--view-line elementor-widget elementor-widget-divider\" data-id=\"3b23df4\" data-element_type=\"widget\" data-e-type=\"widget\" data-widget_type=\"divider.default\">\n\t\t\t\t<div class=\"elementor-widget-container\">\n\t\t\t\t\t\t\t<div class=\"elementor-divider\">\n\t\t\t<span class=\"elementor-divider-separator\">\n\t\t\t\t\t\t<\/span>\n\t\t<\/div>\n\t\t\t\t\t\t<\/div>\n\t\t\t\t<\/div>\n\t\t\t\t\t<\/div>\n\t\t<\/div>\n\t\t\t\t\t<\/div>\n\t\t<\/section>\n\t\t\t\t<section class=\"elementor-section elementor-top-section elementor-element elementor-element-5a9040c elementor-section-boxed elementor-section-height-default elementor-section-height-default\" data-id=\"5a9040c\" data-element_type=\"section\" data-e-type=\"section\">\n\t\t\t\t\t\t<div class=\"elementor-container elementor-column-gap-default\">\n\t\t\t\t\t<div class=\"elementor-column elementor-col-100 elementor-top-column elementor-element elementor-element-6796b20\" data-id=\"6796b20\" data-element_type=\"column\" data-e-type=\"column\">\n\t\t\t<div class=\"elementor-widget-wrap elementor-element-populated\">\n\t\t\t\t\t\t<div class=\"elementor-element elementor-element-355b5c1 elementor-widget elementor-widget-text-editor\" data-id=\"355b5c1\" data-element_type=\"widget\" data-e-type=\"widget\" data-widget_type=\"text-editor.default\">\n\t\t\t\t<div class=\"elementor-widget-container\">\n\t\t\t\t\t\t\t\t\t<h5 style=\"font-family: pt_sansbold, Arial, Verdana, sans-serif;line-height: 1.1;color: #4b4b51;margin-top: 10px;margin-bottom: 10px;font-size: 14px\"><\/h5><div style=\"text-align: justify;line-height: 18.2px;color: #4b4b51;font-family: pt_sansregular, Arial, Verdana, sans-serif\"><h5 style=\"font-family: pt_sansbold, Arial, Verdana, sans-serif;line-height: 1.1;color: #4b4b51;margin-top: 10px;margin-bottom: 10px;font-size: 14px;text-align: start\"><span style=\"font-size: 18px;font-family: pt_sansregular, Arial, Verdana, sans-serif;text-align: justify\">Sviluppare l&#8217;azione della CRI per prevenire e affrontare in efficace le vulnerabilit\u00e0 della comunit\u00e0.<\/span><\/h5><p style=\"margin-bottom: 0px;padding: 0px\">Il mandato della\u00a0<acronym title=\"Croce Rossa Italiana\">CRI<\/acronym>\u00a0\u00e8 quello di prevenire e alleviare le sofferenze umane, contribuire alla tutela e alla promozione della dignit\u00e0 della persona, rafforzare la cultura della non violenza, della pace e della solidariet\u00e0 tra le comunit\u00e0.\u00a0<\/p><\/div>\t\t\t\t\t\t\t\t<\/div>\n\t\t\t\t<\/div>\n\t\t\t\t\t<\/div>\n\t\t<\/div>\n\t\t\t\t\t<\/div>\n\t\t<\/section>\n\t\t\t\t<\/div>\n\t\t","protected":false},"excerpt":{"rendered":"<p>\u00a0\u00a0 \u00a0Delegato Tecnico Regionale:\u00a0Cristiana Pepino \u00a0 \u00a0 \u00a0 \u00a0e-mail:\u00a0sviluppo@liguria.cri.it STAFF COMUNICAZIONE: Salahl Ahmed Mahmed Lorenzo Bartolini Andrea Guazzoni Elena Canepa Irene Laudano Francesca Marciano Sharon Tempestini Sviluppare l&#8217;azione della CRI per prevenire e affrontare in efficace le vulnerabilit\u00e0 della comunit\u00e0. Il mandato della\u00a0CRI\u00a0\u00e8 quello di prevenire e alleviare le sofferenze [&hellip;]<\/p>\n","protected":false},"author":76,"featured_media":0,"parent":0,"menu_order":0,"comment_status":"closed","ping_status":"closed","template":"","meta":{"_themeisle_gutenberg_block_has_review":false,"footnotes":""},"categories":[],"tags":[],"class_list":["post-2030","page","type-page","status-publish","hentry"],"_links":{"self":[{"href":"https:\/\/cri.it\/liguria\/wp-json\/wp\/v2\/pages\/2030","targetHints":{"allow":["GET"]}}],"collection":[{"href":"https:\/\/cri.it\/liguria\/wp-json\/wp\/v2\/pages"}],"about":[{"href":"https:\/\/cri.it\/liguria\/wp-json\/wp\/v2\/types\/page"}],"author":[{"embeddable":true,"href":"https:\/\/cri.it\/liguria\/wp-json\/wp\/v2\/users\/76"}],"replies":[{"embeddable":true,"href":"https:\/\/cri.it\/liguria\/wp-json\/wp\/v2\/comments?post=2030"}],"version-history":[{"count":3,"href":"https:\/\/cri.it\/liguria\/wp-json\/wp\/v2\/pages\/2030\/revisions"}],"predecessor-version":[{"id":3436,"href":"https:\/\/cri.it\/liguria\/wp-json\/wp\/v2\/pages\/2030\/revisions\/3436"}],"wp:attachment":[{"href":"https:\/\/cri.it\/liguria\/wp-json\/wp\/v2\/media?parent=2030"}],"wp:term":[{"taxonomy":"category","embeddable":true,"href":"https:\/\/cri.it\/liguria\/wp-json\/wp\/v2\/categories?post=2030"},{"taxonomy":"post_tag","embeddable":true,"href":"https:\/\/cri.it\/liguria\/wp-json\/wp\/v2\/tags?post=2030"}],"curies":[{"name":"wp","href":"https:\/\/api.w.org\/{rel}","templated":true}]}}