{"id":1940,"date":"2021-07-17T13:14:11","date_gmt":"2021-07-17T11:14:11","guid":{"rendered":"https:\/\/cri.it\/ligurianew\/?page_id=1940"},"modified":"2022-01-13T11:46:06","modified_gmt":"2022-01-13T10:46:06","slug":"giovani-cri","status":"publish","type":"page","link":"https:\/\/cri.it\/liguria\/giovani-cri\/","title":{"rendered":"Giovani CRI"},"content":{"rendered":"\t\t<div data-elementor-type=\"wp-page\" data-elementor-id=\"1940\" class=\"elementor elementor-1940\">\n\t\t\t\t\t\t<section class=\"elementor-section elementor-top-section elementor-element elementor-element-01661c1 elementor-section-boxed elementor-section-height-default elementor-section-height-default\" data-id=\"01661c1\" data-element_type=\"section\" data-e-type=\"section\">\n\t\t\t\t\t\t<div class=\"elementor-container elementor-column-gap-default\">\n\t\t\t\t\t<div class=\"elementor-column elementor-col-100 elementor-top-column elementor-element elementor-element-467deb6\" data-id=\"467deb6\" data-element_type=\"column\" data-e-type=\"column\">\n\t\t\t<div class=\"elementor-widget-wrap elementor-element-populated\">\n\t\t\t\t\t\t<div class=\"elementor-element elementor-element-133224a elementor-widget elementor-widget-text-editor\" data-id=\"133224a\" data-element_type=\"widget\" data-e-type=\"widget\" data-widget_type=\"text-editor.default\">\n\t\t\t\t<div class=\"elementor-widget-container\">\n\t\t\t\t\t\t\t\t\t<p><span style=\"font-family: Arial, Helvetica, sans-serif;font-size: 14px;text-align: center\">\u00a0Consigliere Regionale e Vice Presidente:\u00a0<\/span><strong style=\"font-family: Arial, Helvetica, sans-serif;font-size: 14px;text-align: center\">Mattia Folli<br \/><\/strong><span style=\"font-family: Arial, Helvetica, sans-serif;font-size: 14px;text-align: center\">\u00a0 \u00a0 \u00a0 \u00a0e-mail:\u00a0<\/span><a href=\"mailto:sviluppo@liguria.cri.it\" style=\"background-color: #ffffff;font-family: Arial, Helvetica, sans-serif;font-size: 14px;text-align: center\">giovani@liguria.cri.it<\/a><\/p>\t\t\t\t\t\t\t\t<\/div>\n\t\t\t\t<\/div>\n\t\t\t\t\t<\/div>\n\t\t<\/div>\n\t\t\t\t\t<\/div>\n\t\t<\/section>\n\t\t\t\t<section class=\"elementor-section elementor-top-section elementor-element elementor-element-4527c05 elementor-section-boxed elementor-section-height-default elementor-section-height-default\" data-id=\"4527c05\" data-element_type=\"section\" data-e-type=\"section\">\n\t\t\t\t\t\t<div class=\"elementor-container elementor-column-gap-default\">\n\t\t\t\t\t<div class=\"elementor-column elementor-col-100 elementor-top-column elementor-element elementor-element-8a06b45\" data-id=\"8a06b45\" data-element_type=\"column\" data-e-type=\"column\">\n\t\t\t<div class=\"elementor-widget-wrap elementor-element-populated\">\n\t\t\t\t\t\t<div class=\"elementor-element elementor-element-67e9575 elementor-widget elementor-widget-spacer\" data-id=\"67e9575\" data-element_type=\"widget\" data-e-type=\"widget\" data-widget_type=\"spacer.default\">\n\t\t\t\t<div class=\"elementor-widget-container\">\n\t\t\t\t\t\t\t<div class=\"elementor-spacer\">\n\t\t\t<div class=\"elementor-spacer-inner\"><\/div>\n\t\t<\/div>\n\t\t\t\t\t\t<\/div>\n\t\t\t\t<\/div>\n\t\t\t\t\t<\/div>\n\t\t<\/div>\n\t\t\t\t\t<\/div>\n\t\t<\/section>\n\t\t\t\t<section class=\"elementor-section elementor-top-section elementor-element elementor-element-691c252 elementor-section-boxed elementor-section-height-default elementor-section-height-default\" data-id=\"691c252\" data-element_type=\"section\" data-e-type=\"section\">\n\t\t\t\t\t\t<div class=\"elementor-container elementor-column-gap-default\">\n\t\t\t\t\t<div class=\"elementor-column elementor-col-100 elementor-top-column elementor-element elementor-element-92860f4\" data-id=\"92860f4\" data-element_type=\"column\" data-e-type=\"column\">\n\t\t\t<div class=\"elementor-widget-wrap elementor-element-populated\">\n\t\t\t\t\t\t<div class=\"elementor-element elementor-element-f6ddde1 elementor-widget elementor-widget-text-editor\" data-id=\"f6ddde1\" data-element_type=\"widget\" data-e-type=\"widget\" data-widget_type=\"text-editor.default\">\n\t\t\t\t<div class=\"elementor-widget-container\">\n\t\t\t\t\t\t\t\t\t<h3 class=\"viewTitolo3\" style=\"color: #555555\">ATTIVITA\u2019 ANNUALI GIOVANI 2020<\/h3><div class=\"viewLineBreak\"><\/div><div class=\"viewPar BLOBAlignJustify\">Carissimi volontari, con questo documento vi illustriamo le attivit\u00e0 effettuate dai Giovani della Croce Rossa Italiana \u2013 Comitato Regionale Liguria nell\u2019anno 2020. In questo anno cos\u00ec difficile i giovani hanno messo in atto un ciclo di attivit\u00e0 e di iniziative volte a tessere la relazione e l\u2019apertura verso la comunit\u00e0 esterna, oltrech\u00e9 a rafforzare la cooperazione tra i territori locali. Infatti nonostante le numerose difficolt\u00e0 hanno rinnovato il loro modo di fare attivit\u00e0, formazione e organizzazione sfruttando tutte le potenzialit\u00e0 delle nuove tecnologie<\/div>\t\t\t\t\t\t\t\t<\/div>\n\t\t\t\t<\/div>\n\t\t\t\t<div class=\"elementor-element elementor-element-0d7fd09 elementor-widget elementor-widget-text-editor\" data-id=\"0d7fd09\" data-element_type=\"widget\" data-e-type=\"widget\" data-widget_type=\"text-editor.default\">\n\t\t\t\t<div class=\"elementor-widget-container\">\n\t\t\t\t\t\t\t\t\t<p><a href=\"https:\/\/cri.it\/liguria\/wp-content\/uploads\/sites\/10\/2022\/01\/Cri-1.pdf\" class=\"mtli_attachment mtli_pdf\">C<\/a>RI ATTIVITA&#8217; ANNUALE 2020 GIOVANI\u00a0<\/p>\t\t\t\t\t\t\t\t<\/div>\n\t\t\t\t<\/div>\n\t\t\t\t\t<\/div>\n\t\t<\/div>\n\t\t\t\t\t<\/div>\n\t\t<\/section>\n\t\t\t\t<section class=\"elementor-section elementor-top-section elementor-element elementor-element-791ed48 elementor-section-boxed elementor-section-height-default elementor-section-height-default\" data-id=\"791ed48\" data-element_type=\"section\" data-e-type=\"section\">\n\t\t\t\t\t\t<div class=\"elementor-container elementor-column-gap-default\">\n\t\t\t\t\t<div class=\"elementor-column elementor-col-100 elementor-top-column elementor-element elementor-element-6c2ff06\" data-id=\"6c2ff06\" data-element_type=\"column\" data-e-type=\"column\">\n\t\t\t<div class=\"elementor-widget-wrap elementor-element-populated\">\n\t\t\t\t\t\t<div class=\"elementor-element elementor-element-3dc7565 elementor-widget elementor-widget-text-editor\" data-id=\"3dc7565\" data-element_type=\"widget\" data-e-type=\"widget\" data-widget_type=\"text-editor.default\">\n\t\t\t\t<div class=\"elementor-widget-container\">\n\t\t\t\t\t\t\t\t\t<h4 class=\"viewTitolo4\" style=\"color: #555555;font-size: 14px\">PROGETTO DI SENSIBILIZZAZIONE CONTRO IL FENOMENO del BULLISMO e del CYBER BULLISMO<\/h4><div class=\"viewPar BLOBAlignJustify\"><p>Ciao ragazzi!<br \/>Tutti parlano dei bulli e delle loro vittime ma sappiamo davvero chi sono e come si comportano?<br \/>Vorreste essere capaci a riconoscere i bulli?<br \/>Cosa fa il Bullo?<br \/>Chi \u00e8 la vittima\u00a0\u201cpreferita\u201d\u00a0del bullo?<br \/>Conosci le differenze tra Bullismo e cyber-bullismo?<br \/>Sai che esistono diversi tipi di Cyber-Bullismo ?<br \/>Come si pu\u00f2 reagire dai Bulli e dai Cyber-bulli ?<\/p><p>Se hai subito o stai subendo atti di bullismo richiedi al pi\u00f9 presto\u00a0l\u2019aiuto di qualcuno, del consulente della tua scuola o chiama il\u00a0Telefono Azzurro al numero 19696, cos\u00ec potrai essere aiutato e ti verranno dati consigli su come comportarti. Non aspettare, non dare ancora tempo e opportunit\u00e0 al bullo di farti del male.<br \/>Se continui a sentirti minacciato, rivolgiti alla polizia, denuncia chi ti sta minacciando. Avere paura non \u00e8 segno di debolezza, non avere alcun timore di rivolgerti a qualcuno per chiedere aiuto.Non essere una vittima silenziosa, non permettere che facciano di te una vittima. Non \u00e8 grande chi ha bisogno di farti sentire piccolo.<\/p><\/div>\t\t\t\t\t\t\t\t<\/div>\n\t\t\t\t<\/div>\n\t\t\t\t\t<\/div>\n\t\t<\/div>\n\t\t\t\t\t<\/div>\n\t\t<\/section>\n\t\t\t\t<section class=\"elementor-section elementor-top-section elementor-element elementor-element-728e1b0 elementor-section-boxed elementor-section-height-default elementor-section-height-default\" data-id=\"728e1b0\" data-element_type=\"section\" data-e-type=\"section\">\n\t\t\t\t\t\t<div class=\"elementor-container elementor-column-gap-default\">\n\t\t\t\t\t<div class=\"elementor-column elementor-col-66 elementor-top-column elementor-element elementor-element-7f55b34\" data-id=\"7f55b34\" data-element_type=\"column\" data-e-type=\"column\">\n\t\t\t<div class=\"elementor-widget-wrap elementor-element-populated\">\n\t\t\t\t\t\t<div class=\"elementor-element elementor-element-9942d6f elementor-widget elementor-widget-image\" data-id=\"9942d6f\" data-element_type=\"widget\" data-e-type=\"widget\" data-widget_type=\"image.default\">\n\t\t\t\t<div class=\"elementor-widget-container\">\n\t\t\t\t\t\t\t\t\t\t\t\t\t\t\t<img fetchpriority=\"high\" decoding=\"async\" width=\"382\" height=\"337\" src=\"https:\/\/cri.it\/liguria\/wp-content\/uploads\/sites\/10\/2022\/01\/Immagine-2022-01-13-110046.png\" class=\"attachment-large size-large wp-image-3288\" alt=\"\" srcset=\"https:\/\/cri.it\/liguria\/wp-content\/uploads\/sites\/10\/2022\/01\/Immagine-2022-01-13-110046.png 382w, https:\/\/cri.it\/liguria\/wp-content\/uploads\/sites\/10\/2022\/01\/Immagine-2022-01-13-110046-300x265.png 300w\" sizes=\"(max-width: 382px) 100vw, 382px\" \/>\t\t\t\t\t\t\t\t\t\t\t\t\t\t\t<\/div>\n\t\t\t\t<\/div>\n\t\t\t\t\t<\/div>\n\t\t<\/div>\n\t\t\t\t<div class=\"elementor-column elementor-col-33 elementor-top-column elementor-element elementor-element-dc432ba\" data-id=\"dc432ba\" data-element_type=\"column\" data-e-type=\"column\">\n\t\t\t<div class=\"elementor-widget-wrap elementor-element-populated\">\n\t\t\t\t\t\t<div class=\"elementor-element elementor-element-35f1367 elementor-widget elementor-widget-text-editor\" data-id=\"35f1367\" data-element_type=\"widget\" data-e-type=\"widget\" data-widget_type=\"text-editor.default\">\n\t\t\t\t<div class=\"elementor-widget-container\">\n\t\t\t\t\t\t\t\t\t<p><blockquote class=\"wp-embedded-content\" data-secret=\"JEo9K0LIyC\"><a href=\"https:\/\/cri.it\/liguria\/progetto-di-sensibilizzazione-contro-il-fenomeno-del-bullismo-e-del-cyber-bullismo\/\">PROGETTO DI SENSIBILIZZAZIONE CONTRO IL FENOMENO del BULLISMO e del CYBER BULLISMO<\/a><\/blockquote><iframe title=\"&#8220;PROGETTO DI SENSIBILIZZAZIONE CONTRO IL FENOMENO del BULLISMO e del CYBER BULLISMO&#8221; &#8212; Comitato Regionale Liguria\" class=\"wp-embedded-content\" sandbox=\"allow-scripts\" security=\"restricted\" style=\"position: absolute; clip: rect(1px, 1px, 1px, 1px);\" src=\"https:\/\/cri.it\/liguria\/progetto-di-sensibilizzazione-contro-il-fenomeno-del-bullismo-e-del-cyber-bullismo\/embed\/#?secret=JEo9K0LIyC\" data-secret=\"JEo9K0LIyC\" width=\"600\" height=\"338\" frameborder=\"0\" marginwidth=\"0\" marginheight=\"0\" scrolling=\"no\"><\/iframe><\/p>\t\t\t\t\t\t\t\t<\/div>\n\t\t\t\t<\/div>\n\t\t\t\t\t<\/div>\n\t\t<\/div>\n\t\t\t\t\t<\/div>\n\t\t<\/section>\n\t\t\t\t<section class=\"elementor-section elementor-top-section elementor-element elementor-element-769ec53 elementor-section-boxed elementor-section-height-default elementor-section-height-default\" data-id=\"769ec53\" data-element_type=\"section\" data-e-type=\"section\">\n\t\t\t\t\t\t<div class=\"elementor-container elementor-column-gap-default\">\n\t\t\t\t\t<div class=\"elementor-column elementor-col-100 elementor-top-column elementor-element elementor-element-927cf82\" data-id=\"927cf82\" data-element_type=\"column\" data-e-type=\"column\">\n\t\t\t<div class=\"elementor-widget-wrap elementor-element-populated\">\n\t\t\t\t\t\t<div class=\"elementor-element elementor-element-b70aa8a elementor-widget elementor-widget-heading\" data-id=\"b70aa8a\" data-element_type=\"widget\" data-e-type=\"widget\" data-widget_type=\"heading.default\">\n\t\t\t\t<div class=\"elementor-widget-container\">\n\t\t\t\t\t<h5 class=\"elementor-heading-title elementor-size-default\"><a href=\"https:\/\/cri.it\/liguria\/consigli-dei-giovani-c-r-i-della-liguria\/\"><h3 style=\"font-family: pt_sansbold, Arial, Verdana, sans-serif;font-weight: normal;line-height: 1.1;margin-top: 20px;margin-bottom: 10px;font-size: 25.9px\">CONSIGLI dei Giovani C.R.I.&nbsp;della Liguria<\/h3><\/a><\/h5>\t\t\t\t<\/div>\n\t\t\t\t<\/div>\n\t\t\t\t\t<\/div>\n\t\t<\/div>\n\t\t\t\t\t<\/div>\n\t\t<\/section>\n\t\t\t\t<section class=\"elementor-section elementor-top-section elementor-element elementor-element-b8b7aac elementor-section-boxed elementor-section-height-default elementor-section-height-default\" data-id=\"b8b7aac\" data-element_type=\"section\" data-e-type=\"section\">\n\t\t\t\t\t\t<div class=\"elementor-container elementor-column-gap-default\">\n\t\t\t\t\t<div class=\"elementor-column elementor-col-100 elementor-top-column elementor-element elementor-element-1f16a94\" data-id=\"1f16a94\" data-element_type=\"column\" data-e-type=\"column\">\n\t\t\t<div class=\"elementor-widget-wrap elementor-element-populated\">\n\t\t\t\t\t\t<div class=\"elementor-element elementor-element-0d3b215 elementor-widget elementor-widget-text-editor\" data-id=\"0d3b215\" data-element_type=\"widget\" data-e-type=\"widget\" data-widget_type=\"text-editor.default\">\n\t\t\t\t<div class=\"elementor-widget-container\">\n\t\t\t\t\t\t\t\t\t<h4><a href=\"https:\/\/cri.it\/liguria\/?page_id=3317&amp;preview=true\">Prima Consulta dei Giovani della Croce Rossa della Liguria<\/a><\/h4>\t\t\t\t\t\t\t\t<\/div>\n\t\t\t\t<\/div>\n\t\t\t\t\t<\/div>\n\t\t<\/div>\n\t\t\t\t\t<\/div>\n\t\t<\/section>\n\t\t\t\t<\/div>\n\t\t","protected":false},"excerpt":{"rendered":"<p>\u00a0Consigliere Regionale e Vice Presidente:\u00a0Mattia Folli\u00a0 \u00a0 \u00a0 \u00a0e-mail:\u00a0giovani@liguria.cri.it ATTIVITA\u2019 ANNUALI GIOVANI 2020 Carissimi volontari, con questo documento vi illustriamo le attivit\u00e0 effettuate dai Giovani della Croce Rossa Italiana \u2013 Comitato Regionale Liguria nell\u2019anno 2020. In questo anno cos\u00ec difficile i giovani hanno messo in atto un ciclo di attivit\u00e0 [&hellip;]<\/p>\n","protected":false},"author":76,"featured_media":0,"parent":0,"menu_order":0,"comment_status":"closed","ping_status":"closed","template":"","meta":{"_themeisle_gutenberg_block_has_review":false,"footnotes":""},"categories":[],"tags":[],"class_list":["post-1940","page","type-page","status-publish","hentry"],"_links":{"self":[{"href":"https:\/\/cri.it\/liguria\/wp-json\/wp\/v2\/pages\/1940","targetHints":{"allow":["GET"]}}],"collection":[{"href":"https:\/\/cri.it\/liguria\/wp-json\/wp\/v2\/pages"}],"about":[{"href":"https:\/\/cri.it\/liguria\/wp-json\/wp\/v2\/types\/page"}],"author":[{"embeddable":true,"href":"https:\/\/cri.it\/liguria\/wp-json\/wp\/v2\/users\/76"}],"replies":[{"embeddable":true,"href":"https:\/\/cri.it\/liguria\/wp-json\/wp\/v2\/comments?post=1940"}],"version-history":[{"count":3,"href":"https:\/\/cri.it\/liguria\/wp-json\/wp\/v2\/pages\/1940\/revisions"}],"predecessor-version":[{"id":3320,"href":"https:\/\/cri.it\/liguria\/wp-json\/wp\/v2\/pages\/1940\/revisions\/3320"}],"wp:attachment":[{"href":"https:\/\/cri.it\/liguria\/wp-json\/wp\/v2\/media?parent=1940"}],"wp:term":[{"taxonomy":"category","embeddable":true,"href":"https:\/\/cri.it\/liguria\/wp-json\/wp\/v2\/categories?post=1940"},{"taxonomy":"post_tag","embeddable":true,"href":"https:\/\/cri.it\/liguria\/wp-json\/wp\/v2\/tags?post=1940"}],"curies":[{"name":"wp","href":"https:\/\/api.w.org\/{rel}","templated":true}]}}