{"id":4665,"date":"2024-02-23T15:35:49","date_gmt":"2024-02-23T14:35:49","guid":{"rendered":"https:\/\/cri.it\/lazio\/?page_id=4665"},"modified":"2025-10-31T09:39:23","modified_gmt":"2025-10-31T08:39:23","slug":"ufficio-motorizzazione-regionale","status":"publish","type":"page","link":"https:\/\/cri.it\/lazio\/motorizzazione-regionale\/","title":{"rendered":"Motorizzazione Regionale"},"content":{"rendered":"\t\t<div data-elementor-type=\"wp-page\" data-elementor-id=\"4665\" class=\"elementor elementor-4665\">\n\t\t\t\t\t\t<section class=\"elementor-section elementor-top-section elementor-element elementor-element-997dc26 elementor-section-boxed elementor-section-height-default elementor-section-height-default\" data-id=\"997dc26\" data-element_type=\"section\" data-e-type=\"section\">\n\t\t\t\t\t\t<div class=\"elementor-container elementor-column-gap-default\">\n\t\t\t\t\t<div class=\"elementor-column elementor-col-100 elementor-top-column elementor-element elementor-element-b2e8da7\" data-id=\"b2e8da7\" data-element_type=\"column\" data-e-type=\"column\">\n\t\t\t<div class=\"elementor-widget-wrap elementor-element-populated\">\n\t\t\t\t\t\t<div class=\"elementor-element elementor-element-92003d2 elementor-widget elementor-widget-heading\" data-id=\"92003d2\" data-element_type=\"widget\" data-e-type=\"widget\" data-widget_type=\"heading.default\">\n\t\t\t\t<div class=\"elementor-widget-container\">\n\t\t\t\t\t<h2 class=\"elementor-heading-title elementor-size-default\">Ufficio Motorizzazione regionale<\/h2>\t\t\t\t<\/div>\n\t\t\t\t<\/div>\n\t\t\t\t\t<\/div>\n\t\t<\/div>\n\t\t\t\t\t<\/div>\n\t\t<\/section>\n\t\t\t\t<section class=\"elementor-section elementor-top-section elementor-element elementor-element-23b973b elementor-section-boxed elementor-section-height-default elementor-section-height-default\" data-id=\"23b973b\" data-element_type=\"section\" data-e-type=\"section\">\n\t\t\t\t\t\t<div class=\"elementor-container elementor-column-gap-default\">\n\t\t\t\t\t<div class=\"elementor-column elementor-col-100 elementor-top-column elementor-element elementor-element-82a8425\" data-id=\"82a8425\" data-element_type=\"column\" data-e-type=\"column\">\n\t\t\t<div class=\"elementor-widget-wrap elementor-element-populated\">\n\t\t\t\t\t\t<div class=\"elementor-element elementor-element-6079be2 elementor-widget elementor-widget-text-editor\" data-id=\"6079be2\" data-element_type=\"widget\" data-e-type=\"widget\" data-widget_type=\"text-editor.default\">\n\t\t\t\t<div class=\"elementor-widget-container\">\n\t\t\t\t\t\t\t\t\t<p>L\u2019Ufficio Motorizzazione Regionale attua quanto previsto dal Testo Unico \u201cFlotta Moderna\u201d. In particolare, svolge funzioni ispettive, di controllo e coordinamento sull\u2019osservanza delle norme del Testo Unico con competenza per il rilascio delle Patenti CRI senza esame (per conversione da altra patente equipollente), di Tipo 1, 2, 3, 4, 6, 7, 7b, 8. Il Comitato Regionale ha il compito di provvedere alla <u><b>conversione<\/b><\/u><span> con prova pratica delle patenti di Tipo 4\/6\/7\/7b\/8.\u00a0<\/span><\/p><p><span>Il Centro di Formazione Motorizzazione Nazionale \u00e8 deputato al\u00a0<\/span><u>rilascio con corso di formazione obbligatorio ed esame<\/u><span>\u00a0(teoria e pratica) delle patenti di Tipo 6\/7\/8.<\/span><\/p><p><span>Responsabile del Procedimento: Dott. Matteo Bossini (Segretario Regionale)<\/span><\/p><p><span>Delegato del Procedimento: Andrea Schintu (Officer Operations and Facilities)<\/span><\/p><p><span>Coadiutori Motorizzazione: Giovanni Malato, Roberto Spanicciati.<\/span><\/p><p><span>Contatti: motorizzazione@lazio.cri.it \u2013 06.55100.707\/736<\/span><\/p><p>L\u2019Ufficio Motorizzazione Regionale \u00e8 aperto il luned\u00ec e venerd\u00ec dalle ore 09:00 alle ore 12:00 e il mercoled\u00ec dalle ore 15:00 alle ore 18:00.<\/p>\t\t\t\t\t\t\t\t<\/div>\n\t\t\t\t<\/div>\n\t\t\t\t<div class=\"elementor-element elementor-element-88ce7a9 elementor-widget elementor-widget-heading\" data-id=\"88ce7a9\" data-element_type=\"widget\" data-e-type=\"widget\" data-widget_type=\"heading.default\">\n\t\t\t\t<div class=\"elementor-widget-container\">\n\t\t\t\t\t<h3 class=\"elementor-heading-title elementor-size-default\">Procedure e modulistica<\/h3>\t\t\t\t<\/div>\n\t\t\t\t<\/div>\n\t\t\t\t<div class=\"elementor-element elementor-element-dbfe363 elementor-widget elementor-widget-text-editor\" data-id=\"dbfe363\" data-element_type=\"widget\" data-e-type=\"widget\" data-widget_type=\"text-editor.default\">\n\t\t\t\t<div class=\"elementor-widget-container\">\n\t\t\t\t\t\t\t\t\t<div>Consultare la sezione\u00a0<strong><a href=\"https:\/\/cririsponde.cri.it\/\">CRI Risponde<\/a><\/strong>\u00a0su GAIA\u00a0<\/div>\t\t\t\t\t\t\t\t<\/div>\n\t\t\t\t<\/div>\n\t\t\t\t\t<\/div>\n\t\t<\/div>\n\t\t\t\t\t<\/div>\n\t\t<\/section>\n\t\t\t\t<section class=\"elementor-section elementor-top-section elementor-element elementor-element-bd5584d elementor-section-boxed elementor-section-height-default elementor-section-height-default\" data-id=\"bd5584d\" data-element_type=\"section\" data-e-type=\"section\">\n\t\t\t\t\t\t<div class=\"elementor-container elementor-column-gap-default\">\n\t\t\t\t\t<div class=\"elementor-column elementor-col-100 elementor-top-column elementor-element elementor-element-b9e0147\" data-id=\"b9e0147\" data-element_type=\"column\" data-e-type=\"column\">\n\t\t\t<div class=\"elementor-widget-wrap elementor-element-populated\">\n\t\t\t\t\t\t<div class=\"elementor-element elementor-element-82800ca elementor-widget-divider--view-line elementor-widget elementor-widget-divider\" data-id=\"82800ca\" data-element_type=\"widget\" data-e-type=\"widget\" data-widget_type=\"divider.default\">\n\t\t\t\t<div class=\"elementor-widget-container\">\n\t\t\t\t\t\t\t<div class=\"elementor-divider\">\n\t\t\t<span class=\"elementor-divider-separator\">\n\t\t\t\t\t\t<\/span>\n\t\t<\/div>\n\t\t\t\t\t\t<\/div>\n\t\t\t\t<\/div>\n\t\t\t\t<div class=\"elementor-element elementor-element-ba4ebf1 elementor-widget elementor-widget-heading\" data-id=\"ba4ebf1\" data-element_type=\"widget\" data-e-type=\"widget\" data-widget_type=\"heading.default\">\n\t\t\t\t<div class=\"elementor-widget-container\">\n\t\t\t\t\t<h3 class=\"elementor-heading-title elementor-size-default\">Conseguimento Patente Tipo 2b - 5<\/h3>\t\t\t\t<\/div>\n\t\t\t\t<\/div>\n\t\t\t\t\t<\/div>\n\t\t<\/div>\n\t\t\t\t\t<\/div>\n\t\t<\/section>\n\t\t\t\t<section class=\"elementor-section elementor-top-section elementor-element elementor-element-95d0f95 elementor-section-boxed elementor-section-height-default elementor-section-height-default\" data-id=\"95d0f95\" data-element_type=\"section\" data-e-type=\"section\">\n\t\t\t\t\t\t<div class=\"elementor-container elementor-column-gap-default\">\n\t\t\t\t\t<div class=\"elementor-column elementor-col-100 elementor-top-column elementor-element elementor-element-a1ebb6a\" data-id=\"a1ebb6a\" data-element_type=\"column\" data-e-type=\"column\">\n\t\t\t<div class=\"elementor-widget-wrap elementor-element-populated\">\n\t\t\t\t\t\t<div class=\"elementor-element elementor-element-0c37e32 elementor-widget elementor-widget-text-editor\" data-id=\"0c37e32\" data-element_type=\"widget\" data-e-type=\"widget\" data-widget_type=\"text-editor.default\">\n\t\t\t\t<div class=\"elementor-widget-container\">\n\t\t\t\t\t\t\t\t\t<p><b>Modalit\u00e0 di iscrizione:&nbsp;<\/b><\/p>\t\t\t\t\t\t\t\t<\/div>\n\t\t\t\t<\/div>\n\t\t\t\t<div class=\"elementor-element elementor-element-37f2b42 elementor-widget elementor-widget-text-editor\" data-id=\"37f2b42\" data-element_type=\"widget\" data-e-type=\"widget\" data-widget_type=\"text-editor.default\">\n\t\t\t\t<div class=\"elementor-widget-container\">\n\t\t\t\t\t\t\t\t\t<p style=\"text-align:justify\">Il personale Volontario e\nDipendente dell\u2019Associazione che intende sostenere l\u2019esame teorico-pratico per\nil conseguimento della Patente Tipo 5, dovr\u00e0 essere in possesso della documentazione\nrichiamata nei \u201cRequisiti di Ammissione\u201d. Le iscrizioni sul gestionale GAIA\nsaranno unicamente a cura dei Direttore di Corso ed avverranno esclusivamente\nil giorno dell\u2019esame a seguito della verifica della documentazione\nrichiesta.&nbsp;<o:p><\/o:p><\/p><p style=\"text-align: justify;\">\n\n<\/p><p style=\"text-align:justify\">Il personale in regola con i\nrequisiti di ammissione, dovr\u00e0 prenotarsi esclusivamente tramite\nil&nbsp;seguente link:&nbsp;<a href=\"https:\/\/forms.gle\/zLyg9Jo6PcTjwNai7\" target=\"_blank\" rel=\"noopener\">https:\/\/forms.gle\/zLyg9Jo6PcTjwNai7<\/a>.&nbsp;La\nconferma della partecipazione all&#8217;esame verr\u00e0 notificata dal Direttore del\ncorso, previa verifica della documentazione caricata.<o:p><\/o:p><\/p>\t\t\t\t\t\t\t\t<\/div>\n\t\t\t\t<\/div>\n\t\t\t\t<div class=\"elementor-element elementor-element-8e4a96a elementor-widget elementor-widget-text-editor\" data-id=\"8e4a96a\" data-element_type=\"widget\" data-e-type=\"widget\" data-widget_type=\"text-editor.default\">\n\t\t\t\t<div class=\"elementor-widget-container\">\n\t\t\t\t\t\t\t\t\t<p><b>Requisiti di ammissione:<\/b><\/p>\t\t\t\t\t\t\t\t<\/div>\n\t\t\t\t<\/div>\n\t\t\t\t<div class=\"elementor-element elementor-element-b2fade7 elementor-widget elementor-widget-text-editor\" data-id=\"b2fade7\" data-element_type=\"widget\" data-e-type=\"widget\" data-widget_type=\"text-editor.default\">\n\t\t\t\t<div class=\"elementor-widget-container\">\n\t\t\t\t\t\t\t\t\t<p>Accedono all\u2019esame teorico-pratico i Soci che abbiano compiuto il 21\u00b0 anno di et\u00e0 e che presentano alla commissione esaminatrice il giorno dell\u2019esame la seguente documentazione in originale:<\/p><ol><li>Copia fronte-retro del documento di riconoscimento in corso di validit\u00e0 (es. carta d&#8217;identit\u00e0);<\/li><li>Copia fronte-retro della patente civile in corso di validit\u00e0;<\/li><li>Copia fronte-retro della patente di Croce Rossa (se gi\u00e0 in possesso di altra categoria);<\/li><li>Certificato Medico rilasciato da non pi\u00f9 di 90 giorni [in originale] (allegato B-3);<\/li><li>Autocertificazione di attestazione possesso requisiti (allegato C-3);<\/li><li>Foglio rosa con un numero congruo di esercitazioni di guida per il rilascio della Patente Tipo 5 controfirmate dal tutor (volontario con almeno 5 anni di patente della stessa categoria mai sospesa, oppure Formatore di Guida CRI oppure Trainer di guida CRI).<\/li><\/ol><ol><\/ol><p><b>Nota sul Certificato Medico:<\/b> si ricorda che il certificato pu\u00f2 essere rilasciato da qualsiasi Comitato territoriale autorizzato allo svolgimento delle visite per la conversione\/rilascio patente CRI su esame. La durata del certificato ai fini del rilascio del foglio rosa, \u00e8 pari a 90 giorni. Il foglio rosa ha validit\u00e0 pari a 12 mesi, entro i quali il candidato dovr\u00e0 svolgere l\u2019esame per il rilascio della patente.\u00a0\u00a0<\/p><p><b>Nota sulle esercitazioni di guida:<\/b> Le prove di guida devono essere svolte in numero sufficiente per accertare le buone capacit\u00e0 del candidato. Possono essere considerate valide anche le prove di guida svolte durante il tragitto di rientro o liberi dal servizio, oppure per spostamenti logistici (rifornimento carburante, trasferimento di veicolo fra sedi CRI, ecc\u2026).<\/p><p>Il fascicolo dell\u2019interessato dovr\u00e0 essere preparato a cura del Comitato di appartenenza e dovr\u00e0 essere consegnato alla commissione esaminatrice il giorno dell\u2019esame a cura del candidato. I Responsabili Motorizzazione dei Comitati o Responsabili Ufficio Mezzi e Patenti, potranno prendere contatto con l\u2019Ufficio Motorizzazione Regionale per il supporto del caso all\u2019indirizzo di posta elettronica <a href=\"mailto:motorizzazione@lazio.cri.it\">motorizzazione@lazio.cri.it<\/a>. Si specifica che verranno evase solo richieste pervenute dai Responsabili in questione o dal personale delegato dal Comitato.\u00a0<\/p><div><\/div>\t\t\t\t\t\t\t\t<\/div>\n\t\t\t\t<\/div>\n\t\t\t\t<div class=\"elementor-element elementor-element-76c8037 elementor-widget elementor-widget-text-editor\" data-id=\"76c8037\" data-element_type=\"widget\" data-e-type=\"widget\" data-widget_type=\"text-editor.default\">\n\t\t\t\t<div class=\"elementor-widget-container\">\n\t\t\t\t\t\t\t\t\t<p><b>Modalit\u00e0 di svolgimento della lezione teorica (opzionale) e degli esami:<\/b><\/p>\t\t\t\t\t\t\t\t<\/div>\n\t\t\t\t<\/div>\n\t\t\t\t<div class=\"elementor-element elementor-element-463f975 elementor-widget elementor-widget-text-editor\" data-id=\"463f975\" data-element_type=\"widget\" data-e-type=\"widget\" data-widget_type=\"text-editor.default\">\n\t\t\t\t<div class=\"elementor-widget-container\">\n\t\t\t\t\t\t\t\t\t<p>La lezione teorica verr\u00e0 svolta a cura dei <a href=\"https:\/\/cri.it\/lazio\/wp-content\/uploads\/sites\/9\/2025\/10\/Albo_Trainer_Formatori_Guida_LAZIO.pdf\" class=\"mtli_attachment mtli_pdf\">Trainer\/Formatori Guida<\/a> esclusivamente da remoto, secondo il calendario pubblicato sul gestionale. Tale lezione \u00e8 facoltativa, pertanto non verranno prese le presenze ed il collegamento sar\u00e0 aperto a tutti tramite il link presente nella descrizione dei singoli corsi.<\/p><p>Il giorno fissato per l\u2019esame, <u>i candidati in regola con i requisiti di ammissione (documentazione e fogli rosa certificati da un numero congruo di esercitazioni di guida)<\/u>, svolgeranno sia il quiz teorico sia la prova pratica di abilit\u00e0 alla guida.\u00a0<\/p><p><b>Test scritto: <\/b>il test si compone di 30 domande estratte dalle schede allegate al Testo Unico \u201cFlotta Moderna\u201d e si intende superato con un LAP \u2265 85% (5 errori). In caso di LAP compreso tra il 60% e l\u201984% (quindi con un numero minimo di 18 risposte corrette), la commissione proceder\u00e0 al colloquio integrativo orale. Il mancato superamento del test scritto non consente l\u2019accesso alla prova pratica.<\/p><p>Qualora il candidato non dovesse superare il test scritto, potr\u00e0 presentarsi in una delle date di esame pubblicate a calendario, anche in una provincia diversa rispetto alla sede del proprio Comitato.\u00a0<\/p><p><b>Prova pratica: <\/b>consiste nel verificare le capacit\u00e0 di attuare tutte le manovre richieste per circolare con sicurezza in ogni condizione di servizio. Ad esempio: slalom in avanti ed in retromarcia tra i birilli, parcheggio marcia avanti e marcia indietro, ecc.<\/p><div><\/div>\t\t\t\t\t\t\t\t<\/div>\n\t\t\t\t<\/div>\n\t\t\t\t\t<\/div>\n\t\t<\/div>\n\t\t\t\t\t<\/div>\n\t\t<\/section>\n\t\t\t\t<section class=\"elementor-section elementor-top-section elementor-element elementor-element-54879c6 elementor-section-boxed elementor-section-height-default elementor-section-height-default\" data-id=\"54879c6\" data-element_type=\"section\" data-e-type=\"section\">\n\t\t\t\t\t\t<div class=\"elementor-container elementor-column-gap-default\">\n\t\t\t\t\t<div class=\"elementor-column elementor-col-100 elementor-top-column elementor-element elementor-element-a628986\" data-id=\"a628986\" data-element_type=\"column\" data-e-type=\"column\">\n\t\t\t<div class=\"elementor-widget-wrap elementor-element-populated\">\n\t\t\t\t\t\t<div class=\"elementor-element elementor-element-4b8e0d9 elementor-widget elementor-widget-text-editor\" data-id=\"4b8e0d9\" data-element_type=\"widget\" data-e-type=\"widget\" data-widget_type=\"text-editor.default\">\n\t\t\t\t<div class=\"elementor-widget-container\">\n\t\t\t\t\t\t\t\t\t<p><b>Costi del Corso e rimandi:\u00a0<\/b><\/p><p>Il costo del corso \u00e8 pari ad Euro 5,00 a persona. Per esercitarsi sul quiz teorico:<\/p><ul><li>ONLINE:\u00a0<a href=\"https:\/\/www.cripaderno.it\/web\/quiz-patente-online\/\" style=\"transition-property: all;\" target=\"_blank\" rel=\"noopener\">https:\/\/www.cripaderno.it\/web\/quiz-patente-online\/<\/a>\u00a0<\/li><li>Cartaceo:\u00a0<a href=\"https:\/\/cri.it\/lazio\/wp-content\/uploads\/sites\/9\/2024\/07\/Allegato_28D_OFM-Schede-Quiz-patente-CRI-138-05-_2010.pdf\" class=\"mtli_attachment mtli_pdf\" style=\"transition-property: all;\">Schede Quiz patente CRI<\/a><\/li><\/ul><p><\/p>\t\t\t\t\t\t\t\t<\/div>\n\t\t\t\t<\/div>\n\t\t\t\t\t<\/div>\n\t\t<\/div>\n\t\t\t\t\t<\/div>\n\t\t<\/section>\n\t\t\t\t<\/div>\n\t\t","protected":false},"excerpt":{"rendered":"<p>Ufficio Motorizzazione regionale L\u2019Ufficio Motorizzazione Regionale attua quanto previsto dal Testo Unico \u201cFlotta Moderna\u201d. In particolare, svolge funzioni ispettive, di controllo e coordinamento sull\u2019osservanza delle norme del Testo Unico con competenza per il rilascio delle Patenti CRI senza esame (per conversione da altra patente equipollente), di Tipo 1, 2, 3, [&hellip;]<\/p>\n","protected":false},"author":125,"featured_media":4931,"parent":0,"menu_order":0,"comment_status":"closed","ping_status":"closed","template":"","meta":{"_themeisle_gutenberg_block_has_review":false,"footnotes":""},"categories":[],"tags":[],"class_list":["post-4665","page","type-page","status-publish","has-post-thumbnail","hentry"],"_links":{"self":[{"href":"https:\/\/cri.it\/lazio\/wp-json\/wp\/v2\/pages\/4665","targetHints":{"allow":["GET"]}}],"collection":[{"href":"https:\/\/cri.it\/lazio\/wp-json\/wp\/v2\/pages"}],"about":[{"href":"https:\/\/cri.it\/lazio\/wp-json\/wp\/v2\/types\/page"}],"author":[{"embeddable":true,"href":"https:\/\/cri.it\/lazio\/wp-json\/wp\/v2\/users\/125"}],"replies":[{"embeddable":true,"href":"https:\/\/cri.it\/lazio\/wp-json\/wp\/v2\/comments?post=4665"}],"version-history":[{"count":4,"href":"https:\/\/cri.it\/lazio\/wp-json\/wp\/v2\/pages\/4665\/revisions"}],"predecessor-version":[{"id":6936,"href":"https:\/\/cri.it\/lazio\/wp-json\/wp\/v2\/pages\/4665\/revisions\/6936"}],"wp:featuredmedia":[{"embeddable":true,"href":"https:\/\/cri.it\/lazio\/wp-json\/wp\/v2\/media\/4931"}],"wp:attachment":[{"href":"https:\/\/cri.it\/lazio\/wp-json\/wp\/v2\/media?parent=4665"}],"wp:term":[{"taxonomy":"category","embeddable":true,"href":"https:\/\/cri.it\/lazio\/wp-json\/wp\/v2\/categories?post=4665"},{"taxonomy":"post_tag","embeddable":true,"href":"https:\/\/cri.it\/lazio\/wp-json\/wp\/v2\/tags?post=4665"}],"curies":[{"name":"wp","href":"https:\/\/api.w.org\/{rel}","templated":true}]}}