{"id":3385,"date":"2024-08-21T16:22:07","date_gmt":"2024-08-21T14:22:07","guid":{"rendered":"https:\/\/cri.it\/friuliveneziagiulia\/?page_id=3385"},"modified":"2024-08-21T16:56:12","modified_gmt":"2024-08-21T14:56:12","slug":"volontariato","status":"publish","type":"page","link":"https:\/\/cri.it\/friuliveneziagiulia\/volontariato\/","title":{"rendered":"Volontariato"},"content":{"rendered":"<div class=\"wp-block-image\"><img decoding=\"async\" src=\"https:\/\/cri.it\/friuliveneziagiulia\/wp-content\/uploads\/sites\/8\/2024\/08\/Headline-300x48.png\" alt=\"\" width=\"356\" height=\"57\" data-warning=\"Missing alt text\" class=\"wpa-warning wpa-image-missing-alt  wp-image-3398 aligncenter\" srcset=\"https:\/\/cri.it\/friuliveneziagiulia\/wp-content\/uploads\/sites\/8\/2024\/08\/Headline-300x48.png 300w, https:\/\/cri.it\/friuliveneziagiulia\/wp-content\/uploads\/sites\/8\/2024\/08\/Headline.png 644w\" sizes=\"(max-width: 356px) 100vw, 356px\" \/><\/div>\n<p>Essere Volontari significa mettere il proprio <strong>tempo<\/strong> e le proprie <strong>energie<\/strong> al servizio degli altri, senza alcuna costrizione e senza desiderare <strong>nulla<\/strong> in cambio.<\/p>\n<p>Per alcuni, fare volontariato \u00e8 una scelta di vita, per altri una vocazione, per altri ancora un modo per dare qualcosa, non solo agli altri, ma soprattutto a se stessi.<\/p>\n<p>Essere Volontari significa non solo lavorare <strong>per le persone<\/strong> all&#8217;interno della propria comunit\u00e0 ma anche <strong>con le persone<\/strong>. Significa mettere a frutto le proprie competenze per migliorare le condizioni di vita delle persone pi\u00f9 vulnerabili.<\/p>\n<p>E&#8217; questo che fanno ogni giorno i Volontari della Croce Rossa Italiana nel rispetto dei sette Principi fondamentali lavorando negli ospedali, nelle case di riposo, nei centri di accoglienza, sulle ambulanze, nei centri sportivi, nelle scuole e nelle situazioni di emergenza. I Volontari contribuiscono a difendere la salute e la vita, a diffondere i Principi ed i valori delle Croce Rossa e della Mezzaluna Rossa ed a formare responsabilmente i cittadini di oggi e di domani.<\/p>\n<p>Per poter <strong>diventare Volontari<\/strong> della Croce Rossa Italiana \u00e8 necessario contattare l&#8217;unit\u00e0 territoriale pi\u00f9 vicina a voi che vi fornir\u00e0 tutte le informazioni utili:<\/p>\n<p>&nbsp;<\/p>\n<p><strong>Trieste<\/strong><\/p>\n<p>trieste@cri.it<\/p>\n<p>040\/313131<\/p>\n<p><strong>Gorizia<\/strong><\/p>\n<p>gorizia@cri.it<\/p>\n<p>0481\/532155<\/p>\n<p><strong>Maniago<\/strong><\/p>\n<p>maniago@cri.it<\/p>\n<p>0427\/739104<\/p>\n<p><strong>Spilimbergo<\/strong><\/p>\n<p>segreteria.spilimbergo@crimaniagospilimbergo.it<\/p>\n<p>0427\/50708<\/p>\n<p><strong>Monfalcone<\/strong><\/p>\n<p>monfalcone@cri.it<\/p>\n<p>0481\/481660<\/p>\n<p><strong>Palmanova<\/strong><\/p>\n<p>palmanova@cri.it<\/p>\n<p>0432\/923646<\/p>\n<p><strong>Pordenone<\/strong><\/p>\n<p>pordenone.ut@cripordenone.it<\/p>\n<p>0434\/523109<\/p>\n<p><strong>Aviano<\/strong><\/p>\n<p>aviano.ut@cripordenone.it<\/p>\n<p><strong>Prata di Pordenone<\/strong><\/p>\n<p>prata.ut@cripordenone.it<\/p>\n<p><strong>Sacile<\/strong><\/p>\n<p>sacile.ut@cripordenone.it<\/p>\n<p><strong>Udine<\/strong><\/p>\n<p>udine@criudine.it<\/p>\n<p>0432\/531531<\/p>\n<p><strong>Cercivento<\/strong><\/p>\n<p>cercivento@criudine.it<\/p>\n<p><strong>Cividale del Friuli<\/strong><\/p>\n<p>cividale@criudine.it<\/p>\n<p><strong>Codroipo<\/strong><\/p>\n<p>codroipo@criudine.it<\/p>\n<p><strong>Gemona del Friuli<\/strong><\/p>\n<p>Gemona@criudine.it<\/p>\n<p><strong>Latisana<\/strong><\/p>\n<p>latisana@criudine.it<\/p>\n<p><strong>Ovaro<\/strong><\/p>\n<p>ovaro@criudine.it<\/p>\n<p><strong>Paularo<\/strong><\/p>\n<p>paularo@criudine.it<\/p>\n<p><strong>San Daniele del Friuli<\/strong><\/p>\n<p>sandaniele@criudine.it<\/p>\n<p><strong>San Giovanni al Natisone<\/strong><\/p>\n<p>sangiovanni@criudine.it<\/p>\n<p><strong>Tarcento<\/strong><\/p>\n<p>tarcento@criudine.it<\/p>\n<p><strong>Tarvisio<\/strong><\/p>\n<p>tarvisio@criudine.it<\/p>\n<p><strong>Tolmezzo<\/strong><\/p>\n<p>tolmezzo@criudine.it<\/p>\n<p><strong>Casarsa della Delizia<\/strong><\/p>\n<p>casarsadelladelizia@cri.it<\/p>\n<p>0434\/1836157<\/p>\n<p><strong>San Vito al Tagliamento<\/strong><\/p>\n<p>sanvito@crisanvitoazzano.it<\/p>\n<p>0434\/456132<\/p>\n<p><strong>Azzano X<\/strong><\/p>\n<p>azzano@crisanvitoazzano.it<\/p>\n<p>0434\/632141<\/p>\n","protected":false},"excerpt":{"rendered":"<p>Essere Volontari significa mettere il proprio tempo e le proprie energie al servizio degli altri, senza alcuna costrizione e senza desiderare nulla in cambio. Per alcuni, fare volontariato \u00e8 una scelta di vita, per altri una vocazione, per altri ancora un modo per dare qualcosa, non solo agli altri, ma [&hellip;]<\/p>\n","protected":false},"author":70,"featured_media":0,"parent":0,"menu_order":0,"comment_status":"closed","ping_status":"closed","template":"page-templates\/template-pagebuilder-full-width.php","meta":{"_themeisle_gutenberg_block_has_review":false,"footnotes":""},"categories":[],"tags":[],"class_list":["post-3385","page","type-page","status-publish","hentry"],"_links":{"self":[{"href":"https:\/\/cri.it\/friuliveneziagiulia\/wp-json\/wp\/v2\/pages\/3385","targetHints":{"allow":["GET"]}}],"collection":[{"href":"https:\/\/cri.it\/friuliveneziagiulia\/wp-json\/wp\/v2\/pages"}],"about":[{"href":"https:\/\/cri.it\/friuliveneziagiulia\/wp-json\/wp\/v2\/types\/page"}],"author":[{"embeddable":true,"href":"https:\/\/cri.it\/friuliveneziagiulia\/wp-json\/wp\/v2\/users\/70"}],"replies":[{"embeddable":true,"href":"https:\/\/cri.it\/friuliveneziagiulia\/wp-json\/wp\/v2\/comments?post=3385"}],"version-history":[{"count":3,"href":"https:\/\/cri.it\/friuliveneziagiulia\/wp-json\/wp\/v2\/pages\/3385\/revisions"}],"predecessor-version":[{"id":3399,"href":"https:\/\/cri.it\/friuliveneziagiulia\/wp-json\/wp\/v2\/pages\/3385\/revisions\/3399"}],"wp:attachment":[{"href":"https:\/\/cri.it\/friuliveneziagiulia\/wp-json\/wp\/v2\/media?parent=3385"}],"wp:term":[{"taxonomy":"category","embeddable":true,"href":"https:\/\/cri.it\/friuliveneziagiulia\/wp-json\/wp\/v2\/categories?post=3385"},{"taxonomy":"post_tag","embeddable":true,"href":"https:\/\/cri.it\/friuliveneziagiulia\/wp-json\/wp\/v2\/tags?post=3385"}],"curies":[{"name":"wp","href":"https:\/\/api.w.org\/{rel}","templated":true}]}}