{"id":3324,"date":"2024-08-01T16:16:56","date_gmt":"2024-08-01T14:16:56","guid":{"rendered":"https:\/\/cri.it\/friuliveneziagiulia\/?page_id=3324"},"modified":"2024-08-21T15:02:09","modified_gmt":"2024-08-21T13:02:09","slug":"giovani","status":"publish","type":"page","link":"https:\/\/cri.it\/friuliveneziagiulia\/giovani\/","title":{"rendered":"Giovani"},"content":{"rendered":"\t\t<div data-elementor-type=\"wp-page\" data-elementor-id=\"3324\" class=\"elementor elementor-3324\">\n\t\t\t\t\t\t<section class=\"elementor-section elementor-top-section elementor-element elementor-element-44b1a7bb elementor-section-boxed elementor-section-height-default elementor-section-height-default\" data-id=\"44b1a7bb\" data-element_type=\"section\">\n\t\t\t\t\t\t<div class=\"elementor-container elementor-column-gap-default\">\n\t\t\t\t\t<div class=\"elementor-column elementor-col-100 elementor-top-column elementor-element elementor-element-163ab9d\" data-id=\"163ab9d\" data-element_type=\"column\">\n\t\t\t<div class=\"elementor-widget-wrap elementor-element-populated\">\n\t\t\t\t\t\t<div class=\"elementor-element elementor-element-74d674c2 elementor-widget elementor-widget-text-editor\" data-id=\"74d674c2\" data-element_type=\"widget\" data-widget_type=\"text-editor.default\">\n\t\t\t\t<div class=\"elementor-widget-container\">\n\t\t\t\t\t\t\t\t\t<p><span>La CRI realizza interventi per promuovere lo&nbsp;<\/span><b>sviluppo<span>&nbsp;<\/span><\/b><span>dei giovani affinch\u00e8 diventino&nbsp;<\/span><b>agenti<span>&nbsp;<\/span><\/b><span>di cambiamento all\u2019interno delle comunit\u00e0. I Giovani operatori CRI promuovono una cultura della&nbsp;<\/span><b>partecipazione<span>&nbsp;<\/span><\/b><span>e della&nbsp;<\/span><b>cittadinanza attiva<\/b><span>.<\/span><\/p>\n<p><br><\/p>\n<p><strong>Educazione alla sicurezza stradale<\/strong><\/p>\n<div class=\"elementor-element elementor-element-26c420ce elementor-widget elementor-widget-text-editor\" data-id=\"26c420ce\" data-element_type=\"widget\" data-widget_type=\"text-editor.default\">\n<div class=\"elementor-widget-container\">\n<p>I Giovani operatori CRI sensibilizzano sulla&nbsp;prevenzione dei rischi d\u2019incidenti&nbsp;legati ai vari comportamenti a rischio, informano la popolazione anche con interventi nelle scuole, nei luoghi di aggregazione e nelle autoscuole.<\/p>\n<p><strong>Educazione alla sessualit\u00e0 e prevenzione delle MST<\/strong><\/p>\n<div class=\"elementor-element elementor-element-4113072d elementor-widget elementor-widget-text-editor\" data-id=\"4113072d\" data-element_type=\"widget\" data-widget_type=\"text-editor.default\">\n<div class=\"elementor-widget-container\">\n<p>L\u2019attivit\u00e0 di educazione alla sessualit\u00e0&nbsp;e prevenzione delle malattie sessualmente trasmissibili&nbsp;si svolge promuovendo l\u2019interesse della popolazione verso l\u2019adozione di stili sessuali sicuri. I Giovani operatori CRI si adoperano per la diffusione d\u2019informazioni basate su evidenze medico-scientifiche per l\u2019educazione, la&nbsp;prevenzione&nbsp;e la&nbsp;contraccezione. Inoltre, le attivit\u00e0 dei Giovani CRI in questo ambito sensibilizzano al rispetto delle persone e alla&nbsp;non discriminazione&nbsp;per le scelte sessuali che compiono, cercando cos\u00ec di promuovere una cultura della non-violenza.<\/p>\n<p><strong>Educazione alimentare e prevenzione delle patologie non trasmissibili<\/strong><\/p>\n<div class=\"elementor-element elementor-element-62f38238 elementor-widget elementor-widget-text-editor\" data-id=\"62f38238\" data-element_type=\"widget\" data-widget_type=\"text-editor.default\">\n<div class=\"elementor-widget-container\">\n<p>I Giovani operatori CRI promuovono, attraverso la sensibilizzazione della popolazione, il&nbsp;corretto modello alimentare&nbsp;ed il&nbsp;sano stile di vita, inteso anche come corretta attivit\u00e0 fisica. L\u2019obiettivo \u00e8 ridurre i fattori di rischio attraverso scelte consapevoli, aumentando cos\u00ec la capacit\u00e0 di controllare, mantenere e&nbsp;migliorare il proprio stato di salute. La fascia d\u2019et\u00e0 a cui i Giovani CRI si rivolgono con questi interventi, attraverso attivit\u00e0 mirate e giochi, va dai bambini delle elementari agli adulti.<\/p>\n<\/div>\n<\/div>\n<\/div>\n<\/div>\n<\/div>\n<\/div>\n<p>&nbsp;<\/p>\n<p><strong>RAPPRESENTANTE REGIONALE DEI GIOVANI<\/strong><\/p>\n<p>Matteo Annese<\/p>\n<p><strong><img loading=\"lazy\" loading=\"lazy\" decoding=\"async\" src=\"https:\/\/cri.it\/lombardianew\/wp-content\/uploads\/sites\/11\/2021\/05\/ico_mail_30x22.png\" alt=\"\" width=\"29\" height=\"22\"><\/strong><span>&nbsp; giovani@fvg.cri.it<\/span><\/p>\t\t\t\t\t\t\t\t<\/div>\n\t\t\t\t<\/div>\n\t\t\t\t\t<\/div>\n\t\t<\/div>\n\t\t\t\t\t<\/div>\n\t\t<\/section>\n\t\t\t\t<\/div>\n\t\t","protected":false},"excerpt":{"rendered":"<p>La CRI realizza interventi per promuovere lo&nbsp;sviluppo&nbsp;dei giovani affinch\u00e8 diventino&nbsp;agenti&nbsp;di cambiamento all\u2019interno delle comunit\u00e0. I Giovani operatori CRI promuovono una cultura della&nbsp;partecipazione&nbsp;e della&nbsp;cittadinanza attiva. Educazione alla sicurezza stradale I Giovani operatori CRI sensibilizzano sulla&nbsp;prevenzione dei rischi d\u2019incidenti&nbsp;legati ai vari comportamenti a rischio, informano la popolazione anche con interventi nelle scuole, [&hellip;]<\/p>\n","protected":false},"author":70,"featured_media":0,"parent":0,"menu_order":0,"comment_status":"closed","ping_status":"closed","template":"","meta":{"_themeisle_gutenberg_block_has_review":false,"footnotes":""},"categories":[],"tags":[],"class_list":["post-3324","page","type-page","status-publish","hentry"],"_links":{"self":[{"href":"https:\/\/cri.it\/friuliveneziagiulia\/wp-json\/wp\/v2\/pages\/3324","targetHints":{"allow":["GET"]}}],"collection":[{"href":"https:\/\/cri.it\/friuliveneziagiulia\/wp-json\/wp\/v2\/pages"}],"about":[{"href":"https:\/\/cri.it\/friuliveneziagiulia\/wp-json\/wp\/v2\/types\/page"}],"author":[{"embeddable":true,"href":"https:\/\/cri.it\/friuliveneziagiulia\/wp-json\/wp\/v2\/users\/70"}],"replies":[{"embeddable":true,"href":"https:\/\/cri.it\/friuliveneziagiulia\/wp-json\/wp\/v2\/comments?post=3324"}],"version-history":[{"count":3,"href":"https:\/\/cri.it\/friuliveneziagiulia\/wp-json\/wp\/v2\/pages\/3324\/revisions"}],"predecessor-version":[{"id":3379,"href":"https:\/\/cri.it\/friuliveneziagiulia\/wp-json\/wp\/v2\/pages\/3324\/revisions\/3379"}],"wp:attachment":[{"href":"https:\/\/cri.it\/friuliveneziagiulia\/wp-json\/wp\/v2\/media?parent=3324"}],"wp:term":[{"taxonomy":"category","embeddable":true,"href":"https:\/\/cri.it\/friuliveneziagiulia\/wp-json\/wp\/v2\/categories?post=3324"},{"taxonomy":"post_tag","embeddable":true,"href":"https:\/\/cri.it\/friuliveneziagiulia\/wp-json\/wp\/v2\/tags?post=3324"}],"curies":[{"name":"wp","href":"https:\/\/api.w.org\/{rel}","templated":true}]}}