{"id":3301,"date":"2024-08-01T15:12:49","date_gmt":"2024-08-01T13:12:49","guid":{"rendered":"https:\/\/cri.it\/friuliveneziagiulia\/?page_id=3301"},"modified":"2024-08-21T14:55:09","modified_gmt":"2024-08-21T12:55:09","slug":"inclusione-sociale","status":"publish","type":"page","link":"https:\/\/cri.it\/friuliveneziagiulia\/inclusione-sociale\/","title":{"rendered":"Inclusione sociale"},"content":{"rendered":"\t\t<div data-elementor-type=\"wp-page\" data-elementor-id=\"3301\" class=\"elementor elementor-3301\">\n\t\t\t\t\t\t<section class=\"elementor-section elementor-top-section elementor-element elementor-element-289cc1ca elementor-section-boxed elementor-section-height-default elementor-section-height-default\" data-id=\"289cc1ca\" data-element_type=\"section\" data-e-type=\"section\">\n\t\t\t\t\t\t<div class=\"elementor-container elementor-column-gap-default\">\n\t\t\t\t\t<div class=\"elementor-column elementor-col-100 elementor-top-column elementor-element elementor-element-47db0064\" data-id=\"47db0064\" data-element_type=\"column\" data-e-type=\"column\">\n\t\t\t<div class=\"elementor-widget-wrap elementor-element-populated\">\n\t\t\t\t\t\t<div class=\"elementor-element elementor-element-5a1cd69f elementor-widget elementor-widget-text-editor\" data-id=\"5a1cd69f\" data-element_type=\"widget\" data-e-type=\"widget\" data-widget_type=\"text-editor.default\">\n\t\t\t\t<div class=\"elementor-widget-container\">\n\t\t\t\t\t\t\t\t\t<p><span>Pianifichiamo e implementiamo attivit\u00e0 e progetti volti a&nbsp;<\/span><b>prevenire, mitigare e rispondere ai differenti meccanismi di esclusione sociale<\/b><span>&nbsp;che, in quanto tali, precludono e\/o ostacolano il pieno sviluppo degli individui e della comunit\u00e0 nel suo complesso. Attraverso questo intervento contribuiamo alla costruzione di&nbsp;<\/span><b>comunit\u00e0 pi\u00f9 forti<\/b><span>&nbsp;ed inclusive, svolgendo attivit\u00e0 nel rispetto degli standard minimi di qualit\u00e0, ed in conformit\u00e0 ai nostri&nbsp;<\/span><b>Principi Fondamentali<\/b><span>.<\/span><\/p>\n<p><br><\/p>\n<p><strong>Unit\u00e0 di strada<\/strong><br>\nAiutiamo le persone senza fissa dimora a rendersi palesi per richiedere aiuto e darci la possibilit\u00e0 di farlo anche solo indirizzandoli ai servizi pubblici.&nbsp;Il costante collegamento con le istituzioni del territorio permette ai Volontari CRI di operare come ponte fra gli assistiti, che spesso ignorano o rifiutano l\u2019accesso ai servizi, e le strutture pubbliche deputate alla loro presa in carico.<\/p>\n<p><strong>Clownerie<\/strong><br>\nGli operatori del sorriso si impegnano a ridurre le sofferenze di chi si trova in stato di vulnerabilit\u00e0.&nbsp;Gli effetti prodotti dall\u2019utilizzo della metafora della cura e della terapia usata per sdrammatizzare e rendere pi\u00f9 sopportabile la routine di cura o la degenza sono rilevanti e dimostrati da vari studi scientifici.<\/p>\n<p><strong>Lotta alle dipendenze<\/strong><br>\nGli operatori di Croce Rossa indirizzano le attivit\u00e0 rivolte al contrasto delle principali dipendenze alle persone affette ma anche ai loro familiari ed a tutti i cittadini tramite attivit\u00e0 di informazione sul territorio.<\/p>\n<p><strong>Raccolta e distribuzione di beni di prima necessit\u00e0<\/strong><br>\nOltre alla distribuzione dei viveri AGEA, durante l\u2019anno vengono organizzate dai Comitati del territorio raccolte alimentari e di altri beni di prima necessit\u00e0 per sostenere le esigenze delle famiglie che si trovano in stato di grave necessit\u00e0.<\/p>\n<p>&nbsp;<\/p>\n<p><strong>DELEGATO TECNICO REGIONALE<\/strong><\/p>\n<p>Martina Zanin<\/p>\n<p><strong><img loading=\"lazy\" loading=\"lazy\" decoding=\"async\" src=\"https:\/\/cri.it\/lombardianew\/wp-content\/uploads\/sites\/11\/2021\/05\/ico_mail_30x22.png\" alt=\"\" width=\"29\" height=\"22\"><\/strong><span>&nbsp; sociale@fvg.cri.it<\/span><\/p>\t\t\t\t\t\t\t\t<\/div>\n\t\t\t\t<\/div>\n\t\t\t\t\t<\/div>\n\t\t<\/div>\n\t\t\t\t\t<\/div>\n\t\t<\/section>\n\t\t\t\t<\/div>\n\t\t","protected":false},"excerpt":{"rendered":"<p>Pianifichiamo e implementiamo attivit\u00e0 e progetti volti a&nbsp;prevenire, mitigare e rispondere ai differenti meccanismi di esclusione sociale&nbsp;che, in quanto tali, precludono e\/o ostacolano il pieno sviluppo degli individui e della comunit\u00e0 nel suo complesso. Attraverso questo intervento contribuiamo alla costruzione di&nbsp;comunit\u00e0 pi\u00f9 forti&nbsp;ed inclusive, svolgendo attivit\u00e0 nel rispetto degli standard [&hellip;]<\/p>\n","protected":false},"author":70,"featured_media":0,"parent":0,"menu_order":0,"comment_status":"closed","ping_status":"closed","template":"","meta":{"_themeisle_gutenberg_block_has_review":false,"footnotes":""},"categories":[],"tags":[],"class_list":["post-3301","page","type-page","status-publish","hentry"],"_links":{"self":[{"href":"https:\/\/cri.it\/friuliveneziagiulia\/wp-json\/wp\/v2\/pages\/3301","targetHints":{"allow":["GET"]}}],"collection":[{"href":"https:\/\/cri.it\/friuliveneziagiulia\/wp-json\/wp\/v2\/pages"}],"about":[{"href":"https:\/\/cri.it\/friuliveneziagiulia\/wp-json\/wp\/v2\/types\/page"}],"author":[{"embeddable":true,"href":"https:\/\/cri.it\/friuliveneziagiulia\/wp-json\/wp\/v2\/users\/70"}],"replies":[{"embeddable":true,"href":"https:\/\/cri.it\/friuliveneziagiulia\/wp-json\/wp\/v2\/comments?post=3301"}],"version-history":[{"count":3,"href":"https:\/\/cri.it\/friuliveneziagiulia\/wp-json\/wp\/v2\/pages\/3301\/revisions"}],"predecessor-version":[{"id":3364,"href":"https:\/\/cri.it\/friuliveneziagiulia\/wp-json\/wp\/v2\/pages\/3301\/revisions\/3364"}],"wp:attachment":[{"href":"https:\/\/cri.it\/friuliveneziagiulia\/wp-json\/wp\/v2\/media?parent=3301"}],"wp:term":[{"taxonomy":"category","embeddable":true,"href":"https:\/\/cri.it\/friuliveneziagiulia\/wp-json\/wp\/v2\/categories?post=3301"},{"taxonomy":"post_tag","embeddable":true,"href":"https:\/\/cri.it\/friuliveneziagiulia\/wp-json\/wp\/v2\/tags?post=3301"}],"curies":[{"name":"wp","href":"https:\/\/api.w.org\/{rel}","templated":true}]}}