{"id":3294,"date":"2024-08-01T14:29:17","date_gmt":"2024-08-01T12:29:17","guid":{"rendered":"https:\/\/cri.it\/friuliveneziagiulia\/?page_id=3294"},"modified":"2024-08-01T14:29:17","modified_gmt":"2024-08-01T12:29:17","slug":"cosa-facciamo","status":"publish","type":"page","link":"https:\/\/cri.it\/friuliveneziagiulia\/cosa-facciamo\/","title":{"rendered":"Cosa facciamo"},"content":{"rendered":"<p><strong>Tuteliamo e proteggiamo la vita e la salute<\/strong><\/p>\n<p>Lo sviluppo dell&#8217;individuo passa necessariamente anche attraverso la promozione della salute e di uno stile di vita salutare, intesa come &#8220;uno stato di completo benessere fisico, mentale e sociale&#8221; (OMS), che richiede quindi un approccio globale e integrato all&#8217;individuo, basato sulla persona nella sua interezza e nei diversi aspetti della sua vita.\u00a0Il soccorso ed i trasporti sanitari, la promozione di stili di vita pi\u00f9 sani e sicuri, la sensibilizzazione alla donazione del sangue e la formazione sul primo soccorso sono solo alcune delle attivit\u00e0 volte alla tutela della salute.<\/p>\n<p><strong>Promuoviamo l&#8217;inclusione sociale e diamo supporto alle persone pi\u00f9 vulnerabili<\/strong><\/p>\n<p>Le attivit\u00e0 sociali sono volte a dare supporto concreto a chi vive in condizioni difficili o di marginalit\u00e0, come le persone senza dimora, i migranti, gli anziani soli o chi \u00e8 affetto da gravi dipendenze. Ci impegniamo a prevenire e rispondere ai meccanismi di esclusione sociale, per costruire comunit\u00e0 pi\u00f9 forti ed inclusive e dando al contempo la possibilit\u00e0 a ciascuno di raggiungere il massimo delle proprie potenzialit\u00e0, di vivere con dignit\u00e0 una vita produttiva e creativa, sulla base delle proprie necessit\u00e0 e scelte.<\/p>\n<p class=\"itemFullText\"><strong>Prepariamo le comunit\u00e0 e diamo risposta a emergenze e disastri<\/strong><\/p>\n<p class=\"itemFullText\">Lavoriamo per garantire un&#8217;efficace e tempestiva risposta alle emergenze nazionali ed internazionali attraverso la formazione delle comunit\u00e0 e lo sviluppo di un meccanismo di risposta ai disastri efficace e tempestivo. L\u2019intervento a seguito di un disastro mira a facilitare il ristabilimento dei meccanismi interni della comunit\u00e0 colpita, promuovendo la ricostruzione di una societ\u00e0 pi\u00f9 inclusiva e riducendo il rischio di vulnerabilit\u00e0 in caso di disastri futuri.<\/p>\n<p><strong>Disseminiamo il Diritto Internazionale Umanitario e cooperiamo con gli\u00a0 altri membri del Movimento Internazionale<\/strong><\/p>\n<p>Facciamo formazione sul Diritto Internazionale Umanitario ed organizziamo iniziative e campagne di advocacy per sensibilizzare la popolazione e i membri delle Forze Armate.\u00a0In virt\u00f9 del principio di Universalit\u00e0, cooperiamo con altre Societ\u00e0 Nazionali di Croce Rossa e Mezzaluna Rossa e organizziamo scambi di buone pratiche che permettono, attraverso il confronto con altre Societ\u00e0 nazionali consorelle, di essere pi\u00f9 efficaci e di avere quindi maggiore impatto sulla comunit\u00e0.<\/p>\n<p><strong>Promuoviamo attivamente lo sviluppo dei giovani e una cultura della cittadinanza attiva<\/strong><\/p>\n<p>Realizziamo interventi volti a sviluppare le capacit\u00e0 dei giovani, affinch\u00e9 possano agire come agenti di cambiamento all\u2019interno delle comunit\u00e0, promuovendo una cultura della cittadinanza attiva.\u00a0In particolare, promuoviamo iniziative nei luoghi di aggregazione giovanile e organizziamo annualmente un campo estivo che, con un approccio peer-to-peer, affronta temi come sicurezza stradale, educazione alla sessualit\u00e0 e protezione civile.<\/p>\n","protected":false},"excerpt":{"rendered":"<p>Tuteliamo e proteggiamo la vita e la salute Lo sviluppo dell&#8217;individuo passa necessariamente anche attraverso la promozione della salute e di uno stile di vita salutare, intesa come &#8220;uno stato di completo benessere fisico, mentale e sociale&#8221; (OMS), che richiede quindi un approccio globale e integrato all&#8217;individuo, basato sulla persona [&hellip;]<\/p>\n","protected":false},"author":70,"featured_media":0,"parent":0,"menu_order":0,"comment_status":"closed","ping_status":"closed","template":"","meta":{"_themeisle_gutenberg_block_has_review":false,"footnotes":""},"categories":[],"tags":[],"class_list":["post-3294","page","type-page","status-publish","hentry"],"_links":{"self":[{"href":"https:\/\/cri.it\/friuliveneziagiulia\/wp-json\/wp\/v2\/pages\/3294","targetHints":{"allow":["GET"]}}],"collection":[{"href":"https:\/\/cri.it\/friuliveneziagiulia\/wp-json\/wp\/v2\/pages"}],"about":[{"href":"https:\/\/cri.it\/friuliveneziagiulia\/wp-json\/wp\/v2\/types\/page"}],"author":[{"embeddable":true,"href":"https:\/\/cri.it\/friuliveneziagiulia\/wp-json\/wp\/v2\/users\/70"}],"replies":[{"embeddable":true,"href":"https:\/\/cri.it\/friuliveneziagiulia\/wp-json\/wp\/v2\/comments?post=3294"}],"version-history":[{"count":1,"href":"https:\/\/cri.it\/friuliveneziagiulia\/wp-json\/wp\/v2\/pages\/3294\/revisions"}],"predecessor-version":[{"id":3295,"href":"https:\/\/cri.it\/friuliveneziagiulia\/wp-json\/wp\/v2\/pages\/3294\/revisions\/3295"}],"wp:attachment":[{"href":"https:\/\/cri.it\/friuliveneziagiulia\/wp-json\/wp\/v2\/media?parent=3294"}],"wp:term":[{"taxonomy":"category","embeddable":true,"href":"https:\/\/cri.it\/friuliveneziagiulia\/wp-json\/wp\/v2\/categories?post=3294"},{"taxonomy":"post_tag","embeddable":true,"href":"https:\/\/cri.it\/friuliveneziagiulia\/wp-json\/wp\/v2\/tags?post=3294"}],"curies":[{"name":"wp","href":"https:\/\/api.w.org\/{rel}","templated":true}]}}