{"id":3251,"date":"2024-07-31T11:25:10","date_gmt":"2024-07-31T09:25:10","guid":{"rendered":"https:\/\/cri.it\/friuliveneziagiulia\/?page_id=3251"},"modified":"2024-08-21T14:42:44","modified_gmt":"2024-08-21T12:42:44","slug":"consiglio-direttivo-regionale","status":"publish","type":"page","link":"https:\/\/cri.it\/friuliveneziagiulia\/chi-siamo\/","title":{"rendered":"Chi siamo"},"content":{"rendered":"\t\t<div data-elementor-type=\"wp-page\" data-elementor-id=\"3251\" class=\"elementor elementor-3251\">\n\t\t\t\t\t\t<section class=\"elementor-section elementor-top-section elementor-element elementor-element-125af4bf elementor-section-full_width elementor-section-content-space-evenly elementor-section-height-default elementor-section-height-default\" data-id=\"125af4bf\" data-element_type=\"section\" data-e-type=\"section\">\n\t\t\t\t\t\t<div class=\"elementor-container elementor-column-gap-default\">\n\t\t\t\t\t<div class=\"elementor-column elementor-col-100 elementor-top-column elementor-element elementor-element-1bb3f56d\" data-id=\"1bb3f56d\" data-element_type=\"column\" data-e-type=\"column\">\n\t\t\t<div class=\"elementor-widget-wrap elementor-element-populated\">\n\t\t\t\t\t\t<div class=\"elementor-element elementor-element-c650890 elementor-widget elementor-widget-text-editor\" data-id=\"c650890\" data-element_type=\"widget\" data-e-type=\"widget\" data-widget_type=\"text-editor.default\">\n\t\t\t\t<div class=\"elementor-widget-container\">\n\t\t\t\t\t\t\t\t\t<p><\/p><p>L&#8217;<b>Associazione della Croce Rossa Italiana<\/b> \u00e8 un&#8217;organizzazione di volontariato che si prefigge l&#8217;assistenza sanitaria e sociale sia in tempo di pace che in tempo di conflitto. La CRI \u00e8 posta sotto l&#8217;alto patronato del Presidente della Repubblica e fa parte del Movimento Internazionale della Croce Rossa. Nelle sue azioni a livello internazionale si coordina con il Comitato Internazionale della Croce Rossa, nei paesi in conflitto, e con la Federazione Internazionale di Croce Rossa e Mezzaluna Rossa per gli altri interventi.<\/p><p>La CRI \u00e8 presente ed attiva in tutta Italia, la struttura \u00e8 composta dal Comitato Nazionale (con sede a Roma), dai Comitati Regionali e dai relativi Comitati Territoriali. In Friuli Venezia Giulia si contano <b>9 Comitati Territoriali, 200 mezzi e 3.000 operatori<\/b> impegnati nelle attivit\u00e0 di soccorso, di prossimit\u00e0 sociale, di emergenza, di formazione e di divulgazione: uomini e donne che dedicano volontariamente e gratuitamente il loro tempo per migliorare le condizioni dei pi\u00f9 vulnerabili.<\/p><p><b>La storia<\/b><\/p><p>Il 24 giugno 1859, nel corso della 2\u00b0 guerra di indipendenza italiana, sulle colline a sud del lago di Garda, a Solferino, si consuma una delle battaglie pi\u00f9 sanguinose del XIX secolo. Trecentomila soldati appartenenti a tre eserciti distinti (francese, sardo-piemontese e austriaco) si scontrano lasciando sul terreno circa <b>centomila tra morti, feriti e dispersi<\/b>. Castiglione delle Stiviere \u00e8 il paese pi\u00f9 vicino dove esisteva gi\u00e0 un ospedale e la possibilit\u00e0 di accedere all&#8217;acqua, elemento fondamentale nel soccorso improvvisato ai <b>novemila feriti<\/b> che, nei primi tre giorni, vengono appunto trasportati a Castiglione.<\/p><p>L\u00ec \u00e8 presente anche un cittadino svizzero, <b>Jean Henry Dunant<\/b>, venuto ad incontrare per i suoi affari Napoleone III. Egli si ritrova coinvolto nella terribile carneficina, aggravata dall&#8217;inesistenza della sanit\u00e0 militare. Henry Dunant rimane talmente colpito dalla situazione che decide di descrivere quanto stava accadendo in quello che diventer\u00e0, poi, il suo testo fondamentale: &#8220;<b>Un souvenir de Solferino<\/b>&#8220;, tradotto in pi\u00f9 di 20 lingue. Dall&#8217;orribile spettacolo nasce in Dunant l&#8217;idea di creare una squadra di infermieri volontari preparati, il cui operato potesse dare un apporto fondamentale alla sanit\u00e0 militare: la <b>Croce Rossa<\/b>.<\/p><p>Dal Convegno di Ginevra del 1863 nascono le <b>Societ\u00e0 Nazionali di Croce Rossa<\/b> e la quinta a formarsi \u00e8 proprio quella italiana. Nella 1\u00b0 Conferenza diplomatica di Ginevra, che termina con la firma della <b>Prima Convenzione di Ginevra (22 agosto 1864)<\/b>, viene sancita la neutralit\u00e0 delle strutture e del personale sanitario.<b>\u00a0<\/b><\/p><p><b>I sette Principi fondamentali<\/b><\/p><p>Garanzia e guida della azioni del Movimento Internazionale di Croce Rossa e di tutti gli operatori, sono i sette Principi fondamentali. Adottati nella XX Conferenza Internazionale della Croce Rossa, svoltasi a Vienna nell&#8217;ottobre del 1965, ne costituiscono lo spirito e l&#8217;etica: <b>Umanit\u00e0, Imparzialit\u00e0, Neutralit\u00e0, Indipendenza, Volontariato, Unit\u00e0 ed Universalit\u00e0<\/b>.<\/p>\t\t\t\t\t\t\t\t<\/div>\n\t\t\t\t<\/div>\n\t\t\t\t\t<\/div>\n\t\t<\/div>\n\t\t\t\t\t<\/div>\n\t\t<\/section>\n\t\t\t\t<\/div>\n\t\t","protected":false},"excerpt":{"rendered":"<p>L&#8217;Associazione della Croce Rossa Italiana \u00e8 un&#8217;organizzazione di volontariato che si prefigge l&#8217;assistenza sanitaria e sociale sia in tempo di pace che in tempo di conflitto. La CRI \u00e8 posta sotto l&#8217;alto patronato del Presidente della Repubblica e fa parte del Movimento Internazionale della Croce Rossa. Nelle sue azioni a [&hellip;]<\/p>\n","protected":false},"author":70,"featured_media":0,"parent":0,"menu_order":0,"comment_status":"closed","ping_status":"closed","template":"","meta":{"_themeisle_gutenberg_block_has_review":false,"footnotes":""},"categories":[],"tags":[],"class_list":["post-3251","page","type-page","status-publish","hentry"],"_links":{"self":[{"href":"https:\/\/cri.it\/friuliveneziagiulia\/wp-json\/wp\/v2\/pages\/3251","targetHints":{"allow":["GET"]}}],"collection":[{"href":"https:\/\/cri.it\/friuliveneziagiulia\/wp-json\/wp\/v2\/pages"}],"about":[{"href":"https:\/\/cri.it\/friuliveneziagiulia\/wp-json\/wp\/v2\/types\/page"}],"author":[{"embeddable":true,"href":"https:\/\/cri.it\/friuliveneziagiulia\/wp-json\/wp\/v2\/users\/70"}],"replies":[{"embeddable":true,"href":"https:\/\/cri.it\/friuliveneziagiulia\/wp-json\/wp\/v2\/comments?post=3251"}],"version-history":[{"count":3,"href":"https:\/\/cri.it\/friuliveneziagiulia\/wp-json\/wp\/v2\/pages\/3251\/revisions"}],"predecessor-version":[{"id":3350,"href":"https:\/\/cri.it\/friuliveneziagiulia\/wp-json\/wp\/v2\/pages\/3251\/revisions\/3350"}],"wp:attachment":[{"href":"https:\/\/cri.it\/friuliveneziagiulia\/wp-json\/wp\/v2\/media?parent=3251"}],"wp:term":[{"taxonomy":"category","embeddable":true,"href":"https:\/\/cri.it\/friuliveneziagiulia\/wp-json\/wp\/v2\/categories?post=3251"},{"taxonomy":"post_tag","embeddable":true,"href":"https:\/\/cri.it\/friuliveneziagiulia\/wp-json\/wp\/v2\/tags?post=3251"}],"curies":[{"name":"wp","href":"https:\/\/api.w.org\/{rel}","templated":true}]}}