{"id":737,"date":"2022-04-11T22:37:31","date_gmt":"2022-04-11T20:37:31","guid":{"rendered":"https:\/\/cri.it\/campania\/?page_id=737"},"modified":"2024-04-23T15:18:38","modified_gmt":"2024-04-23T13:18:38","slug":"comitato-trasparente","status":"publish","type":"page","link":"https:\/\/cri.it\/campania\/hestia-front\/comitato-trasparente\/","title":{"rendered":"Atti e Provvedimenti"},"content":{"rendered":"\t\t<div data-elementor-type=\"wp-page\" data-elementor-id=\"737\" class=\"elementor elementor-737\">\n\t\t\t\t\t\t<section class=\"elementor-section elementor-top-section elementor-element elementor-element-de51578 elementor-section-boxed elementor-section-height-default elementor-section-height-default\" data-id=\"de51578\" data-element_type=\"section\" data-e-type=\"section\">\n\t\t\t\t\t\t<div class=\"elementor-container elementor-column-gap-default\">\n\t\t\t\t\t<div class=\"elementor-column elementor-col-100 elementor-top-column elementor-element elementor-element-c166dfb\" data-id=\"c166dfb\" data-element_type=\"column\" data-e-type=\"column\">\n\t\t\t<div class=\"elementor-widget-wrap elementor-element-populated\">\n\t\t\t\t\t\t<div class=\"elementor-element elementor-element-3929c34 elementor-widget elementor-widget-obfx-posts-grid\" data-id=\"3929c34\" data-element_type=\"widget\" data-e-type=\"widget\" data-widget_type=\"obfx-posts-grid.default\">\n\t\t\t\t<div class=\"elementor-widget-container\">\n\t\t\t\t\t<div class=\"obfx-grid\"><div class=\"obfx-grid-container obfx-grid-desktop-3\"><div class=\"obfx-grid-wrapper\"><article class=\"obfx-grid-col obfx-no-image\"><div class=\"obfx-grid-col-content\">\t\t\t<h2 class=\"entry-title obfx-grid-title\">\n\t\t\t\t\t\t\t<a href=\"https:\/\/cri.it\/campania\/blog\/hestia-front\/comitato-trasparente\/provvedimenti-2026-presidente-regionale-cri-campania\/\" title=\"Provvedimenti 2026 Presidente Regionale CRI Campania\">\n\t\t\t\t\tProvvedimenti 2026 Presidente Regionale CRI Campania\t\t\t\t<\/a>\n\t\t\t\t\t\t\t<\/h2>\n\t\t\t\t\t\t\t<div class=\"entry-meta obfx-grid-meta\">\n\n\t\t\t\t\t\t\t\t\t\t\t\t\t<span class=\"obfx-grid-date\">\n\t\t\t\t\t\t\t\t\t<i class=\"fas fa-calendar\"><\/i>19 Febbraio 2026\t\t\t\t\t\t\t\t<\/span>\n\t\t\t\t\t\t\t\t\n\t\t\t\t<\/div>\n\t\t\t\t\t\t\t<div class=\"entry-content obfx-grid-content\">\n\t\t\t\tProvvedimenti-2026-Presidente-Regionale-CRI-Campania-01 Provvedimenti-2026-Presidente-Regionale-CRI-Campania-02 Provvedimenti-2026-Presidente-Regionale-CRI-Campania-03 Provvedimenti-2026-Presidente-Regionale-CRI-Campania-04 Provvedimenti-2026-Presidente-Regionale-CRI-Campania-05 &nbsp; &nbsp; &nbsp; &nbsp; &nbsp; &nbsp;\t\t\t<\/div>\n\t\t\t<\/div><\/article><\/div><div class=\"obfx-grid-wrapper\"><article class=\"obfx-grid-col obfx-no-image\"><div class=\"obfx-grid-col-content\">\t\t\t<h2 class=\"entry-title obfx-grid-title\">\n\t\t\t\t\t\t\t<a href=\"https:\/\/cri.it\/campania\/atti-2024-del-consiglio-direttivo-regionale-2\/\" title=\"Atti del Consiglio Direttivo Regionale\">\n\t\t\t\t\tAtti del Consiglio Direttivo Regionale\t\t\t\t<\/a>\n\t\t\t\t\t\t\t<\/h2>\n\t\t\t\t\t\t\t<div class=\"entry-meta obfx-grid-meta\">\n\n\t\t\t\t\t\t\t\t\t\t\t\t\t<span class=\"obfx-grid-date\">\n\t\t\t\t\t\t\t\t\t<i class=\"fas fa-calendar\"><\/i>12 Settembre 2025\t\t\t\t\t\t\t\t<\/span>\n\t\t\t\t\t\t\t\t\n\t\t\t\t<\/div>\n\t\t\t\t\t\t\t<div class=\"entry-content obfx-grid-content\">\n\t\t\t\tAnno 2024 CDR del 31.01.2024 &#8211; delibere n. 1-2-3-4\u00a0 CDR del 10.07.2024 &#8211; delibere n. 5-6\u00a0 CDR del 31.07.2024 &#8211; delibere n. 7-8\u00a0 CDR del 08.08.2024 delibera n. 9\u00a0 CDR&hellip;\t\t\t<\/div>\n\t\t\t<\/div><\/article><\/div><div class=\"obfx-grid-wrapper\"><article class=\"obfx-grid-col obfx-no-image\"><div class=\"obfx-grid-col-content\">\t\t\t<h2 class=\"entry-title obfx-grid-title\">\n\t\t\t\t\t\t\t<a href=\"https:\/\/cri.it\/campania\/blog\/hestia-front\/comitato-trasparente\/provvedimenti-2025-presidente-regionale-cri-campania\/\" title=\"Provvedimenti 2025 Presidente Regionale CRI Campania\">\n\t\t\t\t\tProvvedimenti 2025 Presidente Regionale CRI Campania\t\t\t\t<\/a>\n\t\t\t\t\t\t\t<\/h2>\n\t\t\t\t\t\t\t<div class=\"entry-meta obfx-grid-meta\">\n\n\t\t\t\t\t\t\t\t\t\t\t\t\t<span class=\"obfx-grid-date\">\n\t\t\t\t\t\t\t\t\t<i class=\"fas fa-calendar\"><\/i>29 Giugno 2025\t\t\t\t\t\t\t\t<\/span>\n\t\t\t\t\t\t\t\t\n\t\t\t\t<\/div>\n\t\t\t\t\t\t\t<div class=\"entry-content obfx-grid-content\">\n\t\t\t\tProvvedimenti-2025-Presidente-Regionale-CRI-Campania-01 Provvedimenti-2025-Presidente-Regionale-CRI-Campania-02 Provvedimenti-2025-Presidente-Regionale-CRI-Campania-03 Provvedimenti-2025-Presidente-Regionale-CRI-Campania-04 Provvedimenti-2025-Presidente-Regionale-CRI-Campania-05 Provvedimenti-2025-Presidente-Regionale-CRI-Campania-37 Provvedimenti-2025-Presidente-Regionale-CRI-Campania-41 Provvedimenti-2025-Presidente-Regionale-CRI-Campania-44 Provvedimenti-2025-Presidente-Regionale-CRI-Campania-47 Provvedimenti-2025-Presidente-Regionale-CRI-Campania-48 Provvedimenti-2025-Presidente-Regionale-CRI-Campania-49 Provvedimenti-2025-Presidente-Regionale-CRI-Campania-51 Provvedimenti-2025-Presidente-Regionale-CRI-Campania-52 Provvedimenti-2025-Presidente-Regionale-CRI-Campania-53 Provvedimenti-2025-Presidente-Regionale-CRI-Campania-54 Provvedimenti-2025-Presidente-Regionale-CRI-Campania-55 Provvedimenti-2025-Presidente-Regionale-CRI-Campania-56 Provvedimenti-2025-Presidente-Regionale-CRI-Campania-57 Provvedimenti-2025-Presidente-Regionale-CRI-Campania-58 Provvedimenti-2025-Presidente-Regionale-CRI-Campania-59 Provvedimenti-2025-Presidente-Regionale-CRI-Campania-60 Provvedimenti-2025-Presidente-Regionale-CRI-Campania-61 Provvedimenti-2025-Presidente-Regionale-CRI-Campania-62 Provvedimenti-2025-Presidente-Regionale-CRI-Campania-63 &nbsp; &nbsp; &nbsp; &nbsp;\t\t\t<\/div>\n\t\t\t<\/div><\/article><\/div><div class=\"obfx-grid-wrapper\"><article class=\"obfx-grid-col obfx-no-image\"><div class=\"obfx-grid-col-content\">\t\t\t<h2 class=\"entry-title obfx-grid-title\">\n\t\t\t\t\t\t\t<a href=\"https:\/\/cri.it\/campania\/atti-dellassemblea-regionale-2\/\" title=\"Atti dell&#8217;Assemblea Regionale\">\n\t\t\t\t\tAtti dell&#8217;Assemblea Regionale\t\t\t\t<\/a>\n\t\t\t\t\t\t\t<\/h2>\n\t\t\t\t\t\t\t<div class=\"entry-meta obfx-grid-meta\">\n\n\t\t\t\t\t\t\t\t\t\t\t\t\t<span class=\"obfx-grid-date\">\n\t\t\t\t\t\t\t\t\t<i class=\"fas fa-calendar\"><\/i>26 Settembre 2024\t\t\t\t\t\t\t\t<\/span>\n\t\t\t\t\t\t\t\t\n\t\t\t\t<\/div>\n\t\t\t\t\t\t\t<div class=\"entry-content obfx-grid-content\">\n\t\t\t\tAnno 2024 Assemblea Regionale Campania del 29.09.2024 delibere n. 1-2 Anno 2025 Assemblea Regionale Campania del 22.10.2025 delibere n. 1-2 Assemblea Regionale Campania del 29.12.2025 delibera n. 3 Anno 2026\t\t\t<\/div>\n\t\t\t<\/div><\/article><\/div><div class=\"obfx-grid-wrapper\"><article class=\"obfx-grid-col obfx-no-image\"><div class=\"obfx-grid-col-content\">\t\t\t<h2 class=\"entry-title obfx-grid-title\">\n\t\t\t\t\t\t\t<a href=\"https:\/\/cri.it\/campania\/atti-2024-dellassemblea-regionale-2\/\" title=\"Atti del Comitato Regionale\">\n\t\t\t\t\tAtti del Comitato Regionale\t\t\t\t<\/a>\n\t\t\t\t\t\t\t<\/h2>\n\t\t\t\t\t\t\t<div class=\"entry-meta obfx-grid-meta\">\n\n\t\t\t\t\t\t\t\t\t\t\t\t\t<span class=\"obfx-grid-date\">\n\t\t\t\t\t\t\t\t\t<i class=\"fas fa-calendar\"><\/i>26 Settembre 2024\t\t\t\t\t\t\t\t<\/span>\n\t\t\t\t\t\t\t\t\n\t\t\t\t<\/div>\n\t\t\t\t\t\t\t<div class=\"entry-content obfx-grid-content\">\n\t\t\t\tAnno 2024 OBBLIGHI DI PUBBLICIT\u00c0 anno 2023 &#8211; LEGGE 124.17 Anno 2025 Anno 2026\t\t\t<\/div>\n\t\t\t<\/div><\/article><\/div><div class=\"obfx-grid-wrapper\"><article class=\"obfx-grid-col obfx-no-image\"><div class=\"obfx-grid-col-content\">\t\t\t<h2 class=\"entry-title obfx-grid-title\">\n\t\t\t\t\t\t\t<a href=\"https:\/\/cri.it\/campania\/provvedimenti-segretario-regionale-2024-2\/\" title=\"Provvedimenti 2024 Segretario Regionale CRI Campania\">\n\t\t\t\t\tProvvedimenti 2024 Segretario Regionale CRI Campania\t\t\t\t<\/a>\n\t\t\t\t\t\t\t<\/h2>\n\t\t\t\t\t\t\t<div class=\"entry-meta obfx-grid-meta\">\n\n\t\t\t\t\t\t\t\t\t\t\t\t\t<span class=\"obfx-grid-date\">\n\t\t\t\t\t\t\t\t\t<i class=\"fas fa-calendar\"><\/i>26 Settembre 2024\t\t\t\t\t\t\t\t<\/span>\n\t\t\t\t\t\t\t\t\n\t\t\t\t<\/div>\n\t\t\t\t\t\t\t<div class=\"entry-content obfx-grid-content\">\n\t\t\t\tProvvedimento Segretario Regionale 2024.1 Provvedimento Segretario Regionale 2024.2 Provvedimento Segretario Regionale 2024.3 Provvedimento Segretario Regionale 2024.4 Provvedimento Segretario Regionale 2024.5 Provvedimento Segretario Regionale 2024.6 Provvedimento Segretario Regionale 2024.7 Provvedimento Segretario&hellip;\t\t\t<\/div>\n\t\t\t<\/div><\/article><\/div><div class=\"obfx-grid-wrapper\"><article class=\"obfx-grid-col obfx-no-image\"><div class=\"obfx-grid-col-content\">\t\t\t<h2 class=\"entry-title obfx-grid-title\">\n\t\t\t\t\t\t\t<a href=\"https:\/\/cri.it\/campania\/atti-2024-del-consiglio-direttivo-regionale\/\" title=\"Atti del Consiglio Direttivo Regionale\">\n\t\t\t\t\tAtti del Consiglio Direttivo Regionale\t\t\t\t<\/a>\n\t\t\t\t\t\t\t<\/h2>\n\t\t\t\t\t\t\t<div class=\"entry-meta obfx-grid-meta\">\n\n\t\t\t\t\t\t\t\t\t\t\t\t\t<span class=\"obfx-grid-date\">\n\t\t\t\t\t\t\t\t\t<i class=\"fas fa-calendar\"><\/i>26 Settembre 2024\t\t\t\t\t\t\t\t<\/span>\n\t\t\t\t\t\t\t\t\n\t\t\t\t<\/div>\n\t\t\t\t\t\t\t<div class=\"entry-content obfx-grid-content\">\n\t\t\t\tAnno 2024 CDR del 31.01.2024 &#8211; delibere n. 1-2-3-4\u00a0 CDR del 10.07.2024 &#8211; delibere n. 5-6\u00a0 CDR del 31.07.2024 &#8211; delibere n. 7-8\u00a0 CDR del 08.08.2024 delibera n. 9\u00a0 CDR&hellip;\t\t\t<\/div>\n\t\t\t<\/div><\/article><\/div><div class=\"obfx-grid-wrapper\"><article class=\"obfx-grid-col obfx-no-image\"><div class=\"obfx-grid-col-content\">\t\t\t<h2 class=\"entry-title obfx-grid-title\">\n\t\t\t\t\t\t\t<a href=\"https:\/\/cri.it\/campania\/blog\/hestia-front\/comitato-trasparente\/elezioni-comitati-territoriali\/\" title=\"Elezioni Comitati Territoriali\">\n\t\t\t\t\tElezioni Comitati Territoriali\t\t\t\t<\/a>\n\t\t\t\t\t\t\t<\/h2>\n\t\t\t\t\t\t\t<div class=\"entry-meta obfx-grid-meta\">\n\n\t\t\t\t\t\t\t\t\t\t\t\t\t<span class=\"obfx-grid-date\">\n\t\t\t\t\t\t\t\t\t<i class=\"fas fa-calendar\"><\/i>22 Marzo 2024\t\t\t\t\t\t\t\t<\/span>\n\t\t\t\t\t\t\t\t\n\t\t\t\t<\/div>\n\t\t\t\t\t\t\t<div class=\"entry-content obfx-grid-content\">\n\t\t\t\tElezioni Comitati CRI Campania\u00a0 Domenica 19 maggio 2024 si sono svolte presso 11 Comitati Territoriali della\u00a0 Campania le elezioni per il rinnovo degli organi statutari.\u00a0 Il 17 novembre 2024 si&hellip;\t\t\t<\/div>\n\t\t\t<\/div><\/article><\/div><div class=\"obfx-grid-wrapper\"><article class=\"obfx-grid-col obfx-no-image\"><div class=\"obfx-grid-col-content\">\t\t\t<h2 class=\"entry-title obfx-grid-title\">\n\t\t\t\t\t\t\t<a href=\"https:\/\/cri.it\/campania\/hestia-front\/comitato-trasparente\/provvedimenti-2024-presidente-regionale-cri-campania-3\/\" title=\"Provvedimenti 2024 Presidente Regionale CRI Campania\">\n\t\t\t\t\tProvvedimenti 2024 Presidente Regionale CRI Campania\t\t\t\t<\/a>\n\t\t\t\t\t\t\t<\/h2>\n\t\t\t\t\t\t\t<div class=\"entry-meta obfx-grid-meta\">\n\n\t\t\t\t\t\t\t\t\t\t\t\t\t<span class=\"obfx-grid-date\">\n\t\t\t\t\t\t\t\t\t<i class=\"fas fa-calendar\"><\/i>15 Febbraio 2024\t\t\t\t\t\t\t\t<\/span>\n\t\t\t\t\t\t\t\t\n\t\t\t\t<\/div>\n\t\t\t\t\t\t\t<div class=\"entry-content obfx-grid-content\">\n\t\t\t\tProvvedimenti-2024-Presidente-Regionale-CRI-Campania-06 Provvedimenti-2024-Presidente-Regionale-CRI-Campania-07 Provvedimenti-2024-Presidente-Regionale-CRI-Campania-15 Provvedimenti-2024-Presidente-Regionale-CRI-Campania-16 Provvedimenti-2024-Presidente-Regionale-CRI-Campania-17 Provvedimenti-2024-Presidente-Regionale-CRI-Campania-18 Provvedimenti-2024-Presidente-Regionale-CRI-Campania-19 Provvedimenti-2024-Presidente-Regionale-CRI-Campania-21 Provvedimenti-2024-Presidente-Regionale-CRI-Campania-23 Provvedimenti-2024-Presidente-Regionale-CRI-Campania-25 Provvedimenti-2024-Presidente-Regionale-CRI-Campania-26 Provvedimenti-2024-Presidente-Regionale-CRI-Campania-27 Provvedimenti-2024-Presidente-Regionale-CRI-Campania-28 Provvedimenti-2024-Presidente-Regionale-CRI-Campania-29 Provvedimenti-2024-Presidente-Regionale-CRI-Campania-30 Provvedimenti-2024-Presidente-Regionale-CRI-Campania-31 Provvedimenti-2024-Presidente-Regionale-CRI-Campania-32 Provvedimenti-2024-Presidente-Regionale-CRI-Campania-34 Provvedimenti-2024-Presidente-Regionale-CRI-Campania-35 Provvedimenti-2024-Presidente-Regionale-CRI-Campania-36 Provvedimenti-2024-Presidente-Regionale-CRI-Campania-37 Provvedimenti-2024-Presidente-Regionale-CRI-Campania-38 Provvedimenti-2024-Presidente-Regionale-CRI-Campania-39 Provvedimenti-2024-Presidente-Regionale-CRI-Campania-40 Provvedimenti-2024-Presidente-Regionale-CRI-Campania-41 Provvedimenti-2024-Presidente-Regionale-CRI-Campania-42 Provvedimenti-2024-Presidente-Regionale-CRI-Campania-43 Provvedimenti-2024-Presidente-Regionale-CRI-Campania-44 Provvedimenti-2024-Presidente-Regionale-CRI-Campania-45 Provvedimenti-2024-Presidente-Regionale-CRI-Campania-46&hellip;\t\t\t<\/div>\n\t\t\t<\/div><\/article><\/div><div class=\"obfx-grid-wrapper\"><article class=\"obfx-grid-col obfx-no-image\"><div class=\"obfx-grid-col-content\">\t\t\t<h2 class=\"entry-title obfx-grid-title\">\n\t\t\t\t\t\t\t<a href=\"https:\/\/cri.it\/campania\/hestia-front\/comitato-trasparente\/provvedimenti-2023-presidente-regionale-cri-campania-2\/\" title=\"Provvedimenti 2023 Presidente Regionale CRI Campania\">\n\t\t\t\t\tProvvedimenti 2023 Presidente Regionale CRI Campania\t\t\t\t<\/a>\n\t\t\t\t\t\t\t<\/h2>\n\t\t\t\t\t\t\t<div class=\"entry-meta obfx-grid-meta\">\n\n\t\t\t\t\t\t\t\t\t\t\t\t\t<span class=\"obfx-grid-date\">\n\t\t\t\t\t\t\t\t\t<i class=\"fas fa-calendar\"><\/i>2 Maggio 2023\t\t\t\t\t\t\t\t<\/span>\n\t\t\t\t\t\t\t\t\n\t\t\t\t<\/div>\n\t\t\t\t\t\t\t<div class=\"entry-content obfx-grid-content\">\n\t\t\t\tProvvedimenti-2023-Presidente-Regionale-CRI-Campania-01 Provvedimenti-2023-Presidente-Regionale-CRI-Campania-02 Provvedimenti-2023-Presidente-Regionale-CRI-Campania-03 Provvedimenti-2023-Presidente-Regionale-CRI-Campania-04 Provvedimenti-2023-Presidente-Regionale-CRI-Campania-05 Provvedimenti-2023-Presidente-Regionale-CRI-Campania-06 Provvedimenti-2023-Presidente-Regionale-CRI-Campania-07 Provvedimenti-2023-Presidente-Regionale-CRI-Campania-08 Provvedimenti-2023-Presidente-Regionale-CRI-Campania-09 Provvedimenti-2023-Presidente-Regionale-CRI-Campania-10 Provvedimenti-2023-Presidente-Regionale-CRI-Campania-11 Provvedimenti-2023-Presidente-Regionale-CRI-Campania-12 Provvedimenti-2023-Presidente-Regionale-CRI-Campania-13 Provvedimenti-2023-Presidente-Regionale-CRI-Campania-14 Provvedimenti-2023-Presidente-Regionale-CRI-Campania-15 Provvedimenti-2023-Presidente-Regionale-CRI-Campania-16 Provvedimenti-2023-Presidente-Regionale-CRI-Campania-17 Provvedimenti-2023-Presidente-Regionale-CRI-Campania-18 Provvedimenti-2023-Presidente-Regionale-CRI-Campania-19 Provvedimenti-2023-Presidente-Regionale-CRI-Campania-20 Provvedimenti-2023-Presidente-Regionale-CRI-Campania-21 Provvedimenti-2023-Presidente-Regionale-CRI-Campania-22 Provvedimenti-2023-Presidente-Regionale-CRI-Campania-23 Provvedimenti-2023-Presidente-Regionale-CRI-Campania-24 Provvedimenti-2023-Presidente-Regionale-CRI-Campania-25 Provvedimenti-2023-Presidente-Regionale-CRI-Campania-26 Provvedimenti-2023-Presidente-Regionale-CRI-Campania-27 Provvedimenti-2023-Presidente-Regionale-CRI-Campania-28 Provvedimenti-2023-Presidente-Regionale-CRI-Campania-29 Provvedimenti-2023-Presidente-Regionale-CRI-Campania-30&hellip;\t\t\t<\/div>\n\t\t\t<\/div><\/article><\/div><div class=\"obfx-grid-wrapper\"><article class=\"obfx-grid-col\"><div class=\"obfx-grid-col-image\" style=\"\"><a href=\"https:\/\/cri.it\/campania\/2023\/02\/01\/provvedimenti-2023-presidente-regionale-cri-campania\/\" title=\"Provvedimenti 2023 Presidente Regionale CRI Campania\"><img fetchpriority=\"high\" decoding=\"async\" width=\"1254\" height=\"1280\" src=\"https:\/\/cri.it\/campania\/wp-content\/uploads\/sites\/6\/2023\/02\/LOGO-REG-CAMPANIA-scaled-e1700065430952.jpg\" class=\"img-responsive wp-post-image\" alt=\"LOGO REG CAMPANIA\" srcset=\"https:\/\/cri.it\/campania\/wp-content\/uploads\/sites\/6\/2023\/02\/LOGO-REG-CAMPANIA-scaled-e1700065430952.jpg 1254w, https:\/\/cri.it\/campania\/wp-content\/uploads\/sites\/6\/2023\/02\/LOGO-REG-CAMPANIA-scaled-e1700065430952-294x300.jpg 294w, https:\/\/cri.it\/campania\/wp-content\/uploads\/sites\/6\/2023\/02\/LOGO-REG-CAMPANIA-scaled-e1700065430952-1003x1024.jpg 1003w, https:\/\/cri.it\/campania\/wp-content\/uploads\/sites\/6\/2023\/02\/LOGO-REG-CAMPANIA-scaled-e1700065430952-768x784.jpg 768w\" sizes=\"(max-width: 1254px) 100vw, 1254px\" \/><\/a><\/div><div class=\"obfx-grid-col-content\">\t\t\t<h2 class=\"entry-title obfx-grid-title\">\n\t\t\t\t\t\t\t<a href=\"https:\/\/cri.it\/campania\/2023\/02\/01\/provvedimenti-2023-presidente-regionale-cri-campania\/\" title=\"Provvedimenti 2023 Presidente Regionale CRI Campania\">\n\t\t\t\t\tProvvedimenti 2023 Presidente Regionale CRI Campania\t\t\t\t<\/a>\n\t\t\t\t\t\t\t<\/h2>\n\t\t\t\t\t\t\t<div class=\"entry-meta obfx-grid-meta\">\n\n\t\t\t\t\t\t\t\t\t\t\t\t\t<span class=\"obfx-grid-date\">\n\t\t\t\t\t\t\t\t\t<i class=\"fas fa-calendar\"><\/i>1 Febbraio 2023\t\t\t\t\t\t\t\t<\/span>\n\t\t\t\t\t\t\t\t\n\t\t\t\t<\/div>\n\t\t\t\t\t\t\t<div class=\"entry-content obfx-grid-content\">\n\t\t\t\t&nbsp; Provvedimenti-2023-Presidente-Regionale-CRI-Campania-01 Provvedimenti-2023-Presidente-Regionale-CRI-Campania-02 Provvedimenti-2023-Presidente-Regionale-CRI-Campania-03 Provvedimenti-2023-Presidente-Regionale-CRI-Campania-04 Provvedimenti-2023-Presidente-Regionale-CRI-Campania-05 Provvedimenti-2023-Presidente-Regionale-CRI-Campania-06 Provvedimenti-2023-Presidente-Regionale-CRI-Campania-07 Provvedimenti-2023-Presidente-Regionale-CRI-Campania-08\t\t\t<\/div>\n\t\t\t<\/div><\/article><\/div><div class=\"obfx-grid-wrapper\"><article class=\"obfx-grid-col\"><div class=\"obfx-grid-col-image\" style=\"\"><a href=\"https:\/\/cri.it\/campania\/hestia-front\/comitato-trasparente\/provvedimenti-2022-presidente-regionale-cri-campania\/\" title=\"Provvedimenti 2022 Presidente Regionale CRI Campania\"><img fetchpriority=\"high\" decoding=\"async\" width=\"1254\" height=\"1280\" src=\"https:\/\/cri.it\/campania\/wp-content\/uploads\/sites\/6\/2023\/02\/LOGO-REG-CAMPANIA-scaled-e1700065430952.jpg\" class=\"img-responsive wp-post-image\" alt=\"LOGO REG CAMPANIA\" srcset=\"https:\/\/cri.it\/campania\/wp-content\/uploads\/sites\/6\/2023\/02\/LOGO-REG-CAMPANIA-scaled-e1700065430952.jpg 1254w, https:\/\/cri.it\/campania\/wp-content\/uploads\/sites\/6\/2023\/02\/LOGO-REG-CAMPANIA-scaled-e1700065430952-294x300.jpg 294w, https:\/\/cri.it\/campania\/wp-content\/uploads\/sites\/6\/2023\/02\/LOGO-REG-CAMPANIA-scaled-e1700065430952-1003x1024.jpg 1003w, https:\/\/cri.it\/campania\/wp-content\/uploads\/sites\/6\/2023\/02\/LOGO-REG-CAMPANIA-scaled-e1700065430952-768x784.jpg 768w\" sizes=\"(max-width: 1254px) 100vw, 1254px\" \/><\/a><\/div><div class=\"obfx-grid-col-content\">\t\t\t<h2 class=\"entry-title obfx-grid-title\">\n\t\t\t\t\t\t\t<a href=\"https:\/\/cri.it\/campania\/hestia-front\/comitato-trasparente\/provvedimenti-2022-presidente-regionale-cri-campania\/\" title=\"Provvedimenti 2022 Presidente Regionale CRI Campania\">\n\t\t\t\t\tProvvedimenti 2022 Presidente Regionale CRI Campania\t\t\t\t<\/a>\n\t\t\t\t\t\t\t<\/h2>\n\t\t\t\t\t\t\t<div class=\"entry-meta obfx-grid-meta\">\n\n\t\t\t\t\t\t\t\t\t\t\t\t\t<span class=\"obfx-grid-date\">\n\t\t\t\t\t\t\t\t\t<i class=\"fas fa-calendar\"><\/i>11 Gennaio 2023\t\t\t\t\t\t\t\t<\/span>\n\t\t\t\t\t\t\t\t\n\t\t\t\t<\/div>\n\t\t\t\t\t\t\t<div class=\"entry-content obfx-grid-content\">\n\t\t\t\tProvvedimenti 2022 Presidente Regionale CRI Campania 01 Provvedimenti 2022 Presidente Regionale CRI Campania 02 Provvedimenti 2022 Presidente Regionale CRI Campania 03 Provvedimenti 2022 Presidente Regionale CRI Campania 04 Provvedimenti 2022&hellip;\t\t\t<\/div>\n\t\t\t<\/div><\/article><\/div>\t\t\t\t<div class=\"obfx-grid-pagination\">\n\t\t\t\t\t\t\t\t\t\t<nav class=\"pagination\">\n\t\t\t\t\t\t<span aria-current=\"page\" class=\"page-numbers current\">1<\/span>\n<a class=\"page-numbers\" href=\"https:\/\/cri.it\/campania\/wp-json\/wp\/v2\/pages\/737\/page\/2\/\">2<\/a>\n<a class=\"next page-numbers\" href=\"https:\/\/cri.it\/campania\/wp-json\/wp\/v2\/pages\/737\/page\/2\/\">Next<\/a>\t\t\t\t\t<\/nav>\n\t\t\t\t<\/div>\n\t\t\t\t<\/div><!-- .obfx-grid-container --><\/div><!-- .obfx-grid -->\t\t\t\t<\/div>\n\t\t\t\t<\/div>\n\t\t\t\t\t<\/div>\n\t\t<\/div>\n\t\t\t\t\t<\/div>\n\t\t<\/section>\n\t\t\t\t<\/div>\n\t\t","protected":false},"excerpt":{"rendered":"<p>comunicato stampa \u2013 Pagani la XIX Gara Regionale di primo soccorso 2 Settembre 2022 Il 4 settembre si svolger\u00e0 a Pagani la XIX Gara Regionale di primo soccorso. La citt\u00e0 si trasformer\u00e0 in una campo di gara. Protagonisti della giornata saranno i volontari provenienti\u2026 XIX Gara Regionale di Primo Soccorso [&hellip;]<\/p>\n","protected":false},"author":85,"featured_media":0,"parent":386,"menu_order":1,"comment_status":"closed","ping_status":"closed","template":"page-templates\/template-fullwidth.php","meta":{"_themeisle_gutenberg_block_has_review":false,"footnotes":""},"categories":[],"tags":[],"class_list":["post-737","page","type-page","status-publish","hentry"],"_links":{"self":[{"href":"https:\/\/cri.it\/campania\/wp-json\/wp\/v2\/pages\/737","targetHints":{"allow":["GET"]}}],"collection":[{"href":"https:\/\/cri.it\/campania\/wp-json\/wp\/v2\/pages"}],"about":[{"href":"https:\/\/cri.it\/campania\/wp-json\/wp\/v2\/types\/page"}],"author":[{"embeddable":true,"href":"https:\/\/cri.it\/campania\/wp-json\/wp\/v2\/users\/85"}],"replies":[{"embeddable":true,"href":"https:\/\/cri.it\/campania\/wp-json\/wp\/v2\/comments?post=737"}],"version-history":[{"count":4,"href":"https:\/\/cri.it\/campania\/wp-json\/wp\/v2\/pages\/737\/revisions"}],"predecessor-version":[{"id":771,"href":"https:\/\/cri.it\/campania\/wp-json\/wp\/v2\/pages\/737\/revisions\/771"}],"up":[{"embeddable":true,"href":"https:\/\/cri.it\/campania\/wp-json\/wp\/v2\/pages\/386"}],"wp:attachment":[{"href":"https:\/\/cri.it\/campania\/wp-json\/wp\/v2\/media?parent=737"}],"wp:term":[{"taxonomy":"category","embeddable":true,"href":"https:\/\/cri.it\/campania\/wp-json\/wp\/v2\/categories?post=737"},{"taxonomy":"post_tag","embeddable":true,"href":"https:\/\/cri.it\/campania\/wp-json\/wp\/v2\/tags?post=737"}],"curies":[{"name":"wp","href":"https:\/\/api.w.org\/{rel}","templated":true}]}}