{"id":992,"date":"2021-10-04T14:32:46","date_gmt":"2021-10-04T12:32:46","guid":{"rendered":"https:\/\/cri.it\/calabria\/?page_id=992"},"modified":"2022-01-04T14:06:57","modified_gmt":"2022-01-04T13:06:57","slug":"statuto","status":"publish","type":"page","link":"https:\/\/cri.it\/calabria\/chi-siamo\/statuto\/","title":{"rendered":"Statuto"},"content":{"rendered":"\t\t<div data-elementor-type=\"wp-page\" data-elementor-id=\"992\" class=\"elementor elementor-992\">\n\t\t\t\t\t\t<section class=\"elementor-section elementor-top-section elementor-element elementor-element-7282882a elementor-section-boxed elementor-section-height-default elementor-section-height-default\" data-id=\"7282882a\" data-element_type=\"section\" data-e-type=\"section\">\n\t\t\t\t\t\t<div class=\"elementor-container elementor-column-gap-default\">\n\t\t\t\t\t<div class=\"elementor-column elementor-col-100 elementor-top-column elementor-element elementor-element-18fd14b3\" data-id=\"18fd14b3\" data-element_type=\"column\" data-e-type=\"column\">\n\t\t\t<div class=\"elementor-widget-wrap elementor-element-populated\">\n\t\t\t\t\t\t<div class=\"elementor-element elementor-element-3a75d6d4 elementor-widget elementor-widget-text-editor\" data-id=\"3a75d6d4\" data-element_type=\"widget\" data-e-type=\"widget\" data-widget_type=\"text-editor.default\">\n\t\t\t\t<div class=\"elementor-widget-container\">\n\t\t\t\t\t\t\t\t\t<h3>Costituzione e Principi Fondamentali<\/h3>\nLa\u00a0<b>Croce Rossa Italiana<\/b>, fondata il\u00a0<b>15 giugno 1864<\/b>\u00a0ed eretta originariamente in corpo morale con\u00a0<b>Regio Decreto 7 febbraio 1884 n. 1243<\/b>, \u00e8 un\u2019<b>Associazione senza fini di lucro<\/b><span>\u00a0<\/span>che si basa sulle\u00a0<b>Convenzioni di Ginevra del 1949<\/b>\u00a0e sui successivi\u00a0<b>Protocolli aggiuntivi<\/b>, di cui la Repubblica Italiana \u00e8 firmataria.\n\n<b>I principi\u00a0del Diritto Internazionale Umanitario<\/b><b>(DIU)<\/b><span>\u00a0<\/span>sono rispettati in ogni tempo dall\u2019Associazione della Croce Rossa Italiana e ne guidano l\u2019opera.\u00a0<b>La Croce Rossa Italiana rispetta ed agisce in conformit\u00e0 ai\u00a0<a href=\"https:\/\/cri.it\/chi-siamo\/storia-e-principi\/\">Principi Fondamentali\u00a0<\/a>del Movimento Internazionale della Croce Rossa e della Mezzaluna Rossa<\/b>, adottati dalla XX Conferenza Internazionale della Croce Rossa e riaffermati dalla XXV Conferenza Internazionale della Croce Rossa.\n<h3>Status Giuridico<\/h3>\nL\u2019<b>Associazione della Croce Rossa Italiana\u00a0(CRI)\u00a0\u00e8\u00a0<a href=\"https:\/\/cri.it\/2016\/02\/23\/croce-rossa-ha-cambiato-personalita-giuridica\/\"  rel=\"noopener\">persona giuridica di diritto privato<\/a><\/b>\u00a0ai sensi e per gli effetti del decreto legislativo\u00a0<b>28 settembre 2012<\/b>\u00a0e\u00a0ss.mm. ii e del Libro Primo, titolo II, capo II, del Codice Civile.\u00a0<b>L\u2019Associazione\u00a0svolge compiti di interesse pubblico, \u00e8 ausiliaria dei pubblici poteri nel settore umanitario<\/b>\u00a0ed \u00e8\u00a0<b>posta sotto l\u2019alto Patronato del Presidente della Repubblica<\/b>. La Croce Rossa Italiana \u00e8 ufficialmente riconosciuta dalla Repubblica Italiana quale Societ\u00e0 volontaria di soccorso ed assistenza,\u00a0in conformit\u00e0 alle Convenzioni di Ginevra ed ai successivi Protocolli aggiuntivi, e quale unica Societ\u00e0 Nazionale della Croce Rossa autorizzata ad esplicare le sue attivit\u00e0 sul territorio italiano.\u00a0Dal\u00a0<b>2017<\/b>, anno\u00a0di entrata in vigore della Riforma del Terzo Settore, la\u00a0<b>CRI \u00e8 iscritta nel<span>\u00a0<\/span><a href=\"https:\/\/cri.it\/riformaterzosettore\/\">Registro degli Enti del Terzo Settore in qualit\u00e0 di \u201cOrganizzazione di Volontariato\u201d<\/a><\/b>.\u00a0Per effetto della sua articolazione territoriale sul territorio nazionale, la CRI si qualifica altres\u00ec quale<span>\u00a0<\/span><b>\u201crete associativa nazionale\u201d<span>\u00a0<\/span><\/b>ai sensi del Codice del Terzo settore.\n<h3>Obiettivi Generali<\/h3>\nL\u2019obiettivo principale della Croce Rossa Italiana \u00e8 quello di\u00a0<b>prevenire ed alleviare la sofferenza in maniera imparziale, senza distinzione di nazionalit\u00e0, razza, sesso, credo religioso, lingua, classe sociale o opinione politica<\/b>, contribuendo al mantenimento e alla\u00a0<b>promozione della dignit\u00e0 umana<\/b>\u00a0e di una\u00a0<b>cultura della non violenza e della pace<\/b>.\n<h3>I Soci<\/h3>\nI soci della Croce Rossa Italiana, attraverso un sistema di rappresentanza, ne determinano la politica, la strategia, gli obiettivi e gli organi di governo. Tramite i suoi membri, la Croce Rossa Italiana individua i bisogni e fornisce assistenza in maniera imparziale. I soci della Croce Rossa Italiana si distinguono in\u00a0<b>volontari, sostenitori, benemeriti e onorari.<\/b>\n<h3>Emblema<\/h3>\nTra gli\u00a0<b>emblemi previsti dalle Convenzioni di Ginevra e dai successivi Protocolli aggiuntivi<\/b>, la Croce Rossa Italiana adotta come proprio la\u00a0<b>croce rossa su fondo bianco<\/b>. Tale emblema, posto all\u2019interno di due cerchi concentrici di colore rosso, tra i quali \u00e8 riportata la scritta \u201cConvenzione di Ginevra 22 agosto 1864\u201d e sempre abbinato alla scritta per esteso \u201cCroce Rossa Italiana\u201d ne costituisce il\u00a0<b><a href=\"https:\/\/cri.it\/chi-siamo\/identita-visiva\/\" data-saferedirecturl=\"https:\/\/www.google.com\/url?q=https:\/\/cri.it\/identitavisiva&amp;source=gmail&amp;ust=1594889181561000&amp;usg=AFQjCNEYmhn_YBUZEYCrWCJ77J_PF3wuew\" rel=\"noopener\">logotipo identificativo<\/a><\/b>.\t\t\t\t\t\t\t\t<\/div>\n\t\t\t\t<\/div>\n\t\t\t\t\t<\/div>\n\t\t<\/div>\n\t\t\t\t\t<\/div>\n\t\t<\/section>\n\t\t\t\t<section class=\"elementor-section elementor-top-section elementor-element elementor-element-9ff107b elementor-section-boxed elementor-section-height-default elementor-section-height-default\" data-id=\"9ff107b\" data-element_type=\"section\" data-e-type=\"section\">\n\t\t\t\t\t\t<div class=\"elementor-container elementor-column-gap-default\">\n\t\t\t\t\t<div class=\"elementor-column elementor-col-100 elementor-top-column elementor-element elementor-element-656b481\" data-id=\"656b481\" data-element_type=\"column\" data-e-type=\"column\">\n\t\t\t<div class=\"elementor-widget-wrap elementor-element-populated\">\n\t\t\t\t\t\t<div class=\"elementor-element elementor-element-d430825 elementor-widget-divider--view-line elementor-widget elementor-widget-divider\" data-id=\"d430825\" data-element_type=\"widget\" data-e-type=\"widget\" data-widget_type=\"divider.default\">\n\t\t\t\t<div class=\"elementor-widget-container\">\n\t\t\t\t\t\t\t<div class=\"elementor-divider\">\n\t\t\t<span class=\"elementor-divider-separator\">\n\t\t\t\t\t\t<\/span>\n\t\t<\/div>\n\t\t\t\t\t\t<\/div>\n\t\t\t\t<\/div>\n\t\t\t\t\t<\/div>\n\t\t<\/div>\n\t\t\t\t\t<\/div>\n\t\t<\/section>\n\t\t\t\t<section class=\"elementor-section elementor-top-section elementor-element elementor-element-9b6c79c elementor-section-full_width elementor-section-height-default elementor-section-height-default\" data-id=\"9b6c79c\" data-element_type=\"section\" data-e-type=\"section\">\n\t\t\t\t\t\t<div class=\"elementor-container elementor-column-gap-default\">\n\t\t\t\t\t<div class=\"elementor-column elementor-col-100 elementor-top-column elementor-element elementor-element-c14ed4f\" data-id=\"c14ed4f\" data-element_type=\"column\" data-e-type=\"column\">\n\t\t\t<div class=\"elementor-widget-wrap elementor-element-populated\">\n\t\t\t\t\t\t<div class=\"elementor-element elementor-element-f15abb5 elementor-widget elementor-widget-accordion\" data-id=\"f15abb5\" data-element_type=\"widget\" data-e-type=\"widget\" data-widget_type=\"accordion.default\">\n\t\t\t\t<div class=\"elementor-widget-container\">\n\t\t\t\t\t\t\t<div class=\"elementor-accordion\">\n\t\t\t\t\t\t\t<div class=\"elementor-accordion-item\">\n\t\t\t\t\t<div id=\"elementor-tab-title-2531\" class=\"elementor-tab-title\" data-tab=\"1\" role=\"button\" aria-controls=\"elementor-tab-content-2531\" aria-expanded=\"false\">\n\t\t\t\t\t\t\t\t\t\t\t\t\t<span class=\"elementor-accordion-icon elementor-accordion-icon-left\" aria-hidden=\"true\">\n\t\t\t\t\t\t\t\t\t\t\t\t\t\t\t<span class=\"elementor-accordion-icon-closed\"><i class=\"fas fa-caret-right\"><\/i><\/span>\n\t\t\t\t\t\t\t\t<span class=\"elementor-accordion-icon-opened\"><i class=\"fas fa-caret-up\"><\/i><\/span>\n\t\t\t\t\t\t\t\t\t\t\t\t\t\t<\/span>\n\t\t\t\t\t\t\t\t\t\t\t\t<a class=\"elementor-accordion-title\" tabindex=\"0\">Allegati<\/a>\n\t\t\t\t\t<\/div>\n\t\t\t\t\t<div id=\"elementor-tab-content-2531\" class=\"elementor-tab-content elementor-clearfix\" data-tab=\"1\" role=\"region\" aria-labelledby=\"elementor-tab-title-2531\"><p><a href=\"https:\/\/cri.it\/wp-content\/uploads\/2021\/05\/STATUTO-CRI_30.04.2021.pdf\" class=\"mtli_attachment mtli_pdf\" class=\"mtli_attachment mtli_pdf\" rel=\"mtli_filesize650,61kB\"><span class=\"webkit-html-attribute-value\">Statuto dell\u2019Associazione della Croce Rossa Italiana \u2013 ODV\u00a0<\/span><\/a><\/p><p><a href=\"https:\/\/cri.it\/wp-content\/uploads\/2021\/02\/BYLAWS_OF_THE_ITALIAN_RED_CROSS.pdf\" class=\"mtli_attachment mtli_pdf\" class=\"mtli_attachment mtli_pdf\" rel=\"mtli_filesize398,44kB\">Bylaws of the Italian Red Cross\u00a0<\/a><\/p><\/div>\n\t\t\t\t<\/div>\n\t\t\t\t\t\t\t\t<\/div>\n\t\t\t\t\t\t<\/div>\n\t\t\t\t<\/div>\n\t\t\t\t\t<\/div>\n\t\t<\/div>\n\t\t\t\t\t<\/div>\n\t\t<\/section>\n\t\t\t\t<\/div>\n\t\t","protected":false},"excerpt":{"rendered":"<p>Costituzione e Principi Fondamentali La\u00a0Croce Rossa Italiana, fondata il\u00a015 giugno 1864\u00a0ed eretta originariamente in corpo morale con\u00a0Regio Decreto 7 febbraio 1884 n. 1243, \u00e8 un\u2019Associazione senza fini di lucro\u00a0che si basa sulle\u00a0Convenzioni di Ginevra del 1949\u00a0e sui successivi\u00a0Protocolli aggiuntivi, di cui la Repubblica Italiana \u00e8 firmataria. I principi\u00a0del Diritto Internazionale [&hellip;]<\/p>\n","protected":false},"author":68,"featured_media":989,"parent":881,"menu_order":0,"comment_status":"closed","ping_status":"closed","template":"","meta":{"_themeisle_gutenberg_block_has_review":false,"footnotes":""},"categories":[],"tags":[],"class_list":["post-992","page","type-page","status-publish","has-post-thumbnail","hentry"],"_links":{"self":[{"href":"https:\/\/cri.it\/calabria\/wp-json\/wp\/v2\/pages\/992","targetHints":{"allow":["GET"]}}],"collection":[{"href":"https:\/\/cri.it\/calabria\/wp-json\/wp\/v2\/pages"}],"about":[{"href":"https:\/\/cri.it\/calabria\/wp-json\/wp\/v2\/types\/page"}],"author":[{"embeddable":true,"href":"https:\/\/cri.it\/calabria\/wp-json\/wp\/v2\/users\/68"}],"replies":[{"embeddable":true,"href":"https:\/\/cri.it\/calabria\/wp-json\/wp\/v2\/comments?post=992"}],"version-history":[{"count":3,"href":"https:\/\/cri.it\/calabria\/wp-json\/wp\/v2\/pages\/992\/revisions"}],"predecessor-version":[{"id":1094,"href":"https:\/\/cri.it\/calabria\/wp-json\/wp\/v2\/pages\/992\/revisions\/1094"}],"up":[{"embeddable":true,"href":"https:\/\/cri.it\/calabria\/wp-json\/wp\/v2\/pages\/881"}],"wp:featuredmedia":[{"embeddable":true,"href":"https:\/\/cri.it\/calabria\/wp-json\/wp\/v2\/media\/989"}],"wp:attachment":[{"href":"https:\/\/cri.it\/calabria\/wp-json\/wp\/v2\/media?parent=992"}],"wp:term":[{"taxonomy":"category","embeddable":true,"href":"https:\/\/cri.it\/calabria\/wp-json\/wp\/v2\/categories?post=992"},{"taxonomy":"post_tag","embeddable":true,"href":"https:\/\/cri.it\/calabria\/wp-json\/wp\/v2\/tags?post=992"}],"curies":[{"name":"wp","href":"https:\/\/api.w.org\/{rel}","templated":true}]}}