{"id":3050,"date":"2024-05-07T11:03:49","date_gmt":"2024-05-07T09:03:49","guid":{"rendered":"https:\/\/cri.it\/calabria\/?page_id=3050"},"modified":"2024-05-07T13:27:03","modified_gmt":"2024-05-07T11:27:03","slug":"elezioni-associative-2024","status":"publish","type":"page","link":"https:\/\/cri.it\/calabria\/elezioni-associative-2024\/","title":{"rendered":"ELEZIONI ASSOCIATIVE 2024"},"content":{"rendered":"\t\t<div data-elementor-type=\"wp-page\" data-elementor-id=\"3050\" class=\"elementor elementor-3050\">\n\t\t\t\t\t\t<section class=\"elementor-section elementor-top-section elementor-element elementor-element-238cc7f elementor-section-boxed elementor-section-height-default elementor-section-height-default\" data-id=\"238cc7f\" data-element_type=\"section\" data-e-type=\"section\">\n\t\t\t\t\t\t<div class=\"elementor-container elementor-column-gap-default\">\n\t\t\t\t\t<div class=\"elementor-column elementor-col-100 elementor-top-column elementor-element elementor-element-49e5bbc\" data-id=\"49e5bbc\" data-element_type=\"column\" data-e-type=\"column\">\n\t\t\t<div class=\"elementor-widget-wrap elementor-element-populated\">\n\t\t\t\t\t\t<div class=\"elementor-element elementor-element-4ffa766 elementor-drop-cap-yes elementor-drop-cap-view-default elementor-widget elementor-widget-text-editor\" data-id=\"4ffa766\" data-element_type=\"widget\" data-e-type=\"widget\" data-settings=\"{&quot;drop_cap&quot;:&quot;yes&quot;}\" data-widget_type=\"text-editor.default\">\n\t\t\t\t<div class=\"elementor-widget-container\">\n\t\t\t\t\t\t\t\t\t<div class=\"main group\"><div class=\"group-wrapper\"><div class=\"group-container\"><div class=\"group-row\"><div class=\"group-column\"><div class=\"clearfix text-formatted field field--name-body field--type-text-with-summary field--label-hidden field__item\"><p>Con delibera n. 1 del 4 gennaio 2024 il Consiglio Direttivo Nazionale ha deliberato l\u2019<em>atto d\u2019indirizzo\u00a0<\/em>per le prossime elezioni per il rinnovo delle cariche associative dei<span>\u00a0<\/span><strong>Comitati Territoriali<\/strong>,<span>\u00a0<\/span><strong>Regionali e delle Province Autonome<\/strong>, che si terranno rispettivamente nelle date<span>\u00a0<\/span><strong>19 maggio<\/strong><span>\u00a0<\/span>e<span>\u00a0<\/span><strong>16 giugno<\/strong>.<\/p><p>Successivamente, in data 2 febbraio 2024, il Presidente Nazionale ha dato mandato ai Comitati Regionali e delle Province Autonome di procedere all\u2019indizione dell\u2019elezioni territoriali secondo il calendario condiviso. Il Presidente Regionale\u00a0 ha indetto le elezioni per il territorio calabrese con il provvedimento n.03 del 19 febbraio u.s. A seguire, con provvedimento presidenziale n. 52 del 21 marzo u.s., sono state fissate le elezioni per le cariche di livello regionale.<\/p><\/div><\/div><\/div><\/div><\/div><\/div>\t\t\t\t\t\t\t\t<\/div>\n\t\t\t\t<\/div>\n\t\t\t\t\t<\/div>\n\t\t<\/div>\n\t\t\t\t\t<\/div>\n\t\t<\/section>\n\t\t\t\t<section class=\"elementor-section elementor-top-section elementor-element elementor-element-c558ee9 elementor-section-boxed elementor-section-height-default elementor-section-height-default\" data-id=\"c558ee9\" data-element_type=\"section\" data-e-type=\"section\">\n\t\t\t\t\t\t<div class=\"elementor-container elementor-column-gap-default\">\n\t\t\t\t\t<div class=\"elementor-column elementor-col-50 elementor-top-column elementor-element elementor-element-a5270ee\" data-id=\"a5270ee\" data-element_type=\"column\" data-e-type=\"column\">\n\t\t\t<div class=\"elementor-widget-wrap elementor-element-populated\">\n\t\t\t\t\t\t<div class=\"elementor-element elementor-element-5e4066a elementor-widget elementor-widget-image\" data-id=\"5e4066a\" data-element_type=\"widget\" data-e-type=\"widget\" data-settings=\"{&quot;_animation&quot;:&quot;none&quot;}\" data-widget_type=\"image.default\">\n\t\t\t\t<div class=\"elementor-widget-container\">\n\t\t\t\t\t\t\t\t\t\t\t\t\t\t\t\t<a href=\"https:\/\/cri.it\/calabria\/2024\/05\/05\/elezioni-cri-2024-comitati-territoriali\/\">\n\t\t\t\t\t\t\t<img fetchpriority=\"high\" decoding=\"async\" width=\"960\" height=\"425\" src=\"https:\/\/cri.it\/calabria\/wp-content\/uploads\/sites\/5\/2024\/05\/elezioni_2024Terr_CRI_-960x425-1.jpg\" class=\"attachment-full size-full wp-image-3061\" alt=\"\" srcset=\"https:\/\/cri.it\/calabria\/wp-content\/uploads\/sites\/5\/2024\/05\/elezioni_2024Terr_CRI_-960x425-1.jpg 960w, https:\/\/cri.it\/calabria\/wp-content\/uploads\/sites\/5\/2024\/05\/elezioni_2024Terr_CRI_-960x425-1-300x133.jpg 300w, https:\/\/cri.it\/calabria\/wp-content\/uploads\/sites\/5\/2024\/05\/elezioni_2024Terr_CRI_-960x425-1-768x340.jpg 768w\" sizes=\"(max-width: 960px) 100vw, 960px\" \/>\t\t\t\t\t\t\t\t<\/a>\n\t\t\t\t\t\t\t\t\t\t\t\t\t\t\t<\/div>\n\t\t\t\t<\/div>\n\t\t\t\t\t<\/div>\n\t\t<\/div>\n\t\t\t\t<div class=\"elementor-column elementor-col-50 elementor-top-column elementor-element elementor-element-22ad6a9\" data-id=\"22ad6a9\" data-element_type=\"column\" data-e-type=\"column\">\n\t\t\t<div class=\"elementor-widget-wrap elementor-element-populated\">\n\t\t\t\t\t\t<div class=\"elementor-element elementor-element-2772f34 elementor-widget elementor-widget-image\" data-id=\"2772f34\" data-element_type=\"widget\" data-e-type=\"widget\" data-widget_type=\"image.default\">\n\t\t\t\t<div class=\"elementor-widget-container\">\n\t\t\t\t\t\t\t\t\t\t\t\t\t\t\t\t<a href=\"https:\/\/cri.it\/calabria\/2024\/05\/05\/elezioni-cri-2024-comitato-regionale\/\">\n\t\t\t\t\t\t\t<img decoding=\"async\" width=\"960\" height=\"425\" src=\"https:\/\/cri.it\/calabria\/wp-content\/uploads\/sites\/5\/2024\/05\/elezioni_2024Reg_CRI_-960x425-1.jpg\" class=\"attachment-full size-full wp-image-3062\" alt=\"\" srcset=\"https:\/\/cri.it\/calabria\/wp-content\/uploads\/sites\/5\/2024\/05\/elezioni_2024Reg_CRI_-960x425-1.jpg 960w, https:\/\/cri.it\/calabria\/wp-content\/uploads\/sites\/5\/2024\/05\/elezioni_2024Reg_CRI_-960x425-1-300x133.jpg 300w, https:\/\/cri.it\/calabria\/wp-content\/uploads\/sites\/5\/2024\/05\/elezioni_2024Reg_CRI_-960x425-1-768x340.jpg 768w\" sizes=\"(max-width: 960px) 100vw, 960px\" \/>\t\t\t\t\t\t\t\t<\/a>\n\t\t\t\t\t\t\t\t\t\t\t\t\t\t\t<\/div>\n\t\t\t\t<\/div>\n\t\t\t\t\t<\/div>\n\t\t<\/div>\n\t\t\t\t\t<\/div>\n\t\t<\/section>\n\t\t\t\t<section class=\"elementor-section elementor-top-section elementor-element elementor-element-8723296 elementor-section-boxed elementor-section-height-default elementor-section-height-default\" data-id=\"8723296\" data-element_type=\"section\" data-e-type=\"section\">\n\t\t\t\t\t\t<div class=\"elementor-container elementor-column-gap-default\">\n\t\t\t\t\t<div class=\"elementor-column elementor-col-100 elementor-top-column elementor-element elementor-element-875cdb7\" data-id=\"875cdb7\" data-element_type=\"column\" data-e-type=\"column\">\n\t\t\t<div class=\"elementor-widget-wrap elementor-element-populated\">\n\t\t\t\t\t\t<div class=\"elementor-element elementor-element-ba7b7e0 elementor-widget elementor-widget-toggle\" data-id=\"ba7b7e0\" data-element_type=\"widget\" data-e-type=\"widget\" data-widget_type=\"toggle.default\">\n\t\t\t\t<div class=\"elementor-widget-container\">\n\t\t\t\t\t\t\t<div class=\"elementor-toggle\">\n\t\t\t\t\t\t\t<div class=\"elementor-toggle-item\">\n\t\t\t\t\t<div id=\"elementor-tab-title-1951\" class=\"elementor-tab-title\" data-tab=\"1\" role=\"button\" aria-controls=\"elementor-tab-content-1951\" aria-expanded=\"false\">\n\t\t\t\t\t\t\t\t\t\t\t\t<span class=\"elementor-toggle-icon elementor-toggle-icon-left\" aria-hidden=\"true\">\n\t\t\t\t\t\t\t\t\t\t\t\t\t\t\t<span class=\"elementor-toggle-icon-closed\"><i class=\"fas fa-caret-right\"><\/i><\/span>\n\t\t\t\t\t\t\t\t<span class=\"elementor-toggle-icon-opened\"><i class=\"elementor-toggle-icon-opened fas fa-caret-up\"><\/i><\/span>\n\t\t\t\t\t\t\t\t\t\t\t\t\t<\/span>\n\t\t\t\t\t\t\t\t\t\t\t\t<a class=\"elementor-toggle-title\" tabindex=\"0\">Circolari ed interpretazioni<\/a>\n\t\t\t\t\t<\/div>\n\n\t\t\t\t\t<div id=\"elementor-tab-content-1951\" class=\"elementor-tab-content elementor-clearfix\" data-tab=\"1\" role=\"region\" aria-labelledby=\"elementor-tab-title-1951\"><p><a href=\"https:\/\/cri.it\/calabria\/wp-content\/uploads\/sites\/5\/2024\/05\/prot_2024_08608_cn_u_15_04_2024_circolare_interpretazione_art-23.5.pdf\" class=\"mtli_attachment mtli_pdf\">prot_2024_08608_cn_u_15_04_2024_circolare_interpretazione_art-23.5<\/a><\/p><p><a href=\"https:\/\/cri.it\/calabria\/wp-content\/uploads\/sites\/5\/2024\/05\/prot_2024_02357_cn_u_31_01_2024_riscontro_richiesta_parere_status_socie_iivv_e_diritti_elettorali_attivi_e_passivi.pdf\" class=\"mtli_attachment mtli_pdf\">prot_2024_02357_cn_u_31_01_2024_riscontro_richiesta_parere_status_socie_iivv_e_diritti_elettorali_attivi_e_passivi<\/a><\/p><p><a href=\"https:\/\/cri.it\/calabria\/wp-content\/uploads\/sites\/5\/2024\/05\/prot_2024_09127_cn_u_19_04_2024_contatti_uen.pdf\" class=\"mtli_attachment mtli_pdf\">prot_2024_09127_cn_u_19_04_2024_contatti_uen<\/a><\/p><\/div>\n\t\t\t\t<\/div>\n\t\t\t\t\t\t\t\t<\/div>\n\t\t\t\t\t\t<\/div>\n\t\t\t\t<\/div>\n\t\t\t\t\t<\/div>\n\t\t<\/div>\n\t\t\t\t\t<\/div>\n\t\t<\/section>\n\t\t\t\t<section class=\"elementor-section elementor-top-section elementor-element elementor-element-0d250c5 elementor-section-boxed elementor-section-height-default elementor-section-height-default\" data-id=\"0d250c5\" data-element_type=\"section\" data-e-type=\"section\">\n\t\t\t\t\t\t<div class=\"elementor-container elementor-column-gap-default\">\n\t\t\t\t\t<div class=\"elementor-column elementor-col-100 elementor-top-column elementor-element elementor-element-4475218\" data-id=\"4475218\" data-element_type=\"column\" data-e-type=\"column\">\n\t\t\t<div class=\"elementor-widget-wrap elementor-element-populated\">\n\t\t\t\t\t\t<div class=\"elementor-element elementor-element-b265fcd elementor-widget elementor-widget-text-editor\" data-id=\"b265fcd\" data-element_type=\"widget\" data-e-type=\"widget\" data-widget_type=\"text-editor.default\">\n\t\t\t\t<div class=\"elementor-widget-container\">\n\t\t\t\t\t\t\t\t\t<div class=\"field field--name-field-par-title field--type-string field--label-hidden field__item\"><h3>Le FAQ<\/h3><\/div><div class=\"field field--name-field-par-subhead field--type-string field--label-hidden field__item\"><h4><\/h4><\/div><div class=\"clearfix text-formatted field field--name-field-par-body field--type-text-long field--label-hidden field__item\"><p><strong>1.\u00a0\u00a0\u00a0\u00a0Il Consigliere eletto nel Consiglio Direttivo del Comitato CRI pu\u00f2 candidarsi come Consigliere alle elezioni, dopo essersi dimesso dalla carica nei sei mesi precedenti alla fine del mandato?<\/strong><br \/><em>Non si ravvisano motivi ostativi<\/em><span>\u00a0<\/span>alla candidabilit\u00e0 del Consigliere dimissionario, fermo restando il rispetto dei requisiti prescritti dalle norme statutarie e regolamentari dell\u2019Associazione e, in particolar modo, delle previsioni di cui all\u2019art. 23.5 dello Statuto della CRI.<\/p><p><strong>2.\u00a0\u00a0\u00a0\u00a0Il Consigliere di un Consiglio Direttivo, proclamato per surroga, ai sensi dell\u2019art. 22.1 del Regolamento per l\u2019elezione degli organi statutari dei Comitati della CRI, pu\u00f2 candidarsi come Consigliere alle elezioni immediatamente successive al termine del mandato in corso?<\/strong><br \/><em>Non si ravvisano motivi ostativi<\/em><span>\u00a0<\/span>alla candidabilit\u00e0 del Consigliere proclamato per surroga, fermo restando il rispetto dei requisiti prescritti dalle norme statutarie e regolamentari dell\u2019Associazione e, in particolar modo, delle previsioni di cui all\u2019art. 23.5 dello Statuto della CRI in combinato disposto con quanto definito dall\u2019art. 2.1, lett. i), del Regolamento per l\u2019elezione degli organi statutari dei Comitati della CRI, per \u201cmandato elettivo completo\u201d.<\/p><p><strong>3.\u00a0\u00a0\u00a0\u00a0Il Socio Volontario che risulti il Presidente del Consiglio di Amministrazione\/Legale Rappresentante della ditta a cui \u00e8 stato affidato un servizio di ristrutturazione del Comitato gode dei diritti elettorali e, quindi, del diritto all\u2019inserimento nell\u2019elenco dell\u2019elettorato attivo e passivo?<\/strong><br \/>Sulla base del combinato disposto dell\u2019art. 2, c. 1, lett. h) e dell\u2019art. 3, c. 2, lett. d) del Regolamento per l\u2019elezione degli organi statutari dei Comitati della CRI,<span>\u00a0<\/span><em>non vi sono motivi ostativi<span>\u00a0<\/span><\/em>all\u2019esercizio dei diritti elettorali, fermo restando il rispetto di tutte le previsioni statutarie e regolamentari previste dall\u2019Associazione.<\/p><p><strong>4.\u00a0\u00a0\u00a0\u00a0Un Socio Volontario che risulti Membro del Consiglio di Amministrazione e impiegato della ditta a cui il Comitato ha affidato un servizio di ristrutturazione gode dei diritti elettorali e, quindi, del diritto all\u2019inserimento nell\u2019elenco dell\u2019elettorato attivo e passivo?<\/strong><br \/>Sulla base del combinato disposto dell\u2019art. 2, c. 1, lett. h) e dell\u2019art. 3, c. 2, lett. d) del Regolamento per l\u2019elezione degli organi statutari dei Comitati della CRI,<span>\u00a0<\/span><em>non vi sono motivi ostativi<\/em><span>\u00a0<\/span>all\u2019esercizio dei diritti elettorali, fermo restando il rispetto di tutte le previsioni statutarie e regolamentari previste dall\u2019Associazione.<\/p><p><strong>5.\u00a0\u00a0\u00a0\u00a0Un Socio Volontario che \u00e8 anche affittuario di un immobile ereditato dal Comitato gode dei diritti elettorali e, quindi, del diritto all\u2019inserimento nell\u2019elenco dell\u2019elettorato attivo e passivo?<\/strong><br \/>Sulla base del combinato disposto dell\u2019art. 2, c. 1, lett. h) e dell\u2019art. 3, c. 2, lett. d) del Regolamento per l\u2019elezione degli organi statutari dei Comitati della CRI,<span>\u00a0<\/span><em>non vi sono motivi ostativi<\/em><span>\u00a0<\/span>all\u2019esercizio dei diritti elettorali, fermo restando il rispetto di tutte le previsioni statutarie e regolamentari previste dall\u2019Associazione.<\/p><p><strong>6.\u00a0\u00a0\u00a0\u00a0Un dipendente che terminer\u00e0 il proprio contratto di lavoro in qualit\u00e0 di dipendente nel Comitato del quale \u00e8 Socio Volontario in una data precedente allo svolgimento delle consultazioni elettorali gode dei diritti elettorali e, quindi, dell\u2019inserimento nell\u2019elenco dell\u2019elettorato attivo e passivo?<\/strong><br \/>Fermo restando il possesso dei requisiti prescritti dalle norme statutarie e regolamentari dell\u2019Associazione,<span>\u00a0<\/span><em>non vi sono motivi ostativi<\/em><span>\u00a0<\/span>all\u2019esercizio dei diritti elettorali da parte del Socio Volontario che abbia risolto il proprio rapporto di lavoro presso il Comitato di appartenenza prima della tornata elettorale, tenuto conto che la verifica della titolarit\u00e0 dei diritti elettorali \u00e8 effettuata con riferimento alla data di svolgimento delle consultazioni a norma dell\u2019art. 3, c. 1, del Regolamento sull\u2019elezione degli organi statutari dei Comitati CRI.<\/p><p><strong>7.\u00a0\u00a0\u00a0\u00a0Gli attuali Presidente e Consiglieri del Comitato interessato dalla tornata elettorale, previa rinuncia alla candidatura, possono svolgere la funzione di scrutatore titolare\/supplente?<\/strong><br \/><em>Non vi sono motivi ostativi<\/em><span>\u00a0<\/span>circa la possibilit\u00e0 per il Presidente e\/o i Consiglieri del Comitato interessato alla tornata elettorale, previa rinuncia alla candidatura, di svolgere la funzione di scrutatore titolare\/supplente, fermo restando il rispetto delle disposizioni di cui al Titolo VI del Regolamento per l\u2019elezione degli organi statutari dei Comitati CRI circa la composizione degli Uffici Elettorali.<\/p><p><strong>8.\u00a0\u00a0\u00a0\u00a0Il Volontario che sia dipendente presso altro Comitato territoriale (rispetto a quello in cui \u00e8 Socio) pu\u00f2 essere inserito nelle liste dell\u2019elettorato passivo del Comitato territoriale di appartenenza, considerato il tenore dell\u2019art. 3.2 lett. e) del Regolamento per l\u2019Elezione degli Organi Statutari dei Comitati della CRI, in base al quale \u201cil percepimento di compensi da parte della Croce Rossa Italiana, anche indiretto (agenzie interinali, cooperative, societ\u00e0 partecipate), comporta per l\u2019intera durata del rapporto oneroso, la sospensione dei diritti elettorali\u201d?<\/strong><br \/><em>Si ravvisano motivi ostativi<\/em><span>\u00a0<\/span>all\u2019inserimento del Socio nelle liste dell\u2019elettorato del Comitato territoriale di appartenenza, sebbene lo stesso sia dipendente presso un Comitato CRI terzo, sulla base del combinato disposto dell\u2019art. 3, c. 2, lett. d) e dell\u2019art. 2, c. 1, lett. a) del Regolamento per l\u2019elezione degli organi statutari dei Comitati CRI.<\/p><p><strong>9.\u00a0\u00a0\u00a0\u00a0Un Socio Volontario che abbia conseguito i 3 mesi di anzianit\u00e0 pu\u00f2 essere inserito nelle liste dell\u2019elettorato, sebbene risulti iscritto successivamente alla data di indizione delle elezioni?<\/strong><br \/><em>Non vi sono motivi ostativi<\/em><span>\u00a0<\/span>all\u2019inserimento nelle liste dell\u2019elettorato del Comitato di appartenenza al Socio che risulti iscritto successivamente alla data di indizione delle elezioni, sulla base del combinato disposto dell\u2019art. 3, c. 2, lett. a) e b) e dell\u2019art. 3, c. 1, del Regolamento per l\u2019elezione degli organi statutari dei Comitati CRI.<\/p><p><strong>10.\u00a0\u00a0\u00a0\u00a0Un Socio Volontario che intrattiene un rapporto di lavoro retribuito con l&#8217;Ente strumentale alla Croce Rossa Italiana pu\u00f2 godere dei diritti elettorali passivi?<\/strong><br \/><em>Si ravvisano motivi ostativi<span>\u00a0<\/span><\/em>al godimento dei diritti elettorali passivi a norma dell\u2019art. 39, c. 1, lett. b) dello Statuto dell\u2019Associazione recante la disciplina dell\u2019istituto dell\u2019incompatibilit\u00e0, fatto salvo quanto previsto dall\u2019art. 39, c. 2, in materia di diritto di opzione.<\/p><p><strong>11.\u00a0\u00a0\u00a0\u00a0\u00c8 possibile la sottoscrizione da parte del medesimo Socio Volontario di pi\u00f9 di una lista a candidato Presidente e Consigliere?<\/strong><br \/>L\u2019eventuale sottoscrizione plurima da parte del medesimo Socio a sostegno di liste diverse comporta, a norma dell\u2019art. 9, c. 4 del Regolamento per l\u2019elezione degli organi statutari dei Comitati della CRI, l\u2019invalidit\u00e0 delle singole sottoscrizioni (che non possono essere computate ai fini elettorali), ferme restando le eventuali preclusioni in caso di mancato raggiungimento dei rispettivi quorum previsti dall\u2019art. 9, c. 3, del Regolamento in parola, ma<span>\u00a0<\/span><em>non comporta l\u2019esclusione delle liste<\/em><span>\u00a0<\/span>(ai sensi dell\u2019art. 9, c. 7, del Regolamento).<\/p><p><strong>12.\u00a0\u00a0\u00a0\u00a0Una scheda elettorale che esprima la preferenza per il solo candidato Presidente, nel caso si tratti di liste composte da un numero di candidati Consiglieri superiore a 3, \u00e8 valida?<\/strong><br \/><em>Non si ravvisano<\/em>, nel caso di liste composte da un numero di candidati Consiglieri superiore a 3,<span>\u00a0<\/span><em>motivi ostativi<\/em><span>\u00a0<\/span>a ritenere valida la votazione espressa a mezzo di una scheda elettorale in cui venga manifestata la sola preferenza per il candidato Presidente, sebbene tale preferenza sia da attribuire esclusivamente a quest\u2019ultimo ai sensi dell\u2019art. 16, c. 6, lett. b) del Regolamento per l\u2019elezione degli organi statutari dei Comitati della CRI.<\/p><\/div>\t\t\t\t\t\t\t\t<\/div>\n\t\t\t\t<\/div>\n\t\t\t\t\t<\/div>\n\t\t<\/div>\n\t\t\t\t\t<\/div>\n\t\t<\/section>\n\t\t\t\t<\/div>\n\t\t","protected":false},"excerpt":{"rendered":"<p>Con delibera n. 1 del 4 gennaio 2024 il Consiglio Direttivo Nazionale ha deliberato l\u2019atto d\u2019indirizzo\u00a0per le prossime elezioni per il rinnovo delle cariche associative dei\u00a0Comitati Territoriali,\u00a0Regionali e delle Province Autonome, che si terranno rispettivamente nelle date\u00a019 maggio\u00a0e\u00a016 giugno. Successivamente, in data 2 febbraio 2024, il Presidente Nazionale ha dato [&hellip;]<\/p>\n","protected":false},"author":68,"featured_media":3052,"parent":0,"menu_order":0,"comment_status":"closed","ping_status":"closed","template":"","meta":{"_themeisle_gutenberg_block_has_review":false,"footnotes":""},"categories":[16,45,42],"tags":[],"class_list":["post-3050","page","type-page","status-publish","has-post-thumbnail","hentry","category-aggiornamenti","category-elezioni","category-primo-piano-generico"],"_links":{"self":[{"href":"https:\/\/cri.it\/calabria\/wp-json\/wp\/v2\/pages\/3050","targetHints":{"allow":["GET"]}}],"collection":[{"href":"https:\/\/cri.it\/calabria\/wp-json\/wp\/v2\/pages"}],"about":[{"href":"https:\/\/cri.it\/calabria\/wp-json\/wp\/v2\/types\/page"}],"author":[{"embeddable":true,"href":"https:\/\/cri.it\/calabria\/wp-json\/wp\/v2\/users\/68"}],"replies":[{"embeddable":true,"href":"https:\/\/cri.it\/calabria\/wp-json\/wp\/v2\/comments?post=3050"}],"version-history":[{"count":3,"href":"https:\/\/cri.it\/calabria\/wp-json\/wp\/v2\/pages\/3050\/revisions"}],"predecessor-version":[{"id":3099,"href":"https:\/\/cri.it\/calabria\/wp-json\/wp\/v2\/pages\/3050\/revisions\/3099"}],"wp:featuredmedia":[{"embeddable":true,"href":"https:\/\/cri.it\/calabria\/wp-json\/wp\/v2\/media\/3052"}],"wp:attachment":[{"href":"https:\/\/cri.it\/calabria\/wp-json\/wp\/v2\/media?parent=3050"}],"wp:term":[{"taxonomy":"category","embeddable":true,"href":"https:\/\/cri.it\/calabria\/wp-json\/wp\/v2\/categories?post=3050"},{"taxonomy":"post_tag","embeddable":true,"href":"https:\/\/cri.it\/calabria\/wp-json\/wp\/v2\/tags?post=3050"}],"curies":[{"name":"wp","href":"https:\/\/api.w.org\/{rel}","templated":true}]}}