{"id":1554,"date":"2022-06-21T14:49:21","date_gmt":"2022-06-21T12:49:21","guid":{"rendered":"https:\/\/cri.it\/calabria\/?page_id=1554"},"modified":"2022-06-21T15:17:48","modified_gmt":"2022-06-21T13:17:48","slug":"formazione","status":"publish","type":"page","link":"https:\/\/cri.it\/calabria\/cosa-facciamo\/formazione\/","title":{"rendered":"Formazione"},"content":{"rendered":"\t\t<div data-elementor-type=\"wp-page\" data-elementor-id=\"1554\" class=\"elementor elementor-1554\">\n\t\t\t\t\t\t<section class=\"elementor-section elementor-top-section elementor-element elementor-element-bcf6029 elementor-section-boxed elementor-section-height-default elementor-section-height-default\" data-id=\"bcf6029\" data-element_type=\"section\" data-e-type=\"section\">\n\t\t\t\t\t\t<div class=\"elementor-container elementor-column-gap-default\">\n\t\t\t\t\t<div class=\"elementor-column elementor-col-50 elementor-top-column elementor-element elementor-element-2562e79\" data-id=\"2562e79\" data-element_type=\"column\" data-e-type=\"column\">\n\t\t\t<div class=\"elementor-widget-wrap elementor-element-populated\">\n\t\t\t\t\t\t<div class=\"elementor-element elementor-element-5d3d598 elementor-widget elementor-widget-image\" data-id=\"5d3d598\" data-element_type=\"widget\" data-e-type=\"widget\" data-widget_type=\"image.default\">\n\t\t\t\t<div class=\"elementor-widget-container\">\n\t\t\t\t\t\t\t\t\t\t\t\t\t\t\t<img decoding=\"async\" width=\"206\" height=\"206\" src=\"https:\/\/cri.it\/calabria\/wp-content\/uploads\/sites\/5\/2022\/06\/Formazione-grande.png\" class=\"attachment-large size-large wp-image-1556\" alt=\"\" srcset=\"https:\/\/cri.it\/calabria\/wp-content\/uploads\/sites\/5\/2022\/06\/Formazione-grande.png 206w, https:\/\/cri.it\/calabria\/wp-content\/uploads\/sites\/5\/2022\/06\/Formazione-grande-150x150.png 150w\" sizes=\"(max-width: 206px) 100vw, 206px\" \/>\t\t\t\t\t\t\t\t\t\t\t\t\t\t\t<\/div>\n\t\t\t\t<\/div>\n\t\t\t\t\t<\/div>\n\t\t<\/div>\n\t\t\t\t<div class=\"elementor-column elementor-col-50 elementor-top-column elementor-element elementor-element-b1b18e5\" data-id=\"b1b18e5\" data-element_type=\"column\" data-e-type=\"column\">\n\t\t\t<div class=\"elementor-widget-wrap elementor-element-populated\">\n\t\t\t\t\t\t<div class=\"elementor-element elementor-element-d7e4497 elementor-widget elementor-widget-text-editor\" data-id=\"d7e4497\" data-element_type=\"widget\" data-e-type=\"widget\" data-widget_type=\"text-editor.default\">\n\t\t\t\t<div class=\"elementor-widget-container\">\n\t\t\t\t\t\t\t\t\t<div class=\"elementor-element elementor-element-1926d4d elementor-widget elementor-widget-heading\" data-id=\"1926d4d\" style=\"width: 888.172px\"><div class=\"elementor-widget-container\"><h3 class=\"elementor-heading-title elementor-size-default\">Formazione<\/h3><\/div><\/div><div class=\"elementor-element elementor-element-188c25d6 elementor-widget elementor-widget-text-editor\" data-id=\"188c25d6\" style=\"width: 888.172px\"><div class=\"elementor-widget-container\"><div class=\"elementor-text-editor elementor-clearfix\"><p>Dal 1864 ad oggi, la Croce Rossa Italiana ha fatto della formazione una solida base per offrire a tutti la possibilit\u00e0 di impegnarsi e acquisire gli strumenti utili per un impatto positivo sulla societ\u00e0, portando aiuto ovunque, per chiunque.<br \/>Attraverso una formazione trasversale e inclusiva, l\u2019Associazione forma i suoi Volontari per rispondere alle esigenze delle comunit\u00e0 locali, aumentare la capacit\u00e0 di risposta in caso di emergenze e diffondere i valori della cittadinanza attiva e della prevenzione.<br \/>Con l\u2019obiettivo di costruire comunit\u00e0 pi\u00f9 resilienti, la formazione \u00e8 lo strumento che facilita e accelera il cambiamento che, molto spesso, \u00e8 gi\u00e0 presente dentro di noi.<\/p><\/div><\/div><\/div>\t\t\t\t\t\t\t\t<\/div>\n\t\t\t\t<\/div>\n\t\t\t\t\t<\/div>\n\t\t<\/div>\n\t\t\t\t\t<\/div>\n\t\t<\/section>\n\t\t\t\t<section class=\"elementor-section elementor-top-section elementor-element elementor-element-8d3203c elementor-section-boxed elementor-section-height-default elementor-section-height-default\" data-id=\"8d3203c\" data-element_type=\"section\" data-e-type=\"section\">\n\t\t\t\t\t\t<div class=\"elementor-container elementor-column-gap-default\">\n\t\t\t\t\t<div class=\"elementor-column elementor-col-100 elementor-top-column elementor-element elementor-element-800b78c\" data-id=\"800b78c\" data-element_type=\"column\" data-e-type=\"column\">\n\t\t\t<div class=\"elementor-widget-wrap elementor-element-populated\">\n\t\t\t\t\t\t<div class=\"elementor-element elementor-element-b961060 elementor-widget-divider--separator-type-pattern elementor-widget-divider--view-line elementor-widget elementor-widget-divider\" data-id=\"b961060\" data-element_type=\"widget\" data-e-type=\"widget\" data-widget_type=\"divider.default\">\n\t\t\t\t<div class=\"elementor-widget-container\">\n\t\t\t\t\t\t\t<div class=\"elementor-divider\" style=\"--divider-pattern-url: url(&quot;data:image\/svg+xml,%3Csvg xmlns=&#039;http:\/\/www.w3.org\/2000\/svg&#039; preserveAspectRatio=&#039;none&#039; overflow=&#039;visible&#039; height=&#039;100%&#039; viewBox=&#039;0 0 24 24&#039; fill=&#039;black&#039; stroke=&#039;none&#039;%3E%3Cpath d=&#039;M12.7,2.3c-0.4-0.4-1.1-0.4-1.5,0l-8,9.1c-0.3,0.4-0.3,0.9,0,1.2l8,9.1c0.4,0.4,1.1,0.4,1.5,0l8-9.1c0.3-0.4,0.3-0.9,0-1.2L12.7,2.3z&#039;\/%3E%3C\/svg%3E&quot;);\">\n\t\t\t<span class=\"elementor-divider-separator\">\n\t\t\t\t\t\t<\/span>\n\t\t<\/div>\n\t\t\t\t\t\t<\/div>\n\t\t\t\t<\/div>\n\t\t\t\t\t<\/div>\n\t\t<\/div>\n\t\t\t\t\t<\/div>\n\t\t<\/section>\n\t\t\t\t<section class=\"elementor-section elementor-top-section elementor-element elementor-element-9936ac9 elementor-section-boxed elementor-section-height-default elementor-section-height-default\" data-id=\"9936ac9\" data-element_type=\"section\" data-e-type=\"section\">\n\t\t\t\t\t\t<div class=\"elementor-container elementor-column-gap-default\">\n\t\t\t\t\t<div class=\"elementor-column elementor-col-100 elementor-top-column elementor-element elementor-element-f67f374\" data-id=\"f67f374\" data-element_type=\"column\" data-e-type=\"column\">\n\t\t\t<div class=\"elementor-widget-wrap elementor-element-populated\">\n\t\t\t\t\t\t<div class=\"elementor-element elementor-element-f5a2677 elementor-widget elementor-widget-text-editor\" data-id=\"f5a2677\" data-element_type=\"widget\" data-e-type=\"widget\" data-widget_type=\"text-editor.default\">\n\t\t\t\t<div class=\"elementor-widget-container\">\n\t\t\t\t\t\t\t\t\t<section class=\"elementor-section elementor-top-section elementor-element elementor-element-67fafa4d elementor-section-stretched elementor-section-boxed elementor-section-height-default elementor-section-height-default\" data-id=\"67fafa4d\" data-settings=\"{\"><div class=\"elementor-container elementor-column-gap-default\"><div class=\"elementor-row\"><div class=\"elementor-column elementor-col-100 elementor-top-column elementor-element elementor-element-2279e18c\" data-id=\"2279e18c\"><div class=\"elementor-column-wrap elementor-element-populated\"><div class=\"elementor-widget-wrap\"><div class=\"elementor-element elementor-element-7425afcb elementor-widget elementor-widget-heading\" data-id=\"7425afcb\"><div class=\"elementor-widget-container\"><section class=\"elementor-section elementor-top-section elementor-element elementor-element-67fafa4d elementor-section-stretched elementor-section-boxed elementor-section-height-default elementor-section-height-default\" data-id=\"67fafa4d\" data-settings=\"{\"><div class=\"elementor-container elementor-column-gap-default\"><div class=\"elementor-row\"><div class=\"elementor-column elementor-col-100 elementor-top-column elementor-element elementor-element-2279e18c\" data-id=\"2279e18c\"><div class=\"elementor-column-wrap elementor-element-populated\"><div class=\"elementor-widget-wrap\"><div class=\"elementor-element elementor-element-7425afcb elementor-widget elementor-widget-heading\" data-id=\"7425afcb\"><div class=\"elementor-widget-container\"><h2 class=\"elementor-heading-title elementor-size-large\">AREE D&#8217;INTERVENTO<\/h2><\/div><\/div><\/div><\/div><\/div><\/div><\/div><\/section><section class=\"elementor-section elementor-top-section elementor-element elementor-element-490f4af elementor-section-stretched elementor-section-boxed elementor-section-height-default elementor-section-height-default\" data-id=\"490f4af\" data-settings=\"{\"><div class=\"elementor-container elementor-column-gap-default\"><div class=\"elementor-row\"><div class=\"elementor-column elementor-col-100 elementor-top-column elementor-element elementor-element-30a9819d\" data-id=\"30a9819d\"><div class=\"elementor-column-wrap elementor-element-populated\"><div class=\"elementor-widget-wrap\"><div class=\"elementor-element elementor-element-505ff823 elementor-view-framed elementor-shape-square elementor-position-left ad_list_icon elementor-vertical-align-top elementor-widget elementor-widget-icon-box\" data-id=\"505ff823\"><div class=\"elementor-widget-container\"><div class=\"elementor-icon-box-wrapper\"><div class=\"elementor-icon-box-icon\"><a class=\"elementor-icon elementor-animation-\" href=\"https:\/\/cri.it\/calabria\/\"><i class=\"fas fa-arrow-circle-right\" aria-hidden=\"true\"><\/i><\/a><\/div><div class=\"elementor-icon-box-content\"><h3 class=\"elementor-icon-box-title\"><a href=\"https:\/\/cri.it\/cosa-facciamo\/formazione\/formazione-volontari\/\">Formazione per i Volontari<\/a><\/h3><p class=\"elementor-icon-box-description\"><span>La Croce Rossa Italiana mette a disposizione dei Volontari un catalogo che, ad oggi, conta oltre 200 Corsi censiti e organizzati per i vari ambiti di intervento. L\u2019obiettivo \u00e8 quello di rendere i Volontari pi\u00f9 competenti e qualificati alimentando consapevolezza e conoscenza dell\u2019Associazione di cui fanno parte per offrire e garantire un servizio sempre migliore, attuando la missione del Movimento Internazionale di Croce Rossa e Mezzaluna Rossa.<\/span><\/p><\/div><\/div><\/div><\/div><\/div><\/div><\/div><\/div><\/div><\/section><section class=\"elementor-section elementor-top-section elementor-element elementor-element-1ef51ca elementor-section-stretched elementor-section-boxed elementor-section-height-default elementor-section-height-default\" data-id=\"1ef51ca\" data-settings=\"{\"><div class=\"elementor-container elementor-column-gap-default\"><div class=\"elementor-row\"><div class=\"elementor-column elementor-col-100 elementor-top-column elementor-element elementor-element-48567cd\" data-id=\"48567cd\"><div class=\"elementor-column-wrap elementor-element-populated\"><div class=\"elementor-widget-wrap\"><div class=\"elementor-element elementor-element-f145734 elementor-view-framed elementor-shape-square elementor-position-left ad_list_icon elementor-vertical-align-top elementor-widget elementor-widget-icon-box\" data-id=\"f145734\"><div class=\"elementor-widget-container\"><div class=\"elementor-icon-box-wrapper\"><div class=\"elementor-icon-box-icon\"><a class=\"elementor-icon elementor-animation-\" href=\"https:\/\/cri.it\/cosa-facciamo\/principi-e-valori-umanitari\/international-disaster-law\/\"><i class=\"fas fa-arrow-circle-right\" aria-hidden=\"true\"><\/i><\/a><\/div><div class=\"elementor-icon-box-content\"><h3 class=\"elementor-icon-box-title\"><a href=\"https:\/\/cri.it\/cosa-facciamo\/formazione\/formazione-per-tutti\/\">Formazione per tutti<\/a><\/h3><p class=\"elementor-icon-box-description\"><span>La Croce Rossa Italiana, attraverso i suoi Comitati, offre Corsi informativi e di diffusione, Corsi di formazione e abilitanti, Corsi di aggiornamento e Corsi di alta specializzazione.<\/span><\/p><\/div><\/div><\/div><\/div><\/div><\/div><\/div><\/div><\/div><\/section><\/div><\/div><\/div><\/div><\/div><\/div><\/div><\/section>\t\t\t\t\t\t\t\t<\/div>\n\t\t\t\t<\/div>\n\t\t\t\t\t<\/div>\n\t\t<\/div>\n\t\t\t\t\t<\/div>\n\t\t<\/section>\n\t\t\t\t<section class=\"elementor-section elementor-top-section elementor-element elementor-element-5507f4e elementor-section-boxed elementor-section-height-default elementor-section-height-default\" data-id=\"5507f4e\" data-element_type=\"section\" data-e-type=\"section\">\n\t\t\t\t\t\t<div class=\"elementor-container elementor-column-gap-default\">\n\t\t\t\t\t<div class=\"elementor-column elementor-col-100 elementor-top-column elementor-element elementor-element-290cd6e\" data-id=\"290cd6e\" data-element_type=\"column\" data-e-type=\"column\">\n\t\t\t<div class=\"elementor-widget-wrap\">\n\t\t\t\t\t\t\t<\/div>\n\t\t<\/div>\n\t\t\t\t\t<\/div>\n\t\t<\/section>\n\t\t\t\t<\/div>\n\t\t","protected":false},"excerpt":{"rendered":"<p>Formazione Dal 1864 ad oggi, la Croce Rossa Italiana ha fatto della formazione una solida base per offrire a tutti la possibilit\u00e0 di impegnarsi e acquisire gli strumenti utili per un impatto positivo sulla societ\u00e0, portando aiuto ovunque, per chiunque. Attraverso una formazione trasversale e inclusiva, l\u2019Associazione forma i suoi [&hellip;]<\/p>\n","protected":false},"author":68,"featured_media":1555,"parent":1097,"menu_order":0,"comment_status":"closed","ping_status":"closed","template":"","meta":{"_themeisle_gutenberg_block_has_review":false,"footnotes":""},"categories":[8,10],"tags":[],"class_list":["post-1554","page","type-page","status-publish","has-post-thumbnail","hentry","category-attivita","category-formazione"],"_links":{"self":[{"href":"https:\/\/cri.it\/calabria\/wp-json\/wp\/v2\/pages\/1554","targetHints":{"allow":["GET"]}}],"collection":[{"href":"https:\/\/cri.it\/calabria\/wp-json\/wp\/v2\/pages"}],"about":[{"href":"https:\/\/cri.it\/calabria\/wp-json\/wp\/v2\/types\/page"}],"author":[{"embeddable":true,"href":"https:\/\/cri.it\/calabria\/wp-json\/wp\/v2\/users\/68"}],"replies":[{"embeddable":true,"href":"https:\/\/cri.it\/calabria\/wp-json\/wp\/v2\/comments?post=1554"}],"version-history":[{"count":3,"href":"https:\/\/cri.it\/calabria\/wp-json\/wp\/v2\/pages\/1554\/revisions"}],"predecessor-version":[{"id":1560,"href":"https:\/\/cri.it\/calabria\/wp-json\/wp\/v2\/pages\/1554\/revisions\/1560"}],"up":[{"embeddable":true,"href":"https:\/\/cri.it\/calabria\/wp-json\/wp\/v2\/pages\/1097"}],"wp:featuredmedia":[{"embeddable":true,"href":"https:\/\/cri.it\/calabria\/wp-json\/wp\/v2\/media\/1555"}],"wp:attachment":[{"href":"https:\/\/cri.it\/calabria\/wp-json\/wp\/v2\/media?parent=1554"}],"wp:term":[{"taxonomy":"category","embeddable":true,"href":"https:\/\/cri.it\/calabria\/wp-json\/wp\/v2\/categories?post=1554"},{"taxonomy":"post_tag","embeddable":true,"href":"https:\/\/cri.it\/calabria\/wp-json\/wp\/v2\/tags?post=1554"}],"curies":[{"name":"wp","href":"https:\/\/api.w.org\/{rel}","templated":true}]}}