{"id":1548,"date":"2022-06-21T14:37:41","date_gmt":"2022-06-21T12:37:41","guid":{"rendered":"https:\/\/cri.it\/calabria\/?page_id=1548"},"modified":"2022-06-21T15:18:02","modified_gmt":"2022-06-21T13:18:02","slug":"per-i-giovani","status":"publish","type":"page","link":"https:\/\/cri.it\/calabria\/cosa-facciamo\/per-i-giovani\/","title":{"rendered":"Per i Giovani"},"content":{"rendered":"\t\t<div data-elementor-type=\"wp-page\" data-elementor-id=\"1548\" class=\"elementor elementor-1548\">\n\t\t\t\t\t\t<section class=\"elementor-section elementor-top-section elementor-element elementor-element-bcf6029 elementor-section-boxed elementor-section-height-default elementor-section-height-default\" data-id=\"bcf6029\" data-element_type=\"section\" data-e-type=\"section\">\n\t\t\t\t\t\t<div class=\"elementor-container elementor-column-gap-default\">\n\t\t\t\t\t<div class=\"elementor-column elementor-col-50 elementor-top-column elementor-element elementor-element-2562e79\" data-id=\"2562e79\" data-element_type=\"column\" data-e-type=\"column\">\n\t\t\t<div class=\"elementor-widget-wrap elementor-element-populated\">\n\t\t\t\t\t\t<div class=\"elementor-element elementor-element-5d3d598 elementor-widget elementor-widget-image\" data-id=\"5d3d598\" data-element_type=\"widget\" data-e-type=\"widget\" data-widget_type=\"image.default\">\n\t\t\t\t<div class=\"elementor-widget-container\">\n\t\t\t\t\t\t\t\t\t\t\t\t\t\t\t<img decoding=\"async\" width=\"206\" height=\"206\" src=\"https:\/\/cri.it\/calabria\/wp-content\/uploads\/sites\/5\/2022\/06\/Giovani-grande.png\" class=\"attachment-large size-large wp-image-1550\" alt=\"\" srcset=\"https:\/\/cri.it\/calabria\/wp-content\/uploads\/sites\/5\/2022\/06\/Giovani-grande.png 206w, https:\/\/cri.it\/calabria\/wp-content\/uploads\/sites\/5\/2022\/06\/Giovani-grande-150x150.png 150w\" sizes=\"(max-width: 206px) 100vw, 206px\" \/>\t\t\t\t\t\t\t\t\t\t\t\t\t\t\t<\/div>\n\t\t\t\t<\/div>\n\t\t\t\t\t<\/div>\n\t\t<\/div>\n\t\t\t\t<div class=\"elementor-column elementor-col-50 elementor-top-column elementor-element elementor-element-b1b18e5\" data-id=\"b1b18e5\" data-element_type=\"column\" data-e-type=\"column\">\n\t\t\t<div class=\"elementor-widget-wrap elementor-element-populated\">\n\t\t\t\t\t\t<div class=\"elementor-element elementor-element-d7e4497 elementor-widget elementor-widget-text-editor\" data-id=\"d7e4497\" data-element_type=\"widget\" data-e-type=\"widget\" data-widget_type=\"text-editor.default\">\n\t\t\t\t<div class=\"elementor-widget-container\">\n\t\t\t\t\t\t\t\t\t<div class=\"elementor-element elementor-element-1926d4d elementor-widget elementor-widget-heading\" data-id=\"1926d4d\" style=\"width: 888.172px\"><div class=\"elementor-widget-container\"><h3 class=\"elementor-heading-title elementor-size-default\">Supportiamo attivamente lo sviluppo del giovane come agente di cambiamento<\/h3><\/div><\/div><div class=\"elementor-element elementor-element-188c25d6 elementor-widget elementor-widget-text-editor\" data-id=\"188c25d6\" style=\"width: 888.172px\"><div class=\"elementor-widget-container\"><div class=\"elementor-text-editor elementor-clearfix\"><p>Il nostro obiettivo \u00e8 quello di contribuire allo sviluppo delle capacit\u00e0 personali e relazionali della giovent\u00f9 per costruire comunit\u00e0 pi\u00f9 resilienti e inclusive. Mettiamo in campo azioni diversificate per promuovere stili di vita sani nel rispetto dell\u2019ambiente, favorendo l\u2019inclusione sociale e il rispetto delle diversit\u00e0. Ci impegniamo, inoltre, nello sviluppo del volontariato e della cittadinanza attiva. Favoriamo l\u2019educazione per generare comportamenti positivi, stimoliamo la partecipazione dei giovani all\u2019interno delle nostre comunit\u00e0 e rispondiamo in modo innovativo alle sfide del futuro.<\/p><\/div><\/div><\/div>\t\t\t\t\t\t\t\t<\/div>\n\t\t\t\t<\/div>\n\t\t\t\t\t<\/div>\n\t\t<\/div>\n\t\t\t\t\t<\/div>\n\t\t<\/section>\n\t\t\t\t<section class=\"elementor-section elementor-top-section elementor-element elementor-element-8d3203c elementor-section-boxed elementor-section-height-default elementor-section-height-default\" data-id=\"8d3203c\" data-element_type=\"section\" data-e-type=\"section\">\n\t\t\t\t\t\t<div class=\"elementor-container elementor-column-gap-default\">\n\t\t\t\t\t<div class=\"elementor-column elementor-col-100 elementor-top-column elementor-element elementor-element-800b78c\" data-id=\"800b78c\" data-element_type=\"column\" data-e-type=\"column\">\n\t\t\t<div class=\"elementor-widget-wrap elementor-element-populated\">\n\t\t\t\t\t\t<div class=\"elementor-element elementor-element-b961060 elementor-widget-divider--separator-type-pattern elementor-widget-divider--view-line elementor-widget elementor-widget-divider\" data-id=\"b961060\" data-element_type=\"widget\" data-e-type=\"widget\" data-widget_type=\"divider.default\">\n\t\t\t\t<div class=\"elementor-widget-container\">\n\t\t\t\t\t\t\t<div class=\"elementor-divider\" style=\"--divider-pattern-url: url(&quot;data:image\/svg+xml,%3Csvg xmlns=&#039;http:\/\/www.w3.org\/2000\/svg&#039; preserveAspectRatio=&#039;none&#039; overflow=&#039;visible&#039; height=&#039;100%&#039; viewBox=&#039;0 0 24 24&#039; fill=&#039;black&#039; stroke=&#039;none&#039;%3E%3Cpath d=&#039;M12.7,2.3c-0.4-0.4-1.1-0.4-1.5,0l-8,9.1c-0.3,0.4-0.3,0.9,0,1.2l8,9.1c0.4,0.4,1.1,0.4,1.5,0l8-9.1c0.3-0.4,0.3-0.9,0-1.2L12.7,2.3z&#039;\/%3E%3C\/svg%3E&quot;);\">\n\t\t\t<span class=\"elementor-divider-separator\">\n\t\t\t\t\t\t<\/span>\n\t\t<\/div>\n\t\t\t\t\t\t<\/div>\n\t\t\t\t<\/div>\n\t\t\t\t\t<\/div>\n\t\t<\/div>\n\t\t\t\t\t<\/div>\n\t\t<\/section>\n\t\t\t\t<section class=\"elementor-section elementor-top-section elementor-element elementor-element-9936ac9 elementor-section-boxed elementor-section-height-default elementor-section-height-default\" data-id=\"9936ac9\" data-element_type=\"section\" data-e-type=\"section\">\n\t\t\t\t\t\t<div class=\"elementor-container elementor-column-gap-default\">\n\t\t\t\t\t<div class=\"elementor-column elementor-col-100 elementor-top-column elementor-element elementor-element-f67f374\" data-id=\"f67f374\" data-element_type=\"column\" data-e-type=\"column\">\n\t\t\t<div class=\"elementor-widget-wrap elementor-element-populated\">\n\t\t\t\t\t\t<div class=\"elementor-element elementor-element-f5a2677 elementor-widget elementor-widget-text-editor\" data-id=\"f5a2677\" data-element_type=\"widget\" data-e-type=\"widget\" data-widget_type=\"text-editor.default\">\n\t\t\t\t<div class=\"elementor-widget-container\">\n\t\t\t\t\t\t\t\t\t<section class=\"elementor-section elementor-top-section elementor-element elementor-element-67fafa4d elementor-section-stretched elementor-section-boxed elementor-section-height-default elementor-section-height-default\" data-id=\"67fafa4d\" data-settings=\"{\"><div class=\"elementor-container elementor-column-gap-default\"><div class=\"elementor-row\"><div class=\"elementor-column elementor-col-100 elementor-top-column elementor-element elementor-element-2279e18c\" data-id=\"2279e18c\"><div class=\"elementor-column-wrap elementor-element-populated\"><div class=\"elementor-widget-wrap\"><div class=\"elementor-element elementor-element-7425afcb elementor-widget elementor-widget-heading\" data-id=\"7425afcb\"><div class=\"elementor-widget-container\"><section class=\"elementor-section elementor-top-section elementor-element elementor-element-67fafa4d elementor-section-stretched elementor-section-boxed elementor-section-height-default elementor-section-height-default\" data-id=\"67fafa4d\" data-settings=\"{\"><div class=\"elementor-container elementor-column-gap-default\"><div class=\"elementor-row\"><div class=\"elementor-column elementor-col-100 elementor-top-column elementor-element elementor-element-2279e18c\" data-id=\"2279e18c\"><div class=\"elementor-column-wrap elementor-element-populated\"><div class=\"elementor-widget-wrap\"><div class=\"elementor-element elementor-element-7425afcb elementor-widget elementor-widget-heading\" data-id=\"7425afcb\"><div class=\"elementor-widget-container\"><h2 class=\"elementor-heading-title elementor-size-large\">DIREZIONI STRATEGICHE<\/h2><\/div><\/div><\/div><\/div><\/div><\/div><\/div><\/section><section class=\"elementor-section elementor-top-section elementor-element elementor-element-490f4af elementor-section-stretched elementor-section-boxed elementor-section-height-default elementor-section-height-default\" data-id=\"490f4af\" data-settings=\"{\"><div class=\"elementor-container elementor-column-gap-default\"><div class=\"elementor-row\"><div class=\"elementor-column elementor-col-100 elementor-top-column elementor-element elementor-element-30a9819d\" data-id=\"30a9819d\"><div class=\"elementor-column-wrap elementor-element-populated\"><div class=\"elementor-widget-wrap\"><div class=\"elementor-element elementor-element-505ff823 elementor-view-framed elementor-shape-square elementor-position-left ad_list_icon elementor-vertical-align-top elementor-widget elementor-widget-icon-box\" data-id=\"505ff823\"><div class=\"elementor-widget-container\"><div class=\"elementor-icon-box-wrapper\"><div class=\"elementor-icon-box-icon\"><a class=\"elementor-icon elementor-animation-\" href=\"https:\/\/cri.it\/calabria\/\"><i class=\"fas fa-arrow-circle-right\" aria-hidden=\"true\"><\/i><\/a><\/div><div class=\"elementor-icon-box-content\"><h3 class=\"elementor-icon-box-title\"><a href=\"https:\/\/cri.it\/cosa-facciamo\/giovani\/educazione\/\">Educazione<\/a><\/h3><p class=\"elementor-icon-box-description\"><span>Contribuiamo in modo attivo alla crescita dei giovani. Agevoliamo e facilitiamo i processi educativi affinch\u00e9 relazioni coscienti possano generare azioni virtuose, perseguendo la promozione all\u2019educazione come un\u2019attivit\u00e0 rivolta agli adulti in Croce Rossa e aperta ai giovani dell\u2019Associazione.<\/span><\/p><\/div><\/div><\/div><\/div><\/div><\/div><\/div><\/div><\/div><\/section><section class=\"elementor-section elementor-top-section elementor-element elementor-element-1ef51ca elementor-section-stretched elementor-section-boxed elementor-section-height-default elementor-section-height-default\" data-id=\"1ef51ca\" data-settings=\"{\"><div class=\"elementor-container elementor-column-gap-default\"><div class=\"elementor-row\"><div class=\"elementor-column elementor-col-100 elementor-top-column elementor-element elementor-element-48567cd\" data-id=\"48567cd\"><div class=\"elementor-column-wrap elementor-element-populated\"><div class=\"elementor-widget-wrap\"><div class=\"elementor-element elementor-element-f145734 elementor-view-framed elementor-shape-square elementor-position-left ad_list_icon elementor-vertical-align-top elementor-widget elementor-widget-icon-box\" data-id=\"f145734\"><div class=\"elementor-widget-container\"><div class=\"elementor-icon-box-wrapper\"><div class=\"elementor-icon-box-icon\"><a class=\"elementor-icon elementor-animation-\" href=\"https:\/\/cri.it\/cosa-facciamo\/principi-e-valori-umanitari\/international-disaster-law\/\"><i class=\"fas fa-arrow-circle-right\" aria-hidden=\"true\"><\/i><\/a><\/div><div class=\"elementor-icon-box-content\"><h3 class=\"elementor-icon-box-title\"><a href=\"https:\/\/cri.it\/cosa-facciamo\/giovani\/partecipazione\/\">Partecipazione<\/a><\/h3><p class=\"elementor-icon-box-description\"><span>Agevoliamo il coinvolgimento dei giovani agli interessi dell\u2019Associazione, dando vita a un volontariato che presuppone una piena conoscenza delle sue dinamiche, un continuo confronto e un&#8217;attiva e consapevole partecipazione ai processi decisionali. Promuoviamo inoltre la partecipazione dei giovani e della cittadinanza ad eventi e incontri sul territorio.<\/span><\/p><\/div><\/div><\/div><\/div><\/div><\/div><\/div><\/div><\/div><\/section><section class=\"elementor-section elementor-top-section elementor-element elementor-element-262ba4ed elementor-section-stretched elementor-section-boxed elementor-section-height-default elementor-section-height-default\" data-id=\"262ba4ed\" data-settings=\"{\"><div class=\"elementor-container elementor-column-gap-default\"><div class=\"elementor-row\"><div class=\"elementor-column elementor-col-100 elementor-top-column elementor-element elementor-element-7f602cc8\" data-id=\"7f602cc8\"><div class=\"elementor-column-wrap elementor-element-populated\"><div class=\"elementor-widget-wrap\"><div class=\"elementor-element elementor-element-5f2918e3 elementor-view-framed elementor-shape-square elementor-position-left ad_list_icon elementor-vertical-align-top elementor-widget elementor-widget-icon-box\" data-id=\"5f2918e3\"><div class=\"elementor-widget-container\"><div class=\"elementor-icon-box-wrapper\"><div class=\"elementor-icon-box-icon\"><a class=\"elementor-icon elementor-animation-\" href=\"https:\/\/cri.it\/cosa-facciamo\/principi-e-valori-umanitari\/educazione-umanitaria\/\"><i class=\"fas fa-arrow-circle-right\" aria-hidden=\"true\"><\/i><\/a><\/div><div class=\"elementor-icon-box-content\"><h3 class=\"elementor-icon-box-title\"><a href=\"https:\/\/cri.it\/cosa-facciamo\/giovani\/innovazione\/\">Innovazione<\/a><\/h3><p class=\"elementor-icon-box-description\"><span>Introduciamo nuovi modelli, metodologie, processi e tecnologie per consentire ai Volontari di rispondere in modo pi\u00f9 efficace ed efficiente ai bisogni della popolazione e alle sfide dell\u2019attualit\u00e0. Incoraggiamo un cambiamento di mentalit\u00e0 e l\u2019adozione di strumenti e approcci innovativi per un miglioramento delle attivit\u00e0 e un conseguente aumento dell\u2019impatto sociale.<\/span><\/p><\/div><\/div><\/div><\/div><\/div><\/div><\/div><\/div><\/div><\/section><section class=\"elementor-section elementor-top-section elementor-element elementor-element-395293fe elementor-section-stretched elementor-section-boxed elementor-section-height-default elementor-section-height-default\" data-id=\"395293fe\" data-settings=\"{\"><div class=\"elementor-container elementor-column-gap-default\"><div class=\"elementor-row\"><div class=\"elementor-column elementor-col-100 elementor-top-column elementor-element elementor-element-637c574e\" data-id=\"637c574e\"><div class=\"elementor-column-wrap elementor-element-populated\"><div class=\"elementor-widget-wrap\"><div class=\"elementor-element elementor-element-f10a973 elementor-view-framed elementor-shape-square elementor-position-left ad_list_icon elementor-vertical-align-top elementor-widget elementor-widget-icon-box\" data-id=\"f10a973\"><div class=\"elementor-widget-container\"><div class=\"elementor-icon-box-wrapper\"><div class=\"elementor-icon-box-icon\"><a class=\"elementor-icon elementor-animation-\" href=\"https:\/\/cri.it\/cosa-facciamo\/principi-e-valori-umanitari\/diplomazia-umanitaria\/\"><i class=\"fas fa-arrow-circle-right\" aria-hidden=\"true\"><\/i><\/a><\/div><div class=\"elementor-icon-box-content\"><h3 class=\"elementor-icon-box-title\"><a href=\"https:\/\/cri.it\/cosa-facciamo\/giovani\/giovani-movimento\">Giovani &amp; Movimento<\/a><\/h3><p class=\"elementor-icon-box-description\"><span>Attraverso le numerose attivit\u00e0 di Cooperazione Internazionale, costruiamo rapporti e facilitiamo scambi di buone pratiche e collaborazioni con le altre Societ\u00e0 Nazionali. In qualit\u00e0 di agenti di cambiamento e promotori di una cultura del \u201cpensare globalmente per agire localmente\u201d, partecipiamo attivamente a queste attivit\u00e0 prendendo parte a numerose iniziative internazionali, favorendo la condivisione di conoscenze ed esperienze con i volontari di tutto il mondo.<\/span><\/p><\/div><\/div><\/div><\/div><\/div><\/div><\/div><\/div><\/div><\/section><\/div><\/div><\/div><\/div><\/div><\/div><\/div><\/section>\t\t\t\t\t\t\t\t<\/div>\n\t\t\t\t<\/div>\n\t\t\t\t\t<\/div>\n\t\t<\/div>\n\t\t\t\t\t<\/div>\n\t\t<\/section>\n\t\t\t\t<section class=\"elementor-section elementor-top-section elementor-element elementor-element-5507f4e elementor-section-boxed elementor-section-height-default elementor-section-height-default\" data-id=\"5507f4e\" data-element_type=\"section\" data-e-type=\"section\">\n\t\t\t\t\t\t<div class=\"elementor-container elementor-column-gap-default\">\n\t\t\t\t\t<div class=\"elementor-column elementor-col-100 elementor-top-column elementor-element elementor-element-290cd6e\" data-id=\"290cd6e\" data-element_type=\"column\" data-e-type=\"column\">\n\t\t\t<div class=\"elementor-widget-wrap\">\n\t\t\t\t\t\t\t<\/div>\n\t\t<\/div>\n\t\t\t\t\t<\/div>\n\t\t<\/section>\n\t\t\t\t<\/div>\n\t\t","protected":false},"excerpt":{"rendered":"<p>Supportiamo attivamente lo sviluppo del giovane come agente di cambiamento Il nostro obiettivo \u00e8 quello di contribuire allo sviluppo delle capacit\u00e0 personali e relazionali della giovent\u00f9 per costruire comunit\u00e0 pi\u00f9 resilienti e inclusive. Mettiamo in campo azioni diversificate per promuovere stili di vita sani nel rispetto dell\u2019ambiente, favorendo l\u2019inclusione sociale [&hellip;]<\/p>\n","protected":false},"author":68,"featured_media":1549,"parent":1097,"menu_order":0,"comment_status":"closed","ping_status":"closed","template":"","meta":{"_themeisle_gutenberg_block_has_review":false,"footnotes":""},"categories":[8],"tags":[],"class_list":["post-1548","page","type-page","status-publish","has-post-thumbnail","hentry","category-attivita"],"_links":{"self":[{"href":"https:\/\/cri.it\/calabria\/wp-json\/wp\/v2\/pages\/1548","targetHints":{"allow":["GET"]}}],"collection":[{"href":"https:\/\/cri.it\/calabria\/wp-json\/wp\/v2\/pages"}],"about":[{"href":"https:\/\/cri.it\/calabria\/wp-json\/wp\/v2\/types\/page"}],"author":[{"embeddable":true,"href":"https:\/\/cri.it\/calabria\/wp-json\/wp\/v2\/users\/68"}],"replies":[{"embeddable":true,"href":"https:\/\/cri.it\/calabria\/wp-json\/wp\/v2\/comments?post=1548"}],"version-history":[{"count":3,"href":"https:\/\/cri.it\/calabria\/wp-json\/wp\/v2\/pages\/1548\/revisions"}],"predecessor-version":[{"id":1553,"href":"https:\/\/cri.it\/calabria\/wp-json\/wp\/v2\/pages\/1548\/revisions\/1553"}],"up":[{"embeddable":true,"href":"https:\/\/cri.it\/calabria\/wp-json\/wp\/v2\/pages\/1097"}],"wp:featuredmedia":[{"embeddable":true,"href":"https:\/\/cri.it\/calabria\/wp-json\/wp\/v2\/media\/1549"}],"wp:attachment":[{"href":"https:\/\/cri.it\/calabria\/wp-json\/wp\/v2\/media?parent=1548"}],"wp:term":[{"taxonomy":"category","embeddable":true,"href":"https:\/\/cri.it\/calabria\/wp-json\/wp\/v2\/categories?post=1548"},{"taxonomy":"post_tag","embeddable":true,"href":"https:\/\/cri.it\/calabria\/wp-json\/wp\/v2\/tags?post=1548"}],"curies":[{"name":"wp","href":"https:\/\/api.w.org\/{rel}","templated":true}]}}