{"id":1539,"date":"2022-06-21T14:21:19","date_gmt":"2022-06-21T12:21:19","guid":{"rendered":"https:\/\/cri.it\/calabria\/?page_id=1539"},"modified":"2022-06-21T15:18:10","modified_gmt":"2022-06-21T13:18:10","slug":"migrazioni-2","status":"publish","type":"page","link":"https:\/\/cri.it\/calabria\/cosa-facciamo\/migrazioni\/","title":{"rendered":"Migrazioni"},"content":{"rendered":"\t\t<div data-elementor-type=\"wp-page\" data-elementor-id=\"1539\" class=\"elementor elementor-1539\">\n\t\t\t\t\t\t<section class=\"elementor-section elementor-top-section elementor-element elementor-element-bcf6029 elementor-section-boxed elementor-section-height-default elementor-section-height-default\" data-id=\"bcf6029\" data-element_type=\"section\" data-e-type=\"section\">\n\t\t\t\t\t\t<div class=\"elementor-container elementor-column-gap-default\">\n\t\t\t\t\t<div class=\"elementor-column elementor-col-50 elementor-top-column elementor-element elementor-element-2562e79\" data-id=\"2562e79\" data-element_type=\"column\" data-e-type=\"column\">\n\t\t\t<div class=\"elementor-widget-wrap elementor-element-populated\">\n\t\t\t\t\t\t<div class=\"elementor-element elementor-element-5d3d598 elementor-widget elementor-widget-image\" data-id=\"5d3d598\" data-element_type=\"widget\" data-e-type=\"widget\" data-widget_type=\"image.default\">\n\t\t\t\t<div class=\"elementor-widget-container\">\n\t\t\t\t\t\t\t\t\t\t\t\t\t\t\t<img decoding=\"async\" width=\"206\" height=\"206\" src=\"https:\/\/cri.it\/calabria\/wp-content\/uploads\/sites\/5\/2022\/06\/Migrazioni-grande.png\" class=\"attachment-large size-large wp-image-1541\" alt=\"\" srcset=\"https:\/\/cri.it\/calabria\/wp-content\/uploads\/sites\/5\/2022\/06\/Migrazioni-grande.png 206w, https:\/\/cri.it\/calabria\/wp-content\/uploads\/sites\/5\/2022\/06\/Migrazioni-grande-150x150.png 150w\" sizes=\"(max-width: 206px) 100vw, 206px\" \/>\t\t\t\t\t\t\t\t\t\t\t\t\t\t\t<\/div>\n\t\t\t\t<\/div>\n\t\t\t\t\t<\/div>\n\t\t<\/div>\n\t\t\t\t<div class=\"elementor-column elementor-col-50 elementor-top-column elementor-element elementor-element-b1b18e5\" data-id=\"b1b18e5\" data-element_type=\"column\" data-e-type=\"column\">\n\t\t\t<div class=\"elementor-widget-wrap elementor-element-populated\">\n\t\t\t\t\t\t<div class=\"elementor-element elementor-element-d7e4497 elementor-widget elementor-widget-text-editor\" data-id=\"d7e4497\" data-element_type=\"widget\" data-e-type=\"widget\" data-widget_type=\"text-editor.default\">\n\t\t\t\t<div class=\"elementor-widget-container\">\n\t\t\t\t\t\t\t\t\t<div class=\"elementor-element elementor-element-1926d4d elementor-widget elementor-widget-heading\" data-id=\"1926d4d\" style=\"width: 888.172px\"><div class=\"elementor-widget-container\"><h3 class=\"elementor-heading-title elementor-size-default\" style=\"font-family: Roboto, Helvetica, Arial, sans-serif;color: #555555\">Persone in fuga<\/h3><\/div><\/div><div class=\"elementor-element elementor-element-188c25d6 elementor-widget elementor-widget-text-editor\" data-id=\"188c25d6\" style=\"width: 888.172px\"><div class=\"elementor-widget-container\"><div class=\"elementor-text-editor elementor-clearfix\"><p>La nostra missione, in sinergia con i membri del Movimento Internazionale della Croce Rossa e della Mezzaluna Rossa, \u00e8 la risposta alla sfida umanitaria rappresentata dagli effetti della crisi climatica e dei disastri sull\u2019uomo.<\/p><p>Per ridurre il rischio di disastri e adattare le comunit\u00e0 agli effetti della crisi climatica, abbiamo adottato le strategie di adattamento e di mitigazione.<\/p><\/div><\/div><\/div>\t\t\t\t\t\t\t\t<\/div>\n\t\t\t\t<\/div>\n\t\t\t\t\t<\/div>\n\t\t<\/div>\n\t\t\t\t\t<\/div>\n\t\t<\/section>\n\t\t\t\t<section class=\"elementor-section elementor-top-section elementor-element elementor-element-8d3203c elementor-section-boxed elementor-section-height-default elementor-section-height-default\" data-id=\"8d3203c\" data-element_type=\"section\" data-e-type=\"section\">\n\t\t\t\t\t\t<div class=\"elementor-container elementor-column-gap-default\">\n\t\t\t\t\t<div class=\"elementor-column elementor-col-100 elementor-top-column elementor-element elementor-element-800b78c\" data-id=\"800b78c\" data-element_type=\"column\" data-e-type=\"column\">\n\t\t\t<div class=\"elementor-widget-wrap elementor-element-populated\">\n\t\t\t\t\t\t<div class=\"elementor-element elementor-element-b961060 elementor-widget-divider--separator-type-pattern elementor-widget-divider--view-line elementor-widget elementor-widget-divider\" data-id=\"b961060\" data-element_type=\"widget\" data-e-type=\"widget\" data-widget_type=\"divider.default\">\n\t\t\t\t<div class=\"elementor-widget-container\">\n\t\t\t\t\t\t\t<div class=\"elementor-divider\" style=\"--divider-pattern-url: url(&quot;data:image\/svg+xml,%3Csvg xmlns=&#039;http:\/\/www.w3.org\/2000\/svg&#039; preserveAspectRatio=&#039;none&#039; overflow=&#039;visible&#039; height=&#039;100%&#039; viewBox=&#039;0 0 24 24&#039; fill=&#039;black&#039; stroke=&#039;none&#039;%3E%3Cpath d=&#039;M12.7,2.3c-0.4-0.4-1.1-0.4-1.5,0l-8,9.1c-0.3,0.4-0.3,0.9,0,1.2l8,9.1c0.4,0.4,1.1,0.4,1.5,0l8-9.1c0.3-0.4,0.3-0.9,0-1.2L12.7,2.3z&#039;\/%3E%3C\/svg%3E&quot;);\">\n\t\t\t<span class=\"elementor-divider-separator\">\n\t\t\t\t\t\t<\/span>\n\t\t<\/div>\n\t\t\t\t\t\t<\/div>\n\t\t\t\t<\/div>\n\t\t\t\t\t<\/div>\n\t\t<\/div>\n\t\t\t\t\t<\/div>\n\t\t<\/section>\n\t\t\t\t<section class=\"elementor-section elementor-top-section elementor-element elementor-element-9936ac9 elementor-section-boxed elementor-section-height-default elementor-section-height-default\" data-id=\"9936ac9\" data-element_type=\"section\" data-e-type=\"section\">\n\t\t\t\t\t\t<div class=\"elementor-container elementor-column-gap-default\">\n\t\t\t\t\t<div class=\"elementor-column elementor-col-100 elementor-top-column elementor-element elementor-element-f67f374\" data-id=\"f67f374\" data-element_type=\"column\" data-e-type=\"column\">\n\t\t\t<div class=\"elementor-widget-wrap elementor-element-populated\">\n\t\t\t\t\t\t<div class=\"elementor-element elementor-element-f5a2677 elementor-widget elementor-widget-text-editor\" data-id=\"f5a2677\" data-element_type=\"widget\" data-e-type=\"widget\" data-widget_type=\"text-editor.default\">\n\t\t\t\t<div class=\"elementor-widget-container\">\n\t\t\t\t\t\t\t\t\t<section class=\"elementor-section elementor-top-section elementor-element elementor-element-67fafa4d elementor-section-stretched elementor-section-boxed elementor-section-height-default elementor-section-height-default\" data-id=\"67fafa4d\" data-settings=\"{\"><div class=\"elementor-container elementor-column-gap-default\"><div class=\"elementor-row\"><div class=\"elementor-column elementor-col-100 elementor-top-column elementor-element elementor-element-2279e18c\" data-id=\"2279e18c\"><div class=\"elementor-column-wrap elementor-element-populated\"><div class=\"elementor-widget-wrap\"><div class=\"elementor-element elementor-element-7425afcb elementor-widget elementor-widget-heading\" data-id=\"7425afcb\"><div class=\"elementor-widget-container\"><section class=\"elementor-section elementor-top-section elementor-element elementor-element-67fafa4d elementor-section-stretched elementor-section-boxed elementor-section-height-default elementor-section-height-default\" data-id=\"67fafa4d\" data-settings=\"{\"><div class=\"elementor-container elementor-column-gap-default\"><div class=\"elementor-row\"><div class=\"elementor-column elementor-col-100 elementor-top-column elementor-element elementor-element-2279e18c\" data-id=\"2279e18c\"><div class=\"elementor-column-wrap elementor-element-populated\"><div class=\"elementor-widget-wrap\"><div class=\"elementor-element elementor-element-7425afcb elementor-widget elementor-widget-heading\" data-id=\"7425afcb\"><div class=\"elementor-widget-container\"><h2 class=\"elementor-heading-title elementor-size-large\">AREE D&#8217;INTERVENTO<\/h2><\/div><\/div><\/div><\/div><\/div><\/div><\/div><\/section><section class=\"elementor-section elementor-top-section elementor-element elementor-element-490f4af elementor-section-stretched elementor-section-boxed elementor-section-height-default elementor-section-height-default\" data-id=\"490f4af\" data-settings=\"{\"><div class=\"elementor-container elementor-column-gap-default\"><div class=\"elementor-row\"><div class=\"elementor-column elementor-col-100 elementor-top-column elementor-element elementor-element-30a9819d\" data-id=\"30a9819d\"><div class=\"elementor-column-wrap elementor-element-populated\"><div class=\"elementor-widget-wrap\"><div class=\"elementor-element elementor-element-505ff823 elementor-view-framed elementor-shape-square elementor-position-left ad_list_icon elementor-vertical-align-top elementor-widget elementor-widget-icon-box\" data-id=\"505ff823\"><div class=\"elementor-widget-container\"><div class=\"elementor-icon-box-wrapper\"><div class=\"elementor-icon-box-icon\"><a class=\"elementor-icon elementor-animation-\" href=\"https:\/\/cri.it\/calabria\/\"><i class=\"fas fa-arrow-circle-right\" aria-hidden=\"true\"><\/i><\/a><\/div><div class=\"elementor-icon-box-content\"><h3 class=\"elementor-icon-box-title\"><a href=\"https:\/\/cri.it\/cosa-facciamo\/migrazioni\/accoglienza\/\">Accoglienza<\/a><\/h3><p class=\"elementor-icon-box-description\"><span>Gli operatori della Croce Rossa Italiana sono presenti in tutti i porti, al fianco delle persone che sbarcano sulle nostre coste, per rispondere ai loro bisogni, alleviarne le sofferenze e garantire loro dignitose condizioni di accoglienza e assistenza. Garantiamo distribuzione di generi di conforto, supporto sanitario e psicologico, attivit\u00e0 di Restoring Family Links e di prevenzione e risposta alla tratta, informativa e orientamento legale. Nelle oltre 40 strutture di accoglienza gestite dalla Croce Rossa Italiana vengono forniti &#8211; oltre a vitto e alloggio &#8211; gli strumenti per iniziare un percorso di inclusione sul territorio. Anche per coloro al di fuori del circuito dell&#8217;accoglienza, assicuriamo servizi essenziali di ascolto, assistenza e indirizzo verso le strutture di supporto.<\/span><\/p><\/div><\/div><\/div><\/div><\/div><\/div><\/div><\/div><\/div><\/section><section class=\"elementor-section elementor-top-section elementor-element elementor-element-1ef51ca elementor-section-stretched elementor-section-boxed elementor-section-height-default elementor-section-height-default\" data-id=\"1ef51ca\" data-settings=\"{\"><div class=\"elementor-container elementor-column-gap-default\"><div class=\"elementor-row\"><div class=\"elementor-column elementor-col-100 elementor-top-column elementor-element elementor-element-48567cd\" data-id=\"48567cd\"><div class=\"elementor-column-wrap elementor-element-populated\"><div class=\"elementor-widget-wrap\"><div class=\"elementor-element elementor-element-f145734 elementor-view-framed elementor-shape-square elementor-position-left ad_list_icon elementor-vertical-align-top elementor-widget elementor-widget-icon-box\" data-id=\"f145734\"><div class=\"elementor-widget-container\"><div class=\"elementor-icon-box-wrapper\"><div class=\"elementor-icon-box-icon\"><a class=\"elementor-icon elementor-animation-\" href=\"https:\/\/cri.it\/cosa-facciamo\/principi-e-valori-umanitari\/international-disaster-law\/\"><i class=\"fas fa-arrow-circle-right\" aria-hidden=\"true\"><\/i><\/a><\/div><div class=\"elementor-icon-box-content\"><h3 class=\"elementor-icon-box-title\"><a href=\"https:\/\/cri.it\/cosa-facciamo\/migrazioni\/community-engagement-accountability\/\">Community Engagement and Accountability<\/a><\/h3><p class=\"elementor-icon-box-description\"><span>Ascoltiamo e coinvolgiamo le comunit\u00e0 delle persone migranti (Community Engagement and Accountability, CEA) nella realizzazione dei progetti a loro supporto, puntando sulla comunicazione, sulla condivisione e partecipazione alle diverse fasi delle attivit\u00e0. Aiutiamo le comunit\u00e0 delle persone migranti che sosteniamo ad assumere un ruolo pi\u00f9 attivo nella costruzione di strategie di resilienza a lungo termine, creando le possibilit\u00e0 perch\u00e9 diventino pi\u00f9 esperte, competenti, connesse e in grado di cambiare il proprio comportamento sociale per affrontare rischi e vulnerabilit\u00e0 latenti.<\/span><\/p><\/div><\/div><\/div><\/div><\/div><\/div><\/div><\/div><\/div><\/section><section class=\"elementor-section elementor-top-section elementor-element elementor-element-262ba4ed elementor-section-stretched elementor-section-boxed elementor-section-height-default elementor-section-height-default\" data-id=\"262ba4ed\" data-settings=\"{\"><div class=\"elementor-container elementor-column-gap-default\"><div class=\"elementor-row\"><div class=\"elementor-column elementor-col-100 elementor-top-column elementor-element elementor-element-7f602cc8\" data-id=\"7f602cc8\"><div class=\"elementor-column-wrap elementor-element-populated\"><div class=\"elementor-widget-wrap\"><div class=\"elementor-element elementor-element-5f2918e3 elementor-view-framed elementor-shape-square elementor-position-left ad_list_icon elementor-vertical-align-top elementor-widget elementor-widget-icon-box\" data-id=\"5f2918e3\"><div class=\"elementor-widget-container\"><div class=\"elementor-icon-box-wrapper\"><div class=\"elementor-icon-box-icon\"><a class=\"elementor-icon elementor-animation-\" href=\"https:\/\/cri.it\/cosa-facciamo\/principi-e-valori-umanitari\/educazione-umanitaria\/\"><i class=\"fas fa-arrow-circle-right\" aria-hidden=\"true\"><\/i><\/a><\/div><div class=\"elementor-icon-box-content\"><h3 class=\"elementor-icon-box-title\"><a href=\"https:\/\/cri.it\/cosa-facciamo\/migrazioni\/tratta-esseri-umani-violenza-genere\/\"><span>Tratta degli esseri umani e violenza di genere<\/span><\/a><\/h3><p class=\"elementor-icon-box-description\"><span>Riteniamo di grande importanza il tema della prevenzione e dell&#8217;informazione rispetto al fenomeno della tratta degli esseri umani e della violenza di genere. Siamo da sempre in prima linea per sensibilizzare le comunit\u00e0 su questo tema e costantemente impegnati nel mettere a disposizione dei propri operatori tutti gli strumenti necessari per l&#8217;identificazione ed il supporto delle potenziali vittime.<\/span><\/p><\/div><\/div><\/div><\/div><\/div><\/div><\/div><\/div><\/div><\/section><section class=\"elementor-section elementor-top-section elementor-element elementor-element-395293fe elementor-section-stretched elementor-section-boxed elementor-section-height-default elementor-section-height-default\" data-id=\"395293fe\" data-settings=\"{\"><div class=\"elementor-container elementor-column-gap-default\"><div class=\"elementor-row\"><div class=\"elementor-column elementor-col-100 elementor-top-column elementor-element elementor-element-637c574e\" data-id=\"637c574e\"><div class=\"elementor-column-wrap elementor-element-populated\"><div class=\"elementor-widget-wrap\"><div class=\"elementor-element elementor-element-f10a973 elementor-view-framed elementor-shape-square elementor-position-left ad_list_icon elementor-vertical-align-top elementor-widget elementor-widget-icon-box\" data-id=\"f10a973\"><div class=\"elementor-widget-container\"><div class=\"elementor-icon-box-wrapper\"><div class=\"elementor-icon-box-icon\"><a class=\"elementor-icon elementor-animation-\" href=\"https:\/\/cri.it\/cosa-facciamo\/principi-e-valori-umanitari\/diplomazia-umanitaria\/\"><i class=\"fas fa-arrow-circle-right\" aria-hidden=\"true\"><\/i><\/a><\/div><div class=\"elementor-icon-box-content\"><h3 class=\"elementor-icon-box-title\"><a href=\"https:\/\/cri.it\/cosa-facciamo\/migrazioni\/restoring-family-links\">Restoring Family Links<\/a><\/h3><p class=\"elementor-icon-box-description\"><span>Ogni anno migliaia di famiglie vengono separate a causa di conflitti armati, situazioni di violenza, disastri, migrazioni e altre circostanze che richiedono una risposta umanitaria. Attraverso il servizio di Restoring Family Links, la Croce Rossa Italiana, le altre Societ\u00e0 Nazionali di Croce Rossa e Mezzaluna Rossa, la Federazione Internazionale di Croce Rossa e Mezzaluna Rossa (FICR) e il Comitato Internazionale di Croce Rossa (CICR) sono impegnate, in tutto il mondo, per evitare la separazione delle famiglie e la loro scomparsa, per ristabilire e mantenere i legami familiari, far luce sulla sorte dei dispersi e facilitare l&#8217;identificazione dei corpi senza nome.<\/span><\/p><\/div><\/div><\/div><\/div><\/div><\/div><\/div><\/div><\/div><\/section><\/div><\/div><\/div><\/div><\/div><\/div><\/div><\/section>\t\t\t\t\t\t\t\t<\/div>\n\t\t\t\t<\/div>\n\t\t\t\t\t<\/div>\n\t\t<\/div>\n\t\t\t\t\t<\/div>\n\t\t<\/section>\n\t\t\t\t<\/div>\n\t\t","protected":false},"excerpt":{"rendered":"<p>Persone in fuga La nostra missione, in sinergia con i membri del Movimento Internazionale della Croce Rossa e della Mezzaluna Rossa, \u00e8 la risposta alla sfida umanitaria rappresentata dagli effetti della crisi climatica e dei disastri sull\u2019uomo. Per ridurre il rischio di disastri e adattare le comunit\u00e0 agli effetti della [&hellip;]<\/p>\n","protected":false},"author":68,"featured_media":1540,"parent":1097,"menu_order":0,"comment_status":"closed","ping_status":"closed","template":"","meta":{"_themeisle_gutenberg_block_has_review":false,"footnotes":""},"categories":[8],"tags":[],"class_list":["post-1539","page","type-page","status-publish","has-post-thumbnail","hentry","category-attivita"],"_links":{"self":[{"href":"https:\/\/cri.it\/calabria\/wp-json\/wp\/v2\/pages\/1539","targetHints":{"allow":["GET"]}}],"collection":[{"href":"https:\/\/cri.it\/calabria\/wp-json\/wp\/v2\/pages"}],"about":[{"href":"https:\/\/cri.it\/calabria\/wp-json\/wp\/v2\/types\/page"}],"author":[{"embeddable":true,"href":"https:\/\/cri.it\/calabria\/wp-json\/wp\/v2\/users\/68"}],"replies":[{"embeddable":true,"href":"https:\/\/cri.it\/calabria\/wp-json\/wp\/v2\/comments?post=1539"}],"version-history":[{"count":3,"href":"https:\/\/cri.it\/calabria\/wp-json\/wp\/v2\/pages\/1539\/revisions"}],"predecessor-version":[{"id":1561,"href":"https:\/\/cri.it\/calabria\/wp-json\/wp\/v2\/pages\/1539\/revisions\/1561"}],"up":[{"embeddable":true,"href":"https:\/\/cri.it\/calabria\/wp-json\/wp\/v2\/pages\/1097"}],"wp:featuredmedia":[{"embeddable":true,"href":"https:\/\/cri.it\/calabria\/wp-json\/wp\/v2\/media\/1540"}],"wp:attachment":[{"href":"https:\/\/cri.it\/calabria\/wp-json\/wp\/v2\/media?parent=1539"}],"wp:term":[{"taxonomy":"category","embeddable":true,"href":"https:\/\/cri.it\/calabria\/wp-json\/wp\/v2\/categories?post=1539"},{"taxonomy":"post_tag","embeddable":true,"href":"https:\/\/cri.it\/calabria\/wp-json\/wp\/v2\/tags?post=1539"}],"curies":[{"name":"wp","href":"https:\/\/api.w.org\/{rel}","templated":true}]}}