{"id":1487,"date":"2022-06-20T15:39:33","date_gmt":"2022-06-20T13:39:33","guid":{"rendered":"https:\/\/cri.it\/calabria\/?page_id=1487"},"modified":"2022-06-21T15:18:58","modified_gmt":"2022-06-21T13:18:58","slug":"tutela-della-salute","status":"publish","type":"page","link":"https:\/\/cri.it\/calabria\/cosa-facciamo\/tutela-della-salute\/","title":{"rendered":"Tutela della Salute"},"content":{"rendered":"\t\t<div data-elementor-type=\"wp-page\" data-elementor-id=\"1487\" class=\"elementor elementor-1487\">\n\t\t\t\t\t\t<section class=\"elementor-section elementor-top-section elementor-element elementor-element-bcf6029 elementor-section-boxed elementor-section-height-default elementor-section-height-default\" data-id=\"bcf6029\" data-element_type=\"section\" data-e-type=\"section\">\n\t\t\t\t\t\t<div class=\"elementor-container elementor-column-gap-default\">\n\t\t\t\t\t<div class=\"elementor-column elementor-col-50 elementor-top-column elementor-element elementor-element-2562e79\" data-id=\"2562e79\" data-element_type=\"column\" data-e-type=\"column\">\n\t\t\t<div class=\"elementor-widget-wrap elementor-element-populated\">\n\t\t\t\t\t\t<div class=\"elementor-element elementor-element-5d3d598 elementor-widget elementor-widget-image\" data-id=\"5d3d598\" data-element_type=\"widget\" data-e-type=\"widget\" data-widget_type=\"image.default\">\n\t\t\t\t<div class=\"elementor-widget-container\">\n\t\t\t\t\t\t\t\t\t\t\t\t\t\t\t<img decoding=\"async\" width=\"206\" height=\"206\" src=\"https:\/\/cri.it\/calabria\/wp-content\/uploads\/sites\/5\/2022\/06\/Salute-grande.png\" class=\"attachment-large size-large wp-image-1497\" alt=\"\" srcset=\"https:\/\/cri.it\/calabria\/wp-content\/uploads\/sites\/5\/2022\/06\/Salute-grande.png 206w, https:\/\/cri.it\/calabria\/wp-content\/uploads\/sites\/5\/2022\/06\/Salute-grande-150x150.png 150w\" sizes=\"(max-width: 206px) 100vw, 206px\" \/>\t\t\t\t\t\t\t\t\t\t\t\t\t\t\t<\/div>\n\t\t\t\t<\/div>\n\t\t\t\t\t<\/div>\n\t\t<\/div>\n\t\t\t\t<div class=\"elementor-column elementor-col-50 elementor-top-column elementor-element elementor-element-b1b18e5\" data-id=\"b1b18e5\" data-element_type=\"column\" data-e-type=\"column\">\n\t\t\t<div class=\"elementor-widget-wrap elementor-element-populated\">\n\t\t\t\t\t\t<div class=\"elementor-element elementor-element-d7e4497 elementor-widget elementor-widget-text-editor\" data-id=\"d7e4497\" data-element_type=\"widget\" data-e-type=\"widget\" data-widget_type=\"text-editor.default\">\n\t\t\t\t<div class=\"elementor-widget-container\">\n\t\t\t\t\t\t\t\t\t<div class=\"elementor-element elementor-element-1926d4d elementor-widget elementor-widget-heading\" data-id=\"1926d4d\" style=\"width: 888.172px\"><div class=\"elementor-widget-container\"><h3 class=\"elementor-heading-title elementor-size-default\" style=\"font-family: Roboto, Helvetica, Arial, sans-serif;margin-bottom: 15px;font-size: 28px !important\">Tutelare e promuovere l\u2019educazione universale alla salute e alla sicurezza delle persone<\/h3><\/div><\/div><div class=\"elementor-element elementor-element-188c25d6 elementor-widget elementor-widget-text-editor\" data-id=\"188c25d6\" style=\"width: 888.172px\"><div class=\"elementor-widget-container\"><div class=\"elementor-text-editor elementor-clearfix\"><p style=\"margin-bottom: 15px;line-height: 1.618\">In collaborazione con gli altri membri del Movimento Internazionale della Croce Rossa e Mezzaluna Rossa, diffondiamo il Diritto Internazionale Umanitario, i Principi Fondamentali e i Valori umanitari con attivit\u00e0 e corsi su tutto il territorio nazionale e all\u2019estero. Inoltre, attraverso l\u2019attivit\u00e0 di Diplomazia Umanitaria svolgiamo campagne di advocacy verso stakeholder nazionali e internazionali, affinch\u00e9 le persone vulnerabili e il rispetto del Diritto Internazionale Umanitario siano messi al centro delle agende politiche dei governi<\/p><\/div><\/div><\/div>\t\t\t\t\t\t\t\t<\/div>\n\t\t\t\t<\/div>\n\t\t\t\t\t<\/div>\n\t\t<\/div>\n\t\t\t\t\t<\/div>\n\t\t<\/section>\n\t\t\t\t<section class=\"elementor-section elementor-top-section elementor-element elementor-element-8d3203c elementor-section-boxed elementor-section-height-default elementor-section-height-default\" data-id=\"8d3203c\" data-element_type=\"section\" data-e-type=\"section\">\n\t\t\t\t\t\t<div class=\"elementor-container elementor-column-gap-default\">\n\t\t\t\t\t<div class=\"elementor-column elementor-col-100 elementor-top-column elementor-element elementor-element-800b78c\" data-id=\"800b78c\" data-element_type=\"column\" data-e-type=\"column\">\n\t\t\t<div class=\"elementor-widget-wrap elementor-element-populated\">\n\t\t\t\t\t\t<div class=\"elementor-element elementor-element-b961060 elementor-widget-divider--separator-type-pattern elementor-widget-divider--view-line elementor-widget elementor-widget-divider\" data-id=\"b961060\" data-element_type=\"widget\" data-e-type=\"widget\" data-widget_type=\"divider.default\">\n\t\t\t\t<div class=\"elementor-widget-container\">\n\t\t\t\t\t\t\t<div class=\"elementor-divider\" style=\"--divider-pattern-url: url(&quot;data:image\/svg+xml,%3Csvg xmlns=&#039;http:\/\/www.w3.org\/2000\/svg&#039; preserveAspectRatio=&#039;none&#039; overflow=&#039;visible&#039; height=&#039;100%&#039; viewBox=&#039;0 0 24 24&#039; fill=&#039;black&#039; stroke=&#039;none&#039;%3E%3Cpath d=&#039;M12.7,2.3c-0.4-0.4-1.1-0.4-1.5,0l-8,9.1c-0.3,0.4-0.3,0.9,0,1.2l8,9.1c0.4,0.4,1.1,0.4,1.5,0l8-9.1c0.3-0.4,0.3-0.9,0-1.2L12.7,2.3z&#039;\/%3E%3C\/svg%3E&quot;);\">\n\t\t\t<span class=\"elementor-divider-separator\">\n\t\t\t\t\t\t<\/span>\n\t\t<\/div>\n\t\t\t\t\t\t<\/div>\n\t\t\t\t<\/div>\n\t\t\t\t\t<\/div>\n\t\t<\/div>\n\t\t\t\t\t<\/div>\n\t\t<\/section>\n\t\t\t\t<section class=\"elementor-section elementor-top-section elementor-element elementor-element-9936ac9 elementor-section-boxed elementor-section-height-default elementor-section-height-default\" data-id=\"9936ac9\" data-element_type=\"section\" data-e-type=\"section\">\n\t\t\t\t\t\t<div class=\"elementor-container elementor-column-gap-default\">\n\t\t\t\t\t<div class=\"elementor-column elementor-col-100 elementor-top-column elementor-element elementor-element-f67f374\" data-id=\"f67f374\" data-element_type=\"column\" data-e-type=\"column\">\n\t\t\t<div class=\"elementor-widget-wrap elementor-element-populated\">\n\t\t\t\t\t\t<div class=\"elementor-element elementor-element-f5a2677 elementor-widget elementor-widget-text-editor\" data-id=\"f5a2677\" data-element_type=\"widget\" data-e-type=\"widget\" data-widget_type=\"text-editor.default\">\n\t\t\t\t<div class=\"elementor-widget-container\">\n\t\t\t\t\t\t\t\t\t<section class=\"elementor-section elementor-top-section elementor-element elementor-element-67fafa4d elementor-section-stretched elementor-section-boxed elementor-section-height-default elementor-section-height-default\" data-id=\"67fafa4d\" data-settings=\"{\"><div class=\"elementor-container elementor-column-gap-default\"><div class=\"elementor-row\"><div class=\"elementor-column elementor-col-100 elementor-top-column elementor-element elementor-element-2279e18c\" data-id=\"2279e18c\"><div class=\"elementor-column-wrap elementor-element-populated\"><div class=\"elementor-widget-wrap\"><div class=\"elementor-element elementor-element-7425afcb elementor-widget elementor-widget-heading\" data-id=\"7425afcb\"><div class=\"elementor-widget-container\"><section class=\"elementor-section elementor-top-section elementor-element elementor-element-67fafa4d elementor-section-stretched elementor-section-boxed elementor-section-height-default elementor-section-height-default\" data-id=\"67fafa4d\" data-settings=\"{\"><div class=\"elementor-container elementor-column-gap-default\"><div class=\"elementor-row\"><div class=\"elementor-column elementor-col-100 elementor-top-column elementor-element elementor-element-2279e18c\" data-id=\"2279e18c\"><div class=\"elementor-column-wrap elementor-element-populated\"><div class=\"elementor-widget-wrap\"><div class=\"elementor-element elementor-element-7425afcb elementor-widget elementor-widget-heading\" data-id=\"7425afcb\"><div class=\"elementor-widget-container\"><h2 class=\"elementor-heading-title elementor-size-large\">AREE D&#8217;INTERVENTO<\/h2><\/div><\/div><\/div><\/div><\/div><\/div><\/div><\/section><section class=\"elementor-section elementor-top-section elementor-element elementor-element-490f4af elementor-section-stretched elementor-section-boxed elementor-section-height-default elementor-section-height-default\" data-id=\"490f4af\" data-settings=\"{\"><div class=\"elementor-container elementor-column-gap-default\"><div class=\"elementor-row\"><div class=\"elementor-column elementor-col-100 elementor-top-column elementor-element elementor-element-30a9819d\" data-id=\"30a9819d\"><div class=\"elementor-column-wrap elementor-element-populated\"><div class=\"elementor-widget-wrap\"><div class=\"elementor-element elementor-element-505ff823 elementor-view-framed elementor-shape-square elementor-position-left ad_list_icon elementor-vertical-align-top elementor-widget elementor-widget-icon-box\" data-id=\"505ff823\"><div class=\"elementor-widget-container\"><div class=\"elementor-icon-box-wrapper\"><div class=\"elementor-icon-box-icon\"><a class=\"elementor-icon elementor-animation-\" href=\"https:\/\/cri.it\/calabria\/\"><i class=\"fas fa-arrow-circle-right\" aria-hidden=\"true\"><\/i><\/a><\/div><div class=\"elementor-icon-box-content\"><h3 class=\"elementor-icon-box-title\"><a href=\"https:\/\/cri.it\/cosa-facciamo\/salute\/donazione-sangue\/\">Donazione del sangue<\/a><\/h3><p class=\"elementor-icon-box-description\"><span>Il nostro obiettivo \u00e8 far crescere la cultura della donazione del Sangue, Organi e Tessuti. Promuoviamo e supportiamo attivamente la donazione del sangue e degli emoderivati, indispensabili nelle strutture di emergenza, in molti interventi chirurgici e trapianti di organo, nella cura delle malattie oncologiche e ematologiche.<\/span><\/p><\/div><\/div><\/div><\/div><\/div><\/div><\/div><\/div><\/div><\/section><section class=\"elementor-section elementor-top-section elementor-element elementor-element-1ef51ca elementor-section-stretched elementor-section-boxed elementor-section-height-default elementor-section-height-default\" data-id=\"1ef51ca\" data-settings=\"{\"><div class=\"elementor-container elementor-column-gap-default\"><div class=\"elementor-row\"><div class=\"elementor-column elementor-col-100 elementor-top-column elementor-element elementor-element-48567cd\" data-id=\"48567cd\"><div class=\"elementor-column-wrap elementor-element-populated\"><div class=\"elementor-widget-wrap\"><div class=\"elementor-element elementor-element-f145734 elementor-view-framed elementor-shape-square elementor-position-left ad_list_icon elementor-vertical-align-top elementor-widget elementor-widget-icon-box\" data-id=\"f145734\"><div class=\"elementor-widget-container\"><div class=\"elementor-icon-box-wrapper\"><div class=\"elementor-icon-box-icon\"><a class=\"elementor-icon elementor-animation-\" href=\"https:\/\/cri.it\/cosa-facciamo\/principi-e-valori-umanitari\/international-disaster-law\/\"><i class=\"fas fa-arrow-circle-right\" aria-hidden=\"true\"><\/i><\/a><\/div><div class=\"elementor-icon-box-content\"><h3 class=\"elementor-icon-box-title\">Servizi ambulanza<\/h3><p class=\"elementor-icon-box-description\"><span>Da sempre il nostro emblema \u00e8 legato al concetto di soccorso in ambulanza. I nostri Volontari sono sempre operativi per offrire servizi di ambulanza in Emergenza, trasporti sanitari ed assistenze per grandi e piccoli eventi.<\/span><\/p><\/div><\/div><\/div><\/div><\/div><\/div><\/div><\/div><\/div><\/section><section class=\"elementor-section elementor-top-section elementor-element elementor-element-262ba4ed elementor-section-stretched elementor-section-boxed elementor-section-height-default elementor-section-height-default\" data-id=\"262ba4ed\" data-settings=\"{\"><div class=\"elementor-container elementor-column-gap-default\"><div class=\"elementor-row\"><div class=\"elementor-column elementor-col-100 elementor-top-column elementor-element elementor-element-7f602cc8\" data-id=\"7f602cc8\"><div class=\"elementor-column-wrap elementor-element-populated\"><div class=\"elementor-widget-wrap\"><div class=\"elementor-element elementor-element-5f2918e3 elementor-view-framed elementor-shape-square elementor-position-left ad_list_icon elementor-vertical-align-top elementor-widget elementor-widget-icon-box\" data-id=\"5f2918e3\"><div class=\"elementor-widget-container\"><div class=\"elementor-icon-box-wrapper\"><div class=\"elementor-icon-box-icon\"><a class=\"elementor-icon elementor-animation-\" href=\"https:\/\/cri.it\/cosa-facciamo\/principi-e-valori-umanitari\/educazione-umanitaria\/\"><i class=\"fas fa-arrow-circle-right\" aria-hidden=\"true\"><\/i><\/a><\/div><div class=\"elementor-icon-box-content\"><h3 class=\"elementor-icon-box-title\"><a href=\"https:\/\/cri.it\/cosa-facciamo\/salute\/promozione-della-salute\/\">Promozione della salute<\/a><\/h3><p class=\"elementor-icon-box-description\">Promuoviamo attivit\u00e0 volte a garantire stili di vita sani e sicuri con particolare attenzione alla popolazione a rischio. Organizziamo incontri informativi sulla corretta alimentazione e sui disturbi ad essa correlati.<\/p><\/div><\/div><\/div><\/div><\/div><\/div><\/div><\/div><\/div><\/section><section class=\"elementor-section elementor-top-section elementor-element elementor-element-395293fe elementor-section-stretched elementor-section-boxed elementor-section-height-default elementor-section-height-default\" data-id=\"395293fe\" data-settings=\"{\"><div class=\"elementor-container elementor-column-gap-default\"><div class=\"elementor-row\"><div class=\"elementor-column elementor-col-100 elementor-top-column elementor-element elementor-element-637c574e\" data-id=\"637c574e\"><div class=\"elementor-column-wrap elementor-element-populated\"><div class=\"elementor-widget-wrap\"><div class=\"elementor-element elementor-element-f10a973 elementor-view-framed elementor-shape-square elementor-position-left ad_list_icon elementor-vertical-align-top elementor-widget elementor-widget-icon-box\" data-id=\"f10a973\"><div class=\"elementor-widget-container\"><div class=\"elementor-icon-box-wrapper\"><div class=\"elementor-icon-box-icon\"><a class=\"elementor-icon elementor-animation-\" href=\"https:\/\/cri.it\/cosa-facciamo\/principi-e-valori-umanitari\/diplomazia-umanitaria\/\"><i class=\"fas fa-arrow-circle-right\" aria-hidden=\"true\"><\/i><\/a><\/div><div class=\"elementor-icon-box-content\"><h3 class=\"elementor-icon-box-title\"><a href=\"https:\/\/cri.it\/cosa-facciamo\/salute\/primo-soccorso\/\">Primo soccorso<\/a><\/h3><p class=\"elementor-icon-box-description\"><span>\u00c8 l\u2019aiuto che chiunque pu\u00f2 prestare a una o pi\u00f9 persone, vittime di un incidente o di un malore, nell\u2019attesa che intervenga un soccorso sanitario qualificato.<\/span><\/p><\/div><\/div><\/div><\/div><\/div><\/div><\/div><\/div><\/div><\/section><section class=\"elementor-section elementor-top-section elementor-element elementor-element-3e8d5a97 elementor-section-stretched elementor-section-boxed elementor-section-height-default elementor-section-height-default\" data-id=\"3e8d5a97\" data-settings=\"{\"><div class=\"elementor-container elementor-column-gap-default\"><div class=\"elementor-row\"><div class=\"elementor-column elementor-col-100 elementor-top-column elementor-element elementor-element-7d439671\" data-id=\"7d439671\"><div class=\"elementor-column-wrap elementor-element-populated\"><div class=\"elementor-widget-wrap\"><div class=\"elementor-element elementor-element-1054036d elementor-view-framed elementor-shape-square elementor-position-left ad_list_icon elementor-vertical-align-top elementor-widget elementor-widget-icon-box\" data-id=\"1054036d\"><div class=\"elementor-widget-container\"><div class=\"elementor-icon-box-wrapper\"><div class=\"elementor-icon-box-icon\"><a class=\"elementor-icon elementor-animation-\" href=\"https:\/\/cri.it\/cosa-facciamo\/principi-e-valori-umanitari\/principi-valori\"><i class=\"fas fa-arrow-circle-right\" aria-hidden=\"true\"><\/i><\/a><\/div><div class=\"elementor-icon-box-content\"><h3 class=\"elementor-icon-box-title\"><a href=\"https:\/\/cri.it\/cosa-facciamo\/principi-e-valori-umanitari\/principi-valori\"><\/a><\/h3><h3 class=\"elementor-icon-box-title\"><a href=\"https:\/\/cri.it\/cosa-facciamo\/salute\/network-internazionali\/\">Network nella Federazione Internazionale di Croce Rossa e Mezzaluna Rossa<\/a><\/h3><p class=\"elementor-icon-box-description\">L\u2019attivit\u00e0 con le altre Societ\u00e0 Nazionali \u00e8 fondamentale anche in tema public health. Sono numerosi i network tematici in cui la nostra Associazione partecipa attivamente.<\/p><\/div><\/div><\/div><\/div><\/div><\/div><\/div><\/div><\/div><\/section><section class=\"elementor-section elementor-top-section elementor-element elementor-element-d4fe453 elementor-section-stretched elementor-section-boxed elementor-section-height-default elementor-section-height-default\" data-id=\"d4fe453\" data-settings=\"{\"><div class=\"elementor-container elementor-column-gap-default\"><div class=\"elementor-row\"><div class=\"elementor-column elementor-col-100 elementor-top-column elementor-element elementor-element-2f5f684\" data-id=\"2f5f684\"><div class=\"elementor-column-wrap elementor-element-populated\"><div class=\"elementor-widget-wrap\"><div class=\"elementor-element elementor-element-6e013d2 elementor-view-framed elementor-shape-square elementor-position-left ad_list_icon elementor-vertical-align-top elementor-widget elementor-widget-icon-box\" data-id=\"6e013d2\"><div class=\"elementor-widget-container\"><div class=\"elementor-icon-box-wrapper\"><div class=\"elementor-icon-box-icon\"><a class=\"elementor-icon elementor-animation-\" href=\"https:\/\/cri.it\/cosa-facciamo\/principi-e-valori-umanitari\/tutela-emblema\/\"><i class=\"fas fa-arrow-circle-right\" aria-hidden=\"true\"><\/i><\/a><\/div><div class=\"elementor-icon-box-content\"><h3 class=\"elementor-icon-box-title\"><a href=\"https:\/\/cri.it\/cosa-facciamo\/salute\/supporto-ministero-salute\/\">Supporto al Ministero della Salute<\/a><\/h3><p class=\"elementor-icon-box-description\"><span>Supportiamo il Ministero della Salute attraverso apposite convenzioni, al fine di tutelare la salute pubblica.<\/span><\/p><\/div><\/div><\/div><\/div><\/div><\/div><\/div><\/div><\/div><\/section><section class=\"elementor-section elementor-top-section elementor-element elementor-element-291cb6e elementor-section-stretched elementor-section-boxed elementor-section-height-default elementor-section-height-default\" data-id=\"291cb6e\" data-settings=\"{\"><div class=\"elementor-container elementor-column-gap-default\"><div class=\"elementor-row\"><div class=\"elementor-column elementor-col-100 elementor-top-column elementor-element elementor-element-a07e347\" data-id=\"a07e347\"><div class=\"elementor-column-wrap elementor-element-populated\"><div class=\"elementor-widget-wrap\"><div class=\"elementor-element elementor-element-78c95ff elementor-view-framed elementor-shape-square elementor-position-left ad_list_icon elementor-vertical-align-top elementor-widget elementor-widget-icon-box\" data-id=\"78c95ff\"><div class=\"elementor-widget-container\"><div class=\"elementor-icon-box-wrapper\"><div class=\"elementor-icon-box-icon\"><a class=\"elementor-icon elementor-animation-\" href=\"https:\/\/cri.it\/cosa-facciamo\/principi-e-valori-umanitari\/storia-croce-rossa\/\"><i class=\"fas fa-arrow-circle-right\" aria-hidden=\"true\"><\/i><\/a><\/div><div class=\"elementor-icon-box-content\"><h3 class=\"elementor-icon-box-title\"><a href=\"https:\/\/cri.it\/cosa-facciamo\/salute\/formazione\">Formazione<\/a><\/h3><p class=\"elementor-icon-box-description\"><span>La Croce Rossa Italiana da sempre si occupa di formazione e di educazione sanitaria promuovendo su tutto il territorio nazionale percorsi informativi e\/o formativi, in base alle pi\u00f9 recenti linee guida internazionali in materia di Primo Soccorso e Soccorso Avanzato, oltre i corsi di alta specializzazione sanitaria.<\/span><\/p><\/div><\/div><\/div><\/div><\/div><\/div><\/div><\/div><\/div><\/section><section class=\"elementor-section elementor-top-section elementor-element elementor-element-0ff7361 elementor-section-stretched elementor-section-boxed elementor-section-height-default elementor-section-height-default\" data-id=\"0ff7361\" data-settings=\"{\"><div class=\"elementor-container elementor-column-gap-default\"><div class=\"elementor-row\"><div class=\"elementor-column elementor-col-100 elementor-top-column elementor-element elementor-element-45c2ef8\" data-id=\"45c2ef8\"><div class=\"elementor-column-wrap elementor-element-populated\"><div class=\"elementor-widget-wrap\"><div class=\"elementor-element elementor-element-4d19840 elementor-view-framed elementor-shape-square elementor-position-left ad_list_icon elementor-vertical-align-top elementor-widget elementor-widget-icon-box\" data-id=\"4d19840\"><div class=\"elementor-widget-container\"><div class=\"elementor-icon-box-wrapper\"><div class=\"elementor-icon-box-icon\"><a class=\"elementor-icon elementor-animation-\" href=\"https:\/\/cri.it\/chi-siamo\/strategia-20-30\/\"><i class=\"fas fa-arrow-circle-right\" aria-hidden=\"true\"><\/i><\/a><\/div><div class=\"elementor-icon-box-content\"><h3 class=\"elementor-icon-box-title\"><a href=\"https:\/\/cri.it\/cosa-facciamo\/salute\/laboratorio-centrale\/\">Laboratorio Centrale<\/a><\/h3><p class=\"elementor-icon-box-description\"><span>Struttura moderna, altamente tecnologica e con personale qualificato, il Laboratorio Centrale della Croce Rossa Italiana fa della prevenzione il proprio fiore all\u2019occhiello. Prevenire vuol dire vivere meglio e alla qualit\u00e0 della vita il Laboratorio Centrale pone grande attenzione con un\u2019intensa attivit\u00e0 di diagnosi precoce quali la Genetica, la Biologia Molecolare, la Ginecologia, le indagini Strumentali, il servizio per la Prevenzione della Menopausa e dell\u2019Osteoporosi.<\/span><\/p><\/div><\/div><\/div><\/div><\/div><\/div><\/div><\/div><\/div><\/section><\/div><\/div><\/div><\/div><\/div><\/div><\/div><\/section>\t\t\t\t\t\t\t\t<\/div>\n\t\t\t\t<\/div>\n\t\t\t\t\t<\/div>\n\t\t<\/div>\n\t\t\t\t\t<\/div>\n\t\t<\/section>\n\t\t\t\t<\/div>\n\t\t","protected":false},"excerpt":{"rendered":"<p>Tutelare e promuovere l\u2019educazione universale alla salute e alla sicurezza delle persone In collaborazione con gli altri membri del Movimento Internazionale della Croce Rossa e Mezzaluna Rossa, diffondiamo il Diritto Internazionale Umanitario, i Principi Fondamentali e i Valori umanitari con attivit\u00e0 e corsi su tutto il territorio nazionale e all\u2019estero. [&hellip;]<\/p>\n","protected":false},"author":68,"featured_media":1489,"parent":1097,"menu_order":0,"comment_status":"closed","ping_status":"closed","template":"","meta":{"_themeisle_gutenberg_block_has_review":false,"footnotes":""},"categories":[],"tags":[],"class_list":["post-1487","page","type-page","status-publish","has-post-thumbnail","hentry"],"_links":{"self":[{"href":"https:\/\/cri.it\/calabria\/wp-json\/wp\/v2\/pages\/1487","targetHints":{"allow":["GET"]}}],"collection":[{"href":"https:\/\/cri.it\/calabria\/wp-json\/wp\/v2\/pages"}],"about":[{"href":"https:\/\/cri.it\/calabria\/wp-json\/wp\/v2\/types\/page"}],"author":[{"embeddable":true,"href":"https:\/\/cri.it\/calabria\/wp-json\/wp\/v2\/users\/68"}],"replies":[{"embeddable":true,"href":"https:\/\/cri.it\/calabria\/wp-json\/wp\/v2\/comments?post=1487"}],"version-history":[{"count":3,"href":"https:\/\/cri.it\/calabria\/wp-json\/wp\/v2\/pages\/1487\/revisions"}],"predecessor-version":[{"id":1501,"href":"https:\/\/cri.it\/calabria\/wp-json\/wp\/v2\/pages\/1487\/revisions\/1501"}],"up":[{"embeddable":true,"href":"https:\/\/cri.it\/calabria\/wp-json\/wp\/v2\/pages\/1097"}],"wp:featuredmedia":[{"embeddable":true,"href":"https:\/\/cri.it\/calabria\/wp-json\/wp\/v2\/media\/1489"}],"wp:attachment":[{"href":"https:\/\/cri.it\/calabria\/wp-json\/wp\/v2\/media?parent=1487"}],"wp:term":[{"taxonomy":"category","embeddable":true,"href":"https:\/\/cri.it\/calabria\/wp-json\/wp\/v2\/categories?post=1487"},{"taxonomy":"post_tag","embeddable":true,"href":"https:\/\/cri.it\/calabria\/wp-json\/wp\/v2\/tags?post=1487"}],"curies":[{"name":"wp","href":"https:\/\/api.w.org\/{rel}","templated":true}]}}