{"id":1038,"date":"2021-10-06T10:40:34","date_gmt":"2021-10-06T08:40:34","guid":{"rendered":"https:\/\/cri.it\/calabria\/?page_id=1038"},"modified":"2021-10-06T15:31:04","modified_gmt":"2021-10-06T13:31:04","slug":"strategia-20-30","status":"publish","type":"page","link":"https:\/\/cri.it\/calabria\/chi-siamo\/strategia-20-30\/","title":{"rendered":"Strategia 2018-2030"},"content":{"rendered":"\t\t<div data-elementor-type=\"wp-page\" data-elementor-id=\"1038\" class=\"elementor elementor-1038\">\n\t\t\t\t\t\t<section class=\"elementor-section elementor-top-section elementor-element elementor-element-47bce5c elementor-section-boxed elementor-section-height-default elementor-section-height-default\" data-id=\"47bce5c\" data-element_type=\"section\" data-e-type=\"section\">\n\t\t\t\t\t\t<div class=\"elementor-container elementor-column-gap-default\">\n\t\t\t\t\t<div class=\"elementor-column elementor-col-100 elementor-top-column elementor-element elementor-element-d704158\" data-id=\"d704158\" data-element_type=\"column\" data-e-type=\"column\">\n\t\t\t<div class=\"elementor-widget-wrap elementor-element-populated\">\n\t\t\t\t\t\t<div class=\"elementor-element elementor-element-0679412 elementor-widget elementor-widget-text-editor\" data-id=\"0679412\" data-element_type=\"widget\" data-e-type=\"widget\" data-widget_type=\"text-editor.default\">\n\t\t\t\t<div class=\"elementor-widget-container\">\n\t\t\t\t\t\t\t\t\t<section class=\"elementor-element elementor-element-2ae68ad elementor-section-boxed elementor-section-height-default elementor-section-height-default elementor-section elementor-top-section\" data-id=\"2ae68ad\"><div class=\"elementor-container elementor-column-gap-default\"><div class=\"elementor-row\"><div class=\"elementor-element elementor-element-7f34265 elementor-column elementor-col-100 elementor-top-column\" data-id=\"7f34265\"><div class=\"elementor-column-wrap elementor-element-populated\"><div class=\"elementor-widget-wrap\"><div class=\"elementor-element elementor-element-c59f614 elementor-widget elementor-widget-text-editor\" data-id=\"c59f614\"><div class=\"elementor-widget-container\"><div class=\"elementor-text-editor elementor-clearfix\"><p><em>\u201cMettere al centro l\u2019essere umano \u00e8 da sempre il nostro imperativo. Da oggi lo facciamo con nuovi strumenti, maggiore forza e unit\u00e0. E con un unico importate obiettivo: assistere un numero crescente di persone che sono vulnerabili a causa dei molteplici cambiamenti sociali, economici e ambientali in atto\u201d.<\/em><\/p><\/div><\/div><\/div><\/div><\/div><\/div><\/div><\/div><\/section><section class=\"elementor-element elementor-element-242be96e elementor-section-boxed elementor-section-height-default elementor-section-height-default elementor-section elementor-top-section\" data-id=\"242be96e\"><div class=\"elementor-container elementor-column-gap-default\"><div class=\"elementor-row\"><div class=\"elementor-element elementor-element-6aa2f1e2 elementor-column elementor-col-100 elementor-top-column\" data-id=\"6aa2f1e2\"><div class=\"elementor-column-wrap elementor-element-populated\"><div class=\"elementor-widget-wrap\"><div class=\"elementor-element elementor-element-18a7ebec elementor-widget elementor-widget-testimonial\" data-id=\"18a7ebec\"><div class=\"elementor-widget-container\"><div class=\"elementor-testimonial-wrapper elementor-testimonial-text-align-left\"><div class=\"elementor-testimonial-meta elementor-has-image elementor-testimonial-image-position-aside\"><div class=\"elementor-testimonial-meta-inner\"><div class=\"elementor-testimonial-image\"><img fetchpriority=\"high\" decoding=\"async\" width=\"474\" height=\"359\" src=\"https:\/\/cri.it\/wp-content\/uploads\/2020\/10\/Francesco-Rocca-1.jpg\" class=\"attachment-full size-full\" alt=\"\" \/><\/div><div class=\"elementor-testimonial-details\"><div class=\"elementor-testimonial-name\">Francesco Rocca<\/div><div class=\"elementor-testimonial-job\">Presidente della Croce Rossa italiana<\/div><\/div><\/div><\/div><\/div><\/div><\/div><\/div><\/div><\/div><\/div><\/div><\/section><section class=\"elementor-element elementor-element-52c5d929 elementor-section-stretched elementor-section-boxed elementor-section-height-default elementor-section-height-default elementor-section elementor-top-section\" data-id=\"52c5d929\" data-settings=\"{\"><div class=\"elementor-container elementor-column-gap-default\"><div class=\"elementor-row\"><div class=\"elementor-element elementor-element-52581103 elementor-column elementor-col-100 elementor-top-column\" data-id=\"52581103\"><div class=\"elementor-column-wrap elementor-element-populated\"><div class=\"elementor-widget-wrap\"><div class=\"elementor-element elementor-element-24c29d2 elementor-widget elementor-widget-spacer\" data-id=\"24c29d2\"><div class=\"elementor-widget-container\"><div class=\"elementor-spacer\"><div class=\"elementor-spacer-inner\"><\/div><\/div><\/div><\/div><div class=\"elementor-element elementor-element-318e2fbc elementor-widget elementor-widget-text-editor\" data-id=\"318e2fbc\"><div class=\"elementor-widget-container\"><div class=\"elementor-text-editor elementor-clearfix\"><p>Con queste parole il Presidente della Federazione Internazionale di Croce Rossa e Mezzaluna Rossa, nonch\u00e9 della CRI, avv. Francesco Rocca ha presentato a fine 2018 la Strategia 2018 \u2013 2030 della Croce Rossa Italiana.<\/p><p>Richiamando di seguito i passi pi\u00f9 significativi della Strategia con riferimento ai Principi e Valori Umanitari ed il Diritto Internazionale Umanitario, si legge che: \u201cLa CRI ricopre un ruolo unico in Italia quale ausiliaria dei pubblici poteri nel campo umanitario [\u2026]. Questo speciale ruolo istituzionale, che deriva dalle Convenzioni di Ginevra, ci impone di rafforzare la trasparenza, la credibilit\u00e0 e l\u2019affidabilit\u00e0 della nostra azione sociale e umanitaria, nonch\u00e9 di consolidare un\u2019immagine positiva dell\u2019Associazione, valorizzando il suo impegno a stimolare il cambiamento sociale.\u201d<\/p><p>Ed ancora: \u201cLa CRI s\u2019impegna a far rispettare e promuovere tra i suoi volontari e il personale i Principi Fondamentali e i Valori Umanitari in tutti i suoi interventi e attivit\u00e0. Nel nostro lavoro quotidiano mettiamo al centro le necessit\u00e0 ed i diritti di coloro che non hanno voce, allo scopo di contribuire attivamente a promuovere la dignit\u00e0 umana e la cultura della non violenza e della pace. Con le sue azioni di Diplomazia Umanitaria, la CRI si schiera costantemente a favore delle persone in situazione di vulnerabilit\u00e0 al fine di proteggere la dignit\u00e0 umana di tutti gli individui. [\u2026] La CRI condivide con gli altri membri del Movimento il mandato istituzionale di diffondere il Diritto Internazionale Umanitario, i Principi Fondamentali e i Valori Umanitari. A tal fine, l\u2019Associazione lavora in rete con tutte le componenti del Movimento, nonch\u00e9 con le Universit\u00e0, gli Ordini professionali ed i gruppi di esperti, per rimanere sempre aggiornata sugli ultimi orientamenti e sviluppi del Diritto Internazionale Umanitario e mantenere una solida cooperazione tramite lo scambio di buone pratiche.<\/p><p>\u00c8 importante sfruttare le innovazioni tecnologiche per fare conoscere alle persone il Diritto Internazionale Umanitario e i Principi Fondamentali: l\u2019impegno della CRI punter\u00e0 a colmare il divario tra la conoscenza teorica della legge e gli strumenti di formazione pratici, quali ad esempio il materiale didattico su supporto digitale\u201d.<\/p><\/div><\/div><\/div><\/div><\/div><\/div><\/div><\/div><\/section>\t\t\t\t\t\t\t\t<\/div>\n\t\t\t\t<\/div>\n\t\t\t\t\t<\/div>\n\t\t<\/div>\n\t\t\t\t\t<\/div>\n\t\t<\/section>\n\t\t\t\t<section class=\"elementor-section elementor-top-section elementor-element elementor-element-81b4d34 elementor-section-boxed elementor-section-height-default elementor-section-height-default\" data-id=\"81b4d34\" data-element_type=\"section\" data-e-type=\"section\">\n\t\t\t\t\t\t<div class=\"elementor-container elementor-column-gap-default\">\n\t\t\t\t\t<div class=\"elementor-column elementor-col-100 elementor-top-column elementor-element elementor-element-1a0a1d4\" data-id=\"1a0a1d4\" data-element_type=\"column\" data-e-type=\"column\">\n\t\t\t<div class=\"elementor-widget-wrap elementor-element-populated\">\n\t\t\t\t\t\t<div class=\"elementor-element elementor-element-f0de34d elementor-widget elementor-widget-accordion\" data-id=\"f0de34d\" data-element_type=\"widget\" data-e-type=\"widget\" data-widget_type=\"accordion.default\">\n\t\t\t\t<div class=\"elementor-widget-container\">\n\t\t\t\t\t\t\t<div class=\"elementor-accordion\">\n\t\t\t\t\t\t\t<div class=\"elementor-accordion-item\">\n\t\t\t\t\t<div id=\"elementor-tab-title-2521\" class=\"elementor-tab-title\" data-tab=\"1\" role=\"button\" aria-controls=\"elementor-tab-content-2521\" aria-expanded=\"false\">\n\t\t\t\t\t\t\t\t\t\t\t\t\t<span class=\"elementor-accordion-icon elementor-accordion-icon-left\" aria-hidden=\"true\">\n\t\t\t\t\t\t\t\t\t\t\t\t\t\t\t<span class=\"elementor-accordion-icon-closed\"><i class=\"fas fa-caret-right\"><\/i><\/span>\n\t\t\t\t\t\t\t\t<span class=\"elementor-accordion-icon-opened\"><i class=\"fas fa-caret-up\"><\/i><\/span>\n\t\t\t\t\t\t\t\t\t\t\t\t\t\t<\/span>\n\t\t\t\t\t\t\t\t\t\t\t\t<a class=\"elementor-accordion-title\" tabindex=\"0\">Scarica la Strategia 2018-2030 e il toolkit<\/a>\n\t\t\t\t\t<\/div>\n\t\t\t\t\t<div id=\"elementor-tab-content-2521\" class=\"elementor-tab-content elementor-clearfix\" data-tab=\"1\" role=\"region\" aria-labelledby=\"elementor-tab-title-2521\"><p><a href=\"https:\/\/cri.it\/wp-content\/uploads\/2021\/02\/STRATEGIA_CroceRossa_Italiana_versione_A4.pdf\" class=\"mtli_attachment mtli_pdf\" class=\"mtli_attachment mtli_pdf\" rel=\"mtli_filesize144,13MB\">Documento integrale in versione italiana<\/a><\/p><p><a href=\"https:\/\/cri.it\/wp-content\/uploads\/2021\/02\/StrategiaCRI1830_Versione_breve_web.pdf\" class=\"mtli_attachment mtli_pdf\" class=\"mtli_attachment mtli_pdf\" rel=\"mtli_filesize3,27MB\">Versione breve<\/a><\/p><p><a href=\"https:\/\/cri.it\/wp-content\/uploads\/2021\/02\/Poster_2030_versione_web.pdf\" class=\"mtli_attachment mtli_pdf\" class=\"mtli_attachment mtli_pdf\" rel=\"mtli_filesize44,58MB\">Poster<\/a><\/p><p><a href=\"https:\/\/cri.it\/wp-content\/uploads\/2021\/02\/pubblicazione_toolkit_sito_CRI_26112019.zip\" class=\"mtli_attachment mtli_zip\" rel=\"mtli_filesize191,51MB\">Scarica qui tutti i materiali del toolkit<\/a><\/p><\/div>\n\t\t\t\t<\/div>\n\t\t\t\t\t\t\t\t<\/div>\n\t\t\t\t\t\t<\/div>\n\t\t\t\t<\/div>\n\t\t\t\t\t<\/div>\n\t\t<\/div>\n\t\t\t\t\t<\/div>\n\t\t<\/section>\n\t\t\t\t<section class=\"elementor-section elementor-top-section elementor-element elementor-element-65ff4e6 elementor-section-boxed elementor-section-height-default elementor-section-height-default\" data-id=\"65ff4e6\" data-element_type=\"section\" data-e-type=\"section\">\n\t\t\t\t\t\t<div class=\"elementor-container elementor-column-gap-default\">\n\t\t\t\t\t<div class=\"elementor-column elementor-col-100 elementor-top-column elementor-element elementor-element-5b1a58c\" data-id=\"5b1a58c\" data-element_type=\"column\" data-e-type=\"column\">\n\t\t\t<div class=\"elementor-widget-wrap elementor-element-populated\">\n\t\t\t\t\t\t<div class=\"elementor-element elementor-element-8ca98a1 elementor-widget-divider--view-line elementor-widget elementor-widget-divider\" data-id=\"8ca98a1\" data-element_type=\"widget\" data-e-type=\"widget\" data-widget_type=\"divider.default\">\n\t\t\t\t<div class=\"elementor-widget-container\">\n\t\t\t\t\t\t\t<div class=\"elementor-divider\">\n\t\t\t<span class=\"elementor-divider-separator\">\n\t\t\t\t\t\t<\/span>\n\t\t<\/div>\n\t\t\t\t\t\t<\/div>\n\t\t\t\t<\/div>\n\t\t\t\t<div class=\"elementor-element elementor-element-86d0bf7 elementor-widget elementor-widget-accordion\" data-id=\"86d0bf7\" data-element_type=\"widget\" data-e-type=\"widget\" data-widget_type=\"accordion.default\">\n\t\t\t\t<div class=\"elementor-widget-container\">\n\t\t\t\t\t\t\t<div class=\"elementor-accordion\">\n\t\t\t\t\t\t\t<div class=\"elementor-accordion-item\">\n\t\t\t\t\t<div id=\"elementor-tab-title-1411\" class=\"elementor-tab-title\" data-tab=\"1\" role=\"button\" aria-controls=\"elementor-tab-content-1411\" aria-expanded=\"false\">\n\t\t\t\t\t\t\t\t\t\t\t\t\t<span class=\"elementor-accordion-icon elementor-accordion-icon-left\" aria-hidden=\"true\">\n\t\t\t\t\t\t\t\t\t\t\t\t\t\t\t<span class=\"elementor-accordion-icon-closed\"><i class=\"fas fa-caret-right\"><\/i><\/span>\n\t\t\t\t\t\t\t\t<span class=\"elementor-accordion-icon-opened\"><i class=\"fas fa-caret-up\"><\/i><\/span>\n\t\t\t\t\t\t\t\t\t\t\t\t\t\t<\/span>\n\t\t\t\t\t\t\t\t\t\t\t\t<a class=\"elementor-accordion-title\" tabindex=\"0\">Scarica la Strategia della Croce Rossa verso la Giovent\u00f9<\/a>\n\t\t\t\t\t<\/div>\n\t\t\t\t\t<div id=\"elementor-tab-content-1411\" class=\"elementor-tab-content elementor-clearfix\" data-tab=\"1\" role=\"region\" aria-labelledby=\"elementor-tab-title-1411\"><p><a href=\"https:\/\/cri.it\/wp-content\/uploads\/2021\/02\/CRI_Gioventu_2030_WEB-2.pdf\" class=\"mtli_attachment mtli_pdf\" class=\"mtli_attachment mtli_pdf\" rel=\"mtli_filesize7,69MB\">Scopri anche la Strategia della Croce Rossa verso la Giovent\u00f9\u00a0<\/a><\/p><\/div>\n\t\t\t\t<\/div>\n\t\t\t\t\t\t\t\t<\/div>\n\t\t\t\t\t\t<\/div>\n\t\t\t\t<\/div>\n\t\t\t\t\t<\/div>\n\t\t<\/div>\n\t\t\t\t\t<\/div>\n\t\t<\/section>\n\t\t\t\t<section class=\"elementor-section elementor-top-section elementor-element elementor-element-bd5af11 elementor-section-boxed elementor-section-height-default elementor-section-height-default\" data-id=\"bd5af11\" data-element_type=\"section\" data-e-type=\"section\">\n\t\t\t\t\t\t<div class=\"elementor-container elementor-column-gap-default\">\n\t\t\t\t\t<div class=\"elementor-column elementor-col-100 elementor-top-column elementor-element elementor-element-7745194\" data-id=\"7745194\" data-element_type=\"column\" data-e-type=\"column\">\n\t\t\t<div class=\"elementor-widget-wrap elementor-element-populated\">\n\t\t\t\t\t\t<div class=\"elementor-element elementor-element-e48b2e5 elementor-widget-divider--view-line elementor-widget elementor-widget-divider\" data-id=\"e48b2e5\" data-element_type=\"widget\" data-e-type=\"widget\" data-widget_type=\"divider.default\">\n\t\t\t\t<div class=\"elementor-widget-container\">\n\t\t\t\t\t\t\t<div class=\"elementor-divider\">\n\t\t\t<span class=\"elementor-divider-separator\">\n\t\t\t\t\t\t<\/span>\n\t\t<\/div>\n\t\t\t\t\t\t<\/div>\n\t\t\t\t<\/div>\n\t\t\t\t\t<\/div>\n\t\t<\/div>\n\t\t\t\t\t<\/div>\n\t\t<\/section>\n\t\t\t\t<section class=\"elementor-section elementor-top-section elementor-element elementor-element-092da91 elementor-section-boxed elementor-section-height-default elementor-section-height-default\" data-id=\"092da91\" data-element_type=\"section\" data-e-type=\"section\">\n\t\t\t\t\t\t<div class=\"elementor-container elementor-column-gap-default\">\n\t\t\t\t\t<div class=\"elementor-column elementor-col-100 elementor-top-column elementor-element elementor-element-d5d0373\" data-id=\"d5d0373\" data-element_type=\"column\" data-e-type=\"column\">\n\t\t\t<div class=\"elementor-widget-wrap elementor-element-populated\">\n\t\t\t\t\t\t<div class=\"elementor-element elementor-element-6157577 elementor-widget elementor-widget-video\" data-id=\"6157577\" data-element_type=\"widget\" data-e-type=\"widget\" data-settings=\"{&quot;youtube_url&quot;:&quot;https:\\\/\\\/www.youtube.com\\\/watch?v=Vo3Q5J3tXP8&quot;,&quot;video_type&quot;:&quot;youtube&quot;,&quot;controls&quot;:&quot;yes&quot;}\" data-widget_type=\"video.default\">\n\t\t\t\t<div class=\"elementor-widget-container\">\n\t\t\t\t\t\t\t<div class=\"elementor-wrapper elementor-open-inline\">\n\t\t\t<div class=\"elementor-video\"><\/div>\t\t<\/div>\n\t\t\t\t\t\t<\/div>\n\t\t\t\t<\/div>\n\t\t\t\t\t<\/div>\n\t\t<\/div>\n\t\t\t\t\t<\/div>\n\t\t<\/section>\n\t\t\t\t<section class=\"elementor-section elementor-top-section elementor-element elementor-element-b1320dd elementor-section-boxed elementor-section-height-default elementor-section-height-default\" data-id=\"b1320dd\" data-element_type=\"section\" data-e-type=\"section\">\n\t\t\t\t\t\t<div class=\"elementor-container elementor-column-gap-default\">\n\t\t\t\t\t<div class=\"elementor-column elementor-col-100 elementor-top-column elementor-element elementor-element-97146af\" data-id=\"97146af\" data-element_type=\"column\" data-e-type=\"column\">\n\t\t\t<div class=\"elementor-widget-wrap elementor-element-populated\">\n\t\t\t\t\t\t<div class=\"elementor-element elementor-element-20c9b00 elementor-widget-divider--view-line elementor-widget elementor-widget-divider\" data-id=\"20c9b00\" data-element_type=\"widget\" data-e-type=\"widget\" data-widget_type=\"divider.default\">\n\t\t\t\t<div class=\"elementor-widget-container\">\n\t\t\t\t\t\t\t<div class=\"elementor-divider\">\n\t\t\t<span class=\"elementor-divider-separator\">\n\t\t\t\t\t\t<\/span>\n\t\t<\/div>\n\t\t\t\t\t\t<\/div>\n\t\t\t\t<\/div>\n\t\t\t\t\t<\/div>\n\t\t<\/div>\n\t\t\t\t\t<\/div>\n\t\t<\/section>\n\t\t\t\t<section class=\"elementor-section elementor-top-section elementor-element elementor-element-e7cdf4f elementor-section-boxed elementor-section-height-default elementor-section-height-default\" data-id=\"e7cdf4f\" data-element_type=\"section\" data-e-type=\"section\">\n\t\t\t\t\t\t<div class=\"elementor-container elementor-column-gap-default\">\n\t\t\t\t\t<div class=\"elementor-column elementor-col-100 elementor-top-column elementor-element elementor-element-69df492\" data-id=\"69df492\" data-element_type=\"column\" data-e-type=\"column\">\n\t\t\t<div class=\"elementor-widget-wrap elementor-element-populated\">\n\t\t\t\t\t\t<div class=\"elementor-element elementor-element-b6a1627 elementor-widget-divider--view-line elementor-widget elementor-widget-divider\" data-id=\"b6a1627\" data-element_type=\"widget\" data-e-type=\"widget\" data-widget_type=\"divider.default\">\n\t\t\t\t<div class=\"elementor-widget-container\">\n\t\t\t\t\t\t\t<div class=\"elementor-divider\">\n\t\t\t<span class=\"elementor-divider-separator\">\n\t\t\t\t\t\t<\/span>\n\t\t<\/div>\n\t\t\t\t\t\t<\/div>\n\t\t\t\t<\/div>\n\t\t\t\t\t<\/div>\n\t\t<\/div>\n\t\t\t\t\t<\/div>\n\t\t<\/section>\n\t\t\t\t<\/div>\n\t\t","protected":false},"excerpt":{"rendered":"<p>\u201cMettere al centro l\u2019essere umano \u00e8 da sempre il nostro imperativo. Da oggi lo facciamo con nuovi strumenti, maggiore forza e unit\u00e0. E con un unico importate obiettivo: assistere un numero crescente di persone che sono vulnerabili a causa dei molteplici cambiamenti sociali, economici e ambientali in atto\u201d. Francesco RoccaPresidente [&hellip;]<\/p>\n","protected":false},"author":68,"featured_media":1039,"parent":881,"menu_order":0,"comment_status":"closed","ping_status":"closed","template":"","meta":{"_themeisle_gutenberg_block_has_review":false,"footnotes":""},"categories":[],"tags":[],"class_list":["post-1038","page","type-page","status-publish","has-post-thumbnail","hentry"],"_links":{"self":[{"href":"https:\/\/cri.it\/calabria\/wp-json\/wp\/v2\/pages\/1038","targetHints":{"allow":["GET"]}}],"collection":[{"href":"https:\/\/cri.it\/calabria\/wp-json\/wp\/v2\/pages"}],"about":[{"href":"https:\/\/cri.it\/calabria\/wp-json\/wp\/v2\/types\/page"}],"author":[{"embeddable":true,"href":"https:\/\/cri.it\/calabria\/wp-json\/wp\/v2\/users\/68"}],"replies":[{"embeddable":true,"href":"https:\/\/cri.it\/calabria\/wp-json\/wp\/v2\/comments?post=1038"}],"version-history":[{"count":3,"href":"https:\/\/cri.it\/calabria\/wp-json\/wp\/v2\/pages\/1038\/revisions"}],"predecessor-version":[{"id":1068,"href":"https:\/\/cri.it\/calabria\/wp-json\/wp\/v2\/pages\/1038\/revisions\/1068"}],"up":[{"embeddable":true,"href":"https:\/\/cri.it\/calabria\/wp-json\/wp\/v2\/pages\/881"}],"wp:featuredmedia":[{"embeddable":true,"href":"https:\/\/cri.it\/calabria\/wp-json\/wp\/v2\/media\/1039"}],"wp:attachment":[{"href":"https:\/\/cri.it\/calabria\/wp-json\/wp\/v2\/media?parent=1038"}],"wp:term":[{"taxonomy":"category","embeddable":true,"href":"https:\/\/cri.it\/calabria\/wp-json\/wp\/v2\/categories?post=1038"},{"taxonomy":"post_tag","embeddable":true,"href":"https:\/\/cri.it\/calabria\/wp-json\/wp\/v2\/tags?post=1038"}],"curies":[{"name":"wp","href":"https:\/\/api.w.org\/{rel}","templated":true}]}}