{"id":659,"date":"2018-10-04T19:26:28","date_gmt":"2018-10-04T17:26:28","guid":{"rendered":"http:\/\/criwplocal.local\/?page_id=106"},"modified":"2018-10-04T19:26:28","modified_gmt":"2018-10-04T17:26:28","slug":"sostienici","status":"publish","type":"page","link":"https:\/\/cri.it\/bolzano\/sostienici\/","title":{"rendered":"Sostieni la Croce Rossa Italiana"},"content":{"rendered":"<h3>Sostieni la Croce Rossa<\/h3>\n<p>\t\t\t<a href=\"#\" role=\"button\"><br \/>\n\t\t\t\t\t\tAZIENDE<br \/>\n\t\t\t\t\t<\/a><br \/>\n\t\t\t<a href=\"#\" role=\"button\"><br \/>\n\t\t\t\t\t\tPRIVATI<br \/>\n\t\t\t\t\t<\/a><br \/>\n\t\t\t<a href=\"#\" role=\"button\"><br \/>\n\t\t\t\t\t\tENTI e ORGANIZZAZIONI<br \/>\n\t\t\t\t\t<\/a><\/p>\n<p>L&#8217;Associazione della Croce Rossa Italiana ha per scopo l&#8217;assistenza sanitaria e sociale sia in tempo di pace che in tempo di conflitto. Da pi\u00f9 di 150 anni l\u2019Associazione interviene ed affronta le situazioni di vulnerabilit\u00e0 delle comunit\u00e0 con risorse e mezzi propri, diffondendo una cultura della non violenza e contribuendo al mantenimento e alla promozione della dignit\u00e0 umana.<\/p>\n<p>Garanzia e guida delle azioni sono i sette Principi Fondamentali del Movimento Internazionale di Croce Rossa, che ne costituiscono lo spirito e l&#8217;etica: Umanit\u00e0, Imparzialit\u00e0, Neutralit\u00e0, Indipendenza, Volontariato, Unit\u00e0 e Universalit\u00e0. I Principi Fondamentali sono garanti dell&#8217;azione del Movimento Internazionale della Croce Rossa e della Mezzaluna Rossa, ma anche della CRI e di ogni suo singolo volontario.<\/p>\n<p><strong>Sostenere la Croce Rossa vuol dire contribuire all&#8217;impegno quotidiano della pi\u00f9 grande Organizzazione Umanitaria del Mondo.<\/strong><\/p>\n<p>La Croce Rossa Italiana \u00e8 composta da pi\u00f9 di 600 Comitati e pi\u00f9 di 100.000 volontari. Grazie all\u2019impegno di tutti abbiamo effettuato pi\u00f9 di un milione di Servizi Sanitari ed assistito pi\u00f9 di 500.000 persone.<br \/>La nostra presenza capillare su tutto il territorio nazionale e la capacit\u00e0 di dare risposte concrete ad ogni tipo di bisogno o richiesta di aiuto, ci permettono di rendere ogni donazione ricevuta un atto di tangibile solidariet\u00e0.<\/p>\n<p><strong>Grazie al tuo contributo tuteliamo e proteggiamo la salute e la vita, favoriamo il supporto e l&#8217;inclusione sociale, prepariamo le comunit\u00e0, interveniamo in caso di emergenze e disastri, promuoviamo attivamente lo sviluppo dei giovani e una cultura della cittadinanza attiva.<\/strong><\/p>\n","protected":false},"excerpt":{"rendered":"<p>Sostieni la Croce Rossa AZIENDE PRIVATI ENTI e ORGANIZZAZIONI L&#8217;Associazione della Croce Rossa Italiana ha per scopo l&#8217;assistenza sanitaria e sociale sia in tempo di pace che in tempo di conflitto. Da pi\u00f9 di 150 anni l\u2019Associazione interviene ed affronta le situazioni di vulnerabilit\u00e0 delle comunit\u00e0 con risorse e mezzi [&hellip;]<\/p>\n","protected":false},"author":1,"featured_media":0,"parent":0,"menu_order":1000,"comment_status":"closed","ping_status":"closed","template":"","meta":{"_themeisle_gutenberg_block_has_review":false,"footnotes":""},"categories":[],"tags":[],"class_list":["post-659","page","type-page","status-publish","hentry"],"_links":{"self":[{"href":"https:\/\/cri.it\/bolzano\/wp-json\/wp\/v2\/pages\/659","targetHints":{"allow":["GET"]}}],"collection":[{"href":"https:\/\/cri.it\/bolzano\/wp-json\/wp\/v2\/pages"}],"about":[{"href":"https:\/\/cri.it\/bolzano\/wp-json\/wp\/v2\/types\/page"}],"author":[{"embeddable":true,"href":"https:\/\/cri.it\/bolzano\/wp-json\/wp\/v2\/users\/1"}],"replies":[{"embeddable":true,"href":"https:\/\/cri.it\/bolzano\/wp-json\/wp\/v2\/comments?post=659"}],"version-history":[{"count":0,"href":"https:\/\/cri.it\/bolzano\/wp-json\/wp\/v2\/pages\/659\/revisions"}],"wp:attachment":[{"href":"https:\/\/cri.it\/bolzano\/wp-json\/wp\/v2\/media?parent=659"}],"wp:term":[{"taxonomy":"category","embeddable":true,"href":"https:\/\/cri.it\/bolzano\/wp-json\/wp\/v2\/categories?post=659"},{"taxonomy":"post_tag","embeddable":true,"href":"https:\/\/cri.it\/bolzano\/wp-json\/wp\/v2\/tags?post=659"}],"curies":[{"name":"wp","href":"https:\/\/api.w.org\/{rel}","templated":true}]}}