{"id":1284,"date":"2022-08-10T14:44:57","date_gmt":"2022-08-10T12:44:57","guid":{"rendered":"https:\/\/cri.it\/bolzano\/?page_id=1284"},"modified":"2026-03-04T13:14:40","modified_gmt":"2026-03-04T12:14:40","slug":"struttura","status":"publish","type":"page","link":"https:\/\/cri.it\/bolzano\/struttura\/","title":{"rendered":"Struttura"},"content":{"rendered":"\t\t<div data-elementor-type=\"wp-page\" data-elementor-id=\"1284\" class=\"elementor elementor-1284\">\n\t\t\t\t\t\t<section class=\"elementor-section elementor-top-section elementor-element elementor-element-727fa13 elementor-section-boxed elementor-section-height-default elementor-section-height-default\" data-id=\"727fa13\" data-element_type=\"section\" data-e-type=\"section\">\n\t\t\t\t\t\t<div class=\"elementor-container elementor-column-gap-default\">\n\t\t\t\t\t<div class=\"elementor-column elementor-col-100 elementor-top-column elementor-element elementor-element-d8ddd10\" data-id=\"d8ddd10\" data-element_type=\"column\" data-e-type=\"column\">\n\t\t\t<div class=\"elementor-widget-wrap elementor-element-populated\">\n\t\t\t\t\t\t<div class=\"elementor-element elementor-element-f94c075 elementor-widget elementor-widget-text-editor\" data-id=\"f94c075\" data-element_type=\"widget\" data-e-type=\"widget\" data-widget_type=\"text-editor.default\">\n\t\t\t\t<div class=\"elementor-widget-container\">\n\t\t\t\t\t\t\t\t\t<h3 style=\"text-align: center;\"><strong>COMITATO PROVINCIALE DELL&#8217;ALTO ADIGE<\/strong><\/h3>\t\t\t\t\t\t\t\t<\/div>\n\t\t\t\t<\/div>\n\t\t\t\t\t<\/div>\n\t\t<\/div>\n\t\t\t\t\t<\/div>\n\t\t<\/section>\n\t\t\t\t<section class=\"elementor-section elementor-top-section elementor-element elementor-element-8fb31db elementor-section-boxed elementor-section-height-default elementor-section-height-default\" data-id=\"8fb31db\" data-element_type=\"section\" data-e-type=\"section\">\n\t\t\t\t\t\t<div class=\"elementor-container elementor-column-gap-default\">\n\t\t\t\t\t<div class=\"elementor-column elementor-col-100 elementor-top-column elementor-element elementor-element-bb95c32\" data-id=\"bb95c32\" data-element_type=\"column\" data-e-type=\"column\">\n\t\t\t<div class=\"elementor-widget-wrap elementor-element-populated\">\n\t\t\t\t\t\t<div class=\"elementor-element elementor-element-6b5043c elementor-widget elementor-widget-text-editor\" data-id=\"6b5043c\" data-element_type=\"widget\" data-e-type=\"widget\" data-widget_type=\"text-editor.default\">\n\t\t\t\t<div class=\"elementor-widget-container\">\n\t\t\t\t\t\t\t\t\t<p style=\"text-align: justify;\">Il <strong>Comitato Provinciale dell&#8217;Alto Adige <\/strong>opera con propri organi, autonomia organizzativa, amministrativa, finanziaria ed operativa, in coerenza con le disposizioni di legge e dello statuto della Croce Rossa Italiana ed \u00e8 iscritto di diritto nella sezione Organizzazioni di Volontariato (ODV).<\/p><p style=\"text-align: justify;\">Il Comitato CRI della Provincia Autonoma di Bolzano-Alto Adige ha compiti di programmazione, indirizzo e controllo sulle attivit\u00e0 dell&#8217;Associazione nel territorio della Provincia e il coordinamento e controllo dei Comitati territoriali.<\/p><p style=\"text-align: justify;\">Esercita inoltre tutte le funzioni assegnategli dalla Statuto in ambito Provinciale.<\/p>\t\t\t\t\t\t\t\t<\/div>\n\t\t\t\t<\/div>\n\t\t\t\t\t<\/div>\n\t\t<\/div>\n\t\t\t\t\t<\/div>\n\t\t<\/section>\n\t\t\t\t<section class=\"elementor-section elementor-top-section elementor-element elementor-element-4ceb9b3 elementor-section-boxed elementor-section-height-default elementor-section-height-default\" data-id=\"4ceb9b3\" data-element_type=\"section\" data-e-type=\"section\">\n\t\t\t\t\t\t<div class=\"elementor-container elementor-column-gap-default\">\n\t\t\t\t\t<div class=\"elementor-column elementor-col-100 elementor-top-column elementor-element elementor-element-92eee82\" data-id=\"92eee82\" data-element_type=\"column\" data-e-type=\"column\">\n\t\t\t<div class=\"elementor-widget-wrap elementor-element-populated\">\n\t\t\t\t\t\t<div class=\"elementor-element elementor-element-551248c elementor-widget-divider--view-line elementor-widget elementor-widget-divider\" data-id=\"551248c\" data-element_type=\"widget\" data-e-type=\"widget\" data-widget_type=\"divider.default\">\n\t\t\t\t<div class=\"elementor-widget-container\">\n\t\t\t\t\t\t\t<div class=\"elementor-divider\">\n\t\t\t<span class=\"elementor-divider-separator\">\n\t\t\t\t\t\t<\/span>\n\t\t<\/div>\n\t\t\t\t\t\t<\/div>\n\t\t\t\t<\/div>\n\t\t\t\t\t<\/div>\n\t\t<\/div>\n\t\t\t\t\t<\/div>\n\t\t<\/section>\n\t\t\t\t<section class=\"elementor-section elementor-top-section elementor-element elementor-element-71e34b2a elementor-section-boxed elementor-section-height-default elementor-section-height-default\" data-id=\"71e34b2a\" data-element_type=\"section\" data-e-type=\"section\">\n\t\t\t\t\t\t<div class=\"elementor-container elementor-column-gap-default\">\n\t\t\t\t\t<div class=\"elementor-column elementor-col-100 elementor-top-column elementor-element elementor-element-5b75cdf0\" data-id=\"5b75cdf0\" data-element_type=\"column\" data-e-type=\"column\">\n\t\t\t<div class=\"elementor-widget-wrap elementor-element-populated\">\n\t\t\t\t\t\t<div class=\"elementor-element elementor-element-2a2f4f2a elementor-widget elementor-widget-text-editor\" data-id=\"2a2f4f2a\" data-element_type=\"widget\" data-e-type=\"widget\" data-widget_type=\"text-editor.default\">\n\t\t\t\t<div class=\"elementor-widget-container\">\n\t\t\t\t\t\t\t\t\t<h3 style=\"text-align: center\"><strong>CONSIGLIO DIRETTIVO PROVINCIALE<\/strong><\/h3>\t\t\t\t\t\t\t\t<\/div>\n\t\t\t\t<\/div>\n\t\t\t\t\t<\/div>\n\t\t<\/div>\n\t\t\t\t\t<\/div>\n\t\t<\/section>\n\t\t\t\t<section class=\"elementor-section elementor-top-section elementor-element elementor-element-9b44b14 elementor-section-boxed elementor-section-height-default elementor-section-height-default\" data-id=\"9b44b14\" data-element_type=\"section\" data-e-type=\"section\">\n\t\t\t\t\t\t<div class=\"elementor-container elementor-column-gap-default\">\n\t\t\t\t\t<div class=\"elementor-column elementor-col-100 elementor-top-column elementor-element elementor-element-6b8f5f2\" data-id=\"6b8f5f2\" data-element_type=\"column\" data-e-type=\"column\">\n\t\t\t<div class=\"elementor-widget-wrap elementor-element-populated\">\n\t\t\t\t\t\t<div class=\"elementor-element elementor-element-235f3cd elementor-widget elementor-widget-text-editor\" data-id=\"235f3cd\" data-element_type=\"widget\" data-e-type=\"widget\" data-widget_type=\"text-editor.default\">\n\t\t\t\t<div class=\"elementor-widget-container\">\n\t\t\t\t\t\t\t\t\t<p style=\"text-align: justify\">Organo di gestione del Comitato \u00e8 il Consiglio Direttivo che \u00e8 composto dal Presidente Provinciale, che lo presiede, da due Vicepresidenti e da due Consiglieri ed \u00e8 eletto dai Presidenti dei Comitati istituiti nella Provincia.<\/p><p><\/p><p style=\"text-align: justify\">Il Consiglio Direttivo Provinciale rimane in carica quattro anni. I membri non possono essere rieletti pi\u00f9 di una volta consecutivamente nel medesimo ruolo.<\/p>\t\t\t\t\t\t\t\t<\/div>\n\t\t\t\t<\/div>\n\t\t\t\t\t<\/div>\n\t\t<\/div>\n\t\t\t\t\t<\/div>\n\t\t<\/section>\n\t\t\t\t<section class=\"elementor-section elementor-top-section elementor-element elementor-element-8975946 elementor-section-boxed elementor-section-height-default elementor-section-height-default\" data-id=\"8975946\" data-element_type=\"section\" data-e-type=\"section\">\n\t\t\t\t\t\t<div class=\"elementor-container elementor-column-gap-default\">\n\t\t\t\t\t<div class=\"elementor-column elementor-col-50 elementor-top-column elementor-element elementor-element-d0747ce\" data-id=\"d0747ce\" data-element_type=\"column\" data-e-type=\"column\">\n\t\t\t<div class=\"elementor-widget-wrap elementor-element-populated\">\n\t\t\t\t\t\t<div class=\"elementor-element elementor-element-8fb67b4 elementor-widget elementor-widget-image\" data-id=\"8fb67b4\" data-element_type=\"widget\" data-e-type=\"widget\" data-widget_type=\"image.default\">\n\t\t\t\t<div class=\"elementor-widget-container\">\n\t\t\t\t\t\t\t\t\t\t\t\t\t\t\t<img fetchpriority=\"high\" decoding=\"async\" width=\"300\" height=\"300\" src=\"https:\/\/cri.it\/bolzano\/wp-content\/uploads\/sites\/4\/2020\/12\/logo_cp_sito-16-300x300.png\" class=\"attachment-medium size-medium wp-image-839\" alt=\"\" srcset=\"https:\/\/cri.it\/bolzano\/wp-content\/uploads\/sites\/4\/2020\/12\/logo_cp_sito-16-300x300.png 300w, https:\/\/cri.it\/bolzano\/wp-content\/uploads\/sites\/4\/2020\/12\/logo_cp_sito-16-150x150.png 150w, https:\/\/cri.it\/bolzano\/wp-content\/uploads\/sites\/4\/2020\/12\/logo_cp_sito-16-768x768.png 768w, https:\/\/cri.it\/bolzano\/wp-content\/uploads\/sites\/4\/2020\/12\/logo_cp_sito-16.png 1000w\" sizes=\"(max-width: 300px) 100vw, 300px\" \/>\t\t\t\t\t\t\t\t\t\t\t\t\t\t\t<\/div>\n\t\t\t\t<\/div>\n\t\t\t\t\t<\/div>\n\t\t<\/div>\n\t\t\t\t<div class=\"elementor-column elementor-col-50 elementor-top-column elementor-element elementor-element-e5e7f97\" data-id=\"e5e7f97\" data-element_type=\"column\" data-e-type=\"column\">\n\t\t\t<div class=\"elementor-widget-wrap elementor-element-populated\">\n\t\t\t\t\t\t<div class=\"elementor-element elementor-element-e7fd5cd elementor-widget elementor-widget-text-editor\" data-id=\"e7fd5cd\" data-element_type=\"widget\" data-e-type=\"widget\" data-widget_type=\"text-editor.default\">\n\t\t\t\t<div class=\"elementor-widget-container\">\n\t\t\t\t\t\t\t\t\t<p><span style=\"color: #000000;\"><strong>PRESIDENTE<\/strong><\/span><br \/><em>Manuel Pallua<\/em><\/p><p><span style=\"color: #000000;\"><strong>VICE PRESIDENTE <em>(vicario)<\/em><\/strong><\/span><br \/><em>Michael Andergassen<\/em><\/p><p><span style=\"color: #000000;\"><strong>CONSIGLIERI<\/strong><\/span><br \/><em>Sonia Dallo Dorigo<\/em><br \/><em>Mirko Montagna<\/em><\/p><p><span style=\"color: #000000;\"><strong>CONSIGLIERE GIOVANE e VICE PRESIDENTE<\/strong><\/span><br \/><em>Francesca Vallo<\/em><\/p>\t\t\t\t\t\t\t\t<\/div>\n\t\t\t\t<\/div>\n\t\t\t\t\t<\/div>\n\t\t<\/div>\n\t\t\t\t\t<\/div>\n\t\t<\/section>\n\t\t\t\t<section class=\"elementor-section elementor-top-section elementor-element elementor-element-73ede1a elementor-section-boxed elementor-section-height-default elementor-section-height-default\" data-id=\"73ede1a\" data-element_type=\"section\" data-e-type=\"section\">\n\t\t\t\t\t\t<div class=\"elementor-container elementor-column-gap-default\">\n\t\t\t\t\t<div class=\"elementor-column elementor-col-100 elementor-top-column elementor-element elementor-element-81d39d1\" data-id=\"81d39d1\" data-element_type=\"column\" data-e-type=\"column\">\n\t\t\t<div class=\"elementor-widget-wrap elementor-element-populated\">\n\t\t\t\t\t\t<div class=\"elementor-element elementor-element-6fa238d elementor-widget elementor-widget-text-editor\" data-id=\"6fa238d\" data-element_type=\"widget\" data-e-type=\"widget\" data-widget_type=\"text-editor.default\">\n\t\t\t\t<div class=\"elementor-widget-container\">\n\t\t\t\t\t\t\t\t\t<p>Il <strong>Presidente Provinciale<\/strong> esercita funzioni di rappresentanza legale dell\u2019Associazione. Cura in via esclusiva i rapporti con le autorit\u00e0 Provinciali e dello Stato e con altri entri ed associazioni di rilevanza Provinciale. Mantiene in contatti istituzionali ed organici con il Comitato Nazionale della CRI ed \u00e8 parte della Consulta Nazionale della Croce Rossa Italiana.<\/p>\t\t\t\t\t\t\t\t<\/div>\n\t\t\t\t<\/div>\n\t\t\t\t\t<\/div>\n\t\t<\/div>\n\t\t\t\t\t<\/div>\n\t\t<\/section>\n\t\t\t\t<section class=\"elementor-section elementor-top-section elementor-element elementor-element-65bedb6 elementor-section-boxed elementor-section-height-default elementor-section-height-default\" data-id=\"65bedb6\" data-element_type=\"section\" data-e-type=\"section\">\n\t\t\t\t\t\t<div class=\"elementor-container elementor-column-gap-default\">\n\t\t\t\t\t<div class=\"elementor-column elementor-col-100 elementor-top-column elementor-element elementor-element-8b0d80c\" data-id=\"8b0d80c\" data-element_type=\"column\" data-e-type=\"column\">\n\t\t\t<div class=\"elementor-widget-wrap elementor-element-populated\">\n\t\t\t\t\t\t<div class=\"elementor-element elementor-element-998a732 elementor-widget-divider--view-line elementor-widget elementor-widget-divider\" data-id=\"998a732\" data-element_type=\"widget\" data-e-type=\"widget\" data-widget_type=\"divider.default\">\n\t\t\t\t<div class=\"elementor-widget-container\">\n\t\t\t\t\t\t\t<div class=\"elementor-divider\">\n\t\t\t<span class=\"elementor-divider-separator\">\n\t\t\t\t\t\t<\/span>\n\t\t<\/div>\n\t\t\t\t\t\t<\/div>\n\t\t\t\t<\/div>\n\t\t\t\t\t<\/div>\n\t\t<\/div>\n\t\t\t\t\t<\/div>\n\t\t<\/section>\n\t\t\t\t<section class=\"elementor-section elementor-top-section elementor-element elementor-element-1f3296c elementor-section-boxed elementor-section-height-default elementor-section-height-default\" data-id=\"1f3296c\" data-element_type=\"section\" data-e-type=\"section\">\n\t\t\t\t\t\t<div class=\"elementor-container elementor-column-gap-default\">\n\t\t\t\t\t<div class=\"elementor-column elementor-col-100 elementor-top-column elementor-element elementor-element-cd76fd0\" data-id=\"cd76fd0\" data-element_type=\"column\" data-e-type=\"column\">\n\t\t\t<div class=\"elementor-widget-wrap elementor-element-populated\">\n\t\t\t\t\t\t<div class=\"elementor-element elementor-element-2521402 elementor-widget elementor-widget-text-editor\" data-id=\"2521402\" data-element_type=\"widget\" data-e-type=\"widget\" data-widget_type=\"text-editor.default\">\n\t\t\t\t<div class=\"elementor-widget-container\">\n\t\t\t\t\t\t\t\t\t<h3 style=\"text-align: center\"><strong>DIREZIONE PROVINCIALE<\/strong><\/h3>\t\t\t\t\t\t\t\t<\/div>\n\t\t\t\t<\/div>\n\t\t\t\t\t<\/div>\n\t\t<\/div>\n\t\t\t\t\t<\/div>\n\t\t<\/section>\n\t\t\t\t<section class=\"elementor-section elementor-top-section elementor-element elementor-element-d2bf4ee elementor-section-boxed elementor-section-height-default elementor-section-height-default\" data-id=\"d2bf4ee\" data-element_type=\"section\" data-e-type=\"section\">\n\t\t\t\t\t\t<div class=\"elementor-container elementor-column-gap-default\">\n\t\t\t\t\t<div class=\"elementor-column elementor-col-100 elementor-top-column elementor-element elementor-element-832cd10\" data-id=\"832cd10\" data-element_type=\"column\" data-e-type=\"column\">\n\t\t\t<div class=\"elementor-widget-wrap elementor-element-populated\">\n\t\t\t\t\t\t<div class=\"elementor-element elementor-element-79c7314 elementor-widget elementor-widget-text-editor\" data-id=\"79c7314\" data-element_type=\"widget\" data-e-type=\"widget\" data-widget_type=\"text-editor.default\">\n\t\t\t\t<div class=\"elementor-widget-container\">\n\t\t\t\t\t\t\t\t\t<p style=\"text-align: justify\"><span style=\"text-align: start\">La Direzione Provinciale \u00e8 presieduta dal <strong>Segretario Regionale<\/strong>\u00a0il quale viene nominato dal Consiglio Direttivo Provinciale.<\/span><\/p><p class=\"MsoNormal\" style=\"text-align: justify\">Al Segretario Regionale vengono affidati i compiti di gestione operativa ed amministrativa del Comitato. In particolare, il Segretario Regionale \u00e8 responsabile del funzionamento degli uffici, della complessiva gestione e organizzazione dei servizi, delle risorse strumentali e del personale che, a qualsiasi titolo, svolge attivit\u00e0 lavorativa e\/o professionale in favore del Comitato Provinciale. Inoltre, si interfaccia con gli organi amministrativi del Comitato Nazionale, in particolare con l\u2019Ufficio del Segretario Generale.<\/p>\t\t\t\t\t\t\t\t<\/div>\n\t\t\t\t<\/div>\n\t\t\t\t\t<\/div>\n\t\t<\/div>\n\t\t\t\t\t<\/div>\n\t\t<\/section>\n\t\t\t\t<section class=\"elementor-section elementor-top-section elementor-element elementor-element-9fea109 elementor-section-boxed elementor-section-height-default elementor-section-height-default\" data-id=\"9fea109\" data-element_type=\"section\" data-e-type=\"section\">\n\t\t\t\t\t\t<div class=\"elementor-container elementor-column-gap-default\">\n\t\t\t\t\t<div class=\"elementor-column elementor-col-100 elementor-top-column elementor-element elementor-element-88d27b7\" data-id=\"88d27b7\" data-element_type=\"column\" data-e-type=\"column\">\n\t\t\t<div class=\"elementor-widget-wrap elementor-element-populated\">\n\t\t\t\t\t\t<div class=\"elementor-element elementor-element-20f2682 elementor-widget elementor-widget-text-editor\" data-id=\"20f2682\" data-element_type=\"widget\" data-e-type=\"widget\" data-widget_type=\"text-editor.default\">\n\t\t\t\t<div class=\"elementor-widget-container\">\n\t\t\t\t\t\t\t\t\t<p style=\"text-align: center\"><strong>SEGRETARIO REGIONALE<\/strong><\/p><p style=\"text-align: center\"><em>Dott. Paolo Soave<\/em><\/p>\t\t\t\t\t\t\t\t<\/div>\n\t\t\t\t<\/div>\n\t\t\t\t\t<\/div>\n\t\t<\/div>\n\t\t\t\t\t<\/div>\n\t\t<\/section>\n\t\t\t\t<section class=\"elementor-section elementor-top-section elementor-element elementor-element-166a6f4 elementor-section-boxed elementor-section-height-default elementor-section-height-default\" data-id=\"166a6f4\" data-element_type=\"section\" data-e-type=\"section\">\n\t\t\t\t\t\t<div class=\"elementor-container elementor-column-gap-default\">\n\t\t\t\t\t<div class=\"elementor-column elementor-col-100 elementor-top-column elementor-element elementor-element-8ab610a\" data-id=\"8ab610a\" data-element_type=\"column\" data-e-type=\"column\">\n\t\t\t<div class=\"elementor-widget-wrap elementor-element-populated\">\n\t\t\t\t\t\t<div class=\"elementor-element elementor-element-25d6fc9 elementor-widget elementor-widget-spacer\" data-id=\"25d6fc9\" data-element_type=\"widget\" data-e-type=\"widget\" data-widget_type=\"spacer.default\">\n\t\t\t\t<div class=\"elementor-widget-container\">\n\t\t\t\t\t\t\t<div class=\"elementor-spacer\">\n\t\t\t<div class=\"elementor-spacer-inner\"><\/div>\n\t\t<\/div>\n\t\t\t\t\t\t<\/div>\n\t\t\t\t<\/div>\n\t\t\t\t\t<\/div>\n\t\t<\/div>\n\t\t\t\t\t<\/div>\n\t\t<\/section>\n\t\t\t\t<\/div>\n\t\t","protected":false},"excerpt":{"rendered":"<p>COMITATO PROVINCIALE DELL&#8217;ALTO ADIGE Il Comitato Provinciale dell&#8217;Alto Adige opera con propri organi, autonomia organizzativa, amministrativa, finanziaria ed operativa, in coerenza con le disposizioni di legge e dello statuto della Croce Rossa Italiana ed \u00e8 iscritto di diritto nella sezione Organizzazioni di Volontariato (ODV). Il Comitato CRI della Provincia Autonoma [&hellip;]<\/p>\n","protected":false},"author":107,"featured_media":0,"parent":0,"menu_order":0,"comment_status":"closed","ping_status":"closed","template":"","meta":{"_themeisle_gutenberg_block_has_review":false,"footnotes":""},"categories":[],"tags":[],"class_list":["post-1284","page","type-page","status-publish","hentry"],"_links":{"self":[{"href":"https:\/\/cri.it\/bolzano\/wp-json\/wp\/v2\/pages\/1284","targetHints":{"allow":["GET"]}}],"collection":[{"href":"https:\/\/cri.it\/bolzano\/wp-json\/wp\/v2\/pages"}],"about":[{"href":"https:\/\/cri.it\/bolzano\/wp-json\/wp\/v2\/types\/page"}],"author":[{"embeddable":true,"href":"https:\/\/cri.it\/bolzano\/wp-json\/wp\/v2\/users\/107"}],"replies":[{"embeddable":true,"href":"https:\/\/cri.it\/bolzano\/wp-json\/wp\/v2\/comments?post=1284"}],"version-history":[{"count":3,"href":"https:\/\/cri.it\/bolzano\/wp-json\/wp\/v2\/pages\/1284\/revisions"}],"predecessor-version":[{"id":2219,"href":"https:\/\/cri.it\/bolzano\/wp-json\/wp\/v2\/pages\/1284\/revisions\/2219"}],"wp:attachment":[{"href":"https:\/\/cri.it\/bolzano\/wp-json\/wp\/v2\/media?parent=1284"}],"wp:term":[{"taxonomy":"category","embeddable":true,"href":"https:\/\/cri.it\/bolzano\/wp-json\/wp\/v2\/categories?post=1284"},{"taxonomy":"post_tag","embeddable":true,"href":"https:\/\/cri.it\/bolzano\/wp-json\/wp\/v2\/tags?post=1284"}],"curies":[{"name":"wp","href":"https:\/\/api.w.org\/{rel}","templated":true}]}}